{"id":220,"date":"2025-03-09T11:30:30","date_gmt":"2025-03-09T03:30:30","guid":{"rendered":"https:\/\/bfefishtank.com\/?post_type=product&#038;p=220"},"modified":"2025-03-09T11:57:58","modified_gmt":"2025-03-09T03:57:58","slug":"glass-fish-tank-aquarium","status":"publish","type":"product","link":"https:\/\/bfefishtank.com\/cs\/products\/kf-rectangular-aquarium\/glass-fish-tank-aquarium\/","title":{"rendered":"Sklen\u011bn\u00e9 akv\u00e1rium"},"content":{"rendered":"<div class=\"chat-content-container\" data-v-8d365a2c=\"\">\n<div class=\"chat-content-list\" data-v-8d365a2c=\"\">\n<div class=\"chat-content-item\" data-v-8d365a2c=\"\">\n<div class=\"segment segment-assistant\" data-v-3a203885=\"\" data-v-8d365a2c=\"\">\n<div class=\"segment-container\" data-v-3a203885=\"\">\n<div class=\"segment-content\" data-v-c0e72f48=\"\">\n<div class=\"segment-content-box\" data-v-c0e72f48=\"\">\n<div class=\"markdown-container\" data-v-dbe669ce=\"\" data-v-c0e72f48=\"\">\n<div class=\"markdown\" data-v-53cd9be5=\"\" data-v-dbe669ce=\"\">\n<h4 class=\"\"><strong class=\"\">Funkce\u00a0<\/strong><\/h4>\n<ol start=\"1\">\n<li>\n<div class=\"paragraph\"><strong>Vysoce pr\u016fhledn\u00e9 sklo\u00a0<\/strong><\/div>\n<ul>\n<li>\n<div class=\"paragraph translation-block\"><strong>Vynikaj\u00edc\u00ed \u010dirost<\/strong>: Vyrobeno z extra \u010dir\u00e9ho skla, zaji\u0161\u0165uje v\u00fdjime\u010dn\u00fd p\u0159enos sv\u011btla a neru\u0161en\u00fd v\u00fdhled bez zkreslen\u00ed.<\/div>\n<\/li>\n<\/ul>\n<\/li>\n<li>\n<div class=\"paragraph\"><strong>Sklen\u011bn\u00fd design s prav\u00fdm \u00fahlem\u00a0<\/strong><\/div>\n<ul>\n<li>\n<div class=\"paragraph translation-block\"><strong>Ostr\u00e9 hrany<\/strong>: Precizn\u011b \u0159ezan\u00e9 sklo v prav\u00e9m \u00fahlu zaji\u0161\u0165uje modern\u00ed a elegantn\u00ed vzhled vhodn\u00fd pro jak\u00e9koli prost\u0159ed\u00ed.<\/div>\n<\/li>\n<\/ul>\n<\/li>\n<li>\n<div class=\"paragraph\"><strong class=\"\">Ut\u011bsn\u011bn\u00fd a vodot\u011bsn\u00fd\u00a0<\/strong><\/div>\n<ul>\n<li>\n<div class=\"paragraph translation-block\">T\u011bsn\u011bn\u00ed proti \u00faniku: Profesion\u00e1ln\u011b ut\u011bsn\u011bno vysoce kvalitn\u00edm silikonem pro zaji\u0161t\u011bn\u00ed odolnosti a vodot\u011bsnosti.<\/div>\n<\/li>\n<\/ul>\n<\/li>\n<li>\n<div class=\"paragraph\"><strong>Vyv\u00e1\u017een\u00e9 rozlo\u017een\u00ed hmotnosti\u00a0<\/strong><\/div>\n<ul>\n<li>\n<div class=\"paragraph translation-block\"><strong>Stabiln\u00ed konstrukce<\/strong>: Navr\u017eena s vyv\u00e1\u017een\u00fdm rozlo\u017een\u00edm hmotnosti pro zaji\u0161t\u011bn\u00ed stability i p\u0159i t\u011b\u017ek\u00fdch dekorac\u00edch nebo velk\u00fdch ryb\u00e1ch.<\/div>\n<\/li>\n<\/ul>\n<\/li>\n<li>\n<div class=\"paragraph\"><strong>Precizn\u00ed opracov\u00e1n\u00ed hran\u00a0<\/strong><\/div>\n<ul>\n<li>\n<div class=\"paragraph translation-block\"><strong>Hladk\u00e9 hrany<\/strong>: P\u0159esn\u011b brou\u0161en\u00e9 hrany pro bezpe\u010dnost a elegantn\u00ed vzhled, bez ostr\u00fdch roh\u016f.<\/div>\n<\/li>\n<\/ul>\n<\/li>\n<li>\n<div class=\"paragraph\"><strong>Vysoce jasn\u00e1 vodot\u011bsn\u00e1 LED sv\u011btla\u00a0<\/strong><\/div>\n<ul>\n<li>\n<div class=\"paragraph translation-block\"><strong>Energeticky \u00fasporn\u00e9 osv\u011btlen\u00ed<\/strong>: Vysoce jasn\u00e1 vodot\u011bsn\u00e1 LED sv\u011btla zaji\u0161\u0165uj\u00ed dlouhou \u017eivotnost a bezpe\u010dn\u00fd provoz.<\/div>\n<\/li>\n<\/ul>\n<\/li>\n<li>\n<div class=\"paragraph\"><strong>Syst\u00e9m samo\u010dinn\u00e9 cirkula\u010dn\u00ed filtrace\u00a0<\/strong><\/div>\n<ul>\n<li>\n<div class=\"paragraph translation-block\"><strong class=\"\">Bez\u00fadr\u017ebov\u00e9<\/strong>: Vybaveno samo\u010dinn\u00fdm filtra\u010dn\u00edm syst\u00e9mem, kter\u00fd udr\u017euje kvalitu vody a sni\u017euje pot\u0159ebu \u010dast\u00e9 \u00fadr\u017eby.<\/div>\n<\/li>\n<\/ul>\n<\/li>\n<li>\n<div class=\"paragraph\"><strong>Celoro\u010dn\u011b bez v\u00fdm\u011bny vody\u00a0<\/strong><\/div>\n<ul>\n<li>\n<div class=\"paragraph translation-block\"><strong>Pohodln\u00e1 \u00fadr\u017eba<\/strong>: Navr\u017eeno pro udr\u017een\u00ed kvality vody po cel\u00fd rok, ide\u00e1ln\u00ed pro vyt\u00ed\u017een\u00e9 \u017eivotn\u00ed tempo a bezstarostn\u00fd provoz akv\u00e1ria.<\/div>\n<\/li>\n<\/ul>\n<\/li>\n<\/ol>\n<h4 class=\"\"><strong>V\u00fdhody\u00a0<\/strong><\/h4>\n<ul>\n<li>\n<div class=\"paragraph translation-block\"><strong class=\"\">\u0160pi\u010dkov\u00e1 \u010dirost<\/strong>: Vysoce pr\u016fhledn\u00e9 sklo zaji\u0161\u0165uje \u010dist\u00fd a \u017eiv\u00fd pohled na va\u0161e vodn\u00ed mazl\u00ed\u010dky.<\/div>\n<\/li>\n<li>\n<div class=\"paragraph translation-block\"><strong>Modern\u00ed design<\/strong>: Design s prav\u00fdm \u00fahlem skla dod\u00e1 ka\u017ed\u00e9 m\u00edstnosti modern\u00ed vzhled.<\/div>\n<\/li>\n<li>\n<div class=\"paragraph translation-block\"><strong>Odolnost<\/strong>: Profesion\u00e1ln\u00ed ut\u011bsn\u011bn\u00ed a vyv\u00e1\u017een\u00e9 rozlo\u017een\u00ed hmotnosti zaji\u0161\u0165uj\u00ed dlouhou \u017eivotnost a stabilitu.<\/div>\n<\/li>\n<li>\n<div class=\"paragraph translation-block\"><strong>Bezpe\u010dnost<\/strong>: Precizn\u011b brou\u0161en\u00e9 hrany a vodot\u011bsn\u00e9 LED osv\u011btlen\u00ed zaji\u0161\u0165uj\u00ed bezpe\u010dnost pro dom\u00e1c\u00ed mazl\u00ed\u010dky i u\u017eivatele.<\/div>\n<\/li>\n<li>\n<div class=\"paragraph translation-block\"><strong>Minim\u00e1ln\u00ed \u00fadr\u017eba<\/strong>: Samoob\u011bhov\u00fd filtra\u010dn\u00ed syst\u00e9m a celoro\u010dn\u00ed funkce bez v\u00fdm\u011bny vody zaji\u0161\u0165uj\u00ed snadnou \u00fadr\u017ebu i pro za\u010d\u00e1te\u010dn\u00edky<\/div>\n<\/li>\n<li>\n<div class=\"paragraph translation-block\"><strong class=\"\">Energetick\u00e1 \u00fa\u010dinnost<\/strong>: Vysoce jasn\u00e9 LED diody poskytuj\u00ed siln\u00e9 osv\u011btlen\u00ed a z\u00e1rove\u0148 \u0161et\u0159\u00ed energii.<\/div>\n<\/li>\n<\/ul>\n<\/div>\n<\/div>\n<\/div>\n<div class=\"segment-assistant-actions\" data-v-4292d3a2=\"\">\n<div class=\"segment-assistant-actions-content\" data-v-4292d3a2=\"\">\n<div class=\"segment-actions-content-btn\" data-v-a65fb058=\"\" data-v-4292d3a2=\"\"><\/div>\n<\/div>\n<div class=\"segment-assistant-actions-content\" data-v-4292d3a2=\"\">\n<div class=\"segment-actions-content-btn\" data-v-fb002fe5=\"\"><\/div>\n<\/div>\n<\/div>\n<\/div>\n<\/div>\n<\/div>\n<\/div>\n<\/div>\n<\/div>","protected":false},"excerpt":{"rendered":"<p>Features\u00a0 High-Transparency Glass\u00a0 Superior Clarity: Made from ultra-clear glass, providing exceptional light transmittance and a distortion-free viewing experience. Right-Angle Glass Design\u00a0 Sharp Edges: Precision-cut right-angle glass ensures a modern and sleek appearance, perfect for any setting. Sealed and Waterproof\u00a0 Professional Sealing: Professionally sealed with high-quality silicone to ensure complete waterproofing and durability. Balanced Weight Distribution\u00a0&#8230;<\/p>","protected":false},"featured_media":221,"template":"","meta":{"_kad_post_transparent":"default","_kad_post_title":"","_kad_post_layout":"default","_kad_post_sidebar_id":"","_kad_post_content_style":"default","_kad_post_vertical_padding":"default","_kad_post_feature":"","_kad_post_feature_position":"","_kad_post_header":false,"_kad_post_footer":false},"product_brand":[],"product_cat":[26],"product_tag":[36],"class_list":{"0":"post-220","1":"product","2":"type-product","3":"status-publish","4":"has-post-thumbnail","6":"product_cat-kf-rectangular-aquarium","7":"product_tag-glass-fish-tank-aquarium","9":"first","10":"instock","11":"shipping-taxable","12":"product-type-simple","13":"entry","14":"content-bg","15":"loop-entry"},"jetpack_sharing_enabled":true,"_links":{"self":[{"href":"https:\/\/bfefishtank.com\/cs\/wp-json\/wp\/v2\/product\/220","targetHints":{"allow":["GET"]}}],"collection":[{"href":"https:\/\/bfefishtank.com\/cs\/wp-json\/wp\/v2\/product"}],"about":[{"href":"https:\/\/bfefishtank.com\/cs\/wp-json\/wp\/v2\/types\/product"}],"wp:featuredmedia":[{"embeddable":true,"href":"https:\/\/bfefishtank.com\/cs\/wp-json\/wp\/v2\/media\/221"}],"wp:attachment":[{"href":"https:\/\/bfefishtank.com\/cs\/wp-json\/wp\/v2\/media?parent=220"}],"wp:term":[{"taxonomy":"product_brand","embeddable":true,"href":"https:\/\/bfefishtank.com\/cs\/wp-json\/wp\/v2\/product_brand?post=220"},{"taxonomy":"product_cat","embeddable":true,"href":"https:\/\/bfefishtank.com\/cs\/wp-json\/wp\/v2\/product_cat?post=220"},{"taxonomy":"product_tag","embeddable":true,"href":"https:\/\/bfefishtank.com\/cs\/wp-json\/wp\/v2\/product_tag?post=220"}],"curies":[{"name":"wp","href":"https:\/\/api.w.org\/{rel}","templated":true}]}}