{"id":232,"date":"2025-03-09T17:05:27","date_gmt":"2025-03-09T09:05:27","guid":{"rendered":"https:\/\/bfefishtank.com\/?post_type=product&#038;p=232"},"modified":"2025-03-09T17:05:27","modified_gmt":"2025-03-09T09:05:27","slug":"betta-fish-tank","status":"publish","type":"product","link":"https:\/\/bfefishtank.com\/cs\/products\/betta-fish-tank\/betta-fish-tank\/","title":{"rendered":"Akv\u00e1rium pro bojovnici"},"content":{"rendered":"<h4 class=\"\"><strong class=\"\">Vlastnosti produktu\u00a0<\/strong><\/h4>\n<ol start=\"1\">\n<li>\n<div class=\"paragraph\"><strong>Vysoce kvalitn\u00ed akrylov\u00fd materi\u00e1l\u00a0<\/strong><\/div>\n<ul>\n<li>\n<div class=\"paragraph translation-block\"><strong>Vynikaj\u00edc\u00ed \u010dirost<\/strong>: Vyrobeno z vysoce kvalitn\u00edho akrylu, kter\u00fd poskytuje v\u00fdjime\u010dnou pr\u016fhlednost a odolnost. Zaji\u0161\u0165uje jasn\u00fd a \u017eiv\u00fd pohled na va\u0161e ryby.<\/div>\n<\/li>\n<\/ul>\n<\/li>\n<li>\n<div class=\"paragraph\"><strong>Dvojit\u00fd filtra\u010dn\u00ed syst\u00e9m\u00a0<\/strong><\/div>\n<ul>\n<li>\n<div class=\"paragraph translation-block\"><strong>Zlep\u0161en\u00e1 kvalita vody<\/strong>: Vybaven dvojit\u00fdm filtra\u010dn\u00edm syst\u00e9mem pro udr\u017een\u00ed optim\u00e1ln\u00ed kvality a \u010distoty vody.<\/div>\n<\/li>\n<\/ul>\n<\/li>\n<li>\n<div class=\"paragraph\"><strong>\u010cty\u0159d\u00edln\u00fd design\u00a0<\/strong><\/div>\n<ul>\n<li>\n<div class=\"paragraph translation-block\"><strong>Odd\u011blen\u00e9 p\u0159ihr\u00e1dky<\/strong>: Akv\u00e1rium je rozd\u011bleno do \u010dty\u0159 sekc\u00ed, co\u017e umo\u017e\u0148uje bezpe\u010dn\u00e9 chov\u00e1n\u00ed v\u00edce ryb nebo r\u016fzn\u00fdch druh\u016f.<\/div>\n<\/li>\n<\/ul>\n<\/li>\n<li>\n<div class=\"paragraph\"><strong class=\"\">Nez\u00e1visl\u00e9 krmn\u00e9 otvory\u00a0<\/strong><\/div>\n<ul>\n<li>\n<div class=\"paragraph translation-block\"><strong>Pohodln\u00e9 krmen\u00ed<\/strong>: Ka\u017ed\u00e1 sekce m\u00e1 sv\u016fj vlastn\u00ed krmn\u00fd otvor pro snadn\u00e9 a p\u0159esn\u00e9 krmen\u00ed va\u0161ich ryb.<\/div>\n<\/li>\n<\/ul>\n<\/li>\n<li>\n<div class=\"paragraph\"><strong>Odn\u00edmateln\u00e9 p\u0159ep\u00e1\u017eky\u00a0<\/strong><\/div>\n<ul>\n<li>\n<div class=\"paragraph translation-block\"><strong>Flexibiln\u00ed konfigurace<\/strong>: P\u0159ep\u00e1\u017eky lze snadno odstranit nebo p\u0159em\u00edstit podle va\u0161ich pot\u0159eb.<\/div>\n<\/li>\n<\/ul>\n<\/li>\n<li>\n<div class=\"paragraph\"><strong>N\u00e1vrh vyh\u0159\u00edvac\u00ed podlo\u017eky\u00a0<\/strong><\/div>\n<ul>\n<li>\n<div class=\"paragraph translation-block\"><strong>Regulace teploty<\/strong>: Vestav\u011bn\u00e1 vyh\u0159\u00edvac\u00ed podlo\u017eka zaji\u0161\u0165uje stabiln\u00ed a tepl\u00e9 prost\u0159ed\u00ed pro va\u0161e ryby.<\/div>\n<\/li>\n<\/ul>\n<\/li>\n<li>\n<div class=\"paragraph\"><strong class=\"\">Skryt\u00e9 z\u00f3ny\u00a0<\/strong><\/div>\n<ul>\n<li>\n<div class=\"paragraph translation-block\"><strong class=\"\">Bezpe\u010dn\u00e9 prostory<\/strong>: Navr\u017eeno se skryt\u00fdmi z\u00f3nami pro vytvo\u0159en\u00ed p\u0159irozen\u00e9ho a bezstresov\u00e9ho prost\u0159ed\u00ed pro va\u0161e ryby.<\/div>\n<\/li>\n<\/ul>\n<\/li>\n<li>\n<div class=\"paragraph\"><strong>Ekologick\u00e1 filtrace a ba\u017einn\u00e1 filtrace\u00a0<\/strong><\/div>\n<ul>\n<li>\n<div class=\"paragraph translation-block\"><strong>P\u0159irozen\u00e9 \u010ci\u0161t\u011bn\u00ed Vody<\/strong>: obsahuje ekologick\u00e9 filtra\u010dn\u00ed syst\u00e9my napodobuj\u00edc\u00ed p\u0159irozen\u00e9 procesy \u010di\u0161t\u011bn\u00ed vody.<\/div>\n<\/li>\n<\/ul>\n<\/li>\n<li>\n<div class=\"paragraph\"><strong>Vestav\u011bn\u00e9 LED sv\u011bteln\u00e9 p\u00e1sky\u00a0<\/strong><\/div>\n<ul>\n<li>\n<div class=\"paragraph translation-block\"><strong>P\u0159izp\u016fsobiteln\u00e9 osv\u011btlen\u00ed<\/strong>: Vybaveno vestav\u011bn\u00fdmi LED p\u00e1sky pro zv\u00fd\u0161en\u00ed vizu\u00e1ln\u00ed p\u0159ita\u017elivosti akv\u00e1ria.<\/div>\n<\/li>\n<\/ul>\n<\/li>\n<\/ol>\n<h4 class=\"\"><strong class=\"\">Specifikace produktu\u00a0<\/strong><\/h4>\n<ul>\n<li>\n<div class=\"paragraph\"><strong>Rozm\u011bry<\/strong>: 37.8cm x 18.8cm x 14.3cm<\/div>\n<\/li>\n<li>\n<div class=\"paragraph translation-block\"><strong>Materi\u00e1l<\/strong>: Vysoce kvalitn\u00ed akryl<\/div>\n<\/li>\n<li>\n<div class=\"paragraph translation-block\"><strong>Filtrace<\/strong>: Dvojit\u00fd filtra\u010dn\u00ed syst\u00e9m<\/div>\n<\/li>\n<li>\n<div class=\"paragraph translation-block\"><strong>Osv\u011btlen\u00ed<\/strong>: Vestav\u011bn\u00e9 LED p\u00e1sky<\/div>\n<\/li>\n<li>\n<div class=\"paragraph translation-block\"><strong>Topen\u00ed<\/strong>: Integrovan\u00e1 topn\u00e1 podlo\u017eka<\/div>\n<\/li>\n<li>\n<div class=\"paragraph translation-block\"><strong>Design<\/strong>: \u010cty\u0159d\u00edln\u00e1 p\u0159ep\u00e1\u017eka s vyj\u00edmateln\u00fdmi d\u011bli\u010di a nez\u00e1visl\u00fdmi krmn\u00fdmi otvory<\/div>\n<\/li>\n<\/ul>\n<hr \/>\n<h4 class=\"\"><strong class=\"\">V\u00fdhody\u00a0<\/strong><\/h4>\n<ul>\n<li>\n<div class=\"paragraph translation-block\"><strong>Vysok\u00e1 \u010dirost a odolnost<\/strong>: Vysoce kvalitn\u00ed akrylov\u00fd materi\u00e1l zaji\u0161\u0165uje pr\u016fhledn\u00e9 a odoln\u00e9 akv\u00e1rium.<\/div>\n<\/li>\n<li>\n<div class=\"paragraph translation-block\"><strong>Flexibiln\u00ed uspo\u0159\u00e1d\u00e1n\u00ed<\/strong>: \u010cty\u0159d\u00edln\u00fd design s vyj\u00edmateln\u00fdmi p\u0159ep\u00e1\u017ekami umo\u017e\u0148uje v\u0161estrann\u00e9 mo\u017enosti ubytov\u00e1n\u00ed.<\/div>\n<\/li>\n<li>\n<div class=\"paragraph translation-block\"><strong>Enhanced Water Quality<\/strong>: Dual filtration and eco-friendly filtration systems ensure a clean and healthy environment for your fish.<\/div>\n<\/li>\n<li>\n<div class=\"paragraph translation-block\"><strong>User-Friendly Design<\/strong>: Independent feeding ports and built-in LED lights make this aquarium easy to use and maintain.<\/div>\n<\/li>\n<li>\n<div class=\"paragraph translation-block\"><strong>P\u0159irozen\u00e9 prost\u0159ed\u00ed<\/strong>: \u00dakryty a p\u0159\u00edrodn\u00ed filtra\u010dn\u00ed syst\u00e9my poskytuj\u00ed va\u0161im ryb\u00e1m prost\u0159ed\u00ed bez stresu.<\/div>\n<\/li>\n<\/ul>","protected":false},"excerpt":{"rendered":"<p>Product Features\u00a0 High-Definition Acrylic Material\u00a0 Superior Clarity: Made from high-quality acrylic, providing exceptional transparency and durability. This ensures a clear and vibrant view of your fish. Dual Filtration System\u00a0 Enhanced Water Quality: Equipped with a dual filtration system to maintain optimal water quality and cleanliness. Four-Section Design\u00a0 Separate Compartments: The aquarium is divided into four&#8230;<\/p>","protected":false},"featured_media":233,"template":"","meta":{"_kad_post_transparent":"default","_kad_post_title":"","_kad_post_layout":"default","_kad_post_sidebar_id":"","_kad_post_content_style":"default","_kad_post_vertical_padding":"default","_kad_post_feature":"","_kad_post_feature_position":"","_kad_post_header":false,"_kad_post_footer":false},"product_brand":[],"product_cat":[15],"product_tag":[39],"class_list":{"0":"post-232","1":"product","2":"type-product","3":"status-publish","4":"has-post-thumbnail","6":"product_cat-betta-fish-tank","7":"product_tag-betta-fish-tank","9":"first","10":"instock","11":"shipping-taxable","12":"product-type-simple","13":"entry","14":"content-bg","15":"loop-entry"},"jetpack_sharing_enabled":true,"_links":{"self":[{"href":"https:\/\/bfefishtank.com\/cs\/wp-json\/wp\/v2\/product\/232","targetHints":{"allow":["GET"]}}],"collection":[{"href":"https:\/\/bfefishtank.com\/cs\/wp-json\/wp\/v2\/product"}],"about":[{"href":"https:\/\/bfefishtank.com\/cs\/wp-json\/wp\/v2\/types\/product"}],"wp:featuredmedia":[{"embeddable":true,"href":"https:\/\/bfefishtank.com\/cs\/wp-json\/wp\/v2\/media\/233"}],"wp:attachment":[{"href":"https:\/\/bfefishtank.com\/cs\/wp-json\/wp\/v2\/media?parent=232"}],"wp:term":[{"taxonomy":"product_brand","embeddable":true,"href":"https:\/\/bfefishtank.com\/cs\/wp-json\/wp\/v2\/product_brand?post=232"},{"taxonomy":"product_cat","embeddable":true,"href":"https:\/\/bfefishtank.com\/cs\/wp-json\/wp\/v2\/product_cat?post=232"},{"taxonomy":"product_tag","embeddable":true,"href":"https:\/\/bfefishtank.com\/cs\/wp-json\/wp\/v2\/product_tag?post=232"}],"curies":[{"name":"wp","href":"https:\/\/api.w.org\/{rel}","templated":true}]}}