{"id":433,"date":"2025-04-23T20:37:30","date_gmt":"2025-04-23T12:37:30","guid":{"rendered":"https:\/\/bfefishtank.com\/?post_type=product&#038;p=433"},"modified":"2025-04-23T20:37:31","modified_gmt":"2025-04-23T12:37:31","slug":"1-5-gallon-fish-tank","status":"publish","type":"product","link":"https:\/\/bfefishtank.com\/cs\/products\/betta-fish-tank\/1-5-gallon-fish-tank\/","title":{"rendered":"Akv\u00e1rium o objemu 1,5 galonu"},"content":{"rendered":"<p class=\"\" data-start=\"50\" data-end=\"338\">\u3010V\u00fdkonn\u00fd Filtra\u010dn\u00ed Syst\u00e9m\u3011\nNavr\u017een s \u0161irokou a hlubokou filtra\u010dn\u00ed komorou pro v\u00edce filtra\u010dn\u00edch m\u00e9di\u00ed, toto akv\u00e1rium zvy\u0161uje filtra\u010dn\u00ed plochu a zlep\u0161uje \u010distotu vody. Horn\u00ed vrstva obsahuje vyj\u00edmateln\u00fd houbov\u00fd filtr, kter\u00fd se snadno \u010dist\u00ed a je opakovan\u011b pou\u017eiteln\u00fd, co\u017e zaji\u0161\u0165uje dlouhodob\u00fd v\u00fdkon.<\/p>\n<p class=\"\" data-start=\"340\" data-end=\"545\">\u3010P\u0159izp\u016fsobiteln\u00e9 LED Osv\u011btlen\u00ed\u3011\nVestav\u011bn\u00e9 LED osv\u011btlen\u00ed s 7 \u017eiv\u00fdmi barvami. Barvy lze snadno m\u011bnit oto\u010dn\u00fdm ovlada\u010dem podle n\u00e1lady nebo atmosf\u00e9ry m\u00edstnosti.<\/p>\n<p class=\"\" data-start=\"547\" data-end=\"758\">\u3010Vestav\u011bn\u00fd Teplom\u011br\u3011Sledujte prost\u0159ed\u00ed v akv\u00e1riu pomoc\u00ed p\u0159ehledn\u00e9ho integrovan\u00e9ho displeje teploty vody um\u00edst\u011bn\u00e9ho v horn\u00ed \u010d\u00e1sti n\u00e1dr\u017ee. Rychl\u00e1 kontrola podm\u00ednek pro zdrav\u00ed va\u0161ich ryb.<\/p>\n<p class=\"\" data-start=\"760\" data-end=\"1020\">\u3010Chytr\u00e9 Designov\u00e9 Detaily\u3011Speci\u00e1ln\u011b navr\u017een\u00fd v\u00fdtok sni\u017euje hluk vody, zat\u00edmco teplotn\u00ed sonda p\u0159esn\u011b m\u011b\u0159\u00ed teplotu vody. Energeticky \u00fasporn\u00e9 ponorn\u00e9 \u010derpadlo pracuje ti\u0161e a poskytuje klidn\u00e9 prost\u0159ed\u00ed v\u00e1m i va\u0161im ryb\u00e1m.<\/p>\n<p class=\"\" data-start=\"1022\" data-end=\"1244\">\u3010K\u0159i\u0161\u0165\u00e1lov\u011b \u010cist\u00fd Pohled\u3011Toto mal\u00e9 akv\u00e1rium z vysoce kvalitn\u00edho \u010dir\u00e9ho skla nab\u00edz\u00ed vynikaj\u00edc\u00ed propustnost sv\u011btla a panoramatick\u00fd v\u00fdhled, \u010d\u00edm\u017e se st\u00e1v\u00e1 \u00fachvatn\u00fdm st\u0159edobodem va\u0161eho domova nebo kancel\u00e1\u0159e.<\/p>","protected":false},"excerpt":{"rendered":"<p>\u3010Powerful Filtration System\u3011Designed with a wide and deep filter chamber to hold more filter media, this aquarium enhances the filtration area for improved water clarity. The top layer features a removable sponge filter that\u2019s easy to clean and reusable, ensuring long-term performance. \ud83d\udc1f\u3010Customizable LED Lighting\u3011Includes built-in LED lighting with 7 vibrant color options. Easily switch&#8230;<\/p>","protected":false},"featured_media":434,"template":"","meta":{"_kad_post_transparent":"default","_kad_post_title":"","_kad_post_layout":"default","_kad_post_sidebar_id":"","_kad_post_content_style":"default","_kad_post_vertical_padding":"default","_kad_post_feature":"","_kad_post_feature_position":"","_kad_post_header":false,"_kad_post_footer":false},"product_brand":[],"product_cat":[15],"product_tag":[62],"class_list":{"0":"post-433","1":"product","2":"type-product","3":"status-publish","4":"has-post-thumbnail","6":"product_cat-betta-fish-tank","7":"product_tag-1-5-gallon-fish-tank","9":"first","10":"instock","11":"shipping-taxable","12":"product-type-simple","13":"entry","14":"content-bg","15":"loop-entry"},"jetpack_sharing_enabled":true,"_links":{"self":[{"href":"https:\/\/bfefishtank.com\/cs\/wp-json\/wp\/v2\/product\/433","targetHints":{"allow":["GET"]}}],"collection":[{"href":"https:\/\/bfefishtank.com\/cs\/wp-json\/wp\/v2\/product"}],"about":[{"href":"https:\/\/bfefishtank.com\/cs\/wp-json\/wp\/v2\/types\/product"}],"wp:featuredmedia":[{"embeddable":true,"href":"https:\/\/bfefishtank.com\/cs\/wp-json\/wp\/v2\/media\/434"}],"wp:attachment":[{"href":"https:\/\/bfefishtank.com\/cs\/wp-json\/wp\/v2\/media?parent=433"}],"wp:term":[{"taxonomy":"product_brand","embeddable":true,"href":"https:\/\/bfefishtank.com\/cs\/wp-json\/wp\/v2\/product_brand?post=433"},{"taxonomy":"product_cat","embeddable":true,"href":"https:\/\/bfefishtank.com\/cs\/wp-json\/wp\/v2\/product_cat?post=433"},{"taxonomy":"product_tag","embeddable":true,"href":"https:\/\/bfefishtank.com\/cs\/wp-json\/wp\/v2\/product_tag?post=433"}],"curies":[{"name":"wp","href":"https:\/\/api.w.org\/{rel}","templated":true}]}}