{"id":220,"date":"2025-03-09T11:30:30","date_gmt":"2025-03-09T03:30:30","guid":{"rendered":"https:\/\/bfefishtank.com\/?post_type=product&#038;p=220"},"modified":"2025-03-09T11:57:58","modified_gmt":"2025-03-09T03:57:58","slug":"glass-fish-tank-aquarium","status":"publish","type":"product","link":"https:\/\/bfefishtank.com\/da\/products\/kf-rectangular-aquarium\/glass-fish-tank-aquarium\/","title":{"rendered":"Akvarium i glas"},"content":{"rendered":"<div class=\"chat-content-container\" data-v-8d365a2c=\"\">\n<div class=\"chat-content-list\" data-v-8d365a2c=\"\">\n<div class=\"chat-content-item\" data-v-8d365a2c=\"\">\n<div class=\"segment segment-assistant\" data-v-3a203885=\"\" data-v-8d365a2c=\"\">\n<div class=\"segment-container\" data-v-3a203885=\"\">\n<div class=\"segment-content\" data-v-c0e72f48=\"\">\n<div class=\"segment-content-box\" data-v-c0e72f48=\"\">\n<div class=\"markdown-container\" data-v-dbe669ce=\"\" data-v-c0e72f48=\"\">\n<div class=\"markdown\" data-v-53cd9be5=\"\" data-v-dbe669ce=\"\">\n<h4 class=\"\"><strong class=\"\">Funktioner\u00a0<\/strong><\/h4>\n<ol start=\"1\">\n<li>\n<div class=\"paragraph\"><strong>H\u00f8jtransparent glas\u00a0<\/strong><\/div>\n<ul>\n<li>\n<div class=\"paragraph translation-block\"><strong>Overlegen klarhed<\/strong>: Fremstillet af ultraklart glas, hvilket giver fremragende lystransmission og en forvr\u00e6ngningsfri visningsoplevelse.<\/div>\n<\/li>\n<\/ul>\n<\/li>\n<li>\n<div class=\"paragraph\"><strong>Glasdesign med rette vinkler\u00a0<\/strong><\/div>\n<ul>\n<li>\n<div class=\"paragraph translation-block\"><strong>Skarpe kanter<\/strong>: Pr\u00e6cisionssk\u00e5ret glas med rette vinkler sikrer et moderne og elegant udseende \u2013 perfekt til enhver indretning.<\/div>\n<\/li>\n<\/ul>\n<\/li>\n<li>\n<div class=\"paragraph\"><strong class=\"\">Forseglet og vandt\u00e6t\u00a0<\/strong><\/div>\n<ul>\n<li>\n<div class=\"paragraph translation-block\">L\u00e6kagesikker forsegling: Professionelt forseglet med silikone af h\u00f8j kvalitet for holdbarhed og vandt\u00e6thed.<\/div>\n<\/li>\n<\/ul>\n<\/li>\n<li>\n<div class=\"paragraph\"><strong>Afbalanceret v\u00e6gtfordeling\u00a0<\/strong><\/div>\n<ul>\n<li>\n<div class=\"paragraph translation-block\"><strong>Stabil struktur<\/strong>: Designet med afbalanceret v\u00e6gtfordeling for at sikre stabilitet \u2013 selv med tunge dekorationer eller store fisk.<\/div>\n<\/li>\n<\/ul>\n<\/li>\n<li>\n<div class=\"paragraph\"><strong>Pr\u00e6cis kantbearbejdning\u00a0<\/strong><\/div>\n<ul>\n<li>\n<div class=\"paragraph translation-block\"><strong>Glatte kanter<\/strong>: Pr\u00e6cisionsslebet for sikkerhed og et poleret udseende, uden skarpe hj\u00f8rner.<\/div>\n<\/li>\n<\/ul>\n<\/li>\n<li>\n<div class=\"paragraph\"><strong>Vandt\u00e6tte LED-lys med h\u00f8j lysstyrke\u00a0<\/strong><\/div>\n<ul>\n<li>\n<div class=\"paragraph translation-block\"><strong>Energibesparende belysning<\/strong>: Vandt\u00e6tte LED-lys med h\u00f8j lysstyrke, der sikrer langvarig ydeevne og sikker drift.<\/div>\n<\/li>\n<\/ul>\n<\/li>\n<li>\n<div class=\"paragraph\"><strong>Selv-cirkulerende filtreringssystem\u00a0<\/strong><\/div>\n<ul>\n<li>\n<div class=\"paragraph translation-block\"><strong class=\"\">Vedligeholdelsesfri<\/strong>: Udstyret med et selv-cirkulerende filtreringssystem, der opretholder vandkvaliteten og mindsker behovet for hyppig vedligeholdelse.<\/div>\n<\/li>\n<\/ul>\n<\/li>\n<li>\n<div class=\"paragraph\"><strong>\u00c5ret rundt uden vandskift\u00a0<\/strong><\/div>\n<ul>\n<li>\n<div class=\"paragraph translation-block\"><strong>Praktisk vedligeholdelse<\/strong>: Designet til at opretholde vandkvaliteten i et helt \u00e5r, perfekt til travle livsstile og problemfri akvarieoplevelse.<\/div>\n<\/li>\n<\/ul>\n<\/li>\n<\/ol>\n<h4 class=\"\"><strong>Fordele\u00a0<\/strong><\/h4>\n<ul>\n<li>\n<div class=\"paragraph translation-block\"><strong class=\"\">Fremragende klarhed<\/strong>: Det h\u00f8jtransparente glas sikrer et klart og levende udsyn til dine akvariedyr.<\/div>\n<\/li>\n<li>\n<div class=\"paragraph translation-block\"><strong>Moderne design<\/strong>: Det retvinklede glasdesign giver et moderne pr\u00e6g til ethvert rum.<\/div>\n<\/li>\n<li>\n<div class=\"paragraph translation-block\"><strong>Holdbarhed<\/strong>: Professionel forsegling og afbalanceret v\u00e6gtfordeling sikrer langvarig brug og stabilitet.<\/div>\n<\/li>\n<li>\n<div class=\"paragraph translation-block\"><strong>Sikkerhed<\/strong>: Pr\u00e6cisionsslebet glas og vandt\u00e6tte LED-lys g\u00f8r akvariet sikkert for b\u00e5de k\u00e6ledyr og brugere.<\/div>\n<\/li>\n<li>\n<div class=\"paragraph translation-block\"><strong>Lav vedligeholdelse<\/strong>: Det selvcirkulerende filtreringssystem og \u00e5ret-rundt-ingen-vandskift-funktion g\u00f8r det nemt at vedligeholde \u2013 selv for begyndere.<\/div>\n<\/li>\n<li>\n<div class=\"paragraph translation-block\"><strong class=\"\">Energieffektivitet<\/strong>: LED-lys med h\u00f8j lysstyrke giver st\u00e6rk belysning og sparer samtidig energi.<\/div>\n<\/li>\n<\/ul>\n<\/div>\n<\/div>\n<\/div>\n<div class=\"segment-assistant-actions\" data-v-4292d3a2=\"\">\n<div class=\"segment-assistant-actions-content\" data-v-4292d3a2=\"\">\n<div class=\"segment-actions-content-btn\" data-v-a65fb058=\"\" data-v-4292d3a2=\"\"><\/div>\n<\/div>\n<div class=\"segment-assistant-actions-content\" data-v-4292d3a2=\"\">\n<div class=\"segment-actions-content-btn\" data-v-fb002fe5=\"\"><\/div>\n<\/div>\n<\/div>\n<\/div>\n<\/div>\n<\/div>\n<\/div>\n<\/div>\n<\/div>","protected":false},"excerpt":{"rendered":"<p>Features\u00a0 High-Transparency Glass\u00a0 Superior Clarity: Made from ultra-clear glass, providing exceptional light transmittance and a distortion-free viewing experience. Right-Angle Glass Design\u00a0 Sharp Edges: Precision-cut right-angle glass ensures a modern and sleek appearance, perfect for any setting. Sealed and Waterproof\u00a0 Professional Sealing: Professionally sealed with high-quality silicone to ensure complete waterproofing and durability. Balanced Weight Distribution\u00a0&#8230;<\/p>","protected":false},"featured_media":221,"template":"","meta":{"_kad_post_transparent":"default","_kad_post_title":"","_kad_post_layout":"default","_kad_post_sidebar_id":"","_kad_post_content_style":"default","_kad_post_vertical_padding":"default","_kad_post_feature":"","_kad_post_feature_position":"","_kad_post_header":false,"_kad_post_footer":false},"product_brand":[],"product_cat":[26],"product_tag":[36],"class_list":{"0":"post-220","1":"product","2":"type-product","3":"status-publish","4":"has-post-thumbnail","6":"product_cat-kf-rectangular-aquarium","7":"product_tag-glass-fish-tank-aquarium","9":"first","10":"instock","11":"shipping-taxable","12":"product-type-simple","13":"entry","14":"content-bg","15":"loop-entry"},"jetpack_sharing_enabled":true,"_links":{"self":[{"href":"https:\/\/bfefishtank.com\/da\/wp-json\/wp\/v2\/product\/220","targetHints":{"allow":["GET"]}}],"collection":[{"href":"https:\/\/bfefishtank.com\/da\/wp-json\/wp\/v2\/product"}],"about":[{"href":"https:\/\/bfefishtank.com\/da\/wp-json\/wp\/v2\/types\/product"}],"wp:featuredmedia":[{"embeddable":true,"href":"https:\/\/bfefishtank.com\/da\/wp-json\/wp\/v2\/media\/221"}],"wp:attachment":[{"href":"https:\/\/bfefishtank.com\/da\/wp-json\/wp\/v2\/media?parent=220"}],"wp:term":[{"taxonomy":"product_brand","embeddable":true,"href":"https:\/\/bfefishtank.com\/da\/wp-json\/wp\/v2\/product_brand?post=220"},{"taxonomy":"product_cat","embeddable":true,"href":"https:\/\/bfefishtank.com\/da\/wp-json\/wp\/v2\/product_cat?post=220"},{"taxonomy":"product_tag","embeddable":true,"href":"https:\/\/bfefishtank.com\/da\/wp-json\/wp\/v2\/product_tag?post=220"}],"curies":[{"name":"wp","href":"https:\/\/api.w.org\/{rel}","templated":true}]}}