{"id":433,"date":"2025-04-23T20:37:30","date_gmt":"2025-04-23T12:37:30","guid":{"rendered":"https:\/\/bfefishtank.com\/?post_type=product&#038;p=433"},"modified":"2025-04-23T20:37:31","modified_gmt":"2025-04-23T12:37:31","slug":"1-5-gallon-fish-tank","status":"publish","type":"product","link":"https:\/\/bfefishtank.com\/da\/products\/betta-fish-tank\/1-5-gallon-fish-tank\/","title":{"rendered":"1,5 gallon akvarium"},"content":{"rendered":"<p class=\"\" data-start=\"50\" data-end=\"338\">\u3010Kraftfuldt Filtreringssystem\u3011\nDesignet med et bredt og dybt filterkammer, der kan rumme mere filtermateriale, forbedrer dette akvarium filtreringsarealet og vandets klarhed. \u00d8verste lag har et aftageligt svampefilter, der er nemt at reng\u00f8re og genbruge, hvilket sikrer langvarig ydeevne.<\/p>\n<p class=\"\" data-start=\"340\" data-end=\"545\">\u3010Tilpasningsbar LED-belysning\u3011\nMed indbygget LED-lys og 7 levende farvemuligheder. Skift nemt farve med drejeknappen \u2013 alt efter hum\u00f8r eller rumstemning.<\/p>\n<p class=\"\" data-start=\"547\" data-end=\"758\">\u3010Indbygget Temperaturdisplay\u3011Hold \u00f8je med dit akvariums milj\u00f8 med en klar, integreret temperaturvisning \u00f8verst i tanken. Overv\u00e5g forholdene med et enkelt blik og hold dine fisk sunde.<\/p>\n<p class=\"\" data-start=\"760\" data-end=\"1020\">\u3010Smart Design Detaljer\u3011En specialdesignet vandudl\u00f8b reducerer st\u00f8j fra vandstr\u00f8mmen, mens temperaturf\u00f8leren n\u00f8jagtigt m\u00e5ler vandtemperaturen. Den energieffektive neds\u00e6nkelige pumpe k\u00f8rer stille og skaber en fredelig atmosf\u00e6re for b\u00e5de dig og dine fisk.<\/p>\n<p class=\"\" data-start=\"1022\" data-end=\"1244\">\u3010Krystalklar Udsigtsoplevelse\u3011Dette lille akvarium, lavet af h\u00f8jkvalitets gennemsigtigt glas, giver fremragende lysgennemgang og fuldt panoramisk udsyn \u2013 en fantastisk midtpunkt i dit hjem eller p\u00e5 kontoret.<\/p>","protected":false},"excerpt":{"rendered":"<p>\u3010Powerful Filtration System\u3011Designed with a wide and deep filter chamber to hold more filter media, this aquarium enhances the filtration area for improved water clarity. The top layer features a removable sponge filter that\u2019s easy to clean and reusable, ensuring long-term performance. \ud83d\udc1f\u3010Customizable LED Lighting\u3011Includes built-in LED lighting with 7 vibrant color options. Easily switch&#8230;<\/p>","protected":false},"featured_media":434,"template":"","meta":{"_kad_post_transparent":"default","_kad_post_title":"","_kad_post_layout":"default","_kad_post_sidebar_id":"","_kad_post_content_style":"default","_kad_post_vertical_padding":"default","_kad_post_feature":"","_kad_post_feature_position":"","_kad_post_header":false,"_kad_post_footer":false},"product_brand":[],"product_cat":[15],"product_tag":[62],"class_list":{"0":"post-433","1":"product","2":"type-product","3":"status-publish","4":"has-post-thumbnail","6":"product_cat-betta-fish-tank","7":"product_tag-1-5-gallon-fish-tank","9":"first","10":"instock","11":"shipping-taxable","12":"product-type-simple","13":"entry","14":"content-bg","15":"loop-entry"},"jetpack_sharing_enabled":true,"_links":{"self":[{"href":"https:\/\/bfefishtank.com\/da\/wp-json\/wp\/v2\/product\/433","targetHints":{"allow":["GET"]}}],"collection":[{"href":"https:\/\/bfefishtank.com\/da\/wp-json\/wp\/v2\/product"}],"about":[{"href":"https:\/\/bfefishtank.com\/da\/wp-json\/wp\/v2\/types\/product"}],"wp:featuredmedia":[{"embeddable":true,"href":"https:\/\/bfefishtank.com\/da\/wp-json\/wp\/v2\/media\/434"}],"wp:attachment":[{"href":"https:\/\/bfefishtank.com\/da\/wp-json\/wp\/v2\/media?parent=433"}],"wp:term":[{"taxonomy":"product_brand","embeddable":true,"href":"https:\/\/bfefishtank.com\/da\/wp-json\/wp\/v2\/product_brand?post=433"},{"taxonomy":"product_cat","embeddable":true,"href":"https:\/\/bfefishtank.com\/da\/wp-json\/wp\/v2\/product_cat?post=433"},{"taxonomy":"product_tag","embeddable":true,"href":"https:\/\/bfefishtank.com\/da\/wp-json\/wp\/v2\/product_tag?post=433"}],"curies":[{"name":"wp","href":"https:\/\/api.w.org\/{rel}","templated":true}]}}