{"id":220,"date":"2025-03-09T11:30:30","date_gmt":"2025-03-09T03:30:30","guid":{"rendered":"https:\/\/bfefishtank.com\/?post_type=product&#038;p=220"},"modified":"2025-03-09T11:57:58","modified_gmt":"2025-03-09T03:57:58","slug":"glass-fish-tank-aquarium","status":"publish","type":"product","link":"https:\/\/bfefishtank.com\/es\/products\/kf-rectangular-aquarium\/glass-fish-tank-aquarium\/","title":{"rendered":"Acuario de vidrio"},"content":{"rendered":"<div class=\"chat-content-container\" data-v-8d365a2c=\"\">\n<div class=\"chat-content-list\" data-v-8d365a2c=\"\">\n<div class=\"chat-content-item\" data-v-8d365a2c=\"\">\n<div class=\"segment segment-assistant\" data-v-3a203885=\"\" data-v-8d365a2c=\"\">\n<div class=\"segment-container\" data-v-3a203885=\"\">\n<div class=\"segment-content\" data-v-c0e72f48=\"\">\n<div class=\"segment-content-box\" data-v-c0e72f48=\"\">\n<div class=\"markdown-container\" data-v-dbe669ce=\"\" data-v-c0e72f48=\"\">\n<div class=\"markdown\" data-v-53cd9be5=\"\" data-v-dbe669ce=\"\">\n<h4 class=\"\"><strong class=\"\">Caracter\u00edsticas\u00a0<\/strong><\/h4>\n<ol start=\"1\">\n<li>\n<div class=\"paragraph\"><strong>Vidrio de alta transparencia\u00a0<\/strong><\/div>\n<ul>\n<li>\n<div class=\"paragraph translation-block\"><strong>Claridad superior<\/strong>: Fabricado con vidrio ultra claro, ofrece una transmisi\u00f3n de luz excepcional y una visi\u00f3n sin distorsiones.<\/div>\n<\/li>\n<\/ul>\n<\/li>\n<li>\n<div class=\"paragraph\"><strong>Dise\u00f1o de vidrio en \u00e1ngulo recto\u00a0<\/strong><\/div>\n<ul>\n<li>\n<div class=\"paragraph translation-block\"><strong>Bordes afilados<\/strong>: Vidrio cortado con precisi\u00f3n en \u00e1ngulo recto que garantiza una apariencia moderna y elegante, ideal para cualquier espacio.<\/div>\n<\/li>\n<\/ul>\n<\/li>\n<li>\n<div class=\"paragraph\"><strong class=\"\">Sellado e impermeable\u00a0<\/strong><\/div>\n<ul>\n<li>\n<div class=\"paragraph translation-block\">Sellado a prueba de fugas: Sellado profesionalmente con silicona de alta calidad para garantizar durabilidad e impermeabilidad.<\/div>\n<\/li>\n<\/ul>\n<\/li>\n<li>\n<div class=\"paragraph\"><strong>Distribuci\u00f3n equilibrada del peso\u00a0<\/strong><\/div>\n<ul>\n<li>\n<div class=\"paragraph translation-block\"><strong>Estructura estable<\/strong>: Dise\u00f1ada con una distribuci\u00f3n equilibrada del peso para garantizar estabilidad, incluso con decoraciones pesadas o peces grandes.<\/div>\n<\/li>\n<\/ul>\n<\/li>\n<li>\n<div class=\"paragraph\"><strong>Bordes con acabado preciso\u00a0<\/strong><\/div>\n<ul>\n<li>\n<div class=\"paragraph translation-block\"><strong>Bordes suaves<\/strong>: Bordes pulidos con precisi\u00f3n para mayor seguridad y un acabado elegante, evitando esquinas afiladas.<\/div>\n<\/li>\n<\/ul>\n<\/li>\n<li>\n<div class=\"paragraph\"><strong>Luces LED impermeables de alto brillo\u00a0<\/strong><\/div>\n<ul>\n<li>\n<div class=\"paragraph translation-block\"><strong>Iluminaci\u00f3n de bajo consumo<\/strong>: Luces LED impermeables de alta intensidad que garantizan un rendimiento duradero y operaci\u00f3n segura.<\/div>\n<\/li>\n<\/ul>\n<\/li>\n<li>\n<div class=\"paragraph\"><strong>Sistema de filtraci\u00f3n con recirculaci\u00f3n autom\u00e1tica\u00a0<\/strong><\/div>\n<ul>\n<li>\n<div class=\"paragraph translation-block\"><strong class=\"\">Sin mantenimiento<\/strong>: Equipado con un sistema de filtraci\u00f3n con recirculaci\u00f3n autom\u00e1tica que mantiene la calidad del agua y reduce la necesidad de mantenimiento frecuente.<\/div>\n<\/li>\n<\/ul>\n<\/li>\n<li>\n<div class=\"paragraph\"><strong>Sin cambio de agua durante todo el a\u00f1o\u00a0<\/strong><\/div>\n<ul>\n<li>\n<div class=\"paragraph translation-block\"><strong>Mantenimiento conveniente<\/strong>: Dise\u00f1ado para mantener la calidad del agua durante todo un a\u00f1o, ideal para estilos de vida ocupados y una experiencia sin complicaciones.<\/div>\n<\/li>\n<\/ul>\n<\/li>\n<\/ol>\n<h4 class=\"\"><strong>Beneficios\u00a0<\/strong><\/h4>\n<ul>\n<li>\n<div class=\"paragraph translation-block\"><strong class=\"\">Claridad superior<\/strong>: El vidrio de alta transparencia ofrece una vista clara y vibrante de tus mascotas acu\u00e1ticas.<\/div>\n<\/li>\n<li>\n<div class=\"paragraph translation-block\"><strong>Dise\u00f1o moderno<\/strong>: El dise\u00f1o de vidrio en \u00e1ngulo recto aporta un toque contempor\u00e1neo a cualquier habitaci\u00f3n.<\/div>\n<\/li>\n<li>\n<div class=\"paragraph translation-block\"><strong>Durabilidad<\/strong>: El sellado profesional y la distribuci\u00f3n equilibrada del peso garantizan un uso prolongado y estabilidad.<\/div>\n<\/li>\n<li>\n<div class=\"paragraph translation-block\"><strong>Seguridad<\/strong>: Los bordes pulidos con precisi\u00f3n y las luces LED impermeables hacen que este acuario sea seguro tanto para mascotas como para usuarios.<\/div>\n<\/li>\n<li>\n<div class=\"paragraph translation-block\"><strong>Bajo mantenimiento<\/strong>: El sistema de filtraci\u00f3n de auto-circulaci\u00f3n y la funci\u00f3n de no cambiar el agua durante todo el a\u00f1o hacen que sea f\u00e1cil de mantener, incluso para principiantes<\/div>\n<\/li>\n<li>\n<div class=\"paragraph translation-block\"><strong class=\"\">Eficiencia energ\u00e9tica<\/strong>: Las luces LED de alta intensidad ofrecen una iluminaci\u00f3n brillante mientras ahorran energ\u00eda.<\/div>\n<\/li>\n<\/ul>\n<\/div>\n<\/div>\n<\/div>\n<div class=\"segment-assistant-actions\" data-v-4292d3a2=\"\">\n<div class=\"segment-assistant-actions-content\" data-v-4292d3a2=\"\">\n<div class=\"segment-actions-content-btn\" data-v-a65fb058=\"\" data-v-4292d3a2=\"\"><\/div>\n<\/div>\n<div class=\"segment-assistant-actions-content\" data-v-4292d3a2=\"\">\n<div class=\"segment-actions-content-btn\" data-v-fb002fe5=\"\"><\/div>\n<\/div>\n<\/div>\n<\/div>\n<\/div>\n<\/div>\n<\/div>\n<\/div>\n<\/div>","protected":false},"excerpt":{"rendered":"<p>Features\u00a0 High-Transparency Glass\u00a0 Superior Clarity: Made from ultra-clear glass, providing exceptional light transmittance and a distortion-free viewing experience. Right-Angle Glass Design\u00a0 Sharp Edges: Precision-cut right-angle glass ensures a modern and sleek appearance, perfect for any setting. Sealed and Waterproof\u00a0 Professional Sealing: Professionally sealed with high-quality silicone to ensure complete waterproofing and durability. Balanced Weight Distribution\u00a0&#8230;<\/p>","protected":false},"featured_media":221,"template":"","meta":{"_kad_post_transparent":"default","_kad_post_title":"","_kad_post_layout":"default","_kad_post_sidebar_id":"","_kad_post_content_style":"default","_kad_post_vertical_padding":"default","_kad_post_feature":"","_kad_post_feature_position":"","_kad_post_header":false,"_kad_post_footer":false},"product_brand":[],"product_cat":[26],"product_tag":[36],"class_list":{"0":"post-220","1":"product","2":"type-product","3":"status-publish","4":"has-post-thumbnail","6":"product_cat-kf-rectangular-aquarium","7":"product_tag-glass-fish-tank-aquarium","9":"first","10":"instock","11":"shipping-taxable","12":"product-type-simple","13":"entry","14":"content-bg","15":"loop-entry"},"jetpack_sharing_enabled":true,"_links":{"self":[{"href":"https:\/\/bfefishtank.com\/es\/wp-json\/wp\/v2\/product\/220","targetHints":{"allow":["GET"]}}],"collection":[{"href":"https:\/\/bfefishtank.com\/es\/wp-json\/wp\/v2\/product"}],"about":[{"href":"https:\/\/bfefishtank.com\/es\/wp-json\/wp\/v2\/types\/product"}],"wp:featuredmedia":[{"embeddable":true,"href":"https:\/\/bfefishtank.com\/es\/wp-json\/wp\/v2\/media\/221"}],"wp:attachment":[{"href":"https:\/\/bfefishtank.com\/es\/wp-json\/wp\/v2\/media?parent=220"}],"wp:term":[{"taxonomy":"product_brand","embeddable":true,"href":"https:\/\/bfefishtank.com\/es\/wp-json\/wp\/v2\/product_brand?post=220"},{"taxonomy":"product_cat","embeddable":true,"href":"https:\/\/bfefishtank.com\/es\/wp-json\/wp\/v2\/product_cat?post=220"},{"taxonomy":"product_tag","embeddable":true,"href":"https:\/\/bfefishtank.com\/es\/wp-json\/wp\/v2\/product_tag?post=220"}],"curies":[{"name":"wp","href":"https:\/\/api.w.org\/{rel}","templated":true}]}}