{"id":232,"date":"2025-03-09T17:05:27","date_gmt":"2025-03-09T09:05:27","guid":{"rendered":"https:\/\/bfefishtank.com\/?post_type=product&#038;p=232"},"modified":"2025-03-09T17:05:27","modified_gmt":"2025-03-09T09:05:27","slug":"betta-fish-tank","status":"publish","type":"product","link":"https:\/\/bfefishtank.com\/es\/products\/betta-fish-tank\/betta-fish-tank\/","title":{"rendered":"Acuario para pez Betta"},"content":{"rendered":"<h4 class=\"\"><strong class=\"\">Caracter\u00edsticas del producto\u00a0<\/strong><\/h4>\n<ol start=\"1\">\n<li>\n<div class=\"paragraph\"><strong>Material acr\u00edlico de alta definici\u00f3n\u00a0<\/strong><\/div>\n<ul>\n<li>\n<div class=\"paragraph translation-block\"><strong>Claridad superior<\/strong>: Fabricado con acr\u00edlico de alta calidad, proporciona una transparencia y durabilidad excepcionales. Ofrece una vista clara y vibrante de tus peces.<\/div>\n<\/li>\n<\/ul>\n<\/li>\n<li>\n<div class=\"paragraph\"><strong>Sistema de filtraci\u00f3n dual\u00a0<\/strong><\/div>\n<ul>\n<li>\n<div class=\"paragraph translation-block\"><strong>Calidad de agua mejorada<\/strong>: Equipado con un sistema de filtraci\u00f3n dual para mantener la calidad y limpieza \u00f3ptimas del agua.<\/div>\n<\/li>\n<\/ul>\n<\/li>\n<li>\n<div class=\"paragraph\"><strong>Dise\u00f1o de cuatro secciones\u00a0<\/strong><\/div>\n<ul>\n<li>\n<div class=\"paragraph translation-block\"><strong>Compartimentos separados<\/strong>: El acuario est\u00e1 dividido en cuatro secciones, lo que permite albergar de forma segura varios peces o especies diferentes.<\/div>\n<\/li>\n<\/ul>\n<\/li>\n<li>\n<div class=\"paragraph\"><strong class=\"\">Puertos de alimentaci\u00f3n independientes\u00a0<\/strong><\/div>\n<ul>\n<li>\n<div class=\"paragraph translation-block\"><strong>Alimentaci\u00f3n conveniente<\/strong>: Cada secci\u00f3n tiene su propia abertura de alimentaci\u00f3n para alimentar a tus peces de forma f\u00e1cil y precisa.<\/div>\n<\/li>\n<\/ul>\n<\/li>\n<li>\n<div class=\"paragraph\"><strong>Divisores removibles\u00a0<\/strong><\/div>\n<ul>\n<li>\n<div class=\"paragraph translation-block\"><strong>Configuraci\u00f3n flexible<\/strong>: Los divisores se pueden quitar o reposicionar f\u00e1cilmente seg\u00fan sus necesidades.<\/div>\n<\/li>\n<\/ul>\n<\/li>\n<li>\n<div class=\"paragraph\"><strong>Dise\u00f1o de almohadilla t\u00e9rmica\u00a0<\/strong><\/div>\n<ul>\n<li>\n<div class=\"paragraph translation-block\"><strong>Control de temperatura<\/strong>: La almohadilla t\u00e9rmica integrada garantiza un ambiente c\u00e1lido y estable para tus peces.<\/div>\n<\/li>\n<\/ul>\n<\/li>\n<li>\n<div class=\"paragraph\"><strong class=\"\">Zonas de escondite\u00a0<\/strong><\/div>\n<ul>\n<li>\n<div class=\"paragraph translation-block\"><strong class=\"\">Espacios seguros<\/strong>: Dise\u00f1ado con zonas de escondite para proporcionar un entorno natural y sin estr\u00e9s a tus peces.<\/div>\n<\/li>\n<\/ul>\n<\/li>\n<li>\n<div class=\"paragraph\"><strong>Filtraci\u00f3n Ecol\u00f3gica y Filtraci\u00f3n de Pantano\u00a0<\/strong><\/div>\n<ul>\n<li>\n<div class=\"paragraph translation-block\"><strong>Purificaci\u00f3n Natural del Agua<\/strong>: cuenta con sistemas de filtraci\u00f3n ecol\u00f3gicos que imitan los procesos naturales de purificaci\u00f3n del agua.<\/div>\n<\/li>\n<\/ul>\n<\/li>\n<li>\n<div class=\"paragraph\"><strong>Tiras de luz LED integradas\u00a0<\/strong><\/div>\n<ul>\n<li>\n<div class=\"paragraph translation-block\"><strong>Iluminaci\u00f3n personalizable<\/strong>: Equipado con tiras de luces LED integradas para realzar el atractivo visual de tu acuario.<\/div>\n<\/li>\n<\/ul>\n<\/li>\n<\/ol>\n<h4 class=\"\"><strong class=\"\">Especificaciones del producto\u00a0<\/strong><\/h4>\n<ul>\n<li>\n<div class=\"paragraph\"><strong>Dimensiones<\/strong>: 37.8cm x 18.8cm x 14.3cm<\/div>\n<\/li>\n<li>\n<div class=\"paragraph translation-block\"><strong>Material<\/strong>: Acr\u00edlico de alta definici\u00f3n<\/div>\n<\/li>\n<li>\n<div class=\"paragraph translation-block\"><strong>Filtraci\u00f3n<\/strong>: Sistema de filtraci\u00f3n dual<\/div>\n<\/li>\n<li>\n<div class=\"paragraph translation-block\"><strong>Iluminaci\u00f3n<\/strong>: Tiras de luces LED incorporadas<\/div>\n<\/li>\n<li>\n<div class=\"paragraph translation-block\"><strong>Calefacci\u00f3n<\/strong>: Almohadilla t\u00e9rmica integrada<\/div>\n<\/li>\n<li>\n<div class=\"paragraph translation-block\"><strong>Dise\u00f1o<\/strong>: Separaci\u00f3n en cuatro secciones con divisores removibles y puertos de alimentaci\u00f3n independientes<\/div>\n<\/li>\n<\/ul>\n<hr \/>\n<h4 class=\"\"><strong class=\"\">Beneficios\u00a0<\/strong><\/h4>\n<ul>\n<li>\n<div class=\"paragraph translation-block\"><strong>Alta claridad y durabilidad<\/strong>: El material acr\u00edlico de alta definici\u00f3n garantiza un acuario claro y duradero.<\/div>\n<\/li>\n<li>\n<div class=\"paragraph translation-block\"><strong>Configuraci\u00f3n flexible<\/strong>: El dise\u00f1o de cuatro secciones con divisores removibles permite opciones de alojamiento vers\u00e1tiles.<\/div>\n<\/li>\n<li>\n<div class=\"paragraph translation-block\"><strong>Enhanced Water Quality<\/strong>: Dual filtration and eco-friendly filtration systems ensure a clean and healthy environment for your fish.<\/div>\n<\/li>\n<li>\n<div class=\"paragraph translation-block\"><strong>User-Friendly Design<\/strong>: Independent feeding ports and built-in LED lights make this aquarium easy to use and maintain.<\/div>\n<\/li>\n<li>\n<div class=\"paragraph translation-block\"><strong>Entorno natural<\/strong>: Las zonas de escondite y los sistemas de filtraci\u00f3n natural ofrecen un entorno libre de estr\u00e9s para tus peces.<\/div>\n<\/li>\n<\/ul>","protected":false},"excerpt":{"rendered":"<p>Product Features\u00a0 High-Definition Acrylic Material\u00a0 Superior Clarity: Made from high-quality acrylic, providing exceptional transparency and durability. This ensures a clear and vibrant view of your fish. Dual Filtration System\u00a0 Enhanced Water Quality: Equipped with a dual filtration system to maintain optimal water quality and cleanliness. Four-Section Design\u00a0 Separate Compartments: The aquarium is divided into four&#8230;<\/p>","protected":false},"featured_media":233,"template":"","meta":{"_kad_post_transparent":"default","_kad_post_title":"","_kad_post_layout":"default","_kad_post_sidebar_id":"","_kad_post_content_style":"default","_kad_post_vertical_padding":"default","_kad_post_feature":"","_kad_post_feature_position":"","_kad_post_header":false,"_kad_post_footer":false},"product_brand":[],"product_cat":[15],"product_tag":[39],"class_list":{"0":"post-232","1":"product","2":"type-product","3":"status-publish","4":"has-post-thumbnail","6":"product_cat-betta-fish-tank","7":"product_tag-betta-fish-tank","9":"first","10":"instock","11":"shipping-taxable","12":"product-type-simple","13":"entry","14":"content-bg","15":"loop-entry"},"jetpack_sharing_enabled":true,"_links":{"self":[{"href":"https:\/\/bfefishtank.com\/es\/wp-json\/wp\/v2\/product\/232","targetHints":{"allow":["GET"]}}],"collection":[{"href":"https:\/\/bfefishtank.com\/es\/wp-json\/wp\/v2\/product"}],"about":[{"href":"https:\/\/bfefishtank.com\/es\/wp-json\/wp\/v2\/types\/product"}],"wp:featuredmedia":[{"embeddable":true,"href":"https:\/\/bfefishtank.com\/es\/wp-json\/wp\/v2\/media\/233"}],"wp:attachment":[{"href":"https:\/\/bfefishtank.com\/es\/wp-json\/wp\/v2\/media?parent=232"}],"wp:term":[{"taxonomy":"product_brand","embeddable":true,"href":"https:\/\/bfefishtank.com\/es\/wp-json\/wp\/v2\/product_brand?post=232"},{"taxonomy":"product_cat","embeddable":true,"href":"https:\/\/bfefishtank.com\/es\/wp-json\/wp\/v2\/product_cat?post=232"},{"taxonomy":"product_tag","embeddable":true,"href":"https:\/\/bfefishtank.com\/es\/wp-json\/wp\/v2\/product_tag?post=232"}],"curies":[{"name":"wp","href":"https:\/\/api.w.org\/{rel}","templated":true}]}}