{"id":160,"date":"2025-03-02T18:00:53","date_gmt":"2025-03-02T10:00:53","guid":{"rendered":"https:\/\/bfefishtank.com\/?post_type=product&#038;p=160"},"modified":"2025-05-25T22:50:29","modified_gmt":"2025-05-25T14:50:29","slug":"humidifier-integrated-glass-fish-tank","status":"publish","type":"product","link":"https:\/\/bfefishtank.com\/fi\/products\/rectangular-aquarium-series\/humidifier-integrated-glass-fish-tank\/","title":{"rendered":"Lasinen akvaario integroidulla ilmankostuttimella"},"content":{"rendered":"<h3><\/h3>\n<table style=\"width: 100%; border-collapse: collapse;\">\n<thead>\n<tr>\n<th style=\"border: 1px solid #ddd; padding: 8px; background-color: #f2f2f2;\">Ominaisuus<\/th>\n<th style=\"border: 1px solid #ddd; padding: 8px; background-color: #f2f2f2;\">Kuvaus<\/th>\n<\/tr>\n<\/thead>\n<tbody>\n<tr>\n<td style=\"border: 1px solid #ddd; padding: 8px;\"><strong>Tuotteen nimi<\/strong><\/td>\n<td style=\"border: 1px solid #ddd; padding: 8px;\">Lasinen akvaario integroidulla ilmankostuttimella<\/td>\n<\/tr>\n<tr>\n<td style=\"border: 1px solid #ddd; padding: 8px;\"><strong>K\u00e4ytt\u00f6tilanne<\/strong><\/td>\n<td style=\"border: 1px solid #ddd; padding: 8px;\">P\u00f6yt\u00e4- ja kotik\u00e4ytt\u00f6\u00f6n<\/td>\n<\/tr>\n<tr>\n<td style=\"border: 1px solid #ddd; padding: 8px;\"><strong>Materiaali<\/strong><\/td>\n<td style=\"border: 1px solid #ddd; padding: 8px;\">Eritt\u00e4in kirkas lasi<\/td>\n<\/tr>\n<tr>\n<td style=\"border: 1px solid #ddd; padding: 8px;\"><strong>Lasin paksuus<\/strong><\/td>\n<td style=\"border: 1px solid #ddd; padding: 8px;\">4mm<\/td>\n<\/tr>\n<tr>\n<td style=\"border: 1px solid #ddd; padding: 8px;\"><strong>Kapasiteetti<\/strong><\/td>\n<td style=\"border: 1px solid #ddd; padding: 8px;\">9L<\/td>\n<\/tr>\n<tr>\n<td style=\"border: 1px solid #ddd; padding: 8px;\"><strong>\u00c4lykk\u00e4\u00e4t ominaisuudet<\/strong><\/td>\n<td style=\"border: 1px solid #ddd; padding: 8px;\">\u00c4lyk\u00e4s kosketusohjaus, Muokattavat asetukset, Valonohjaus, Sumun s\u00e4\u00e4t\u00f6, Veden l\u00e4mp\u00f6tilan n\u00e4ytt\u00f6<\/td>\n<\/tr>\n<tr>\n<td style=\"border: 1px solid #ddd; padding: 8px;\"><strong>Valoteho<\/strong><\/td>\n<td style=\"border: 1px solid #ddd; padding: 8px;\">1.5w<\/td>\n<\/tr>\n<tr>\n<td style=\"border: 1px solid #ddd; padding: 8px;\"><strong>Pumpun teho<\/strong><\/td>\n<td style=\"border: 1px solid #ddd; padding: 8px;\">5w<\/td>\n<\/tr>\n<tr>\n<td style=\"border: 1px solid #ddd; padding: 8px;\"><strong>Pumpun ominaisuudet<\/strong><\/td>\n<td style=\"border: 1px solid #ddd; padding: 8px;\">3-in-1 hiljainen pumppu, hiljainen ja v\u00e4h\u00e4meluinen<\/td>\n<\/tr>\n<tr>\n<td style=\"border: 1px solid #ddd; padding: 8px;\"><strong>Hapetustoiminto<\/strong><\/td>\n<td style=\"border: 1px solid #ddd; padding: 8px;\">Sis\u00e4\u00e4nrakennettu hapetus<\/td>\n<\/tr>\n<tr>\n<td style=\"border: 1px solid #ddd; padding: 8px;\"><strong>Aromaterapiaominaisuus<\/strong><\/td>\n<td style=\"border: 1px solid #ddd; padding: 8px;\">Tukee aromaterapia-kostutusta<\/td>\n<\/tr>\n<tr>\n<td style=\"border: 1px solid #ddd; padding: 8px;\"><strong>Valonl\u00e4p\u00e4isevyys<\/strong><\/td>\n<td style=\"border: 1px solid #ddd; padding: 8px;\">Erinomainen valonl\u00e4p\u00e4isevyys<\/td>\n<\/tr>\n<tr>\n<td style=\"border: 1px solid #ddd; padding: 8px;\"><strong>K\u00e4sity\u00f6taito<\/strong><\/td>\n<td style=\"border: 1px solid #ddd; padding: 8px;\">Nelinurkainen suorakulmainen muotoilu<\/td>\n<\/tr>\n<\/tbody>\n<\/table>\n<p>&nbsp;<\/p>\n<!--[if lt IE 9]><script>document.createElement('video');<\/script><![endif]-->\n\t<div class=\"wp-playlist wp-video-playlist wp-playlist-light\">\n\t\t<video controls=\"controls\" preload=\"none\" width=\"1268\"\n\t\t height=\"793\"\t><\/video>\n\t<div class=\"wp-playlist-next\"><\/div>\n\t<div class=\"wp-playlist-prev\"><\/div>\n\t<noscript>\n\t<ol>\n\t\t<li><a href='https:\/\/bfefishtank.com\/wp-content\/uploads\/2025\/03\/85a3a3849ebf276d3eaa9e805fa272b5.mp4'>Lasinen akvaario integroidulla ilmankostuttimella<\/a><\/li>\t<\/ol>\n\t<\/noscript>\n\t<script type=\"application\/json\" class=\"wp-playlist-script\">{\"type\":\"video\",\"tracklist\":true,\"tracknumbers\":true,\"images\":true,\"artists\":true,\"tracks\":[{\"src\":\"https:\\\/\\\/bfefishtank.com\\\/wp-content\\\/uploads\\\/2025\\\/03\\\/85a3a3849ebf276d3eaa9e805fa272b5.mp4\",\"type\":\"video\\\/mp4\",\"title\":\"Humidifier Integrated Glass Fish Tank\",\"caption\":\"\",\"description\":\"Humidifier Integrated Glass Fish Tank\",\"meta\":{\"length_formatted\":\"2:24\"},\"dimensions\":{\"original\":{\"width\":1152,\"height\":720},\"resized\":{\"width\":1268,\"height\":793}},\"image\":{\"src\":\"https:\\\/\\\/bfefishtank.com\\\/wp-includes\\\/images\\\/media\\\/video.svg\",\"width\":48,\"height\":64},\"thumb\":{\"src\":\"https:\\\/\\\/bfefishtank.com\\\/wp-includes\\\/images\\\/media\\\/video.svg\",\"width\":48,\"height\":64}}]}<\/script>\n<\/div>","protected":false},"excerpt":{"rendered":"<p>Feature Description Product Name New Humidifier Integrated Glass Fish Tank Usage Scenario Desktop, Home Use Material Ultra-Clear Glass Glass Thickness 4mm Capacity 9L Smart Features Smart Touch Control, Customizable Settings, Light Control, Mist Adjustment, Water Temperature Display Light Power 1.5w Pump Power 5w Pump Features 3-in-1 Silent Pump, Quiet and Low Noise Oxygenation Feature Built-in&#8230;<\/p>","protected":false},"featured_media":203,"template":"","meta":{"_kad_post_transparent":"default","_kad_post_title":"","_kad_post_layout":"default","_kad_post_sidebar_id":"","_kad_post_content_style":"default","_kad_post_vertical_padding":"default","_kad_post_feature":"","_kad_post_feature_position":"","_kad_post_header":false,"_kad_post_footer":false},"product_brand":[],"product_cat":[18],"product_tag":[19],"class_list":{"0":"post-160","1":"product","2":"type-product","3":"status-publish","4":"has-post-thumbnail","6":"product_cat-rectangular-aquarium-series","7":"product_tag-humidifier-integrated-glass-fish-tank","9":"first","10":"instock","11":"shipping-taxable","12":"product-type-simple","13":"entry","14":"content-bg","15":"loop-entry"},"jetpack_sharing_enabled":true,"_links":{"self":[{"href":"https:\/\/bfefishtank.com\/fi\/wp-json\/wp\/v2\/product\/160","targetHints":{"allow":["GET"]}}],"collection":[{"href":"https:\/\/bfefishtank.com\/fi\/wp-json\/wp\/v2\/product"}],"about":[{"href":"https:\/\/bfefishtank.com\/fi\/wp-json\/wp\/v2\/types\/product"}],"wp:featuredmedia":[{"embeddable":true,"href":"https:\/\/bfefishtank.com\/fi\/wp-json\/wp\/v2\/media\/203"}],"wp:attachment":[{"href":"https:\/\/bfefishtank.com\/fi\/wp-json\/wp\/v2\/media?parent=160"}],"wp:term":[{"taxonomy":"product_brand","embeddable":true,"href":"https:\/\/bfefishtank.com\/fi\/wp-json\/wp\/v2\/product_brand?post=160"},{"taxonomy":"product_cat","embeddable":true,"href":"https:\/\/bfefishtank.com\/fi\/wp-json\/wp\/v2\/product_cat?post=160"},{"taxonomy":"product_tag","embeddable":true,"href":"https:\/\/bfefishtank.com\/fi\/wp-json\/wp\/v2\/product_tag?post=160"}],"curies":[{"name":"wp","href":"https:\/\/api.w.org\/{rel}","templated":true}]}}