{"id":220,"date":"2025-03-09T11:30:30","date_gmt":"2025-03-09T03:30:30","guid":{"rendered":"https:\/\/bfefishtank.com\/?post_type=product&#038;p=220"},"modified":"2025-03-09T11:57:58","modified_gmt":"2025-03-09T03:57:58","slug":"glass-fish-tank-aquarium","status":"publish","type":"product","link":"https:\/\/bfefishtank.com\/fi\/products\/kf-rectangular-aquarium\/glass-fish-tank-aquarium\/","title":{"rendered":"Lasinen akvaario"},"content":{"rendered":"<div class=\"chat-content-container\" data-v-8d365a2c=\"\">\n<div class=\"chat-content-list\" data-v-8d365a2c=\"\">\n<div class=\"chat-content-item\" data-v-8d365a2c=\"\">\n<div class=\"segment segment-assistant\" data-v-3a203885=\"\" data-v-8d365a2c=\"\">\n<div class=\"segment-container\" data-v-3a203885=\"\">\n<div class=\"segment-content\" data-v-c0e72f48=\"\">\n<div class=\"segment-content-box\" data-v-c0e72f48=\"\">\n<div class=\"markdown-container\" data-v-dbe669ce=\"\" data-v-c0e72f48=\"\">\n<div class=\"markdown\" data-v-53cd9be5=\"\" data-v-dbe669ce=\"\">\n<h4 class=\"\"><strong class=\"\">Ominaisuudet\u00a0<\/strong><\/h4>\n<ol start=\"1\">\n<li>\n<div class=\"paragraph\"><strong>Eritt\u00e4in l\u00e4pin\u00e4kyv\u00e4 lasi\u00a0<\/strong><\/div>\n<ul>\n<li>\n<div class=\"paragraph translation-block\"><strong>Ylivoimainen kirkkaus<\/strong>: Valmistettu eritt\u00e4in kirkkaasta lasista, joka tarjoaa erinomaisen valonl\u00e4p\u00e4isevyyden ja v\u00e4\u00e4ristym\u00e4tt\u00f6m\u00e4n n\u00e4kym\u00e4n.<\/div>\n<\/li>\n<\/ul>\n<\/li>\n<li>\n<div class=\"paragraph\"><strong>Suorakulmainen lasimuotoilu\u00a0<\/strong><\/div>\n<ul>\n<li>\n<div class=\"paragraph translation-block\"><strong>Ter\u00e4v\u00e4t reunat<\/strong>: Tarkasti leikattu suorakulmainen lasi takaa modernin ja tyylikk\u00e4\u00e4n ulkon\u00e4\u00f6n, joka sopii kaikkiin ymp\u00e4rist\u00f6ihin.<\/div>\n<\/li>\n<\/ul>\n<\/li>\n<li>\n<div class=\"paragraph\"><strong class=\"\">Tiivis ja vedenpit\u00e4v\u00e4\u00a0<\/strong><\/div>\n<ul>\n<li>\n<div class=\"paragraph translation-block\">Vuotamaton tiivistys: Ammattimaisesti tiivistetty korkealaatuisella silikonilla kest\u00e4vyyden ja vedenpit\u00e4vyyden varmistamiseksi.<\/div>\n<\/li>\n<\/ul>\n<\/li>\n<li>\n<div class=\"paragraph\"><strong>Tasapainoinen painon jakautuminen\u00a0<\/strong><\/div>\n<ul>\n<li>\n<div class=\"paragraph translation-block\"><strong>Vaka rakenne<\/strong>: Suunniteltu tasapainoisella painon jakautumisella takaamaan vakaus \u2013 jopa raskaiden koristeiden tai suurten kalojen kanssa.<\/div>\n<\/li>\n<\/ul>\n<\/li>\n<li>\n<div class=\"paragraph\"><strong>Tarkasti viimeistellyt reunat\u00a0<\/strong><\/div>\n<ul>\n<li>\n<div class=\"paragraph translation-block\"><strong>Sile\u00e4t reunat<\/strong>: Tarkasti hiotut reunat takaavat turvallisuuden ja viimeistellyn ulkon\u00e4\u00f6n ilman ter\u00e4vi\u00e4 kulmia.<\/div>\n<\/li>\n<\/ul>\n<\/li>\n<li>\n<div class=\"paragraph\"><strong>Korkeakiiltoiset vedenpit\u00e4v\u00e4t LED-valot\u00a0<\/strong><\/div>\n<ul>\n<li>\n<div class=\"paragraph translation-block\"><strong>Energiatehokas valaistus<\/strong>: Vedenpit\u00e4v\u00e4t, kirkkaat LED-valot, jotka takaavat pitk\u00e4kestoisen suorituskyvyn ja turvallisen k\u00e4yt\u00f6n.<\/div>\n<\/li>\n<\/ul>\n<\/li>\n<li>\n<div class=\"paragraph\"><strong>Itsekiert\u00e4v\u00e4 suodatusj\u00e4rjestelm\u00e4\u00a0<\/strong><\/div>\n<ul>\n<li>\n<div class=\"paragraph translation-block\"><strong class=\"\">Huoltovapaa<\/strong>: Varustettu itsekiert\u00e4v\u00e4ll\u00e4 suodatusj\u00e4rjestelm\u00e4ll\u00e4, joka s\u00e4ilytt\u00e4\u00e4 veden laadun ja v\u00e4hent\u00e4\u00e4 huollon tarvetta.<\/div>\n<\/li>\n<\/ul>\n<\/li>\n<li>\n<div class=\"paragraph\"><strong>Ei vedenvaihtoa ymp\u00e4ri vuoden\u00a0<\/strong><\/div>\n<ul>\n<li>\n<div class=\"paragraph translation-block\"><strong>Helppo yll\u00e4pito<\/strong>: Suunniteltu yll\u00e4pit\u00e4m\u00e4\u00e4n veden laatua vuoden ajan, t\u00e4ydellinen kiireiseen el\u00e4m\u00e4ntyyliin ja vaivattomaan akvaarion k\u00e4ytt\u00f6\u00f6n.<\/div>\n<\/li>\n<\/ul>\n<\/li>\n<\/ol>\n<h4 class=\"\"><strong>Hy\u00f6dyt\u00a0<\/strong><\/h4>\n<ul>\n<li>\n<div class=\"paragraph translation-block\"><strong class=\"\">Erinomainen kirkkaus<\/strong>: Eritt\u00e4in kirkas lasi tarjoaa selke\u00e4n ja el\u00e4v\u00e4n n\u00e4kym\u00e4n vesiel\u00e4imiisi.<\/div>\n<\/li>\n<li>\n<div class=\"paragraph translation-block\"><strong>Moderni muotoilu<\/strong>: Suorakulmainen lasimuotoilu tuo nykyaikaista ilmett\u00e4 mihin tahansa tilaan.<\/div>\n<\/li>\n<li>\n<div class=\"paragraph translation-block\"><strong>Kest\u00e4vyys<\/strong>: Ammattimainen tiivistys ja tasapainotettu painonjako takaavat pitk\u00e4n k\u00e4ytt\u00f6i\u00e4n ja vakauden.<\/div>\n<\/li>\n<li>\n<div class=\"paragraph translation-block\"><strong>Turvallisuus<\/strong>: Tarkkuushiotut reunat ja vedenpit\u00e4v\u00e4t LED-valot tekev\u00e4t akvaariosta turvallisen sek\u00e4 lemmikeille ett\u00e4 k\u00e4ytt\u00e4jille.<\/div>\n<\/li>\n<li>\n<div class=\"paragraph translation-block\"><strong>V\u00e4h\u00e4n huoltoa<\/strong>: Itsekiert\u00e4v\u00e4 suodatusj\u00e4rjestelm\u00e4 ja vuoden ymp\u00e4ri toimiva vedenvaihdoton ominaisuus tekev\u00e4t akvaariosta helppohoitoisen \u2013 my\u00f6s aloittelijoille.<\/div>\n<\/li>\n<li>\n<div class=\"paragraph translation-block\"><strong class=\"\">Energiatehokkuus<\/strong>: Korkeakiiltoiset LED-valot tarjoavat kirkkaan valaistuksen samalla s\u00e4\u00e4st\u00e4en energiaa.<\/div>\n<\/li>\n<\/ul>\n<\/div>\n<\/div>\n<\/div>\n<div class=\"segment-assistant-actions\" data-v-4292d3a2=\"\">\n<div class=\"segment-assistant-actions-content\" data-v-4292d3a2=\"\">\n<div class=\"segment-actions-content-btn\" data-v-a65fb058=\"\" data-v-4292d3a2=\"\"><\/div>\n<\/div>\n<div class=\"segment-assistant-actions-content\" data-v-4292d3a2=\"\">\n<div class=\"segment-actions-content-btn\" data-v-fb002fe5=\"\"><\/div>\n<\/div>\n<\/div>\n<\/div>\n<\/div>\n<\/div>\n<\/div>\n<\/div>\n<\/div>","protected":false},"excerpt":{"rendered":"<p>Features\u00a0 High-Transparency Glass\u00a0 Superior Clarity: Made from ultra-clear glass, providing exceptional light transmittance and a distortion-free viewing experience. Right-Angle Glass Design\u00a0 Sharp Edges: Precision-cut right-angle glass ensures a modern and sleek appearance, perfect for any setting. Sealed and Waterproof\u00a0 Professional Sealing: Professionally sealed with high-quality silicone to ensure complete waterproofing and durability. Balanced Weight Distribution\u00a0&#8230;<\/p>","protected":false},"featured_media":221,"template":"","meta":{"_kad_post_transparent":"default","_kad_post_title":"","_kad_post_layout":"default","_kad_post_sidebar_id":"","_kad_post_content_style":"default","_kad_post_vertical_padding":"default","_kad_post_feature":"","_kad_post_feature_position":"","_kad_post_header":false,"_kad_post_footer":false},"product_brand":[],"product_cat":[26],"product_tag":[36],"class_list":{"0":"post-220","1":"product","2":"type-product","3":"status-publish","4":"has-post-thumbnail","6":"product_cat-kf-rectangular-aquarium","7":"product_tag-glass-fish-tank-aquarium","9":"first","10":"instock","11":"shipping-taxable","12":"product-type-simple","13":"entry","14":"content-bg","15":"loop-entry"},"jetpack_sharing_enabled":true,"_links":{"self":[{"href":"https:\/\/bfefishtank.com\/fi\/wp-json\/wp\/v2\/product\/220","targetHints":{"allow":["GET"]}}],"collection":[{"href":"https:\/\/bfefishtank.com\/fi\/wp-json\/wp\/v2\/product"}],"about":[{"href":"https:\/\/bfefishtank.com\/fi\/wp-json\/wp\/v2\/types\/product"}],"wp:featuredmedia":[{"embeddable":true,"href":"https:\/\/bfefishtank.com\/fi\/wp-json\/wp\/v2\/media\/221"}],"wp:attachment":[{"href":"https:\/\/bfefishtank.com\/fi\/wp-json\/wp\/v2\/media?parent=220"}],"wp:term":[{"taxonomy":"product_brand","embeddable":true,"href":"https:\/\/bfefishtank.com\/fi\/wp-json\/wp\/v2\/product_brand?post=220"},{"taxonomy":"product_cat","embeddable":true,"href":"https:\/\/bfefishtank.com\/fi\/wp-json\/wp\/v2\/product_cat?post=220"},{"taxonomy":"product_tag","embeddable":true,"href":"https:\/\/bfefishtank.com\/fi\/wp-json\/wp\/v2\/product_tag?post=220"}],"curies":[{"name":"wp","href":"https:\/\/api.w.org\/{rel}","templated":true}]}}