{"id":230,"date":"2025-03-09T15:37:32","date_gmt":"2025-03-09T07:37:32","guid":{"rendered":"https:\/\/bfefishtank.com\/?post_type=product&#038;p=230"},"modified":"2025-06-15T21:42:52","modified_gmt":"2025-06-15T13:42:52","slug":"glass-fish-tank-with-light","status":"publish","type":"product","link":"https:\/\/bfefishtank.com\/fi\/products\/crc-rectangular-aquarium-series\/glass-fish-tank-with-light\/","title":{"rendered":"Lasinen akvaario valolla"},"content":{"rendered":"<h2>T\u00e4rkeimm\u00e4t ominaisuudet<\/h2>\n<ul>\n<li class=\"translation-block\">Ultra-kirkas lasi: Valmistettu eritt\u00e4in l\u00e4pin\u00e4kyv\u00e4st\u00e4 lasista v\u00e4\u00e4ristym\u00e4tt\u00f6m\u00e4\u00e4n katseluun ja eloisille v\u00e4reille.<\/li>\n<li class=\"translation-block\">Suorakulmaiset reunat: Moderni ja tilaa s\u00e4\u00e4st\u00e4v\u00e4 muotoilu tarkasti leikatuilla kulmilla.<\/li>\n<li class=\"translation-block\">Vuotamaton tiivistys: Ammattimaisesti tiivistetty korkealaatuisella silikonilla kest\u00e4vyyden ja vedenpit\u00e4vyyden varmistamiseksi.<\/li>\n<li class=\"translation-block\">Vakaa ja tasapainoinen: Suunniteltu painojakauma pit\u00e4\u00e4 akvaarion vakaana jopa raskaalla sisustuksella.<\/li>\n<li class=\"translation-block\">Turvalliset reunat: Sile\u00e4t, kiillotetut reunat est\u00e4v\u00e4t loukkaantumiset ja varmistavat turvallisen k\u00e4sittelyn.<\/li>\n<\/ul>\n<h3>T\u00e4ydellinen:<\/h3>\n<ul>\n<li>Kotona teht\u00e4v\u00e4 akvaarioiden maisemointi trooppisille ja makean veden kaloille<\/li>\n<li>Toimiston p\u00f6yt\u00e4akvaariot tai koristealtaat<\/li>\n<li>V\u00e4hitt\u00e4ismyyntiin tarkoitetut akvaariosetit lemmikkikaupoille ja verkkokaupoille<\/li>\n<\/ul>","protected":false},"excerpt":{"rendered":"<p>Key Features \ud83d\udd0d Ultra-Clear Glass: Made from high-transparency glass for distortion-free viewing and vibrant colors. \ud83d\udcd0 Right-Angle Edges: Modern, space-efficient design with precision-cut corners. \ud83d\udca7 Leak-Proof Sealing: Professionally sealed with high-quality silicone to ensure durability and waterproofing. \u2696\ufe0f Stable &amp; Balanced: Engineered weight distribution keeps the tank steady even with heavy decor. \ud83e\udde9 Safe Edging:&#8230;<\/p>","protected":false},"featured_media":231,"template":"","meta":{"_kad_post_transparent":"default","_kad_post_title":"","_kad_post_layout":"default","_kad_post_sidebar_id":"","_kad_post_content_style":"default","_kad_post_vertical_padding":"default","_kad_post_feature":"","_kad_post_feature_position":"","_kad_post_header":false,"_kad_post_footer":false},"product_brand":[],"product_cat":[21],"product_tag":[37],"class_list":{"0":"post-230","1":"product","2":"type-product","3":"status-publish","4":"has-post-thumbnail","6":"product_cat-crc-rectangular-aquarium-series","7":"product_tag-rectangular-glass-aquarium","9":"first","10":"instock","11":"shipping-taxable","12":"product-type-simple","13":"entry","14":"content-bg","15":"loop-entry"},"jetpack_sharing_enabled":true,"_links":{"self":[{"href":"https:\/\/bfefishtank.com\/fi\/wp-json\/wp\/v2\/product\/230","targetHints":{"allow":["GET"]}}],"collection":[{"href":"https:\/\/bfefishtank.com\/fi\/wp-json\/wp\/v2\/product"}],"about":[{"href":"https:\/\/bfefishtank.com\/fi\/wp-json\/wp\/v2\/types\/product"}],"wp:featuredmedia":[{"embeddable":true,"href":"https:\/\/bfefishtank.com\/fi\/wp-json\/wp\/v2\/media\/231"}],"wp:attachment":[{"href":"https:\/\/bfefishtank.com\/fi\/wp-json\/wp\/v2\/media?parent=230"}],"wp:term":[{"taxonomy":"product_brand","embeddable":true,"href":"https:\/\/bfefishtank.com\/fi\/wp-json\/wp\/v2\/product_brand?post=230"},{"taxonomy":"product_cat","embeddable":true,"href":"https:\/\/bfefishtank.com\/fi\/wp-json\/wp\/v2\/product_cat?post=230"},{"taxonomy":"product_tag","embeddable":true,"href":"https:\/\/bfefishtank.com\/fi\/wp-json\/wp\/v2\/product_tag?post=230"}],"curies":[{"name":"wp","href":"https:\/\/api.w.org\/{rel}","templated":true}]}}