{"id":232,"date":"2025-03-09T17:05:27","date_gmt":"2025-03-09T09:05:27","guid":{"rendered":"https:\/\/bfefishtank.com\/?post_type=product&#038;p=232"},"modified":"2025-03-09T17:05:27","modified_gmt":"2025-03-09T09:05:27","slug":"betta-fish-tank","status":"publish","type":"product","link":"https:\/\/bfefishtank.com\/fi\/products\/betta-fish-tank\/betta-fish-tank\/","title":{"rendered":"Betta-kala-akvaario"},"content":{"rendered":"<h4 class=\"\"><strong class=\"\">Tuotteen ominaisuudet\u00a0<\/strong><\/h4>\n<ol start=\"1\">\n<li>\n<div class=\"paragraph\"><strong>Korkearesoluutioinen akryylimateriaali\u00a0<\/strong><\/div>\n<ul>\n<li>\n<div class=\"paragraph translation-block\"><strong>Erinomainen kirkkaus<\/strong>: Valmistettu korkealaatuisesta akryylist\u00e4, joka tarjoaa poikkeuksellista l\u00e4pin\u00e4kyvyytt\u00e4 ja kest\u00e4vyytt\u00e4. Takaa selke\u00e4n ja el\u00e4v\u00e4n n\u00e4kym\u00e4n kaloihisi.<\/div>\n<\/li>\n<\/ul>\n<\/li>\n<li>\n<div class=\"paragraph\"><strong>Kaksoissuodatusj\u00e4rjestelm\u00e4\u00a0<\/strong><\/div>\n<ul>\n<li>\n<div class=\"paragraph translation-block\"><strong>Parannettu vedenlaatu<\/strong>: Varustettu kaksoissuodatusj\u00e4rjestelm\u00e4ll\u00e4 optimaalisen vedenlaadun ja puhtauden s\u00e4ilytt\u00e4miseksi.<\/div>\n<\/li>\n<\/ul>\n<\/li>\n<li>\n<div class=\"paragraph\"><strong>Neliosainen muotoilu\u00a0<\/strong><\/div>\n<ul>\n<li>\n<div class=\"paragraph translation-block\"><strong>Erilliset osastot<\/strong>: Akvaario on jaettu nelj\u00e4\u00e4n osaan, joten voit turvallisesti pit\u00e4\u00e4 useita kaloja tai eri lajeja.<\/div>\n<\/li>\n<\/ul>\n<\/li>\n<li>\n<div class=\"paragraph\"><strong class=\"\">Itsen\u00e4iset ruokintaluukut\u00a0<\/strong><\/div>\n<ul>\n<li>\n<div class=\"paragraph translation-block\"><strong>K\u00e4yt\u00e4nn\u00f6llinen ruokinta<\/strong>: Jokaisella osastolla on oma ruokinta-aukko, mik\u00e4 tekee ruokinnasta helppoa ja tarkkaa.<\/div>\n<\/li>\n<\/ul>\n<\/li>\n<li>\n<div class=\"paragraph\"><strong>Irrotettavat jakajat\u00a0<\/strong><\/div>\n<ul>\n<li>\n<div class=\"paragraph translation-block\"><strong>Joustava kokoonpano<\/strong>: Jakajat voidaan helposti poistaa tai siirt\u00e4\u00e4 tarpeidesi mukaan.<\/div>\n<\/li>\n<\/ul>\n<\/li>\n<li>\n<div class=\"paragraph\"><strong>L\u00e4mp\u00f6tyynyn muotoilu\u00a0<\/strong><\/div>\n<ul>\n<li>\n<div class=\"paragraph translation-block\"><strong>L\u00e4mp\u00f6tilan s\u00e4\u00e4t\u00f6<\/strong>: Sis\u00e4\u00e4nrakennettu l\u00e4mmitysalusta varmistaa vakaan ja l\u00e4mpim\u00e4n ymp\u00e4rist\u00f6n kaloillesi.<\/div>\n<\/li>\n<\/ul>\n<\/li>\n<li>\n<div class=\"paragraph\"><strong class=\"\">Piilopaikat\u00a0<\/strong><\/div>\n<ul>\n<li>\n<div class=\"paragraph translation-block\"><strong class=\"\">Turvalliset tilat<\/strong>: Suunniteltu piilopaikoilla luonnollisen ja stressitt\u00f6m\u00e4n ymp\u00e4rist\u00f6n luomiseksi kaloillesi.<\/div>\n<\/li>\n<\/ul>\n<\/li>\n<li>\n<div class=\"paragraph\"><strong>Ekosuodatus ja Suosuodatus\u00a0<\/strong><\/div>\n<ul>\n<li>\n<div class=\"paragraph translation-block\"><strong>Luonnollinen Vedenpuhdistus<\/strong>: sis\u00e4lt\u00e4\u00e4 ymp\u00e4rist\u00f6yst\u00e4v\u00e4lliset suodatusj\u00e4rjestelm\u00e4t, jotka j\u00e4ljittelev\u00e4t luonnon vedenpuhdistusprosesseja.<\/div>\n<\/li>\n<\/ul>\n<\/li>\n<li>\n<div class=\"paragraph\"><strong>Sis\u00e4\u00e4nrakennetut LED-valonauhat\u00a0<\/strong><\/div>\n<ul>\n<li>\n<div class=\"paragraph translation-block\"><strong>Mukautettava valaistus<\/strong>: Varustettu sis\u00e4\u00e4nrakennetuilla LED-valonauhoilla korostamaan akvaariosi ulkon\u00e4k\u00f6\u00e4.<\/div>\n<\/li>\n<\/ul>\n<\/li>\n<\/ol>\n<h4 class=\"\"><strong class=\"\">Tuotteen tekniset tiedot\u00a0<\/strong><\/h4>\n<ul>\n<li>\n<div class=\"paragraph\"><strong>Mitat<\/strong>: 37.8cm x 18.8cm x 14.3cm<\/div>\n<\/li>\n<li>\n<div class=\"paragraph translation-block\"><strong>Materiaali<\/strong>: Korkean resoluution akryyli<\/div>\n<\/li>\n<li>\n<div class=\"paragraph translation-block\"><strong>Suodatus<\/strong>: Kaksoissuodatusj\u00e4rjestelm\u00e4<\/div>\n<\/li>\n<li>\n<div class=\"paragraph translation-block\"><strong>Valaistus<\/strong>: Sis\u00e4\u00e4nrakennetut LED-valonauhat<\/div>\n<\/li>\n<li>\n<div class=\"paragraph translation-block\"><strong>L\u00e4mmitys<\/strong>: Sis\u00e4\u00e4nrakennettu l\u00e4mp\u00f6tyyny<\/div>\n<\/li>\n<li>\n<div class=\"paragraph translation-block\"><strong>Muotoilu<\/strong>: Neliosainen jako irrotettavilla v\u00e4liseinill\u00e4 ja itsen\u00e4isill\u00e4 ruokinta-aukoilla<\/div>\n<\/li>\n<\/ul>\n<hr \/>\n<h4 class=\"\"><strong class=\"\">Hy\u00f6dyt\u00a0<\/strong><\/h4>\n<ul>\n<li>\n<div class=\"paragraph translation-block\"><strong>Korkea kirkkaus ja kest\u00e4vyys<\/strong>: Korkean tarkkuuden akryylimateriaali takaa selke\u00e4n ja kest\u00e4v\u00e4n akvaarion.<\/div>\n<\/li>\n<li>\n<div class=\"paragraph translation-block\"><strong>Joustava rakenne<\/strong>: Neliosainen rakenne irrotettavilla v\u00e4liseinill\u00e4 mahdollistaa monipuoliset asumisvaihtoehdot.<\/div>\n<\/li>\n<li>\n<div class=\"paragraph translation-block\"><strong>Enhanced Water Quality<\/strong>: Dual filtration and eco-friendly filtration systems ensure a clean and healthy environment for your fish.<\/div>\n<\/li>\n<li>\n<div class=\"paragraph translation-block\"><strong>User-Friendly Design<\/strong>: Independent feeding ports and built-in LED lights make this aquarium easy to use and maintain.<\/div>\n<\/li>\n<li>\n<div class=\"paragraph translation-block\"><strong>Luonnollinen ymp\u00e4rist\u00f6<\/strong>: Piilopaikat ja luonnolliset suodatusj\u00e4rjestelm\u00e4t tarjoavat stressitt\u00f6m\u00e4n ymp\u00e4rist\u00f6n kaloillesi.<\/div>\n<\/li>\n<\/ul>","protected":false},"excerpt":{"rendered":"<p>Product Features\u00a0 High-Definition Acrylic Material\u00a0 Superior Clarity: Made from high-quality acrylic, providing exceptional transparency and durability. This ensures a clear and vibrant view of your fish. Dual Filtration System\u00a0 Enhanced Water Quality: Equipped with a dual filtration system to maintain optimal water quality and cleanliness. Four-Section Design\u00a0 Separate Compartments: The aquarium is divided into four&#8230;<\/p>","protected":false},"featured_media":233,"template":"","meta":{"_kad_post_transparent":"default","_kad_post_title":"","_kad_post_layout":"default","_kad_post_sidebar_id":"","_kad_post_content_style":"default","_kad_post_vertical_padding":"default","_kad_post_feature":"","_kad_post_feature_position":"","_kad_post_header":false,"_kad_post_footer":false},"product_brand":[],"product_cat":[15],"product_tag":[39],"class_list":{"0":"post-232","1":"product","2":"type-product","3":"status-publish","4":"has-post-thumbnail","6":"product_cat-betta-fish-tank","7":"product_tag-betta-fish-tank","9":"first","10":"instock","11":"shipping-taxable","12":"product-type-simple","13":"entry","14":"content-bg","15":"loop-entry"},"jetpack_sharing_enabled":true,"_links":{"self":[{"href":"https:\/\/bfefishtank.com\/fi\/wp-json\/wp\/v2\/product\/232","targetHints":{"allow":["GET"]}}],"collection":[{"href":"https:\/\/bfefishtank.com\/fi\/wp-json\/wp\/v2\/product"}],"about":[{"href":"https:\/\/bfefishtank.com\/fi\/wp-json\/wp\/v2\/types\/product"}],"wp:featuredmedia":[{"embeddable":true,"href":"https:\/\/bfefishtank.com\/fi\/wp-json\/wp\/v2\/media\/233"}],"wp:attachment":[{"href":"https:\/\/bfefishtank.com\/fi\/wp-json\/wp\/v2\/media?parent=232"}],"wp:term":[{"taxonomy":"product_brand","embeddable":true,"href":"https:\/\/bfefishtank.com\/fi\/wp-json\/wp\/v2\/product_brand?post=232"},{"taxonomy":"product_cat","embeddable":true,"href":"https:\/\/bfefishtank.com\/fi\/wp-json\/wp\/v2\/product_cat?post=232"},{"taxonomy":"product_tag","embeddable":true,"href":"https:\/\/bfefishtank.com\/fi\/wp-json\/wp\/v2\/product_tag?post=232"}],"curies":[{"name":"wp","href":"https:\/\/api.w.org\/{rel}","templated":true}]}}