{"id":433,"date":"2025-04-23T20:37:30","date_gmt":"2025-04-23T12:37:30","guid":{"rendered":"https:\/\/bfefishtank.com\/?post_type=product&#038;p=433"},"modified":"2025-04-23T20:37:31","modified_gmt":"2025-04-23T12:37:31","slug":"1-5-gallon-fish-tank","status":"publish","type":"product","link":"https:\/\/bfefishtank.com\/fi\/products\/betta-fish-tank\/1-5-gallon-fish-tank\/","title":{"rendered":"1,5 gallonan akvaario"},"content":{"rendered":"<p class=\"\" data-start=\"50\" data-end=\"338\">\u3010Tehokas Suodatusj\u00e4rjestelm\u00e4\u3011\nSuunniteltu leve\u00e4ll\u00e4 ja syv\u00e4ll\u00e4 suodatuskammiossa, johon mahtuu enemm\u00e4n suodatinmateriaalia, t\u00e4m\u00e4 akvaario parantaa suodatustehokkuutta ja veden kirkkautta. Ylimm\u00e4ss\u00e4 kerroksessa on irrotettava sieni, joka on helppo puhdistaa ja uudelleenk\u00e4ytett\u00e4v\u00e4 \u2014 pitk\u00e4aikaiseen k\u00e4ytt\u00f6\u00f6n.<\/p>\n<p class=\"\" data-start=\"340\" data-end=\"545\">\u3010Mukautettava LED-valaistus\u3011\nSis\u00e4lt\u00e4\u00e4 sis\u00e4\u00e4nrakennetun LED-valon, jossa on 7 kirkasta v\u00e4rivaihtoehtoa. Vaihda v\u00e4ri\u00e4 helposti py\u00f6riv\u00e4ll\u00e4 s\u00e4\u00e4timell\u00e4 \u2013 tunnelmaan tai tilaan sopivaksi.<\/p>\n<p class=\"\" data-start=\"547\" data-end=\"758\">\u3010Sis\u00e4\u00e4nrakennettu L\u00e4mp\u00f6tilan N\u00e4ytt\u00f6\u3011Valvo akvaarion olosuhteita selke\u00e4ll\u00e4, integroidulla l\u00e4mp\u00f6tilan\u00e4yt\u00f6ll\u00e4, joka sijaitsee s\u00e4ili\u00f6n yl\u00e4osassa. Tarkista olosuhteet yhdell\u00e4 vilkaisulla kalojen hyvinvoinnin takaamiseksi.<\/p>\n<p class=\"\" data-start=\"760\" data-end=\"1020\">\u3010\u00c4lykk\u00e4\u00e4t Suunnitteluyksityiskohdat\u3011Erityisesti suunniteltu vedenpoisto v\u00e4hent\u00e4\u00e4 virtaus\u00e4\u00e4nt\u00e4, ja l\u00e4mp\u00f6tila-anturi mittaa veden l\u00e4mp\u00f6tilan tarkasti. Energians\u00e4\u00e4st\u00f6inen uppopumppu toimii hiljaisesti tarjoten rauhallisen ymp\u00e4rist\u00f6n sinulle ja kaloillesi.<\/p>\n<p class=\"\" data-start=\"1022\" data-end=\"1244\">\u3010Kristallinkirkas N\u00e4k\u00f6el\u00e4mys\u3011T\u00e4m\u00e4 korkealaatuisesta kirkkaasta lasista valmistettu pieni akvaario tarjoaa erinomaisen valonl\u00e4p\u00e4isyn ja t\u00e4yden panoraaman\u00e4kym\u00e4n \u2013 upea katseenvangitsija kotiisi tai toimistoosi.<\/p>","protected":false},"excerpt":{"rendered":"<p>\u3010Powerful Filtration System\u3011Designed with a wide and deep filter chamber to hold more filter media, this aquarium enhances the filtration area for improved water clarity. The top layer features a removable sponge filter that\u2019s easy to clean and reusable, ensuring long-term performance. \ud83d\udc1f\u3010Customizable LED Lighting\u3011Includes built-in LED lighting with 7 vibrant color options. Easily switch&#8230;<\/p>","protected":false},"featured_media":434,"template":"","meta":{"_kad_post_transparent":"default","_kad_post_title":"","_kad_post_layout":"default","_kad_post_sidebar_id":"","_kad_post_content_style":"default","_kad_post_vertical_padding":"default","_kad_post_feature":"","_kad_post_feature_position":"","_kad_post_header":false,"_kad_post_footer":false},"product_brand":[],"product_cat":[15],"product_tag":[62],"class_list":{"0":"post-433","1":"product","2":"type-product","3":"status-publish","4":"has-post-thumbnail","6":"product_cat-betta-fish-tank","7":"product_tag-1-5-gallon-fish-tank","9":"first","10":"instock","11":"shipping-taxable","12":"product-type-simple","13":"entry","14":"content-bg","15":"loop-entry"},"jetpack_sharing_enabled":true,"_links":{"self":[{"href":"https:\/\/bfefishtank.com\/fi\/wp-json\/wp\/v2\/product\/433","targetHints":{"allow":["GET"]}}],"collection":[{"href":"https:\/\/bfefishtank.com\/fi\/wp-json\/wp\/v2\/product"}],"about":[{"href":"https:\/\/bfefishtank.com\/fi\/wp-json\/wp\/v2\/types\/product"}],"wp:featuredmedia":[{"embeddable":true,"href":"https:\/\/bfefishtank.com\/fi\/wp-json\/wp\/v2\/media\/434"}],"wp:attachment":[{"href":"https:\/\/bfefishtank.com\/fi\/wp-json\/wp\/v2\/media?parent=433"}],"wp:term":[{"taxonomy":"product_brand","embeddable":true,"href":"https:\/\/bfefishtank.com\/fi\/wp-json\/wp\/v2\/product_brand?post=433"},{"taxonomy":"product_cat","embeddable":true,"href":"https:\/\/bfefishtank.com\/fi\/wp-json\/wp\/v2\/product_cat?post=433"},{"taxonomy":"product_tag","embeddable":true,"href":"https:\/\/bfefishtank.com\/fi\/wp-json\/wp\/v2\/product_tag?post=433"}],"curies":[{"name":"wp","href":"https:\/\/api.w.org\/{rel}","templated":true}]}}