{"id":160,"date":"2025-03-02T18:00:53","date_gmt":"2025-03-02T10:00:53","guid":{"rendered":"https:\/\/bfefishtank.com\/?post_type=product&#038;p=160"},"modified":"2025-05-25T22:50:29","modified_gmt":"2025-05-25T14:50:29","slug":"humidifier-integrated-glass-fish-tank","status":"publish","type":"product","link":"https:\/\/bfefishtank.com\/fr\/products\/rectangular-aquarium-series\/humidifier-integrated-glass-fish-tank\/","title":{"rendered":"Aquarium en verre int\u00e9gr\u00e9 avec humidificateur"},"content":{"rendered":"<h3><\/h3>\n<table style=\"width: 100%; border-collapse: collapse;\">\n<thead>\n<tr>\n<th style=\"border: 1px solid #ddd; padding: 8px; background-color: #f2f2f2;\">Caract\u00e9ristique<\/th>\n<th style=\"border: 1px solid #ddd; padding: 8px; background-color: #f2f2f2;\">Description<\/th>\n<\/tr>\n<\/thead>\n<tbody>\n<tr>\n<td style=\"border: 1px solid #ddd; padding: 8px;\"><strong>Nom du produit<\/strong><\/td>\n<td style=\"border: 1px solid #ddd; padding: 8px;\">Aquarium en verre int\u00e9gr\u00e9 avec humidificateur<\/td>\n<\/tr>\n<tr>\n<td style=\"border: 1px solid #ddd; padding: 8px;\"><strong>Sc\u00e9nario d'utilisation<\/strong><\/td>\n<td style=\"border: 1px solid #ddd; padding: 8px;\">Utilisation sur bureau, \u00e0 domicile<\/td>\n<\/tr>\n<tr>\n<td style=\"border: 1px solid #ddd; padding: 8px;\"><strong>Mat\u00e9riau<\/strong><\/td>\n<td style=\"border: 1px solid #ddd; padding: 8px;\">Verre ultra-clair<\/td>\n<\/tr>\n<tr>\n<td style=\"border: 1px solid #ddd; padding: 8px;\"><strong>\u00c9paisseur du verre<\/strong><\/td>\n<td style=\"border: 1px solid #ddd; padding: 8px;\">4mm<\/td>\n<\/tr>\n<tr>\n<td style=\"border: 1px solid #ddd; padding: 8px;\"><strong>Capacit\u00e9<\/strong><\/td>\n<td style=\"border: 1px solid #ddd; padding: 8px;\">9L<\/td>\n<\/tr>\n<tr>\n<td style=\"border: 1px solid #ddd; padding: 8px;\"><strong>Fonctionnalit\u00e9s intelligentes<\/strong><\/td>\n<td style=\"border: 1px solid #ddd; padding: 8px;\">Contr\u00f4le tactile intelligent, Param\u00e8tres personnalisables, Contr\u00f4le de la lumi\u00e8re, R\u00e9glage de la brume, Affichage de la temp\u00e9rature de l\u2019eau<\/td>\n<\/tr>\n<tr>\n<td style=\"border: 1px solid #ddd; padding: 8px;\"><strong>Puissance lumineuse<\/strong><\/td>\n<td style=\"border: 1px solid #ddd; padding: 8px;\">1.5w<\/td>\n<\/tr>\n<tr>\n<td style=\"border: 1px solid #ddd; padding: 8px;\"><strong>Puissance de la pompe<\/strong><\/td>\n<td style=\"border: 1px solid #ddd; padding: 8px;\">5w<\/td>\n<\/tr>\n<tr>\n<td style=\"border: 1px solid #ddd; padding: 8px;\"><strong>Caract\u00e9ristiques de la pompe<\/strong><\/td>\n<td style=\"border: 1px solid #ddd; padding: 8px;\">Pompe silencieuse 3-en-1, fonctionnement calme et \u00e0 faible bruit<\/td>\n<\/tr>\n<tr>\n<td style=\"border: 1px solid #ddd; padding: 8px;\"><strong>Fonction d'oxyg\u00e9nation<\/strong><\/td>\n<td style=\"border: 1px solid #ddd; padding: 8px;\">Oxyg\u00e9nation int\u00e9gr\u00e9e<\/td>\n<\/tr>\n<tr>\n<td style=\"border: 1px solid #ddd; padding: 8px;\"><strong>Fonction d'aromath\u00e9rapie<\/strong><\/td>\n<td style=\"border: 1px solid #ddd; padding: 8px;\">Prend en charge l\u2019humidification par aromath\u00e9rapie<\/td>\n<\/tr>\n<tr>\n<td style=\"border: 1px solid #ddd; padding: 8px;\"><strong>Transmission de la lumi\u00e8re<\/strong><\/td>\n<td style=\"border: 1px solid #ddd; padding: 8px;\">Excellente transmission de la lumi\u00e8re<\/td>\n<\/tr>\n<tr>\n<td style=\"border: 1px solid #ddd; padding: 8px;\"><strong>Artisanat<\/strong><\/td>\n<td style=\"border: 1px solid #ddd; padding: 8px;\">Conception \u00e0 angle droit sur quatre c\u00f4t\u00e9s<\/td>\n<\/tr>\n<\/tbody>\n<\/table>\n<p>&nbsp;<\/p>\n<!--[if lt IE 9]><script>document.createElement('video');<\/script><![endif]-->\n\t<div class=\"wp-playlist wp-video-playlist wp-playlist-light\">\n\t\t<video controls=\"controls\" preload=\"none\" width=\"1268\"\n\t\t height=\"793\"\t><\/video>\n\t<div class=\"wp-playlist-next\"><\/div>\n\t<div class=\"wp-playlist-prev\"><\/div>\n\t<noscript>\n\t<ol>\n\t\t<li><a href='https:\/\/bfefishtank.com\/wp-content\/uploads\/2025\/03\/85a3a3849ebf276d3eaa9e805fa272b5.mp4'>Aquarium en verre int\u00e9gr\u00e9 avec humidificateur<\/a><\/li>\t<\/ol>\n\t<\/noscript>\n\t<script type=\"application\/json\" class=\"wp-playlist-script\">{\"type\":\"video\",\"tracklist\":true,\"tracknumbers\":true,\"images\":true,\"artists\":true,\"tracks\":[{\"src\":\"https:\\\/\\\/bfefishtank.com\\\/wp-content\\\/uploads\\\/2025\\\/03\\\/85a3a3849ebf276d3eaa9e805fa272b5.mp4\",\"type\":\"video\\\/mp4\",\"title\":\"Humidifier Integrated Glass Fish Tank\",\"caption\":\"\",\"description\":\"Humidifier Integrated Glass Fish Tank\",\"meta\":{\"length_formatted\":\"2:24\"},\"dimensions\":{\"original\":{\"width\":1152,\"height\":720},\"resized\":{\"width\":1268,\"height\":793}},\"image\":{\"src\":\"https:\\\/\\\/bfefishtank.com\\\/wp-includes\\\/images\\\/media\\\/video.svg\",\"width\":48,\"height\":64},\"thumb\":{\"src\":\"https:\\\/\\\/bfefishtank.com\\\/wp-includes\\\/images\\\/media\\\/video.svg\",\"width\":48,\"height\":64}}]}<\/script>\n<\/div>","protected":false},"excerpt":{"rendered":"<p>Feature Description Product Name New Humidifier Integrated Glass Fish Tank Usage Scenario Desktop, Home Use Material Ultra-Clear Glass Glass Thickness 4mm Capacity 9L Smart Features Smart Touch Control, Customizable Settings, Light Control, Mist Adjustment, Water Temperature Display Light Power 1.5w Pump Power 5w Pump Features 3-in-1 Silent Pump, Quiet and Low Noise Oxygenation Feature Built-in&#8230;<\/p>","protected":false},"featured_media":203,"template":"","meta":{"_kad_post_transparent":"default","_kad_post_title":"","_kad_post_layout":"default","_kad_post_sidebar_id":"","_kad_post_content_style":"default","_kad_post_vertical_padding":"default","_kad_post_feature":"","_kad_post_feature_position":"","_kad_post_header":false,"_kad_post_footer":false},"product_brand":[],"product_cat":[18],"product_tag":[19],"class_list":{"0":"post-160","1":"product","2":"type-product","3":"status-publish","4":"has-post-thumbnail","6":"product_cat-rectangular-aquarium-series","7":"product_tag-humidifier-integrated-glass-fish-tank","9":"first","10":"instock","11":"shipping-taxable","12":"product-type-simple","13":"entry","14":"content-bg","15":"loop-entry"},"jetpack_sharing_enabled":true,"_links":{"self":[{"href":"https:\/\/bfefishtank.com\/fr\/wp-json\/wp\/v2\/product\/160","targetHints":{"allow":["GET"]}}],"collection":[{"href":"https:\/\/bfefishtank.com\/fr\/wp-json\/wp\/v2\/product"}],"about":[{"href":"https:\/\/bfefishtank.com\/fr\/wp-json\/wp\/v2\/types\/product"}],"wp:featuredmedia":[{"embeddable":true,"href":"https:\/\/bfefishtank.com\/fr\/wp-json\/wp\/v2\/media\/203"}],"wp:attachment":[{"href":"https:\/\/bfefishtank.com\/fr\/wp-json\/wp\/v2\/media?parent=160"}],"wp:term":[{"taxonomy":"product_brand","embeddable":true,"href":"https:\/\/bfefishtank.com\/fr\/wp-json\/wp\/v2\/product_brand?post=160"},{"taxonomy":"product_cat","embeddable":true,"href":"https:\/\/bfefishtank.com\/fr\/wp-json\/wp\/v2\/product_cat?post=160"},{"taxonomy":"product_tag","embeddable":true,"href":"https:\/\/bfefishtank.com\/fr\/wp-json\/wp\/v2\/product_tag?post=160"}],"curies":[{"name":"wp","href":"https:\/\/api.w.org\/{rel}","templated":true}]}}