{"id":220,"date":"2025-03-09T11:30:30","date_gmt":"2025-03-09T03:30:30","guid":{"rendered":"https:\/\/bfefishtank.com\/?post_type=product&#038;p=220"},"modified":"2025-03-09T11:57:58","modified_gmt":"2025-03-09T03:57:58","slug":"glass-fish-tank-aquarium","status":"publish","type":"product","link":"https:\/\/bfefishtank.com\/fr\/products\/kf-rectangular-aquarium\/glass-fish-tank-aquarium\/","title":{"rendered":"Aquarium en verre"},"content":{"rendered":"<div class=\"chat-content-container\" data-v-8d365a2c=\"\">\n<div class=\"chat-content-list\" data-v-8d365a2c=\"\">\n<div class=\"chat-content-item\" data-v-8d365a2c=\"\">\n<div class=\"segment segment-assistant\" data-v-3a203885=\"\" data-v-8d365a2c=\"\">\n<div class=\"segment-container\" data-v-3a203885=\"\">\n<div class=\"segment-content\" data-v-c0e72f48=\"\">\n<div class=\"segment-content-box\" data-v-c0e72f48=\"\">\n<div class=\"markdown-container\" data-v-dbe669ce=\"\" data-v-c0e72f48=\"\">\n<div class=\"markdown\" data-v-53cd9be5=\"\" data-v-dbe669ce=\"\">\n<h4 class=\"\"><strong class=\"\">Caract\u00e9ristiques\u00a0<\/strong><\/h4>\n<ol start=\"1\">\n<li>\n<div class=\"paragraph\"><strong>Verre haute transparence\u00a0<\/strong><\/div>\n<ul>\n<li>\n<div class=\"paragraph translation-block\"><strong>Clart\u00e9 sup\u00e9rieure<\/strong> : Fabriqu\u00e9 en verre ultra-clair, offrant une transmission lumineuse exceptionnelle et une vision sans distorsion.<\/div>\n<\/li>\n<\/ul>\n<\/li>\n<li>\n<div class=\"paragraph\"><strong>Conception en verre \u00e0 angle droit\u00a0<\/strong><\/div>\n<ul>\n<li>\n<div class=\"paragraph translation-block\"><strong>Bords nets<\/strong> : Le verre taill\u00e9 avec pr\u00e9cision \u00e0 angle droit assure une apparence moderne et \u00e9l\u00e9gante, id\u00e9ale pour tout type d\u2019environnement.<\/div>\n<\/li>\n<\/ul>\n<\/li>\n<li>\n<div class=\"paragraph\"><strong class=\"\">Scell\u00e9 et \u00e9tanche\u00a0<\/strong><\/div>\n<ul>\n<li>\n<div class=\"paragraph translation-block\">\u00c9tanch\u00e9it\u00e9 sans fuite : Scell\u00e9 professionnellement avec du silicone de haute qualit\u00e9 pour assurer durabilit\u00e9 et imperm\u00e9abilit\u00e9.<\/div>\n<\/li>\n<\/ul>\n<\/li>\n<li>\n<div class=\"paragraph\"><strong>R\u00e9partition \u00e9quilibr\u00e9e du poids\u00a0<\/strong><\/div>\n<ul>\n<li>\n<div class=\"paragraph translation-block\"><strong>Structure stable<\/strong> : Con\u00e7ue avec une r\u00e9partition \u00e9quilibr\u00e9e du poids pour garantir la stabilit\u00e9, m\u00eame avec des d\u00e9corations lourdes ou de gros poissons.<\/div>\n<\/li>\n<\/ul>\n<\/li>\n<li>\n<div class=\"paragraph\"><strong>Finition de bords pr\u00e9cise\u00a0<\/strong><\/div>\n<ul>\n<li>\n<div class=\"paragraph translation-block\"><strong>Bords lisses<\/strong> : Bords meul\u00e9s avec pr\u00e9cision pour plus de s\u00e9curit\u00e9 et un aspect soign\u00e9, \u00e9vitant tout angle vif.<\/div>\n<\/li>\n<\/ul>\n<\/li>\n<li>\n<div class=\"paragraph\"><strong>Lumi\u00e8res LED \u00e9tanches \u00e0 haute luminosit\u00e9\u00a0<\/strong><\/div>\n<ul>\n<li>\n<div class=\"paragraph translation-block\"><strong>\u00c9clairage \u00e9co\u00e9nerg\u00e9tique<\/strong> : Lumi\u00e8res LED \u00e0 haute luminosit\u00e9 et \u00e9tanches, assurant des performances durables et une utilisation en toute s\u00e9curit\u00e9.<\/div>\n<\/li>\n<\/ul>\n<\/li>\n<li>\n<div class=\"paragraph\"><strong>Syst\u00e8me de filtration \u00e0 circulation autonome\u00a0<\/strong><\/div>\n<ul>\n<li>\n<div class=\"paragraph translation-block\"><strong class=\"\">Sans entretien<\/strong> : \u00c9quip\u00e9 d\u2019un syst\u00e8me de filtration \u00e0 circulation autonome qui maintient la qualit\u00e9 de l\u2019eau, r\u00e9duisant le besoin d\u2019entretien fr\u00e9quent.<\/div>\n<\/li>\n<\/ul>\n<\/li>\n<li>\n<div class=\"paragraph\"><strong>Pas de changement d\u2019eau toute l\u2019ann\u00e9e\u00a0<\/strong><\/div>\n<ul>\n<li>\n<div class=\"paragraph translation-block\"><strong>Entretien pratique<\/strong> : Con\u00e7u pour maintenir la qualit\u00e9 de l\u2019eau pendant toute une ann\u00e9e, id\u00e9al pour les modes de vie occup\u00e9s et pour une exp\u00e9rience aquatique sans tracas.<\/div>\n<\/li>\n<\/ul>\n<\/li>\n<\/ol>\n<h4 class=\"\"><strong>Avantages\u00a0<\/strong><\/h4>\n<ul>\n<li>\n<div class=\"paragraph translation-block\"><strong class=\"\">Clart\u00e9 sup\u00e9rieure<\/strong> : Le verre haute transparence offre une vue claire et \u00e9clatante de vos animaux aquatiques.<\/div>\n<\/li>\n<li>\n<div class=\"paragraph translation-block\"><strong>Design moderne<\/strong> : Le design en verre \u00e0 angle droit apporte une touche contemporaine \u00e0 n\u2019importe quelle pi\u00e8ce<\/div>\n<\/li>\n<li>\n<div class=\"paragraph translation-block\"><strong>Durabilit\u00e9<\/strong> : Une \u00e9tanch\u00e9it\u00e9 professionnelle et une r\u00e9partition \u00e9quilibr\u00e9e du poids garantissent une utilisation durable et une excellente stabilit\u00e9.<\/div>\n<\/li>\n<li>\n<div class=\"paragraph translation-block\"><strong>S\u00e9curit\u00e9<\/strong> : Les bords polis avec pr\u00e9cision et les lumi\u00e8res LED \u00e9tanches rendent cet aquarium s\u00fbr pour les animaux et les utilisateurs.<\/div>\n<\/li>\n<li>\n<div class=\"paragraph translation-block\"><strong>Entretien minimal<\/strong> : Le syst\u00e8me de filtration en auto-circulation et la fonction sans changement d\u2019eau toute l\u2019ann\u00e9e rendent l\u2019entretien facile, m\u00eame pour les d\u00e9butants.<\/div>\n<\/li>\n<li>\n<div class=\"paragraph translation-block\"><strong class=\"\">Efficacit\u00e9 \u00e9nerg\u00e9tique<\/strong> : Les lumi\u00e8res LED \u00e0 haute luminosit\u00e9 offrent un \u00e9clairage puissant tout en \u00e9conomisant de l\u2019\u00e9nergie.<\/div>\n<\/li>\n<\/ul>\n<\/div>\n<\/div>\n<\/div>\n<div class=\"segment-assistant-actions\" data-v-4292d3a2=\"\">\n<div class=\"segment-assistant-actions-content\" data-v-4292d3a2=\"\">\n<div class=\"segment-actions-content-btn\" data-v-a65fb058=\"\" data-v-4292d3a2=\"\"><\/div>\n<\/div>\n<div class=\"segment-assistant-actions-content\" data-v-4292d3a2=\"\">\n<div class=\"segment-actions-content-btn\" data-v-fb002fe5=\"\"><\/div>\n<\/div>\n<\/div>\n<\/div>\n<\/div>\n<\/div>\n<\/div>\n<\/div>\n<\/div>","protected":false},"excerpt":{"rendered":"<p>Features\u00a0 High-Transparency Glass\u00a0 Superior Clarity: Made from ultra-clear glass, providing exceptional light transmittance and a distortion-free viewing experience. Right-Angle Glass Design\u00a0 Sharp Edges: Precision-cut right-angle glass ensures a modern and sleek appearance, perfect for any setting. Sealed and Waterproof\u00a0 Professional Sealing: Professionally sealed with high-quality silicone to ensure complete waterproofing and durability. Balanced Weight Distribution\u00a0&#8230;<\/p>","protected":false},"featured_media":221,"template":"","meta":{"_kad_post_transparent":"default","_kad_post_title":"","_kad_post_layout":"default","_kad_post_sidebar_id":"","_kad_post_content_style":"default","_kad_post_vertical_padding":"default","_kad_post_feature":"","_kad_post_feature_position":"","_kad_post_header":false,"_kad_post_footer":false},"product_brand":[],"product_cat":[26],"product_tag":[36],"class_list":{"0":"post-220","1":"product","2":"type-product","3":"status-publish","4":"has-post-thumbnail","6":"product_cat-kf-rectangular-aquarium","7":"product_tag-glass-fish-tank-aquarium","9":"first","10":"instock","11":"shipping-taxable","12":"product-type-simple","13":"entry","14":"content-bg","15":"loop-entry"},"jetpack_sharing_enabled":true,"_links":{"self":[{"href":"https:\/\/bfefishtank.com\/fr\/wp-json\/wp\/v2\/product\/220","targetHints":{"allow":["GET"]}}],"collection":[{"href":"https:\/\/bfefishtank.com\/fr\/wp-json\/wp\/v2\/product"}],"about":[{"href":"https:\/\/bfefishtank.com\/fr\/wp-json\/wp\/v2\/types\/product"}],"wp:featuredmedia":[{"embeddable":true,"href":"https:\/\/bfefishtank.com\/fr\/wp-json\/wp\/v2\/media\/221"}],"wp:attachment":[{"href":"https:\/\/bfefishtank.com\/fr\/wp-json\/wp\/v2\/media?parent=220"}],"wp:term":[{"taxonomy":"product_brand","embeddable":true,"href":"https:\/\/bfefishtank.com\/fr\/wp-json\/wp\/v2\/product_brand?post=220"},{"taxonomy":"product_cat","embeddable":true,"href":"https:\/\/bfefishtank.com\/fr\/wp-json\/wp\/v2\/product_cat?post=220"},{"taxonomy":"product_tag","embeddable":true,"href":"https:\/\/bfefishtank.com\/fr\/wp-json\/wp\/v2\/product_tag?post=220"}],"curies":[{"name":"wp","href":"https:\/\/api.w.org\/{rel}","templated":true}]}}