{"id":232,"date":"2025-03-09T17:05:27","date_gmt":"2025-03-09T09:05:27","guid":{"rendered":"https:\/\/bfefishtank.com\/?post_type=product&#038;p=232"},"modified":"2025-03-09T17:05:27","modified_gmt":"2025-03-09T09:05:27","slug":"betta-fish-tank","status":"publish","type":"product","link":"https:\/\/bfefishtank.com\/fr\/products\/betta-fish-tank\/betta-fish-tank\/","title":{"rendered":"Aquarium pour poisson Betta"},"content":{"rendered":"<h4 class=\"\"><strong class=\"\">Caract\u00e9ristiques du produit\u00a0<\/strong><\/h4>\n<ol start=\"1\">\n<li>\n<div class=\"paragraph\"><strong>Mat\u00e9riau acrylique haute d\u00e9finition\u00a0<\/strong><\/div>\n<ul>\n<li>\n<div class=\"paragraph translation-block\"><strong>Clart\u00e9 sup\u00e9rieure<\/strong> : Fabriqu\u00e9 en acrylique de haute qualit\u00e9, offrant une transparence et une durabilit\u00e9 exceptionnelles. Cela garantit une vue claire et \u00e9clatante de vos poissons.<\/div>\n<\/li>\n<\/ul>\n<\/li>\n<li>\n<div class=\"paragraph\"><strong>Syst\u00e8me de filtration double\u00a0<\/strong><\/div>\n<ul>\n<li>\n<div class=\"paragraph translation-block\"><strong>Qualit\u00e9 de l'eau am\u00e9lior\u00e9e<\/strong> : \u00c9quip\u00e9 d'un syst\u00e8me de filtration double pour maintenir une qualit\u00e9 d'eau optimale et une propret\u00e9 constante.<\/div>\n<\/li>\n<\/ul>\n<\/li>\n<li>\n<div class=\"paragraph\"><strong>Conception \u00e0 quatre sections\u00a0<\/strong><\/div>\n<ul>\n<li>\n<div class=\"paragraph translation-block\"><strong>Compartiments s\u00e9par\u00e9s<\/strong> : L\u2019aquarium est divis\u00e9 en quatre sections, ce qui vous permet d\u2019h\u00e9berger plusieurs poissons ou diff\u00e9rentes esp\u00e8ces en toute s\u00e9curit\u00e9.<\/div>\n<\/li>\n<\/ul>\n<\/li>\n<li>\n<div class=\"paragraph\"><strong class=\"\">Orifices d\u2019alimentation ind\u00e9pendants\u00a0<\/strong><\/div>\n<ul>\n<li>\n<div class=\"paragraph translation-block\"><strong>Alimentation pratique<\/strong>\u00a0: Chaque section dispose de sa propre ouverture de nourrissage pour un nourrissage facile et pr\u00e9cis de vos poissons.<\/div>\n<\/li>\n<\/ul>\n<\/li>\n<li>\n<div class=\"paragraph\"><strong>S\u00e9parateurs amovibles\u00a0<\/strong><\/div>\n<ul>\n<li>\n<div class=\"paragraph translation-block\">Configuration flexible<\/strong> : Les s\u00e9parateurs peuvent \u00eatre facilement retir\u00e9s ou repositionn\u00e9s selon vos besoins.<\/div>\n<\/li>\n<\/ul>\n<\/li>\n<li>\n<div class=\"paragraph\"><strong>Conception de coussin chauffant\u00a0<\/strong><\/div>\n<ul>\n<li>\n<div class=\"paragraph translation-block\"><strong>Contr\u00f4le de la temp\u00e9rature<\/strong> : Le coussin chauffant int\u00e9gr\u00e9 garantit un environnement stable et chaud pour vos poissons.<\/div>\n<\/li>\n<\/ul>\n<\/li>\n<li>\n<div class=\"paragraph\"><strong class=\"\">Zones de cachette\u00a0<\/strong><\/div>\n<ul>\n<li>\n<div class=\"paragraph translation-block\"><strong class=\"\">Espaces s\u00fbrs<\/strong> : Con\u00e7us avec des zones de cachette pour offrir un environnement naturel et sans stress \u00e0 vos poissons.<\/div>\n<\/li>\n<\/ul>\n<\/li>\n<li>\n<div class=\"paragraph\"><strong>Filtration \u00c9cologique et Filtration Mar\u00e9cageuse\u00a0<\/strong><\/div>\n<ul>\n<li>\n<div class=\"paragraph translation-block\"><strong>Purification Naturelle de l\u2019Eau<\/strong>\u00a0: comprend des syst\u00e8mes de filtration \u00e9cologiques qui imitent les processus naturels de purification de l\u2019eau.<\/div>\n<\/li>\n<\/ul>\n<\/li>\n<li>\n<div class=\"paragraph\"><strong>Bandes lumineuses LED int\u00e9gr\u00e9es\u00a0<\/strong><\/div>\n<ul>\n<li>\n<div class=\"paragraph translation-block\"><strong>\u00c9clairage personnalisable<\/strong> : \u00c9quip\u00e9 de bandes LED int\u00e9gr\u00e9es pour am\u00e9liorer l'esth\u00e9tique de votre aquarium.<\/div>\n<\/li>\n<\/ul>\n<\/li>\n<\/ol>\n<h4 class=\"\"><strong class=\"\">Sp\u00e9cifications du produit\u00a0<\/strong><\/h4>\n<ul>\n<li>\n<div class=\"paragraph\"><strong>Dimensions<\/strong>: 37.8cm x 18.8cm x 14.3cm<\/div>\n<\/li>\n<li>\n<div class=\"paragraph translation-block\"><strong>Mat\u00e9riau<\/strong> : Acrylique haute d\u00e9finition<\/div>\n<\/li>\n<li>\n<div class=\"paragraph translation-block\"><strong>Filtration<\/strong> : Syst\u00e8me de filtration double<\/div>\n<\/li>\n<li>\n<div class=\"paragraph translation-block\"><strong>\u00c9clairage<\/strong> : Bandes lumineuses LED int\u00e9gr\u00e9es<\/div>\n<\/li>\n<li>\n<div class=\"paragraph translation-block\"><strong>Chauffage<\/strong> : Coussin chauffant int\u00e9gr\u00e9<\/div>\n<\/li>\n<li>\n<div class=\"paragraph translation-block\"><strong>Conception<\/strong> : Cloison \u00e0 quatre sections avec s\u00e9parateurs amovibles et orifices d\u2019alimentation ind\u00e9pendants<\/div>\n<\/li>\n<\/ul>\n<hr \/>\n<h4 class=\"\"><strong class=\"\">Avantages\u00a0<\/strong><\/h4>\n<ul>\n<li>\n<div class=\"paragraph translation-block\"><strong>Haute clart\u00e9 et durabilit\u00e9<\/strong> : Le mat\u00e9riau acrylique haute d\u00e9finition garantit un aquarium clair et durable.<\/div>\n<\/li>\n<li>\n<div class=\"paragraph translation-block\"><strong>Configuration flexible<\/strong> : Le design \u00e0 quatre sections avec s\u00e9parateurs amovibles permet une vari\u00e9t\u00e9 d\u2019options d\u2019h\u00e9bergement.<\/div>\n<\/li>\n<li>\n<div class=\"paragraph translation-block\"><strong>Enhanced Water Quality<\/strong>: Dual filtration and eco-friendly filtration systems ensure a clean and healthy environment for your fish.<\/div>\n<\/li>\n<li>\n<div class=\"paragraph translation-block\"><strong>Conception conviviale<\/strong> : Les ports d'alimentation ind\u00e9pendants et les lumi\u00e8res LED int\u00e9gr\u00e9es rendent cet aquarium facile \u00e0 utiliser et \u00e0 entretenir.<\/div>\n<\/li>\n<li>\n<div class=\"paragraph translation-block\"><strong>Environnement naturel<\/strong> : Les zones de cachette et les syst\u00e8mes de filtration naturels offrent un environnement sans stress pour vos poissons.<\/div>\n<\/li>\n<\/ul>","protected":false},"excerpt":{"rendered":"<p>Product Features\u00a0 High-Definition Acrylic Material\u00a0 Superior Clarity: Made from high-quality acrylic, providing exceptional transparency and durability. This ensures a clear and vibrant view of your fish. Dual Filtration System\u00a0 Enhanced Water Quality: Equipped with a dual filtration system to maintain optimal water quality and cleanliness. Four-Section Design\u00a0 Separate Compartments: The aquarium is divided into four&#8230;<\/p>","protected":false},"featured_media":233,"template":"","meta":{"_kad_post_transparent":"default","_kad_post_title":"","_kad_post_layout":"default","_kad_post_sidebar_id":"","_kad_post_content_style":"default","_kad_post_vertical_padding":"default","_kad_post_feature":"","_kad_post_feature_position":"","_kad_post_header":false,"_kad_post_footer":false},"product_brand":[],"product_cat":[15],"product_tag":[39],"class_list":{"0":"post-232","1":"product","2":"type-product","3":"status-publish","4":"has-post-thumbnail","6":"product_cat-betta-fish-tank","7":"product_tag-betta-fish-tank","9":"first","10":"instock","11":"shipping-taxable","12":"product-type-simple","13":"entry","14":"content-bg","15":"loop-entry"},"jetpack_sharing_enabled":true,"_links":{"self":[{"href":"https:\/\/bfefishtank.com\/fr\/wp-json\/wp\/v2\/product\/232","targetHints":{"allow":["GET"]}}],"collection":[{"href":"https:\/\/bfefishtank.com\/fr\/wp-json\/wp\/v2\/product"}],"about":[{"href":"https:\/\/bfefishtank.com\/fr\/wp-json\/wp\/v2\/types\/product"}],"wp:featuredmedia":[{"embeddable":true,"href":"https:\/\/bfefishtank.com\/fr\/wp-json\/wp\/v2\/media\/233"}],"wp:attachment":[{"href":"https:\/\/bfefishtank.com\/fr\/wp-json\/wp\/v2\/media?parent=232"}],"wp:term":[{"taxonomy":"product_brand","embeddable":true,"href":"https:\/\/bfefishtank.com\/fr\/wp-json\/wp\/v2\/product_brand?post=232"},{"taxonomy":"product_cat","embeddable":true,"href":"https:\/\/bfefishtank.com\/fr\/wp-json\/wp\/v2\/product_cat?post=232"},{"taxonomy":"product_tag","embeddable":true,"href":"https:\/\/bfefishtank.com\/fr\/wp-json\/wp\/v2\/product_tag?post=232"}],"curies":[{"name":"wp","href":"https:\/\/api.w.org\/{rel}","templated":true}]}}