{"id":433,"date":"2025-04-23T20:37:30","date_gmt":"2025-04-23T12:37:30","guid":{"rendered":"https:\/\/bfefishtank.com\/?post_type=product&#038;p=433"},"modified":"2025-04-23T20:37:31","modified_gmt":"2025-04-23T12:37:31","slug":"1-5-gallon-fish-tank","status":"publish","type":"product","link":"https:\/\/bfefishtank.com\/fr\/products\/betta-fish-tank\/1-5-gallon-fish-tank\/","title":{"rendered":"Aquarium de 1,5 gallon"},"content":{"rendered":"<p class=\"\" data-start=\"50\" data-end=\"338\">\u3010Syst\u00e8me de Filtration Puissant\u3011\nCon\u00e7u avec une chambre de filtration large et profonde pour accueillir plus de mat\u00e9riaux filtrants, cet aquarium am\u00e9liore la surface de filtration et la clart\u00e9 de l\u2019eau. La couche sup\u00e9rieure comporte un filtre \u00e9ponge amovible, facile \u00e0 nettoyer et r\u00e9utilisable, garantissant des performances durables.<\/p>\n<p class=\"\" data-start=\"340\" data-end=\"545\">\u3010\u00c9clairage LED Personnalisable\u3011\nComprend un \u00e9clairage LED int\u00e9gr\u00e9 avec 7 couleurs \u00e9clatantes. Changez facilement de couleur \u00e0 l\u2019aide du cadran rotatif pour s\u2019adapter \u00e0 votre humeur ou \u00e0 l\u2019ambiance de la pi\u00e8ce.<\/p>\n<p class=\"\" data-start=\"547\" data-end=\"758\">\u3010Affichage de Temp\u00e9rature Int\u00e9gr\u00e9\u3011\nSurveillez facilement l\u2019environnement de votre aquarium gr\u00e2ce \u00e0 un affichage clair de la temp\u00e9rature de l\u2019eau situ\u00e9 en haut du r\u00e9servoir.<\/p>\n<p class=\"\" data-start=\"760\" data-end=\"1020\">\u3010D\u00e9tails de Conception Intelligente\u3011Une sortie d'eau sp\u00e9cialement con\u00e7ue r\u00e9duit le bruit de l'\u00e9coulement, tandis que la sonde de temp\u00e9rature d\u00e9tecte pr\u00e9cis\u00e9ment la temp\u00e9rature de l'eau. La pompe submersible \u00e9co\u00e9nerg\u00e9tique fonctionne silencieusement, cr\u00e9ant un environnement paisible pour vous et vos poissons.<\/p>\n<p class=\"\" data-start=\"1022\" data-end=\"1244\">\u3010Exp\u00e9rience Visuelle Cristalline\u3011Fabriqu\u00e9 en verre transparent de haute qualit\u00e9, ce petit aquarium offre une excellente transmission de la lumi\u00e8re et une vue panoramique compl\u00e8te, en faisant une pi\u00e8ce ma\u00eetresse spectaculaire pour votre maison ou bureau.<\/p>","protected":false},"excerpt":{"rendered":"<p>\u3010Powerful Filtration System\u3011Designed with a wide and deep filter chamber to hold more filter media, this aquarium enhances the filtration area for improved water clarity. The top layer features a removable sponge filter that\u2019s easy to clean and reusable, ensuring long-term performance. \ud83d\udc1f\u3010Customizable LED Lighting\u3011Includes built-in LED lighting with 7 vibrant color options. Easily switch&#8230;<\/p>","protected":false},"featured_media":434,"template":"","meta":{"_kad_post_transparent":"default","_kad_post_title":"","_kad_post_layout":"default","_kad_post_sidebar_id":"","_kad_post_content_style":"default","_kad_post_vertical_padding":"default","_kad_post_feature":"","_kad_post_feature_position":"","_kad_post_header":false,"_kad_post_footer":false},"product_brand":[],"product_cat":[15],"product_tag":[62],"class_list":{"0":"post-433","1":"product","2":"type-product","3":"status-publish","4":"has-post-thumbnail","6":"product_cat-betta-fish-tank","7":"product_tag-1-5-gallon-fish-tank","9":"first","10":"instock","11":"shipping-taxable","12":"product-type-simple","13":"entry","14":"content-bg","15":"loop-entry"},"jetpack_sharing_enabled":true,"_links":{"self":[{"href":"https:\/\/bfefishtank.com\/fr\/wp-json\/wp\/v2\/product\/433","targetHints":{"allow":["GET"]}}],"collection":[{"href":"https:\/\/bfefishtank.com\/fr\/wp-json\/wp\/v2\/product"}],"about":[{"href":"https:\/\/bfefishtank.com\/fr\/wp-json\/wp\/v2\/types\/product"}],"wp:featuredmedia":[{"embeddable":true,"href":"https:\/\/bfefishtank.com\/fr\/wp-json\/wp\/v2\/media\/434"}],"wp:attachment":[{"href":"https:\/\/bfefishtank.com\/fr\/wp-json\/wp\/v2\/media?parent=433"}],"wp:term":[{"taxonomy":"product_brand","embeddable":true,"href":"https:\/\/bfefishtank.com\/fr\/wp-json\/wp\/v2\/product_brand?post=433"},{"taxonomy":"product_cat","embeddable":true,"href":"https:\/\/bfefishtank.com\/fr\/wp-json\/wp\/v2\/product_cat?post=433"},{"taxonomy":"product_tag","embeddable":true,"href":"https:\/\/bfefishtank.com\/fr\/wp-json\/wp\/v2\/product_tag?post=433"}],"curies":[{"name":"wp","href":"https:\/\/api.w.org\/{rel}","templated":true}]}}