{"id":220,"date":"2025-03-09T11:30:30","date_gmt":"2025-03-09T03:30:30","guid":{"rendered":"https:\/\/bfefishtank.com\/?post_type=product&#038;p=220"},"modified":"2025-03-09T11:57:58","modified_gmt":"2025-03-09T03:57:58","slug":"glass-fish-tank-aquarium","status":"publish","type":"product","link":"https:\/\/bfefishtank.com\/hr\/products\/kf-rectangular-aquarium\/glass-fish-tank-aquarium\/","title":{"rendered":"Stakleni akvarij"},"content":{"rendered":"<div class=\"chat-content-container\" data-v-8d365a2c=\"\">\n<div class=\"chat-content-list\" data-v-8d365a2c=\"\">\n<div class=\"chat-content-item\" data-v-8d365a2c=\"\">\n<div class=\"segment segment-assistant\" data-v-3a203885=\"\" data-v-8d365a2c=\"\">\n<div class=\"segment-container\" data-v-3a203885=\"\">\n<div class=\"segment-content\" data-v-c0e72f48=\"\">\n<div class=\"segment-content-box\" data-v-c0e72f48=\"\">\n<div class=\"markdown-container\" data-v-dbe669ce=\"\" data-v-c0e72f48=\"\">\n<div class=\"markdown\" data-v-53cd9be5=\"\" data-v-dbe669ce=\"\">\n<h4 class=\"\"><strong class=\"\">Zna\u010dajke\u00a0<\/strong><\/h4>\n<ol start=\"1\">\n<li>\n<div class=\"paragraph\"><strong>Staklo visoke prozirnosti\u00a0<\/strong><\/div>\n<ul>\n<li>\n<div class=\"paragraph translation-block\"><strong>Vrhunska jasno\u0107a<\/strong>: Izra\u0111en od ultra prozirnog stakla, omogu\u0107uje izniman prijenos svjetla i gledanje bez izobli\u010denja.<\/div>\n<\/li>\n<\/ul>\n<\/li>\n<li>\n<div class=\"paragraph\"><strong>Dizajn stakla pod pravim kutom\u00a0<\/strong><\/div>\n<ul>\n<li>\n<div class=\"paragraph translation-block\"><strong>O\u0161tri rubovi<\/strong>: Precizno rezano staklo pod pravim kutom osigurava moderan i elegantan izgled, savr\u0161en za svaki prostor.<\/div>\n<\/li>\n<\/ul>\n<\/li>\n<li>\n<div class=\"paragraph\"><strong class=\"\">Zatvoreno i vodootporno\u00a0<\/strong><\/div>\n<ul>\n<li>\n<div class=\"paragraph translation-block\">Zaptivanje bez curenja: Profesionalno zape\u010da\u0107eno visokokvalitetnim silikonom za trajnost i vodootpornost.<\/div>\n<\/li>\n<\/ul>\n<\/li>\n<li>\n<div class=\"paragraph\"><strong>Uravnote\u017eena raspodjela te\u017eine\u00a0<\/strong><\/div>\n<ul>\n<li>\n<div class=\"paragraph translation-block\"><strong>Stabilna struktura<\/strong>: Dizajnirana s uravnote\u017eenom raspodjelom te\u017eine za stabilnost, \u010dak i s te\u0161kim ukrasima ili velikim ribama.<\/div>\n<\/li>\n<\/ul>\n<\/li>\n<li>\n<div class=\"paragraph\"><strong>Precizno obra\u0111eni rubovi\u00a0<\/strong><\/div>\n<ul>\n<li>\n<div class=\"paragraph translation-block\"><strong>Glatki rubovi<\/strong>: Precizno bru\u0161eni rubovi za sigurnost i elegantan izgled, bez o\u0161trih kutova.<\/div>\n<\/li>\n<\/ul>\n<\/li>\n<li>\n<div class=\"paragraph\"><strong>Vodootporna LED rasvjeta visoke svjetline\u00a0<\/strong><\/div>\n<ul>\n<li>\n<div class=\"paragraph translation-block\"><strong>Energetski u\u010dinkovita rasvjeta<\/strong>: Vodootporna LED rasvjeta visoke svjetline koja osigurava dugotrajan rad i sigurnu upotrebu.<\/div>\n<\/li>\n<\/ul>\n<\/li>\n<li>\n<div class=\"paragraph\"><strong>Sustav filtracije s vlastitom cirkulacijom\u00a0<\/strong><\/div>\n<ul>\n<li>\n<div class=\"paragraph translation-block\"><strong class=\"\">Bez odr\u017eavanja<\/strong>: Opremljen sustavom filtracije s vlastitom cirkulacijom koji odr\u017eava kvalitetu vode i smanjuje potrebu za \u010destim odr\u017eavanjem.<\/div>\n<\/li>\n<\/ul>\n<\/li>\n<li>\n<div class=\"paragraph\"><strong>Bez promjene vode tijekom cijele godine\u00a0<\/strong><\/div>\n<ul>\n<li>\n<div class=\"paragraph translation-block\"><strong>Prakti\u010dno odr\u017eavanje<\/strong>: Dizajniran za odr\u017eavanje kvalitete vode tijekom cijele godine \u2013 savr\u0161eno za u\u017eurban stil \u017eivota i bezbri\u017eno iskustvo s akvarijem.<\/div>\n<\/li>\n<\/ul>\n<\/li>\n<\/ol>\n<h4 class=\"\"><strong>Prednosti\u00a0<\/strong><\/h4>\n<ul>\n<li>\n<div class=\"paragraph translation-block\"><strong class=\"\">Vrhunska jasno\u0107a<\/strong>: Staklo visoke prozirnosti osigurava jasan i \u017eivopisan pogled na va\u0161e vodene ljubimce.<\/div>\n<\/li>\n<li>\n<div class=\"paragraph translation-block\"><strong>Moderan dizajn<\/strong>: Dizajn stakla s pravim kutom daje suvremen izgled svakom prostoru.<\/div>\n<\/li>\n<li>\n<div class=\"paragraph translation-block\"><strong>Izdr\u017eljivost<\/strong>: Profesionalno brtvljenje i uravnote\u017eena raspodjela te\u017eine osiguravaju dugotrajnu uporabu i stabilnost.<\/div>\n<\/li>\n<li>\n<div class=\"paragraph translation-block\"><strong>Sigurnost<\/strong>: Precizno bru\u0161eni rubovi i vodootporna LED rasvjeta \u010dine ovaj akvarij sigurnim za ku\u0107ne ljubimce i korisnike.<\/div>\n<\/li>\n<li>\n<div class=\"paragraph translation-block\"><strong>Niska potreba za odr\u017eavanjem<\/strong>: Sustav samocirkuliraju\u0107e filtracije i mogu\u0107nost kori\u0161tenja bez izmjene vode tijekom cijele godine olak\u0161avaju odr\u017eavanje, \u010dak i po\u010detnicima.<\/div>\n<\/li>\n<li>\n<div class=\"paragraph translation-block\"><strong class=\"\">Energetska u\u010dinkovitost<\/strong>: LED svjetla visoke svjetline pru\u017eaju jako osvjetljenje i \u0161tede energiju.<\/div>\n<\/li>\n<\/ul>\n<\/div>\n<\/div>\n<\/div>\n<div class=\"segment-assistant-actions\" data-v-4292d3a2=\"\">\n<div class=\"segment-assistant-actions-content\" data-v-4292d3a2=\"\">\n<div class=\"segment-actions-content-btn\" data-v-a65fb058=\"\" data-v-4292d3a2=\"\"><\/div>\n<\/div>\n<div class=\"segment-assistant-actions-content\" data-v-4292d3a2=\"\">\n<div class=\"segment-actions-content-btn\" data-v-fb002fe5=\"\"><\/div>\n<\/div>\n<\/div>\n<\/div>\n<\/div>\n<\/div>\n<\/div>\n<\/div>\n<\/div>","protected":false},"excerpt":{"rendered":"<p>Features\u00a0 High-Transparency Glass\u00a0 Superior Clarity: Made from ultra-clear glass, providing exceptional light transmittance and a distortion-free viewing experience. Right-Angle Glass Design\u00a0 Sharp Edges: Precision-cut right-angle glass ensures a modern and sleek appearance, perfect for any setting. Sealed and Waterproof\u00a0 Professional Sealing: Professionally sealed with high-quality silicone to ensure complete waterproofing and durability. Balanced Weight Distribution\u00a0&#8230;<\/p>","protected":false},"featured_media":221,"template":"","meta":{"_kad_post_transparent":"default","_kad_post_title":"","_kad_post_layout":"default","_kad_post_sidebar_id":"","_kad_post_content_style":"default","_kad_post_vertical_padding":"default","_kad_post_feature":"","_kad_post_feature_position":"","_kad_post_header":false,"_kad_post_footer":false},"product_brand":[],"product_cat":[26],"product_tag":[36],"class_list":{"0":"post-220","1":"product","2":"type-product","3":"status-publish","4":"has-post-thumbnail","6":"product_cat-kf-rectangular-aquarium","7":"product_tag-glass-fish-tank-aquarium","9":"first","10":"instock","11":"shipping-taxable","12":"product-type-simple","13":"entry","14":"content-bg","15":"loop-entry"},"jetpack_sharing_enabled":true,"_links":{"self":[{"href":"https:\/\/bfefishtank.com\/hr\/wp-json\/wp\/v2\/product\/220","targetHints":{"allow":["GET"]}}],"collection":[{"href":"https:\/\/bfefishtank.com\/hr\/wp-json\/wp\/v2\/product"}],"about":[{"href":"https:\/\/bfefishtank.com\/hr\/wp-json\/wp\/v2\/types\/product"}],"wp:featuredmedia":[{"embeddable":true,"href":"https:\/\/bfefishtank.com\/hr\/wp-json\/wp\/v2\/media\/221"}],"wp:attachment":[{"href":"https:\/\/bfefishtank.com\/hr\/wp-json\/wp\/v2\/media?parent=220"}],"wp:term":[{"taxonomy":"product_brand","embeddable":true,"href":"https:\/\/bfefishtank.com\/hr\/wp-json\/wp\/v2\/product_brand?post=220"},{"taxonomy":"product_cat","embeddable":true,"href":"https:\/\/bfefishtank.com\/hr\/wp-json\/wp\/v2\/product_cat?post=220"},{"taxonomy":"product_tag","embeddable":true,"href":"https:\/\/bfefishtank.com\/hr\/wp-json\/wp\/v2\/product_tag?post=220"}],"curies":[{"name":"wp","href":"https:\/\/api.w.org\/{rel}","templated":true}]}}