{"id":232,"date":"2025-03-09T17:05:27","date_gmt":"2025-03-09T09:05:27","guid":{"rendered":"https:\/\/bfefishtank.com\/?post_type=product&#038;p=232"},"modified":"2025-03-09T17:05:27","modified_gmt":"2025-03-09T09:05:27","slug":"betta-fish-tank","status":"publish","type":"product","link":"https:\/\/bfefishtank.com\/hr\/products\/betta-fish-tank\/betta-fish-tank\/","title":{"rendered":"Akvarij za betta ribicu"},"content":{"rendered":"<h4 class=\"\"><strong class=\"\">Zna\u010dajke proizvoda\u00a0<\/strong><\/h4>\n<ol start=\"1\">\n<li>\n<div class=\"paragraph\"><strong>Akrilni materijal visoke rezolucije\u00a0<\/strong><\/div>\n<ul>\n<li>\n<div class=\"paragraph translation-block\"><strong>Izvrsna jasno\u0107a<\/strong>: Izra\u0111eno od visokokvalitetnog akrila, pru\u017ea iznimnu prozirnost i izdr\u017eljivost. Omogu\u0107uje jasan i \u017eivopisan pogled na va\u0161e ribe.<\/div>\n<\/li>\n<\/ul>\n<\/li>\n<li>\n<div class=\"paragraph\"><strong>Dvostruki sustav filtracije\u00a0<\/strong><\/div>\n<ul>\n<li>\n<div class=\"paragraph translation-block\"><strong>Pobolj\u0161ana kvaliteta vode<\/strong>: Opremljen dvostrukim sustavom filtracije za odr\u017eavanje optimalne kvalitete vode i \u010disto\u0107e.<\/div>\n<\/li>\n<\/ul>\n<\/li>\n<li>\n<div class=\"paragraph\"><strong>Dizajn s \u010detiri odjeljka\u00a0<\/strong><\/div>\n<ul>\n<li>\n<div class=\"paragraph translation-block\"><strong>Odvojeni pretinci<\/strong>: Akvarij je podijeljen u \u010detiri dijela, omogu\u0107uju\u0107i siguran smje\u0161taj vi\u0161e riba ili razli\u010ditih vrsta.<\/div>\n<\/li>\n<\/ul>\n<\/li>\n<li>\n<div class=\"paragraph\"><strong class=\"\">Nezavisni otvori za hranjenje\u00a0<\/strong><\/div>\n<ul>\n<li>\n<div class=\"paragraph translation-block\"><strong>Prakti\u010dno hranjenje<\/strong>: Svaki odjeljak ima vlastiti otvor za hranjenje za jednostavno i precizno hranjenje riba.<\/div>\n<\/li>\n<\/ul>\n<\/li>\n<li>\n<div class=\"paragraph\"><strong>Uklonjive pregrade\u00a0<\/strong><\/div>\n<ul>\n<li>\n<div class=\"paragraph translation-block\"><strong>Fleksibilna konfiguracija<\/strong>: Pregrade se mogu lako ukloniti ili premjestiti prema va\u0161im potrebama.<\/div>\n<\/li>\n<\/ul>\n<\/li>\n<li>\n<div class=\"paragraph\"><strong>Dizajn grija\u0107e podloge\u00a0<\/strong><\/div>\n<ul>\n<li>\n<div class=\"paragraph translation-block\"><strong>Kontrola temperature<\/strong>: Ugra\u0111ena grija\u0107a podloga osigurava stabilno i toplo okru\u017eenje za va\u0161e ribe.<\/div>\n<\/li>\n<\/ul>\n<\/li>\n<li>\n<div class=\"paragraph\"><strong class=\"\">Podru\u010dja za skrivanje\u00a0<\/strong><\/div>\n<ul>\n<li>\n<div class=\"paragraph translation-block\"><strong class=\"\">Sigurna mjesta<\/strong>: Dizajnirana sa zonama za skrivanje kako bi se pru\u017eilo prirodno i bezstresno okru\u017eenje za va\u0161e ribe.<\/div>\n<\/li>\n<\/ul>\n<\/li>\n<li>\n<div class=\"paragraph\"><strong>Ekolo\u0161ka filtracija i mo\u010dvarna filtracija\u00a0<\/strong><\/div>\n<ul>\n<li>\n<div class=\"paragraph translation-block\"><strong>Prirodno Pro\u010di\u0161\u0107avanje Vode<\/strong>: sadr\u017ei ekolo\u0161ke sustave filtracije koji opona\u0161aju prirodne procese pro\u010di\u0161\u0107avanja vode.<\/div>\n<\/li>\n<\/ul>\n<\/li>\n<li>\n<div class=\"paragraph\"><strong>Ugra\u0111ene LED svjetlosne trake\u00a0<\/strong><\/div>\n<ul>\n<li>\n<div class=\"paragraph translation-block\"><strong>Prilagodljivo osvjetljenje<\/strong>: Opremljen ugra\u0111enim LED svjetlosnim trakama za pobolj\u0161anje vizualnog izgleda va\u0161eg akvarija.<\/div>\n<\/li>\n<\/ul>\n<\/li>\n<\/ol>\n<h4 class=\"\"><strong class=\"\">Specifikacije proizvoda\u00a0<\/strong><\/h4>\n<ul>\n<li>\n<div class=\"paragraph\"><strong>Dimenzije<\/strong>: 37.8cm x 18.8cm x 14.3cm<\/div>\n<\/li>\n<li>\n<div class=\"paragraph translation-block\"><strong>Materijal<\/strong>: Akril visoke rezolucije<\/div>\n<\/li>\n<li>\n<div class=\"paragraph translation-block\"><strong>Filtracija<\/strong>: Dvostruki sustav filtracije<\/div>\n<\/li>\n<li>\n<div class=\"paragraph translation-block\"><strong>Rasvjeta<\/strong>: Ugra\u0111ene LED svjetlosne trake<\/div>\n<\/li>\n<li>\n<div class=\"paragraph translation-block\"><strong>Grijanje<\/strong>: Ugra\u0111eni grija\u0107i jastu\u010di\u0107<\/div>\n<\/li>\n<li>\n<div class=\"paragraph translation-block\"><strong>Dizajn<\/strong>: Pregrada s \u010detiri odjeljka s uklonjivim pregradama i neovisnim otvorima za hranjenje<\/div>\n<\/li>\n<\/ul>\n<hr \/>\n<h4 class=\"\"><strong class=\"\">Prednosti\u00a0<\/strong><\/h4>\n<ul>\n<li>\n<div class=\"paragraph translation-block\"><strong>Visoka prozirnost i izdr\u017eljivost<\/strong>: Akril visoke rezolucije osigurava jasan i izdr\u017eljiv akvarij.<\/div>\n<\/li>\n<li>\n<div class=\"paragraph translation-block\"><strong>Fleksibilna konfiguracija<\/strong>: Dizajn s \u010detiri odjeljka i uklonjivim pregradama omogu\u0107uje raznovrsne opcije smje\u0161taja.<\/div>\n<\/li>\n<li>\n<div class=\"paragraph translation-block\"><strong>Enhanced Water Quality<\/strong>: Dual filtration and eco-friendly filtration systems ensure a clean and healthy environment for your fish.<\/div>\n<\/li>\n<li>\n<div class=\"paragraph translation-block\"><strong>User-Friendly Design<\/strong>: Independent feeding ports and built-in LED lights make this aquarium easy to use and maintain.<\/div>\n<\/li>\n<li>\n<div class=\"paragraph translation-block\"><strong>Prirodno okru\u017eenje<\/strong>: Zone za skrivanje i prirodni sustavi filtracije pru\u017eaju okru\u017eenje bez stresa za va\u0161e ribe.<\/div>\n<\/li>\n<\/ul>","protected":false},"excerpt":{"rendered":"<p>Product Features\u00a0 High-Definition Acrylic Material\u00a0 Superior Clarity: Made from high-quality acrylic, providing exceptional transparency and durability. This ensures a clear and vibrant view of your fish. Dual Filtration System\u00a0 Enhanced Water Quality: Equipped with a dual filtration system to maintain optimal water quality and cleanliness. Four-Section Design\u00a0 Separate Compartments: The aquarium is divided into four&#8230;<\/p>","protected":false},"featured_media":233,"template":"","meta":{"_kad_post_transparent":"default","_kad_post_title":"","_kad_post_layout":"default","_kad_post_sidebar_id":"","_kad_post_content_style":"default","_kad_post_vertical_padding":"default","_kad_post_feature":"","_kad_post_feature_position":"","_kad_post_header":false,"_kad_post_footer":false},"product_brand":[],"product_cat":[15],"product_tag":[39],"class_list":{"0":"post-232","1":"product","2":"type-product","3":"status-publish","4":"has-post-thumbnail","6":"product_cat-betta-fish-tank","7":"product_tag-betta-fish-tank","9":"first","10":"instock","11":"shipping-taxable","12":"product-type-simple","13":"entry","14":"content-bg","15":"loop-entry"},"jetpack_sharing_enabled":true,"_links":{"self":[{"href":"https:\/\/bfefishtank.com\/hr\/wp-json\/wp\/v2\/product\/232","targetHints":{"allow":["GET"]}}],"collection":[{"href":"https:\/\/bfefishtank.com\/hr\/wp-json\/wp\/v2\/product"}],"about":[{"href":"https:\/\/bfefishtank.com\/hr\/wp-json\/wp\/v2\/types\/product"}],"wp:featuredmedia":[{"embeddable":true,"href":"https:\/\/bfefishtank.com\/hr\/wp-json\/wp\/v2\/media\/233"}],"wp:attachment":[{"href":"https:\/\/bfefishtank.com\/hr\/wp-json\/wp\/v2\/media?parent=232"}],"wp:term":[{"taxonomy":"product_brand","embeddable":true,"href":"https:\/\/bfefishtank.com\/hr\/wp-json\/wp\/v2\/product_brand?post=232"},{"taxonomy":"product_cat","embeddable":true,"href":"https:\/\/bfefishtank.com\/hr\/wp-json\/wp\/v2\/product_cat?post=232"},{"taxonomy":"product_tag","embeddable":true,"href":"https:\/\/bfefishtank.com\/hr\/wp-json\/wp\/v2\/product_tag?post=232"}],"curies":[{"name":"wp","href":"https:\/\/api.w.org\/{rel}","templated":true}]}}