{"id":402,"date":"2025-04-01T21:19:10","date_gmt":"2025-04-01T13:19:10","guid":{"rendered":"https:\/\/bfefishtank.com\/?post_type=product&#038;p=402"},"modified":"2025-06-07T21:26:25","modified_gmt":"2025-06-07T13:26:25","slug":"fish-tank-aquarium-decorations","status":"publish","type":"product","link":"https:\/\/bfefishtank.com\/hr\/products\/fish-tank-aquarium-accessories\/fish-tank-aquarium-decorations\/","title":{"rendered":"Groot ukrasi za akvarij za ribnjake"},"content":{"rendered":"<div class=\"product-description\" style=\"border: 1px solid #ddd; padding: 20px; background: #f9f9f9; font-family: Arial, sans-serif;\">\n<h2 class=\"translation-block\">Groot ukras za akvarij \u2013 Funkcionalni i \u0161armantni ukras za va\u0161 rezervoar<\/h2>\n<p class=\"translation-block\">Dodajte jedinstveni dodir svom akvariju s na\u0161om Groot akvarij dekoracijom. Izra\u0111ena s realisti\u010dnim detaljima rezbarenja i ru\u010dno oslikanim umjetni\u010dkim djelima, ovaj \u0161armantni ukras ne samo da pobolj\u0161ava estetiku va\u0161eg akvarija, ve\u0107 tako\u0111er promi\u010de zdravlje va\u0161eg vodenog okru\u017eenja pove\u0107anjem razine kisika.<\/p>\n<h3>Klju\u010dne zna\u010dajke<\/h3>\n<ul>\n<li class=\"translation-block\">Realisti\u010dki dizajn \u2013 Detaljna rezbarenja i ru\u010dno oslikane umjetni\u010dke slike stvaraju izvanredan sredi\u0161nji element u va\u0161em akvariju.<\/li>\n<li class=\"translation-block\">Pove\u0107anje kisika \u2013 Ugra\u0111eni zra\u010dni kamen stvara mjehuri\u0107e, pove\u0107avaju\u0107i razinu kisika i smanjuju\u0107i sadr\u017eaj uglji\u010dnog dioksida, promi\u010du\u0107i zdravije okru\u017eenje za va\u0161e ribe.<\/li>\n<li class=\"translation-block\">Sigurno i izdr\u017eljivo \u2013 Izra\u0111eno od netoksi\u010dne smole, sigurno za ribe i dizajnirano da traje bez izblijedjivanja ili otpadanja.<\/li>\n<li class=\"translation-block\">Vi\u0161enamjenska upotreba \u2013 Pogodno za slatkovodna i slana akvarija, savr\u0161eno za razna vodena okru\u017eenja.<\/li>\n<li class=\"translation-block\">Idealna veli\u010dina \u2013 2,6 * 2,36 * 4,33 in\u010da, te\u017eina 7 unci, idealno za male i srednje akvarije bez prekomjernog zauzimanja prostora.<\/li>\n<\/ul>\n<h6>Idealno za veleprodajne i prilago\u0111ene narud\u017ebe<\/h6>\n<p>Kao OEM dobavlja\u010d i proizvo\u0111a\u010d na veliko, nudimo prilagodljive Groot dekoracije prema va\u0161im potrebama. Bilo da ste maloprodajni trgovac, veletrgovac ili dobavlja\u010d akvarija, nudimo opcije narud\u017ebi na veliko kako bismo zadovoljili potrebe va\u0161eg poslovanja.<\/p>\n<p>Groot ukras za akvarij, ukras s mjehuri\u0107ima za akvarij, ukras od smole za akvarij, ukras za akvarij koji pove\u0107ava kisik, ukras za mali akvarij, dobavlja\u010d akvarija, veleprodajni ukras za akvarij<\/p>\n<p>&nbsp;<\/p>\n<\/div>","protected":false},"excerpt":{"rendered":"<p>Groot Aquarium Decoration \u2013 Functional &amp; Charming Ornament for Your Tank Add a unique touch to your fish tank with our Groot\u00a0Aquarium Decoration. Crafted with realistic carving details and hand-painted artwork, this charming ornament not only enhances your aquarium&#8217;s aesthetic but also promotes the health of your aquatic environment by boosting oxygen levels. Key Features:&#8230;<\/p>","protected":false},"featured_media":403,"template":"","meta":{"_kad_post_transparent":"default","_kad_post_title":"","_kad_post_layout":"default","_kad_post_sidebar_id":"","_kad_post_content_style":"default","_kad_post_vertical_padding":"default","_kad_post_feature":"","_kad_post_feature_position":"","_kad_post_header":false,"_kad_post_footer":false},"product_brand":[],"product_cat":[41],"product_tag":[],"class_list":{"0":"post-402","1":"product","2":"type-product","3":"status-publish","4":"has-post-thumbnail","6":"product_cat-fish-tank-aquarium-accessories","8":"first","9":"instock","10":"shipping-taxable","11":"product-type-simple","12":"entry","13":"content-bg","14":"loop-entry"},"jetpack_sharing_enabled":true,"_links":{"self":[{"href":"https:\/\/bfefishtank.com\/hr\/wp-json\/wp\/v2\/product\/402","targetHints":{"allow":["GET"]}}],"collection":[{"href":"https:\/\/bfefishtank.com\/hr\/wp-json\/wp\/v2\/product"}],"about":[{"href":"https:\/\/bfefishtank.com\/hr\/wp-json\/wp\/v2\/types\/product"}],"wp:featuredmedia":[{"embeddable":true,"href":"https:\/\/bfefishtank.com\/hr\/wp-json\/wp\/v2\/media\/403"}],"wp:attachment":[{"href":"https:\/\/bfefishtank.com\/hr\/wp-json\/wp\/v2\/media?parent=402"}],"wp:term":[{"taxonomy":"product_brand","embeddable":true,"href":"https:\/\/bfefishtank.com\/hr\/wp-json\/wp\/v2\/product_brand?post=402"},{"taxonomy":"product_cat","embeddable":true,"href":"https:\/\/bfefishtank.com\/hr\/wp-json\/wp\/v2\/product_cat?post=402"},{"taxonomy":"product_tag","embeddable":true,"href":"https:\/\/bfefishtank.com\/hr\/wp-json\/wp\/v2\/product_tag?post=402"}],"curies":[{"name":"wp","href":"https:\/\/api.w.org\/{rel}","templated":true}]}}