{"id":433,"date":"2025-04-23T20:37:30","date_gmt":"2025-04-23T12:37:30","guid":{"rendered":"https:\/\/bfefishtank.com\/?post_type=product&#038;p=433"},"modified":"2025-04-23T20:37:31","modified_gmt":"2025-04-23T12:37:31","slug":"1-5-gallon-fish-tank","status":"publish","type":"product","link":"https:\/\/bfefishtank.com\/hr\/products\/betta-fish-tank\/1-5-gallon-fish-tank\/","title":{"rendered":"Akvarij od 1,5 galona"},"content":{"rendered":"<p class=\"\" data-start=\"50\" data-end=\"338\">\u3010Sna\u017ean Sustav Filtracije\u3011\nDizajniran s \u0161irokom i dubokom komorom filtra koja dr\u017ei vi\u0161e filtriraju\u0107eg materijala, ovaj akvarij pove\u0107ava podru\u010dje filtracije i pobolj\u0161ava jasno\u0107u vode. Gornji sloj sadr\u017ei uklonjivi spu\u017evasti filter koji je jednostavan za \u010di\u0161\u0107enje i vi\u0161ekratnu upotrebu, osiguravaju\u0107i dugotrajne performanse.<\/p>\n<p class=\"\" data-start=\"340\" data-end=\"545\">\u3010Prilagodljivo LED Osvjetljenje\u3011\nUklju\u010duje ugra\u0111eno LED osvjetljenje sa 7 \u017eivih boja. Lako promijenite boju pomo\u0107u rotacijskog gumba \u2013 prema raspolo\u017eenju ili ambijentu.<\/p>\n<p class=\"\" data-start=\"547\" data-end=\"758\">\u3010Be\u00e9p\u00edtett H\u0151m\u00e9rs\u00e9klet Kijelz\u0151\u3011Tartsd szemmel az akv\u00e1rium k\u00f6rnyezet\u00e9t a tart\u00e1ly tetej\u00e9n elhelyezett, j\u00f3l l\u00e1that\u00f3, be\u00e9p\u00edtett v\u00edzh\u0151m\u00e9rs\u00e9klet-kijelz\u0151 seg\u00edts\u00e9g\u00e9vel. Gyors ellen\u0151rz\u00e9s az eg\u00e9szs\u00e9ges halak\u00e9rt.<\/p>\n<p class=\"\" data-start=\"760\" data-end=\"1020\">\u3010Pametni Detalji Dizajna\u3011Posebno dizajnirani izlaz vode smanjuje buku protoka, dok sonda za temperaturu precizno detektira temperaturu vode. U\u0161teda energije i tihi rad uronjene pumpe osigurava mirno okru\u017eenje za vas i va\u0161e ribe.<\/p>\n<p class=\"\" data-start=\"1022\" data-end=\"1244\">\u3010Kristalno \u010cisto Vizualno Iskustvo\u3011Ovaj mali akvarij izra\u0111en je od visokokvalitetnog prozirnog stakla, nudi izvrsnu propusnost svjetla i puni panoramski pogled, \u0161to ga \u010dini zadivljuju\u0107im sredi\u0161njim ukrasom za va\u0161 dom ili ured.<\/p>","protected":false},"excerpt":{"rendered":"<p>\u3010Powerful Filtration System\u3011Designed with a wide and deep filter chamber to hold more filter media, this aquarium enhances the filtration area for improved water clarity. The top layer features a removable sponge filter that\u2019s easy to clean and reusable, ensuring long-term performance. \ud83d\udc1f\u3010Customizable LED Lighting\u3011Includes built-in LED lighting with 7 vibrant color options. Easily switch&#8230;<\/p>","protected":false},"featured_media":434,"template":"","meta":{"_kad_post_transparent":"default","_kad_post_title":"","_kad_post_layout":"default","_kad_post_sidebar_id":"","_kad_post_content_style":"default","_kad_post_vertical_padding":"default","_kad_post_feature":"","_kad_post_feature_position":"","_kad_post_header":false,"_kad_post_footer":false},"product_brand":[],"product_cat":[15],"product_tag":[62],"class_list":{"0":"post-433","1":"product","2":"type-product","3":"status-publish","4":"has-post-thumbnail","6":"product_cat-betta-fish-tank","7":"product_tag-1-5-gallon-fish-tank","9":"first","10":"instock","11":"shipping-taxable","12":"product-type-simple","13":"entry","14":"content-bg","15":"loop-entry"},"jetpack_sharing_enabled":true,"_links":{"self":[{"href":"https:\/\/bfefishtank.com\/hr\/wp-json\/wp\/v2\/product\/433","targetHints":{"allow":["GET"]}}],"collection":[{"href":"https:\/\/bfefishtank.com\/hr\/wp-json\/wp\/v2\/product"}],"about":[{"href":"https:\/\/bfefishtank.com\/hr\/wp-json\/wp\/v2\/types\/product"}],"wp:featuredmedia":[{"embeddable":true,"href":"https:\/\/bfefishtank.com\/hr\/wp-json\/wp\/v2\/media\/434"}],"wp:attachment":[{"href":"https:\/\/bfefishtank.com\/hr\/wp-json\/wp\/v2\/media?parent=433"}],"wp:term":[{"taxonomy":"product_brand","embeddable":true,"href":"https:\/\/bfefishtank.com\/hr\/wp-json\/wp\/v2\/product_brand?post=433"},{"taxonomy":"product_cat","embeddable":true,"href":"https:\/\/bfefishtank.com\/hr\/wp-json\/wp\/v2\/product_cat?post=433"},{"taxonomy":"product_tag","embeddable":true,"href":"https:\/\/bfefishtank.com\/hr\/wp-json\/wp\/v2\/product_tag?post=433"}],"curies":[{"name":"wp","href":"https:\/\/api.w.org\/{rel}","templated":true}]}}