{"id":160,"date":"2025-03-02T18:00:53","date_gmt":"2025-03-02T10:00:53","guid":{"rendered":"https:\/\/bfefishtank.com\/?post_type=product&#038;p=160"},"modified":"2025-05-25T22:50:29","modified_gmt":"2025-05-25T14:50:29","slug":"humidifier-integrated-glass-fish-tank","status":"publish","type":"product","link":"https:\/\/bfefishtank.com\/hu\/products\/rectangular-aquarium-series\/humidifier-integrated-glass-fish-tank\/","title":{"rendered":"P\u00e1r\u00e1s\u00edt\u00f3val integr\u00e1lt \u00fcveg akv\u00e1rium"},"content":{"rendered":"<h3><\/h3>\n<table style=\"width: 100%; border-collapse: collapse;\">\n<thead>\n<tr>\n<th style=\"border: 1px solid #ddd; padding: 8px; background-color: #f2f2f2;\">Jellemz\u0151<\/th>\n<th style=\"border: 1px solid #ddd; padding: 8px; background-color: #f2f2f2;\">Le\u00edr\u00e1s<\/th>\n<\/tr>\n<\/thead>\n<tbody>\n<tr>\n<td style=\"border: 1px solid #ddd; padding: 8px;\"><strong>Term\u00e9kn\u00e9v<\/strong><\/td>\n<td style=\"border: 1px solid #ddd; padding: 8px;\">P\u00e1r\u00e1s\u00edt\u00f3val integr\u00e1lt \u00fcveg akv\u00e1rium<\/td>\n<\/tr>\n<tr>\n<td style=\"border: 1px solid #ddd; padding: 8px;\"><strong>Haszn\u00e1lati forgat\u00f3k\u00f6nyv<\/strong><\/td>\n<td style=\"border: 1px solid #ddd; padding: 8px;\">Asztali \u00e9s otthoni haszn\u00e1latra<\/td>\n<\/tr>\n<tr>\n<td style=\"border: 1px solid #ddd; padding: 8px;\"><strong>Anyag<\/strong><\/td>\n<td style=\"border: 1px solid #ddd; padding: 8px;\">Ultratiszta \u00fcveg<\/td>\n<\/tr>\n<tr>\n<td style=\"border: 1px solid #ddd; padding: 8px;\"><strong>\u00dcveg vastags\u00e1g<\/strong><\/td>\n<td style=\"border: 1px solid #ddd; padding: 8px;\">4mm<\/td>\n<\/tr>\n<tr>\n<td style=\"border: 1px solid #ddd; padding: 8px;\"><strong>Kapacit\u00e1s<\/strong><\/td>\n<td style=\"border: 1px solid #ddd; padding: 8px;\">9L<\/td>\n<\/tr>\n<tr>\n<td style=\"border: 1px solid #ddd; padding: 8px;\"><strong>Intelligens funkci\u00f3k<\/strong><\/td>\n<td style=\"border: 1px solid #ddd; padding: 8px;\">Intelligens \u00e9rint\u00e9svez\u00e9rl\u00e9s, Testreszabhat\u00f3 be\u00e1ll\u00edt\u00e1sok, F\u00e9nyvez\u00e9rl\u00e9s, P\u00e1ra\u00e1ll\u00edt\u00e1s, V\u00edz h\u0151m\u00e9rs\u00e9klet kijelz\u0151<\/td>\n<\/tr>\n<tr>\n<td style=\"border: 1px solid #ddd; padding: 8px;\"><strong>F\u00e9nyteljes\u00edtm\u00e9ny<\/strong><\/td>\n<td style=\"border: 1px solid #ddd; padding: 8px;\">1.5w<\/td>\n<\/tr>\n<tr>\n<td style=\"border: 1px solid #ddd; padding: 8px;\"><strong>Szivatty\u00fa teljes\u00edtm\u00e9ny<\/strong><\/td>\n<td style=\"border: 1px solid #ddd; padding: 8px;\">5w<\/td>\n<\/tr>\n<tr>\n<td style=\"border: 1px solid #ddd; padding: 8px;\"><strong>Szivatty\u00fa jellemz\u0151i<\/strong><\/td>\n<td style=\"border: 1px solid #ddd; padding: 8px;\">3 az 1-ben csendes szivatty\u00fa, halk \u00e9s alacsony zajszint\u0171<\/td>\n<\/tr>\n<tr>\n<td style=\"border: 1px solid #ddd; padding: 8px;\"><strong>Oxig\u00e9nell\u00e1t\u00f3 funkci\u00f3<\/strong><\/td>\n<td style=\"border: 1px solid #ddd; padding: 8px;\">Be\u00e9p\u00edtett oxig\u00e9nell\u00e1t\u00e1s<\/td>\n<\/tr>\n<tr>\n<td style=\"border: 1px solid #ddd; padding: 8px;\"><strong>Aromater\u00e1pi\u00e1s funkci\u00f3<\/strong><\/td>\n<td style=\"border: 1px solid #ddd; padding: 8px;\">T\u00e1mogatja az aromater\u00e1pi\u00e1s p\u00e1r\u00e1s\u00edt\u00e1st<\/td>\n<\/tr>\n<tr>\n<td style=\"border: 1px solid #ddd; padding: 8px;\"><strong>F\u00e9ny\u00e1tereszt\u00e9s<\/strong><\/td>\n<td style=\"border: 1px solid #ddd; padding: 8px;\">Kiv\u00e1l\u00f3 f\u00e9ny\u00e1tereszt\u00e9s<\/td>\n<\/tr>\n<tr>\n<td style=\"border: 1px solid #ddd; padding: 8px;\"><strong>K\u00e9zm\u0171vess\u00e9g<\/strong><\/td>\n<td style=\"border: 1px solid #ddd; padding: 8px;\">N\u00e9gyoldal\u00fa der\u00e9ksz\u00f6g\u0171 kialak\u00edt\u00e1s<\/td>\n<\/tr>\n<\/tbody>\n<\/table>\n<p>&nbsp;<\/p>\n<!--[if lt IE 9]><script>document.createElement('video');<\/script><![endif]-->\n\t<div class=\"wp-playlist wp-video-playlist wp-playlist-light\">\n\t\t<video controls=\"controls\" preload=\"none\" width=\"1268\"\n\t\t height=\"793\"\t><\/video>\n\t<div class=\"wp-playlist-next\"><\/div>\n\t<div class=\"wp-playlist-prev\"><\/div>\n\t<noscript>\n\t<ol>\n\t\t<li><a href='https:\/\/bfefishtank.com\/wp-content\/uploads\/2025\/03\/85a3a3849ebf276d3eaa9e805fa272b5.mp4'>P\u00e1r\u00e1s\u00edt\u00f3val integr\u00e1lt \u00fcveg akv\u00e1rium<\/a><\/li>\t<\/ol>\n\t<\/noscript>\n\t<script type=\"application\/json\" class=\"wp-playlist-script\">{\"type\":\"video\",\"tracklist\":true,\"tracknumbers\":true,\"images\":true,\"artists\":true,\"tracks\":[{\"src\":\"https:\\\/\\\/bfefishtank.com\\\/wp-content\\\/uploads\\\/2025\\\/03\\\/85a3a3849ebf276d3eaa9e805fa272b5.mp4\",\"type\":\"video\\\/mp4\",\"title\":\"Humidifier Integrated Glass Fish Tank\",\"caption\":\"\",\"description\":\"Humidifier Integrated Glass Fish Tank\",\"meta\":{\"length_formatted\":\"2:24\"},\"dimensions\":{\"original\":{\"width\":1152,\"height\":720},\"resized\":{\"width\":1268,\"height\":793}},\"image\":{\"src\":\"https:\\\/\\\/bfefishtank.com\\\/wp-includes\\\/images\\\/media\\\/video.svg\",\"width\":48,\"height\":64},\"thumb\":{\"src\":\"https:\\\/\\\/bfefishtank.com\\\/wp-includes\\\/images\\\/media\\\/video.svg\",\"width\":48,\"height\":64}}]}<\/script>\n<\/div>","protected":false},"excerpt":{"rendered":"<p>Feature Description Product Name New Humidifier Integrated Glass Fish Tank Usage Scenario Desktop, Home Use Material Ultra-Clear Glass Glass Thickness 4mm Capacity 9L Smart Features Smart Touch Control, Customizable Settings, Light Control, Mist Adjustment, Water Temperature Display Light Power 1.5w Pump Power 5w Pump Features 3-in-1 Silent Pump, Quiet and Low Noise Oxygenation Feature Built-in&#8230;<\/p>","protected":false},"featured_media":203,"template":"","meta":{"_kad_post_transparent":"default","_kad_post_title":"","_kad_post_layout":"default","_kad_post_sidebar_id":"","_kad_post_content_style":"default","_kad_post_vertical_padding":"default","_kad_post_feature":"","_kad_post_feature_position":"","_kad_post_header":false,"_kad_post_footer":false},"product_brand":[],"product_cat":[18],"product_tag":[19],"class_list":{"0":"post-160","1":"product","2":"type-product","3":"status-publish","4":"has-post-thumbnail","6":"product_cat-rectangular-aquarium-series","7":"product_tag-humidifier-integrated-glass-fish-tank","9":"first","10":"instock","11":"shipping-taxable","12":"product-type-simple","13":"entry","14":"content-bg","15":"loop-entry"},"jetpack_sharing_enabled":true,"_links":{"self":[{"href":"https:\/\/bfefishtank.com\/hu\/wp-json\/wp\/v2\/product\/160","targetHints":{"allow":["GET"]}}],"collection":[{"href":"https:\/\/bfefishtank.com\/hu\/wp-json\/wp\/v2\/product"}],"about":[{"href":"https:\/\/bfefishtank.com\/hu\/wp-json\/wp\/v2\/types\/product"}],"wp:featuredmedia":[{"embeddable":true,"href":"https:\/\/bfefishtank.com\/hu\/wp-json\/wp\/v2\/media\/203"}],"wp:attachment":[{"href":"https:\/\/bfefishtank.com\/hu\/wp-json\/wp\/v2\/media?parent=160"}],"wp:term":[{"taxonomy":"product_brand","embeddable":true,"href":"https:\/\/bfefishtank.com\/hu\/wp-json\/wp\/v2\/product_brand?post=160"},{"taxonomy":"product_cat","embeddable":true,"href":"https:\/\/bfefishtank.com\/hu\/wp-json\/wp\/v2\/product_cat?post=160"},{"taxonomy":"product_tag","embeddable":true,"href":"https:\/\/bfefishtank.com\/hu\/wp-json\/wp\/v2\/product_tag?post=160"}],"curies":[{"name":"wp","href":"https:\/\/api.w.org\/{rel}","templated":true}]}}