{"id":220,"date":"2025-03-09T11:30:30","date_gmt":"2025-03-09T03:30:30","guid":{"rendered":"https:\/\/bfefishtank.com\/?post_type=product&#038;p=220"},"modified":"2025-03-09T11:57:58","modified_gmt":"2025-03-09T03:57:58","slug":"glass-fish-tank-aquarium","status":"publish","type":"product","link":"https:\/\/bfefishtank.com\/hu\/products\/kf-rectangular-aquarium\/glass-fish-tank-aquarium\/","title":{"rendered":"\u00dcveg akv\u00e1rium"},"content":{"rendered":"<div class=\"chat-content-container\" data-v-8d365a2c=\"\">\n<div class=\"chat-content-list\" data-v-8d365a2c=\"\">\n<div class=\"chat-content-item\" data-v-8d365a2c=\"\">\n<div class=\"segment segment-assistant\" data-v-3a203885=\"\" data-v-8d365a2c=\"\">\n<div class=\"segment-container\" data-v-3a203885=\"\">\n<div class=\"segment-content\" data-v-c0e72f48=\"\">\n<div class=\"segment-content-box\" data-v-c0e72f48=\"\">\n<div class=\"markdown-container\" data-v-dbe669ce=\"\" data-v-c0e72f48=\"\">\n<div class=\"markdown\" data-v-53cd9be5=\"\" data-v-dbe669ce=\"\">\n<h4 class=\"\"><strong class=\"\">Jellemz\u0151k\u00a0<\/strong><\/h4>\n<ol start=\"1\">\n<li>\n<div class=\"paragraph\"><strong>Nagy \u00e1tl\u00e1tsz\u00f3s\u00e1g\u00fa \u00fcveg\u00a0<\/strong><\/div>\n<ul>\n<li>\n<div class=\"paragraph translation-block\"><strong>Kiv\u00e1l\u00f3 tisztas\u00e1g<\/strong>: Ultra-tiszta \u00fcvegb\u0151l k\u00e9sz\u00fclt, amely kiv\u00e9teles f\u00e9ny\u00e1tereszt\u00e9st \u00e9s torz\u00edt\u00e1smentes megtekint\u00e9st biztos\u00edt.<\/div>\n<\/li>\n<\/ul>\n<\/li>\n<li>\n<div class=\"paragraph\"><strong>Der\u00e9ksz\u00f6g\u0171 \u00fcveg kialak\u00edt\u00e1s\u00a0<\/strong><\/div>\n<ul>\n<li>\n<div class=\"paragraph translation-block\"><strong>\u00c9les sz\u00e9lek<\/strong>: Prec\u00edzen v\u00e1gott der\u00e9ksz\u00f6g\u0171 \u00fcveg modern \u00e9s letisztult megjelen\u00e9st biztos\u00edt, b\u00e1rmilyen k\u00f6rnyezethez illik.<\/div>\n<\/li>\n<\/ul>\n<\/li>\n<li>\n<div class=\"paragraph\"><strong class=\"\">T\u00f6m\u00edtett \u00e9s v\u00edz\u00e1ll\u00f3\u00a0<\/strong><\/div>\n<ul>\n<li>\n<div class=\"paragraph translation-block\">Sziv\u00e1rg\u00e1smentes t\u00f6m\u00edt\u00e9s: Professzion\u00e1lisan lez\u00e1rva kiv\u00e1l\u00f3 min\u0151s\u00e9g\u0171 szilikonnal a tart\u00f3ss\u00e1g \u00e9s v\u00edz\u00e1ll\u00f3s\u00e1g biztos\u00edt\u00e1sa \u00e9rdek\u00e9ben.<\/div>\n<\/li>\n<\/ul>\n<\/li>\n<li>\n<div class=\"paragraph\"><strong>Kiegyens\u00falyozott s\u00falyeloszt\u00e1s\u00a0<\/strong><\/div>\n<ul>\n<li>\n<div class=\"paragraph translation-block\"><strong>Stabil szerkezet<\/strong>: Kiegyens\u00falyozott s\u00falyeloszt\u00e1ssal tervezve a stabilit\u00e1s \u00e9rdek\u00e9ben, m\u00e9g neh\u00e9z dekor\u00e1ci\u00f3 vagy nagy halak eset\u00e9n is.<\/div>\n<\/li>\n<\/ul>\n<\/li>\n<li>\n<div class=\"paragraph\"><strong>Prec\u00edzen megmunk\u00e1lt \u00e9lek\u00a0<\/strong><\/div>\n<ul>\n<li>\n<div class=\"paragraph translation-block\"><strong>Sim\u00edtott \u00e9lek<\/strong>: Prec\u00edzen csiszolt \u00e9lek a biztons\u00e1g\u00e9rt \u00e9s az eszt\u00e9tikus megjelen\u00e9s\u00e9rt, \u00e9les sarkok n\u00e9lk\u00fcl.<\/div>\n<\/li>\n<\/ul>\n<\/li>\n<li>\n<div class=\"paragraph\"><strong>Nagy f\u00e9nyerej\u0171 v\u00edz\u00e1ll\u00f3 LED vil\u00e1g\u00edt\u00e1s\u00a0<\/strong><\/div>\n<ul>\n<li>\n<div class=\"paragraph translation-block\"><strong>Energiatakar\u00e9kos vil\u00e1g\u00edt\u00e1s<\/strong>: Nagy f\u00e9nyerej\u0171, v\u00edz\u00e1ll\u00f3 LED l\u00e1mp\u00e1k a hossz\u00fa \u00e9lettartam \u00e9s biztons\u00e1gos m\u0171k\u00f6d\u00e9s \u00e9rdek\u00e9ben.<\/div>\n<\/li>\n<\/ul>\n<\/li>\n<li>\n<div class=\"paragraph\"><strong>\u00d6nkeringet\u0151 sz\u0171r\u0151rendszer\u00a0<\/strong><\/div>\n<ul>\n<li>\n<div class=\"paragraph translation-block\"><strong class=\"\">Karbantart\u00e1smentes<\/strong>: \u00d6nkeringet\u0151 sz\u0171r\u0151rendszerrel felszerelve, amely fenntartja a v\u00edz min\u0151s\u00e9g\u00e9t, \u00e9s cs\u00f6kkenti a gyakori karbantart\u00e1si ig\u00e9nyt.<\/div>\n<\/li>\n<\/ul>\n<\/li>\n<li>\n<div class=\"paragraph\"><strong>Eg\u00e9sz \u00e9vben nincs sz\u00fcks\u00e9g v\u00edzcser\u00e9re\u00a0<\/strong><\/div>\n<ul>\n<li>\n<div class=\"paragraph translation-block\"><strong>K\u00e9nyelmes karbantart\u00e1s<\/strong>: \u00dagy tervezt\u00e9k, hogy eg\u00e9sz \u00e9vben fenntartsa a v\u00edz min\u0151s\u00e9g\u00e9t \u2013 ide\u00e1lis elfoglalt \u00e9letm\u00f3dhoz, \u00e9s probl\u00e9mamentes akv\u00e1riumhaszn\u00e1latot biztos\u00edt.<\/div>\n<\/li>\n<\/ul>\n<\/li>\n<\/ol>\n<h4 class=\"\"><strong>El\u0151ny\u00f6k\u00a0<\/strong><\/h4>\n<ul>\n<li>\n<div class=\"paragraph translation-block\"><strong class=\"\">Kiemelked\u0151 tisztas\u00e1g<\/strong>: A nagy \u00e1tl\u00e1tsz\u00f3s\u00e1g\u00fa \u00fcveg tiszta \u00e9s \u00e9l\u00e9nk l\u00e1tv\u00e1nyt ny\u00fajt v\u00edzi kedvenceir\u0151l.<\/div>\n<\/li>\n<li>\n<div class=\"paragraph translation-block\"><strong>Modern diz\u00e1jn<\/strong>: A der\u00e9ksz\u00f6g\u0171 \u00fcvegkialak\u00edt\u00e1s kort\u00e1rs megjelen\u00e9st k\u00f6lcs\u00f6n\u00f6z b\u00e1rmely helyis\u00e9gnek.<\/div>\n<\/li>\n<li>\n<div class=\"paragraph translation-block\"><strong>Tart\u00f3ss\u00e1g<\/strong>: Professzion\u00e1lis t\u00f6m\u00edt\u00e9s \u00e9s kiegyens\u00falyozott s\u00falyeloszt\u00e1s biztos\u00edtja a hossz\u00fa t\u00e1v\u00fa haszn\u00e1latot \u00e9s a stabilit\u00e1st.<\/div>\n<\/li>\n<li>\n<div class=\"paragraph translation-block\"><strong>Biztons\u00e1g<\/strong>: A prec\u00edzen csiszolt \u00e9lek \u00e9s a v\u00edz\u00e1ll\u00f3 LED vil\u00e1g\u00edt\u00e1s biztons\u00e1goss\u00e1 teszik ezt az akv\u00e1riumot h\u00e1zi\u00e1llatok \u00e9s felhaszn\u00e1l\u00f3k sz\u00e1m\u00e1ra is.<\/div>\n<\/li>\n<li>\n<div class=\"paragraph translation-block\"><strong>Alacsony karbantart\u00e1si ig\u00e9ny<\/strong>: Az \u00f6nkeringtet\u0151 sz\u0171r\u0151rendszer \u00e9s az eg\u00e9sz \u00e9ves v\u00edzcsere-mentess\u00e9g m\u00e9g a kezd\u0151k sz\u00e1m\u00e1ra is k\u00f6nnyen kezelhet\u0151v\u00e9 teszi az akv\u00e1riumot.<\/div>\n<\/li>\n<li>\n<div class=\"paragraph translation-block\"><strong class=\"\">Energiahat\u00e9konys\u00e1g<\/strong>: A nagy f\u00e9nyerej\u0171 LED l\u00e1mp\u00e1k er\u0151s megvil\u00e1g\u00edt\u00e1st biztos\u00edtanak, mik\u00f6zben energi\u00e1t takar\u00edtanak meg.<\/div>\n<\/li>\n<\/ul>\n<\/div>\n<\/div>\n<\/div>\n<div class=\"segment-assistant-actions\" data-v-4292d3a2=\"\">\n<div class=\"segment-assistant-actions-content\" data-v-4292d3a2=\"\">\n<div class=\"segment-actions-content-btn\" data-v-a65fb058=\"\" data-v-4292d3a2=\"\"><\/div>\n<\/div>\n<div class=\"segment-assistant-actions-content\" data-v-4292d3a2=\"\">\n<div class=\"segment-actions-content-btn\" data-v-fb002fe5=\"\"><\/div>\n<\/div>\n<\/div>\n<\/div>\n<\/div>\n<\/div>\n<\/div>\n<\/div>\n<\/div>","protected":false},"excerpt":{"rendered":"<p>Features\u00a0 High-Transparency Glass\u00a0 Superior Clarity: Made from ultra-clear glass, providing exceptional light transmittance and a distortion-free viewing experience. Right-Angle Glass Design\u00a0 Sharp Edges: Precision-cut right-angle glass ensures a modern and sleek appearance, perfect for any setting. Sealed and Waterproof\u00a0 Professional Sealing: Professionally sealed with high-quality silicone to ensure complete waterproofing and durability. Balanced Weight Distribution\u00a0&#8230;<\/p>","protected":false},"featured_media":221,"template":"","meta":{"_kad_post_transparent":"default","_kad_post_title":"","_kad_post_layout":"default","_kad_post_sidebar_id":"","_kad_post_content_style":"default","_kad_post_vertical_padding":"default","_kad_post_feature":"","_kad_post_feature_position":"","_kad_post_header":false,"_kad_post_footer":false},"product_brand":[],"product_cat":[26],"product_tag":[36],"class_list":{"0":"post-220","1":"product","2":"type-product","3":"status-publish","4":"has-post-thumbnail","6":"product_cat-kf-rectangular-aquarium","7":"product_tag-glass-fish-tank-aquarium","9":"first","10":"instock","11":"shipping-taxable","12":"product-type-simple","13":"entry","14":"content-bg","15":"loop-entry"},"jetpack_sharing_enabled":true,"_links":{"self":[{"href":"https:\/\/bfefishtank.com\/hu\/wp-json\/wp\/v2\/product\/220","targetHints":{"allow":["GET"]}}],"collection":[{"href":"https:\/\/bfefishtank.com\/hu\/wp-json\/wp\/v2\/product"}],"about":[{"href":"https:\/\/bfefishtank.com\/hu\/wp-json\/wp\/v2\/types\/product"}],"wp:featuredmedia":[{"embeddable":true,"href":"https:\/\/bfefishtank.com\/hu\/wp-json\/wp\/v2\/media\/221"}],"wp:attachment":[{"href":"https:\/\/bfefishtank.com\/hu\/wp-json\/wp\/v2\/media?parent=220"}],"wp:term":[{"taxonomy":"product_brand","embeddable":true,"href":"https:\/\/bfefishtank.com\/hu\/wp-json\/wp\/v2\/product_brand?post=220"},{"taxonomy":"product_cat","embeddable":true,"href":"https:\/\/bfefishtank.com\/hu\/wp-json\/wp\/v2\/product_cat?post=220"},{"taxonomy":"product_tag","embeddable":true,"href":"https:\/\/bfefishtank.com\/hu\/wp-json\/wp\/v2\/product_tag?post=220"}],"curies":[{"name":"wp","href":"https:\/\/api.w.org\/{rel}","templated":true}]}}