{"id":232,"date":"2025-03-09T17:05:27","date_gmt":"2025-03-09T09:05:27","guid":{"rendered":"https:\/\/bfefishtank.com\/?post_type=product&#038;p=232"},"modified":"2025-03-09T17:05:27","modified_gmt":"2025-03-09T09:05:27","slug":"betta-fish-tank","status":"publish","type":"product","link":"https:\/\/bfefishtank.com\/hu\/products\/betta-fish-tank\/betta-fish-tank\/","title":{"rendered":"Betta hal akv\u00e1rium"},"content":{"rendered":"<h4 class=\"\"><strong class=\"\">Zna\u010dajke proizvoda\u00a0<\/strong><\/h4>\n<ol start=\"1\">\n<li>\n<div class=\"paragraph\"><strong>Nagy felbont\u00e1s\u00fa akril anyag\u00a0<\/strong><\/div>\n<ul>\n<li>\n<div class=\"paragraph translation-block\"><strong>Kiv\u00e1l\u00f3 tisztas\u00e1g<\/strong>: Kiv\u00e1l\u00f3 min\u0151s\u00e9g\u0171 akrilb\u00f3l k\u00e9sz\u00fclt, amely rendk\u00edv\u00fcli \u00e1tl\u00e1tsz\u00f3s\u00e1got \u00e9s tart\u00f3ss\u00e1got biztos\u00edt. Tiszta \u00e9s \u00e9l\u00e9nk l\u00e1tv\u00e1nyt ny\u00fajt a halakr\u00f3l.<\/div>\n<\/li>\n<\/ul>\n<\/li>\n<li>\n<div class=\"paragraph\"><strong>Kett\u0151s sz\u0171r\u0151rendszer\u00a0<\/strong><\/div>\n<ul>\n<li>\n<div class=\"paragraph translation-block\"><strong>Jav\u00edtott v\u00edzmin\u0151s\u00e9g<\/strong>: Kett\u0151s sz\u0171r\u0151rendszerrel felszerelve az optim\u00e1lis v\u00edzmin\u0151s\u00e9g \u00e9s tisztas\u00e1g fenntart\u00e1sa \u00e9rdek\u00e9ben.<\/div>\n<\/li>\n<\/ul>\n<\/li>\n<li>\n<div class=\"paragraph\"><strong>N\u00e9gy szekci\u00f3s kialak\u00edt\u00e1s\u00a0<\/strong><\/div>\n<ul>\n<li>\n<div class=\"paragraph translation-block\"><strong>K\u00fcl\u00f6n rekeszek<\/strong>: Az akv\u00e1rium n\u00e9gy r\u00e9szre van osztva, \u00edgy biztons\u00e1gosan tarthat t\u00f6bb halat vagy k\u00fcl\u00f6nb\u00f6z\u0151 fajokat.<\/div>\n<\/li>\n<\/ul>\n<\/li>\n<li>\n<div class=\"paragraph\"><strong class=\"\">F\u00fcggetlen etet\u0151ny\u00edl\u00e1sok\u00a0<\/strong><\/div>\n<ul>\n<li>\n<div class=\"paragraph translation-block\"><strong>K\u00e9nyelmes etet\u00e9s<\/strong>: Minden rekesz saj\u00e1t etet\u0151ny\u00edl\u00e1ssal rendelkezik, hogy egyszer\u0171 \u00e9s pontos legyen a halak etet\u00e9se.<\/div>\n<\/li>\n<\/ul>\n<\/li>\n<li>\n<div class=\"paragraph\"><strong>Elt\u00e1vol\u00edthat\u00f3 elv\u00e1laszt\u00f3k\u00a0<\/strong><\/div>\n<ul>\n<li>\n<div class=\"paragraph translation-block\"><strong>Rugalmas elrendez\u00e9s<\/strong>: Az elv\u00e1laszt\u00f3k k\u00f6nnyen elt\u00e1vol\u00edthat\u00f3k vagy \u00e1thelyezhet\u0151k az ig\u00e9nyeid szerint.<\/div>\n<\/li>\n<\/ul>\n<\/li>\n<li>\n<div class=\"paragraph\"><strong>F\u0171t\u0151p\u00e1rna kialak\u00edt\u00e1s\u00a0<\/strong><\/div>\n<ul>\n<li>\n<div class=\"paragraph translation-block\"><strong>H\u0151m\u00e9rs\u00e9klet-szab\u00e1lyoz\u00e1s<\/strong>: A be\u00e9p\u00edtett f\u0171t\u0151p\u00e1rna stabil \u00e9s meleg k\u00f6rnyezetet biztos\u00edt halai sz\u00e1m\u00e1ra.<\/div>\n<\/li>\n<\/ul>\n<\/li>\n<li>\n<div class=\"paragraph\"><strong class=\"\">Rejt\u0151zk\u00f6d\u0151 z\u00f3n\u00e1k\u00a0<\/strong><\/div>\n<ul>\n<li>\n<div class=\"paragraph translation-block\"><strong class=\"\">Biztons\u00e1gos terek<\/strong>: Elrejt\u0151z\u0151 z\u00f3n\u00e1kkal tervezt\u00e9k, hogy term\u00e9szetes \u00e9s stresszmentes k\u00f6rnyezetet biztos\u00edtsanak a halaknak.<\/div>\n<\/li>\n<\/ul>\n<\/li>\n<li>\n<div class=\"paragraph\"><strong>\u00d6ko-sz\u0171r\u00e9s \u00e9s Mocs\u00e1ri sz\u0171r\u00e9s\u00a0<\/strong><\/div>\n<ul>\n<li>\n<div class=\"paragraph translation-block\"><strong>Term\u00e9szetes V\u00edzsz\u0171r\u00e9s<\/strong>: k\u00f6rnyezetbar\u00e1t sz\u0171r\u0151rendszerekkel van ell\u00e1tva, amelyek ut\u00e1nozz\u00e1k a term\u00e9szetes v\u00edztiszt\u00edt\u00e1si folyamatokat.<\/div>\n<\/li>\n<\/ul>\n<\/li>\n<li>\n<div class=\"paragraph\"><strong>Be\u00e9p\u00edtett LED f\u00e9nycs\u00edkok\u00a0<\/strong><\/div>\n<ul>\n<li>\n<div class=\"paragraph translation-block\"><strong>Testreszabhat\u00f3 vil\u00e1g\u00edt\u00e1s<\/strong>: Be\u00e9p\u00edtett LED f\u00e9nycs\u00edkokkal felszerelve az akv\u00e1rium vizu\u00e1lis vonzerej\u00e9nek fokoz\u00e1s\u00e1ra.<\/div>\n<\/li>\n<\/ul>\n<\/li>\n<\/ol>\n<h4 class=\"\"><strong class=\"\">Term\u00e9kjellemz\u0151k\u00a0<\/strong><\/h4>\n<ul>\n<li>\n<div class=\"paragraph\"><strong>M\u00e9retek<\/strong>: 37.8cm x 18.8cm x 14.3cm<\/div>\n<\/li>\n<li>\n<div class=\"paragraph translation-block\"><strong>Anyag<\/strong>: Nagy felbont\u00e1s\u00fa akril<\/div>\n<\/li>\n<li>\n<div class=\"paragraph translation-block\"><strong>Sz\u0171r\u00e9s<\/strong>: Kett\u0151s sz\u0171r\u0151rendszer<\/div>\n<\/li>\n<li>\n<div class=\"paragraph translation-block\"><strong>Vil\u00e1g\u00edt\u00e1s<\/strong>: Be\u00e9p\u00edtett LED-f\u00e9nyszalagok<\/div>\n<\/li>\n<li>\n<div class=\"paragraph translation-block\"><strong>F\u0171t\u00e9s<\/strong>: Be\u00e9p\u00edtett f\u0171t\u0151p\u00e1rna<\/div>\n<\/li>\n<li>\n<div class=\"paragraph translation-block\"><strong>Kialak\u00edt\u00e1s<\/strong>: N\u00e9gyrekeszes elv\u00e1laszt\u00e1s elt\u00e1vol\u00edthat\u00f3 v\u00e1laszfalakkal \u00e9s k\u00fcl\u00f6n etet\u0151ny\u00edl\u00e1sokkal<\/div>\n<\/li>\n<\/ul>\n<hr \/>\n<h4 class=\"\"><strong class=\"\">El\u0151ny\u00f6k\u00a0<\/strong><\/h4>\n<ul>\n<li>\n<div class=\"paragraph translation-block\"><strong>Magas \u00e1tl\u00e1that\u00f3s\u00e1g \u00e9s tart\u00f3ss\u00e1g<\/strong>: A nagy felbont\u00e1s\u00fa akril anyag tiszta \u00e9s tart\u00f3s akv\u00e1riumot biztos\u00edt.<\/div>\n<\/li>\n<li>\n<div class=\"paragraph translation-block\"><strong>Rugalmas kialak\u00edt\u00e1s<\/strong>: A n\u00e9gyrekeszes, elt\u00e1vol\u00edthat\u00f3 v\u00e1laszfalakkal ell\u00e1tott kialak\u00edt\u00e1s sokf\u00e9le elhelyez\u00e9si lehet\u0151s\u00e9get biztos\u00edt.<\/div>\n<\/li>\n<li>\n<div class=\"paragraph translation-block\"><strong>Enhanced Water Quality<\/strong>: Dual filtration and eco-friendly filtration systems ensure a clean and healthy environment for your fish.<\/div>\n<\/li>\n<li>\n<div class=\"paragraph translation-block\"><strong>User-Friendly Design<\/strong>: Independent feeding ports and built-in LED lights make this aquarium easy to use and maintain.<\/div>\n<\/li>\n<li>\n<div class=\"paragraph translation-block\"><strong>Term\u00e9szetes k\u00f6rnyezet<\/strong>: A b\u00fav\u00f3helyek \u00e9s a term\u00e9szetes sz\u0171r\u0151rendszerek nyugodt, stresszmentes k\u00f6rnyezetet biztos\u00edtanak a halak sz\u00e1m\u00e1ra.<\/div>\n<\/li>\n<\/ul>","protected":false},"excerpt":{"rendered":"<p>Product Features\u00a0 High-Definition Acrylic Material\u00a0 Superior Clarity: Made from high-quality acrylic, providing exceptional transparency and durability. This ensures a clear and vibrant view of your fish. Dual Filtration System\u00a0 Enhanced Water Quality: Equipped with a dual filtration system to maintain optimal water quality and cleanliness. Four-Section Design\u00a0 Separate Compartments: The aquarium is divided into four&#8230;<\/p>","protected":false},"featured_media":233,"template":"","meta":{"_kad_post_transparent":"default","_kad_post_title":"","_kad_post_layout":"default","_kad_post_sidebar_id":"","_kad_post_content_style":"default","_kad_post_vertical_padding":"default","_kad_post_feature":"","_kad_post_feature_position":"","_kad_post_header":false,"_kad_post_footer":false},"product_brand":[],"product_cat":[15],"product_tag":[39],"class_list":{"0":"post-232","1":"product","2":"type-product","3":"status-publish","4":"has-post-thumbnail","6":"product_cat-betta-fish-tank","7":"product_tag-betta-fish-tank","9":"first","10":"instock","11":"shipping-taxable","12":"product-type-simple","13":"entry","14":"content-bg","15":"loop-entry"},"jetpack_sharing_enabled":true,"_links":{"self":[{"href":"https:\/\/bfefishtank.com\/hu\/wp-json\/wp\/v2\/product\/232","targetHints":{"allow":["GET"]}}],"collection":[{"href":"https:\/\/bfefishtank.com\/hu\/wp-json\/wp\/v2\/product"}],"about":[{"href":"https:\/\/bfefishtank.com\/hu\/wp-json\/wp\/v2\/types\/product"}],"wp:featuredmedia":[{"embeddable":true,"href":"https:\/\/bfefishtank.com\/hu\/wp-json\/wp\/v2\/media\/233"}],"wp:attachment":[{"href":"https:\/\/bfefishtank.com\/hu\/wp-json\/wp\/v2\/media?parent=232"}],"wp:term":[{"taxonomy":"product_brand","embeddable":true,"href":"https:\/\/bfefishtank.com\/hu\/wp-json\/wp\/v2\/product_brand?post=232"},{"taxonomy":"product_cat","embeddable":true,"href":"https:\/\/bfefishtank.com\/hu\/wp-json\/wp\/v2\/product_cat?post=232"},{"taxonomy":"product_tag","embeddable":true,"href":"https:\/\/bfefishtank.com\/hu\/wp-json\/wp\/v2\/product_tag?post=232"}],"curies":[{"name":"wp","href":"https:\/\/api.w.org\/{rel}","templated":true}]}}