{"id":234,"date":"2025-03-09T17:50:39","date_gmt":"2025-03-09T09:50:39","guid":{"rendered":"https:\/\/bfefishtank.com\/?post_type=product&#038;p=234"},"modified":"2025-03-09T17:51:27","modified_gmt":"2025-03-09T09:51:27","slug":"betta-glass-fish-tank","status":"publish","type":"product","link":"https:\/\/bfefishtank.com\/hu\/products\/betta-fish-tank\/betta-glass-fish-tank\/","title":{"rendered":"Betta hal akv\u00e1rium"},"content":{"rendered":"<h4 class=\"\"><strong class=\"\">Zna\u010dajke proizvoda<\/strong><\/h4>\n<ol start=\"1\">\n<li>\n<div class=\"paragraph\"><strong>Magash\u0151m\u00e9rs\u00e9klet\u0171 pr\u00e9sel\u00e9si elj\u00e1r\u00e1s\u00a0<\/strong><\/div>\n<ul>\n<li>\n<div class=\"paragraph translation-block\"><strong>Tart\u00f3ss\u00e1g \u00e9s tisztas\u00e1g<\/strong>: Magash\u0151m\u00e9rs\u00e9klet\u0171 pr\u00e9sel\u00e9si elj\u00e1r\u00e1st alkalmaz, hogy az \u00fcveg tart\u00f3s \u00e9s nagy \u00e1tl\u00e1that\u00f3s\u00e1g\u00fa legyen. Ez a folyamat n\u00f6veli az akv\u00e1rium tisztas\u00e1g\u00e1t \u00e9s \u00e9lettartam\u00e1t.<\/div>\n<\/li>\n<\/ul>\n<\/li>\n<li>\n<div class=\"paragraph\"><strong class=\"\">Eleg\u00e1ns Kialak\u00edt\u00e1s\u00a0<\/strong><\/div>\n<ul>\n<li>\n<div class=\"paragraph translation-block\"><strong>Modern Eszt\u00e9tika<\/strong>: Luxusos, m\u00e9gis minimalista kialak\u00edt\u00e1s, otthonokhoz, irod\u00e1khoz, sz\u00e1llod\u00e1khoz \u00e9s \u00fczletekhez.<\/div>\n<\/li>\n<\/ul>\n<\/li>\n<li>\n<div class=\"paragraph\"><strong>Sokoldal\u00fa Alkalmaz\u00e1sok\u00a0<\/strong><\/div>\n<ul>\n<li>\n<div class=\"paragraph translation-block\"><strong>Ide\u00e1lis T\u00f6bbf\u00e9le K\u00f6rnyezethez<\/strong>: T\u00f6k\u00e9letes a nappalik, irod\u00e1k, sz\u00e1llodai el\u0151csarnokok \u00e9s \u00fczlethelyis\u00e9gek hangulat\u00e1nak fokoz\u00e1s\u00e1hoz. Eleg\u00e1ns kialak\u00edt\u00e1sa kifinomults\u00e1got k\u00f6lcs\u00f6n\u00f6z b\u00e1rmely t\u00e9rnek.<\/div>\n<\/li>\n<\/ul>\n<\/li>\n<li>\n<div class=\"paragraph\"><strong>Lekerek\u00edtett Sz\u00e1jr\u00e9sz\u00a0<\/strong><\/div>\n<ul>\n<li>\n<div class=\"paragraph translation-block\"><strong>Sim\u00edtott \u00c9lek<\/strong>: Az akv\u00e1rium lekerek\u00edtett kialak\u00edt\u00e1s\u00fa ny\u00edl\u00e1sa sima \u00e9s biztons\u00e1gosan \u00e9rinthet\u0151 \u00e9leket biztos\u00edt. Ez a diz\u00e1jn eszt\u00e9tikailag is vonz\u00f3bb\u00e1 teszi a term\u00e9ket.<\/div>\n<\/li>\n<\/ul>\n<\/li>\n<li>\n<div class=\"paragraph\"><strong>Stabil Talapzat\u00a0<\/strong><\/div>\n<ul>\n<li>\n<div class=\"paragraph translation-block\"><strong>Secure Placement<\/strong>: The aquarium has a stable base that ensures it remains securely in place, even with water and decorations inside. This stability is crucial for maintaining a safe environment for your aquatic pets.<\/div>\n<\/li>\n<\/ul>\n<\/li>\n<\/ol>\n<hr \/>\n<h4 class=\"\"><strong class=\"\">Term\u00e9kjellemz\u0151k\u00a0<\/strong><\/h4>\n<ul>\n<li>\n<div class=\"paragraph translation-block\"><strong class=\"\">Material<\/strong>: High-quality glass<\/div>\n<\/li>\n<li>\n<div class=\"paragraph translation-block\"><strong class=\"\">Process<\/strong>: High-temperature pressing<\/div>\n<\/li>\n<li>\n<div class=\"paragraph translation-block\"><strong class=\"\">Design<\/strong>: Luxurious minimalist<\/div>\n<\/li>\n<li>\n<div class=\"paragraph translation-block\"><strong>Alkalmaz\u00e1s<\/strong>: Otthon, iroda, sz\u00e1lloda, \u00fczlet<\/div>\n<\/li>\n<li>\n<div class=\"paragraph translation-block\"><strong>Jellemz\u0151k<\/strong>: Lekerek\u00edtett sz\u00e1j, stabil alap, tart\u00f3s \u00e9s \u00e1tl\u00e1tsz\u00f3 \u00fcveg<\/div>\n<\/li>\n<\/ul>\n<hr \/>\n<h4 class=\"\"><strong class=\"\">El\u0151ny\u00f6k\u00a0<\/strong><\/h4>\n<ul>\n<li>\n<div class=\"paragraph translation-block\"><strong>Tart\u00f3ss\u00e1g<\/strong>: A magas h\u0151m\u00e9rs\u00e9klet\u0171 pr\u00e9sel\u00e9si elj\u00e1r\u00e1s biztos\u00edtja, hogy az \u00fcveg er\u0151s \u00e9s tart\u00f3s legyen.<\/div>\n<\/li>\n<li>\n<div class=\"paragraph translation-block\"><strong>Eszt\u00e9tikai vonzer\u0151<\/strong>: A luxus minimalista diz\u00e1jn eleganci\u00e1t k\u00f6lcs\u00f6n\u00f6z b\u00e1rmilyen k\u00f6rnyezetnek.<\/div>\n<\/li>\n<li>\n<div class=\"paragraph translation-block\"><strong>Safety<\/strong>: The rounded mouth and stable base ensure the aquarium is safe to use and handle.<\/div>\n<\/li>\n<li>\n<div class=\"paragraph translation-block\"><strong>Sokoldal\u00fas\u00e1g<\/strong>: Sz\u00e1mos alkalmaz\u00e1shoz alkalmas, \u00edgy sokoldal\u00fa kieg\u00e9sz\u00edt\u0151je lehet b\u00e1rmely helyis\u00e9gnek.<\/div>\n<\/li>\n<\/ul>","protected":false},"excerpt":{"rendered":"<p>Product Features High-Temperature Pressing Process\u00a0 Durability and Clarity: Utilizes a high-temperature pressing process to ensure the glass is both durable and highly transparent. This process enhances the clarity and longevity of the aquarium. Elegant Design\u00a0 Modern Aesthetics: Features a luxurious yet minimalist design, making it suitable for various settings such as homes, offices, hotels, and&#8230;<\/p>","protected":false},"featured_media":235,"template":"","meta":{"_kad_post_transparent":"default","_kad_post_title":"","_kad_post_layout":"default","_kad_post_sidebar_id":"","_kad_post_content_style":"default","_kad_post_vertical_padding":"default","_kad_post_feature":"","_kad_post_feature_position":"","_kad_post_header":false,"_kad_post_footer":false},"product_brand":[],"product_cat":[15],"product_tag":[],"class_list":{"0":"post-234","1":"product","2":"type-product","3":"status-publish","4":"has-post-thumbnail","6":"product_cat-betta-fish-tank","8":"first","9":"instock","10":"shipping-taxable","11":"product-type-simple","12":"entry","13":"content-bg","14":"loop-entry"},"jetpack_sharing_enabled":true,"_links":{"self":[{"href":"https:\/\/bfefishtank.com\/hu\/wp-json\/wp\/v2\/product\/234","targetHints":{"allow":["GET"]}}],"collection":[{"href":"https:\/\/bfefishtank.com\/hu\/wp-json\/wp\/v2\/product"}],"about":[{"href":"https:\/\/bfefishtank.com\/hu\/wp-json\/wp\/v2\/types\/product"}],"wp:featuredmedia":[{"embeddable":true,"href":"https:\/\/bfefishtank.com\/hu\/wp-json\/wp\/v2\/media\/235"}],"wp:attachment":[{"href":"https:\/\/bfefishtank.com\/hu\/wp-json\/wp\/v2\/media?parent=234"}],"wp:term":[{"taxonomy":"product_brand","embeddable":true,"href":"https:\/\/bfefishtank.com\/hu\/wp-json\/wp\/v2\/product_brand?post=234"},{"taxonomy":"product_cat","embeddable":true,"href":"https:\/\/bfefishtank.com\/hu\/wp-json\/wp\/v2\/product_cat?post=234"},{"taxonomy":"product_tag","embeddable":true,"href":"https:\/\/bfefishtank.com\/hu\/wp-json\/wp\/v2\/product_tag?post=234"}],"curies":[{"name":"wp","href":"https:\/\/api.w.org\/{rel}","templated":true}]}}