{"id":433,"date":"2025-04-23T20:37:30","date_gmt":"2025-04-23T12:37:30","guid":{"rendered":"https:\/\/bfefishtank.com\/?post_type=product&#038;p=433"},"modified":"2025-04-23T20:37:31","modified_gmt":"2025-04-23T12:37:31","slug":"1-5-gallon-fish-tank","status":"publish","type":"product","link":"https:\/\/bfefishtank.com\/hu\/products\/betta-fish-tank\/1-5-gallon-fish-tank\/","title":{"rendered":"1,5 gallonos akv\u00e1rium"},"content":{"rendered":"<p class=\"\" data-start=\"50\" data-end=\"338\">\u3010Er\u0151teljes Sz\u0171r\u0151rendszer\u3011\nSz\u00e9les \u00e9s m\u00e9ly sz\u0171r\u0151kamr\u00e1val rendelkezik, amely t\u00f6bb sz\u0171r\u0151anyagnak ad helyet, \u00edgy jav\u00edtja a sz\u0171r\u00e9si fel\u00fcletet \u00e9s a v\u00edz tisztas\u00e1g\u00e1t. A fels\u0151 r\u00e9tegben egy kivehet\u0151, k\u00f6nnyen tiszt\u00edthat\u00f3 \u00e9s \u00fajrahaszn\u00e1lhat\u00f3 szivacssz\u0171r\u0151 tal\u00e1lhat\u00f3, amely hossz\u00fa t\u00e1v\u00fa teljes\u00edtm\u00e9nyt biztos\u00edt.<\/p>\n<p class=\"\" data-start=\"340\" data-end=\"545\">\u3010Testreszabhat\u00f3 LED Vil\u00e1g\u00edt\u00e1s\u3011\nBe\u00e9p\u00edtett LED vil\u00e1g\u00edt\u00e1ssal rendelkezik, 7 \u00e9l\u00e9nk sz\u00ednopci\u00f3val. A sz\u00ednek egyszer\u0171en v\u00e1ltoztathat\u00f3k a forgathat\u00f3 t\u00e1rcs\u00e1val \u2013 hangulatodhoz vagy a szoba st\u00edlus\u00e1hoz igaz\u00edtva.<\/p>\n<p class=\"\" data-start=\"547\" data-end=\"758\">\u3010Be\u00e9p\u00edtett H\u0151m\u00e9rs\u00e9klet Kijelz\u0151\u3011Tartsd szemmel az akv\u00e1rium k\u00f6rnyezet\u00e9t a tart\u00e1ly tetej\u00e9n elhelyezett, j\u00f3l l\u00e1that\u00f3, be\u00e9p\u00edtett v\u00edzh\u0151m\u00e9rs\u00e9klet-kijelz\u0151 seg\u00edts\u00e9g\u00e9vel. Gyors ellen\u0151rz\u00e9s az eg\u00e9szs\u00e9ges halak\u00e9rt.<\/p>\n<p class=\"\" data-start=\"760\" data-end=\"1020\">\u3010Okos Tervez\u00e9si R\u00e9szletek\u3011Speci\u00e1lisan kialak\u00edtott v\u00edzkivezet\u0151 cs\u00f6kkenti az \u00e1raml\u00e1si zajt, m\u00edg a h\u0151m\u00e9rs\u00e9klet-\u00e9rz\u00e9kel\u0151 pontosan m\u00e9ri a v\u00edzh\u0151m\u00e9rs\u00e9kletet. Az energiatakar\u00e9kos mer\u00fcl\u0151 szivatty\u00fa csendesen m\u0171k\u00f6dik, nyugodt k\u00f6rnyezetet teremtve \u00d6nnek \u00e9s halainak.<\/p>\n<p class=\"\" data-start=\"1022\" data-end=\"1244\">\u3010Krist\u00e1lytiszta L\u00e1tv\u00e1ny\u00e9lm\u00e9ny\u3011Ez a kiv\u00e1l\u00f3 min\u0151s\u00e9g\u0171, \u00e1tl\u00e1tsz\u00f3 \u00fcvegb\u0151l k\u00e9sz\u00fclt kis akv\u00e1rium kiv\u00e1l\u00f3 f\u00e9ny\u00e1tereszt\u00e9st \u00e9s teljes panor\u00e1mak\u00e9pet k\u00edn\u00e1l, leny\u0171g\u00f6z\u0151 k\u00f6zponti elemm\u00e9 t\u00e9ve otthon\u00e1t vagy irod\u00e1j\u00e1t.<\/p>","protected":false},"excerpt":{"rendered":"<p>\u3010Powerful Filtration System\u3011Designed with a wide and deep filter chamber to hold more filter media, this aquarium enhances the filtration area for improved water clarity. The top layer features a removable sponge filter that\u2019s easy to clean and reusable, ensuring long-term performance. \ud83d\udc1f\u3010Customizable LED Lighting\u3011Includes built-in LED lighting with 7 vibrant color options. Easily switch&#8230;<\/p>","protected":false},"featured_media":434,"template":"","meta":{"_kad_post_transparent":"default","_kad_post_title":"","_kad_post_layout":"default","_kad_post_sidebar_id":"","_kad_post_content_style":"default","_kad_post_vertical_padding":"default","_kad_post_feature":"","_kad_post_feature_position":"","_kad_post_header":false,"_kad_post_footer":false},"product_brand":[],"product_cat":[15],"product_tag":[62],"class_list":{"0":"post-433","1":"product","2":"type-product","3":"status-publish","4":"has-post-thumbnail","6":"product_cat-betta-fish-tank","7":"product_tag-1-5-gallon-fish-tank","9":"first","10":"instock","11":"shipping-taxable","12":"product-type-simple","13":"entry","14":"content-bg","15":"loop-entry"},"jetpack_sharing_enabled":true,"_links":{"self":[{"href":"https:\/\/bfefishtank.com\/hu\/wp-json\/wp\/v2\/product\/433","targetHints":{"allow":["GET"]}}],"collection":[{"href":"https:\/\/bfefishtank.com\/hu\/wp-json\/wp\/v2\/product"}],"about":[{"href":"https:\/\/bfefishtank.com\/hu\/wp-json\/wp\/v2\/types\/product"}],"wp:featuredmedia":[{"embeddable":true,"href":"https:\/\/bfefishtank.com\/hu\/wp-json\/wp\/v2\/media\/434"}],"wp:attachment":[{"href":"https:\/\/bfefishtank.com\/hu\/wp-json\/wp\/v2\/media?parent=433"}],"wp:term":[{"taxonomy":"product_brand","embeddable":true,"href":"https:\/\/bfefishtank.com\/hu\/wp-json\/wp\/v2\/product_brand?post=433"},{"taxonomy":"product_cat","embeddable":true,"href":"https:\/\/bfefishtank.com\/hu\/wp-json\/wp\/v2\/product_cat?post=433"},{"taxonomy":"product_tag","embeddable":true,"href":"https:\/\/bfefishtank.com\/hu\/wp-json\/wp\/v2\/product_tag?post=433"}],"curies":[{"name":"wp","href":"https:\/\/api.w.org\/{rel}","templated":true}]}}