{"id":444,"date":"2025-04-23T21:56:46","date_gmt":"2025-04-23T13:56:46","guid":{"rendered":"https:\/\/bfefishtank.com\/?post_type=product&#038;p=444"},"modified":"2025-04-23T21:56:47","modified_gmt":"2025-04-23T13:56:47","slug":"10-gallon-fish-tank","status":"publish","type":"product","link":"https:\/\/bfefishtank.com\/hu\/products\/betta-fish-tank\/10-gallon-fish-tank\/","title":{"rendered":"10 gallonos akv\u00e1rium"},"content":{"rendered":"<p class=\"\" data-start=\"69\" data-end=\"409\">\u3010Intelligens id\u0151z\u00edtett vil\u00e1g\u00edt\u00e1svez\u00e9rl\u00e9s\u3011\nEz a modern akv\u00e1rium felhaszn\u00e1l\u00f3bar\u00e1t, intelligens vez\u00e9rl\u0151panellel rendelkezik, amellyel automatikus vil\u00e1g\u00edt\u00e1si \u00fctemtervet \u00e1ll\u00edthatsz be. A LED-l\u00e1mp\u00e1k az el\u0151re be\u00e1ll\u00edtott id\u0151pontokban be- \u00e9s kikapcsolnak \u2014 t\u00f6bb\u00e9 nem kell k\u00e9zzel kapcsolgatni! Ide\u00e1lis kezd\u0151knek \u00e9s elfoglalt akvarist\u00e1knak.<br data-start=\"101\" data-end=\"104\" \/>This modern fish tank features a user-friendly smart control panel that lets you set automatic lighting schedules. The LED lights will turn on and off at your preset times\u2014no more manual switching! Perfect for beginners and busy fishkeepers, this intelligent feature makes daily care easy and stress-free.<\/p>\n<p class=\"\" data-start=\"411\" data-end=\"747\">\u30107 sz\u00edn\u0171 LED vil\u00e1g\u00edt\u00e1si rendszer\u3011\nHozzon l\u00e9tre t\u00f6k\u00e9letes hangulatot h\u00e9t \u00e9l\u00e9nk LED sz\u00edn k\u00f6z\u00fcl v\u00e1lasztva. Ak\u00e1r nyugodt \u00e9jszakai f\u00e9nyt, ak\u00e1r vid\u00e1m nappali hangulatot szeretne, v\u00e1ltogathatja a sz\u00edneket hangulat\u00e1hoz vagy dekor\u00e1ci\u00f3j\u00e1hoz ill\u0151en. T\u00f6k\u00e9letes v\u00e1laszt\u00e1s sz\u0171r\u0151vel \u00e9s vil\u00e1g\u00edt\u00e1ssal ell\u00e1tott bett\u00e1s akv\u00e1riumhoz, leny\u0171g\u00f6z\u0151 vizu\u00e1lis hat\u00e1st ny\u00fajtva.<br data-start=\"442\" data-end=\"445\" \/>Create the perfect atmosphere with seven vibrant LED color options. Whether you&#8217;re setting a calming nighttime glow or a cheerful daytime vibe, you can switch colors to suit your mood or d\u00e9cor. Ideal for a <strong data-start=\"651\" data-end=\"692\">betta fish tank with filter and light<\/strong>, this setup adds stunning visual appeal to your space.<\/p>\n<p class=\"\" data-start=\"749\" data-end=\"1098\">\u3010\u00c1ll\u00edthat\u00f3 f\u00e9nyer\u0151 a k\u00e9nyelem\u00e9rt \u00e9s a st\u00edlus\u00e9rt\u3011\nNemcsak a LED sz\u00edneit v\u00e1ltoztathatod, hanem a f\u00e9nyer\u0151t is be\u00e1ll\u00edthatod a napszaknak megfelel\u0151en. \u00c9jszaka cs\u00f6kkentsd a f\u00e9nyt a halak k\u00e9nyelm\u00e9\u00e9rt, nappal pedig n\u00f6veld a l\u00e1tv\u00e1ny kedv\u00e9\u00e9rt. \u00c1tgondolt funkci\u00f3 minden kis akv\u00e1riumhoz, amely sz\u0171r\u0151vel \u00e9s vil\u00e1g\u00edt\u00e1ssal rendelkezik.<br data-start=\"794\" data-end=\"797\" \/>Not only can you change the LED colors, but you can also adjust the brightness to match the time of day. Dim the lights at night for your fish&#8217;s comfort, or brighten the display during the day for maximum viewing enjoyment. A thoughtful feature for any <strong data-start=\"1050\" data-end=\"1091\">small fish tank with filter and light<\/strong> setup.<\/p>\n<p class=\"\" data-start=\"1100\" data-end=\"1418\">\u3010Krist\u00e1lytiszta l\u00e1tv\u00e1ny\u00e9lm\u00e9ny\u3011\nEz a nagy felbont\u00e1s\u00fa, ultratiszta \u00fcvegb\u0151l k\u00e9sz\u00fclt akv\u00e1rium \u00e9les l\u00e1tv\u00e1nyt \u00e9s gy\u00f6ny\u00f6r\u0171 panor\u00e1mak\u00e9pet ny\u00fajt a v\u00edz alatti vil\u00e1gr\u00f3l. Legyen sz\u00f3 ak\u00e1r egyetlen aranyhalr\u00f3l vagy egy sz\u00ednes elrendez\u00e9sr\u0151l, minden r\u00e9szlet l\u00e1that\u00f3 nappal \u00e9s \u00e9jjel is.<br data-start=\"1136\" data-end=\"1139\" \/>Crafted from high-definition, ultra-clear glass, this aquarium delivers sharp visibility and a beautiful panoramic view of your underwater world. Whether you&#8217;re showcasing a single goldfish or creating a colorful <strong data-start=\"1352\" data-end=\"1370\">cool fish tank<\/strong> layout, you&#8217;ll enjoy every detail\u2014day or night.<\/p>\n<p class=\"\" data-start=\"1420\" data-end=\"1778\">\u3010Minden az egyben es\u0151ztet\u0151 sz\u0171r\u00e9si \u00e9s oxig\u00e9nell\u00e1t\u00f3 rendszer\u3011\nEz az er\u0151teljes es\u0151ztet\u0151 sz\u0171r\u0151 egyes\u00edti a v\u00edzsz\u0171r\u00e9st, keringet\u00e9st \u00e9s oxig\u00e9nell\u00e1t\u00e1st, \u00edgy a v\u00edz tiszta marad, a halak pedig eg\u00e9szs\u00e9gesek. Egyszer\u0171 \u00e9s hat\u00e9kony megold\u00e1s kis helyig\u00e9ny\u0171 betta akv\u00e1riumokhoz.<br data-start=\"1475\" data-end=\"1478\" \/>Equipped with a powerful rain shower filter that integrates <strong data-start=\"1538\" data-end=\"1588\">filtration, water circulation, and oxygenation<\/strong>, this system keeps your water clean and your fish happy. Designed for simplicity and efficiency, it\u2019s the perfect low-maintenance solution for a <strong data-start=\"1734\" data-end=\"1753\">betta fish tank<\/strong> or small aquarium setup.<\/p>","protected":false},"excerpt":{"rendered":"<p>\ud83d\udc20\u3010Smart Timed Lighting Control\u3011This modern fish tank features a user-friendly smart control panel that lets you set automatic lighting schedules. The LED lights will turn on and off at your preset times\u2014no more manual switching! Perfect for beginners and busy fishkeepers, this intelligent feature makes daily care easy and stress-free. \ud83c\udf08\u30107-Color LED Lighting System\u3011Create the&#8230;<\/p>","protected":false},"featured_media":445,"template":"","meta":{"_kad_post_transparent":"default","_kad_post_title":"","_kad_post_layout":"default","_kad_post_sidebar_id":"","_kad_post_content_style":"default","_kad_post_vertical_padding":"default","_kad_post_feature":"","_kad_post_feature_position":"","_kad_post_header":false,"_kad_post_footer":false},"product_brand":[],"product_cat":[15],"product_tag":[],"class_list":{"0":"post-444","1":"product","2":"type-product","3":"status-publish","4":"has-post-thumbnail","6":"product_cat-betta-fish-tank","8":"first","9":"instock","10":"shipping-taxable","11":"product-type-simple","12":"entry","13":"content-bg","14":"loop-entry"},"jetpack_sharing_enabled":true,"_links":{"self":[{"href":"https:\/\/bfefishtank.com\/hu\/wp-json\/wp\/v2\/product\/444","targetHints":{"allow":["GET"]}}],"collection":[{"href":"https:\/\/bfefishtank.com\/hu\/wp-json\/wp\/v2\/product"}],"about":[{"href":"https:\/\/bfefishtank.com\/hu\/wp-json\/wp\/v2\/types\/product"}],"wp:featuredmedia":[{"embeddable":true,"href":"https:\/\/bfefishtank.com\/hu\/wp-json\/wp\/v2\/media\/445"}],"wp:attachment":[{"href":"https:\/\/bfefishtank.com\/hu\/wp-json\/wp\/v2\/media?parent=444"}],"wp:term":[{"taxonomy":"product_brand","embeddable":true,"href":"https:\/\/bfefishtank.com\/hu\/wp-json\/wp\/v2\/product_brand?post=444"},{"taxonomy":"product_cat","embeddable":true,"href":"https:\/\/bfefishtank.com\/hu\/wp-json\/wp\/v2\/product_cat?post=444"},{"taxonomy":"product_tag","embeddable":true,"href":"https:\/\/bfefishtank.com\/hu\/wp-json\/wp\/v2\/product_tag?post=444"}],"curies":[{"name":"wp","href":"https:\/\/api.w.org\/{rel}","templated":true}]}}