{"id":220,"date":"2025-03-09T11:30:30","date_gmt":"2025-03-09T03:30:30","guid":{"rendered":"https:\/\/bfefishtank.com\/?post_type=product&#038;p=220"},"modified":"2025-03-09T11:57:58","modified_gmt":"2025-03-09T03:57:58","slug":"glass-fish-tank-aquarium","status":"publish","type":"product","link":"https:\/\/bfefishtank.com\/lv\/products\/kf-rectangular-aquarium\/glass-fish-tank-aquarium\/","title":{"rendered":"Stikla akv\u0101rijs"},"content":{"rendered":"<div class=\"chat-content-container\" data-v-8d365a2c=\"\">\n<div class=\"chat-content-list\" data-v-8d365a2c=\"\">\n<div class=\"chat-content-item\" data-v-8d365a2c=\"\">\n<div class=\"segment segment-assistant\" data-v-3a203885=\"\" data-v-8d365a2c=\"\">\n<div class=\"segment-container\" data-v-3a203885=\"\">\n<div class=\"segment-content\" data-v-c0e72f48=\"\">\n<div class=\"segment-content-box\" data-v-c0e72f48=\"\">\n<div class=\"markdown-container\" data-v-dbe669ce=\"\" data-v-c0e72f48=\"\">\n<div class=\"markdown\" data-v-53cd9be5=\"\" data-v-dbe669ce=\"\">\n<h4 class=\"\"><strong class=\"\">Funkcijas\u00a0<\/strong><\/h4>\n<ol start=\"1\">\n<li>\n<div class=\"paragraph\"><strong>Augstas caursp\u012bd\u012bbas stikls\u00a0<\/strong><\/div>\n<ul>\n<li>\n<div class=\"paragraph translation-block\"><strong>Izcila skaidr\u012bba<\/strong>: Izgatavots no \u012bpa\u0161i caursp\u012bd\u012bga stikla, nodro\u0161ina izcilu gaismas caurlaid\u012bbu un skatu bez krop\u013cojumiem.<\/div>\n<\/li>\n<\/ul>\n<\/li>\n<li>\n<div class=\"paragraph\"><strong>Stikla dizains ar taisnu le\u0146\u0137i\u00a0<\/strong><\/div>\n<ul>\n<li>\n<div class=\"paragraph translation-block\"><strong>Asas malas<\/strong>: Prec\u012bzi griezts taisnle\u0146\u0137a stikls nodro\u0161ina m\u016bsdien\u012bgu un gludu izskatu, kas piem\u0113rots jebkurai videi.<\/div>\n<\/li>\n<\/ul>\n<\/li>\n<li>\n<div class=\"paragraph\"><strong class=\"\">Nosl\u0113gts un \u016bdensiztur\u012bgs\u00a0<\/strong><\/div>\n<ul>\n<li>\n<div class=\"paragraph translation-block\">Nopl\u016bdes necaurlaid\u012bgs bl\u012bv\u0113jums: Profesion\u0101li nosl\u0113gts ar augstas kvalit\u0101tes silikonu, lai nodro\u0161in\u0101tu iztur\u012bbu un \u016bdensnecaurlaid\u012bbu.<\/div>\n<\/li>\n<\/ul>\n<\/li>\n<li>\n<div class=\"paragraph\"><strong>L\u012bdzsvarots svara sadal\u012bjums\u00a0<\/strong><\/div>\n<ul>\n<li>\n<div class=\"paragraph translation-block\"><strong>Stabila strukt\u016bra<\/strong>: Izstr\u0101d\u0101ta ar l\u012bdzsvarotu svara sadal\u012bjumu, lai nodro\u0161in\u0101tu stabilit\u0101ti ar\u012b ar smag\u0101m dekor\u0101cij\u0101m vai liel\u0101m ziv\u012bm.<\/div>\n<\/li>\n<\/ul>\n<\/li>\n<li>\n<div class=\"paragraph\"><strong>Prec\u012bzi apstr\u0101d\u0101tas malas\u00a0<\/strong><\/div>\n<ul>\n<li>\n<div class=\"paragraph translation-block\"><strong>Gludas malas<\/strong>: Prec\u012bzi sl\u012bp\u0113tas malas dro\u0161\u012bbai un gl\u012btam izskatam, nov\u0113r\u0161ot asus st\u016brus.<\/div>\n<\/li>\n<\/ul>\n<\/li>\n<li>\n<div class=\"paragraph\"><strong>Augstas spilgtuma \u016bdensiztur\u012bgas LED gaismas\u00a0<\/strong><\/div>\n<ul>\n<li>\n<div class=\"paragraph translation-block\"><strong>Energoefekt\u012bvs apgaismojums<\/strong>: Augstas spilgtuma \u016bdensiztur\u012bgas LED gaismas nodro\u0161ina ilgsto\u0161u darb\u012bbu un dro\u0161u lieto\u0161anu.<\/div>\n<\/li>\n<\/ul>\n<\/li>\n<li>\n<div class=\"paragraph\"><strong>Pa\u0161cirkul\u0113jo\u0161a filtr\u0101cijas sist\u0113ma\u00a0<\/strong><\/div>\n<ul>\n<li>\n<div class=\"paragraph translation-block\"><strong class=\"\">Bez apkopes<\/strong>: Apr\u012bkots ar pa\u0161cirkul\u0113jo\u0161u filtr\u0101cijas sist\u0113mu, kas uztur \u016bdens kvalit\u0101ti un samazina bie\u017eas apkopes nepiecie\u0161am\u012bbu.<\/div>\n<\/li>\n<\/ul>\n<\/li>\n<li>\n<div class=\"paragraph\"><strong>Nav j\u0101maina \u016bdens visu gadu\u00a0<\/strong><\/div>\n<ul>\n<li>\n<div class=\"paragraph translation-block\"><strong>\u0112rta apkope<\/strong>: Izstr\u0101d\u0101ta, lai uztur\u0113tu \u016bdens kvalit\u0101ti visa gada garum\u0101 \u2013 ide\u0101li piem\u0113rota aiz\u0146emtam dz\u012bvesveidam un bezr\u016bp\u012bgai akv\u0101rija lieto\u0161anai.<\/div>\n<\/li>\n<\/ul>\n<\/li>\n<\/ol>\n<h4 class=\"\"><strong>Ieguvumi\u00a0<\/strong><\/h4>\n<ul>\n<li>\n<div class=\"paragraph translation-block\"><strong class=\"\">Izcila caursp\u012bd\u012bba<\/strong>: Augstas caursp\u012bd\u012bbas stikls nodro\u0161ina skaidru un spilgtu skatu uz j\u016bsu \u016bdens m\u012blu\u013ciem.<\/div>\n<\/li>\n<li>\n<div class=\"paragraph translation-block\"><strong>M\u016bsdien\u012bgs dizains<\/strong>: Stikla taisnle\u0146\u0137a dizains pie\u0161\u0137ir jebkurai telpai laikmet\u012bgu piesk\u0101rienu.<\/div>\n<\/li>\n<li>\n<div class=\"paragraph translation-block\"><strong>Iztur\u012bba<\/strong>: Profesion\u0101la hermetiz\u0101cija un l\u012bdzsvarots svara sadal\u012bjums nodro\u0161ina ilgm\u016b\u017e\u012bgu lieto\u0161anu un stabilit\u0101ti.<\/div>\n<\/li>\n<li>\n<div class=\"paragraph translation-block\"><strong>Dro\u0161\u012bba<\/strong>: Prec\u012bzi nosl\u012bp\u0113tas malas un \u016bdensiztur\u012bgas LED gaismas padara \u0161o akv\u0101riju dro\u0161u gan m\u0101jdz\u012bvniekiem, gan lietot\u0101jiem<\/div>\n<\/li>\n<li>\n<div class=\"paragraph translation-block\"><strong>Zema apkope<\/strong>: Pa\u0161cirkul\u0113jo\u0161\u0101 filtr\u0113\u0161anas sist\u0113ma un funkcija \u201cnav nepiecie\u0161ama \u016bdens mai\u0146a visu gadu\u201d padara \u0161o akv\u0101riju viegli kopjamu ar\u012b ies\u0101c\u0113jiem.<\/div>\n<\/li>\n<li>\n<div class=\"paragraph translation-block\"><strong class=\"\">Energoefektivit\u0101te<\/strong>: Augstas spilgtuma LED apgaismojums nodro\u0161ina spo\u017eu gaismu, vienlaikus taupot ener\u0123iju.<\/div>\n<\/li>\n<\/ul>\n<\/div>\n<\/div>\n<\/div>\n<div class=\"segment-assistant-actions\" data-v-4292d3a2=\"\">\n<div class=\"segment-assistant-actions-content\" data-v-4292d3a2=\"\">\n<div class=\"segment-actions-content-btn\" data-v-a65fb058=\"\" data-v-4292d3a2=\"\"><\/div>\n<\/div>\n<div class=\"segment-assistant-actions-content\" data-v-4292d3a2=\"\">\n<div class=\"segment-actions-content-btn\" data-v-fb002fe5=\"\"><\/div>\n<\/div>\n<\/div>\n<\/div>\n<\/div>\n<\/div>\n<\/div>\n<\/div>\n<\/div>","protected":false},"excerpt":{"rendered":"<p>Features\u00a0 High-Transparency Glass\u00a0 Superior Clarity: Made from ultra-clear glass, providing exceptional light transmittance and a distortion-free viewing experience. Right-Angle Glass Design\u00a0 Sharp Edges: Precision-cut right-angle glass ensures a modern and sleek appearance, perfect for any setting. Sealed and Waterproof\u00a0 Professional Sealing: Professionally sealed with high-quality silicone to ensure complete waterproofing and durability. Balanced Weight Distribution\u00a0&#8230;<\/p>","protected":false},"featured_media":221,"template":"","meta":{"_kad_post_transparent":"default","_kad_post_title":"","_kad_post_layout":"default","_kad_post_sidebar_id":"","_kad_post_content_style":"default","_kad_post_vertical_padding":"default","_kad_post_feature":"","_kad_post_feature_position":"","_kad_post_header":false,"_kad_post_footer":false},"product_brand":[],"product_cat":[26],"product_tag":[36],"class_list":{"0":"post-220","1":"product","2":"type-product","3":"status-publish","4":"has-post-thumbnail","6":"product_cat-kf-rectangular-aquarium","7":"product_tag-glass-fish-tank-aquarium","9":"first","10":"instock","11":"shipping-taxable","12":"product-type-simple","13":"entry","14":"content-bg","15":"loop-entry"},"jetpack_sharing_enabled":true,"_links":{"self":[{"href":"https:\/\/bfefishtank.com\/lv\/wp-json\/wp\/v2\/product\/220","targetHints":{"allow":["GET"]}}],"collection":[{"href":"https:\/\/bfefishtank.com\/lv\/wp-json\/wp\/v2\/product"}],"about":[{"href":"https:\/\/bfefishtank.com\/lv\/wp-json\/wp\/v2\/types\/product"}],"wp:featuredmedia":[{"embeddable":true,"href":"https:\/\/bfefishtank.com\/lv\/wp-json\/wp\/v2\/media\/221"}],"wp:attachment":[{"href":"https:\/\/bfefishtank.com\/lv\/wp-json\/wp\/v2\/media?parent=220"}],"wp:term":[{"taxonomy":"product_brand","embeddable":true,"href":"https:\/\/bfefishtank.com\/lv\/wp-json\/wp\/v2\/product_brand?post=220"},{"taxonomy":"product_cat","embeddable":true,"href":"https:\/\/bfefishtank.com\/lv\/wp-json\/wp\/v2\/product_cat?post=220"},{"taxonomy":"product_tag","embeddable":true,"href":"https:\/\/bfefishtank.com\/lv\/wp-json\/wp\/v2\/product_tag?post=220"}],"curies":[{"name":"wp","href":"https:\/\/api.w.org\/{rel}","templated":true}]}}