{"id":232,"date":"2025-03-09T17:05:27","date_gmt":"2025-03-09T09:05:27","guid":{"rendered":"https:\/\/bfefishtank.com\/?post_type=product&#038;p=232"},"modified":"2025-03-09T17:05:27","modified_gmt":"2025-03-09T09:05:27","slug":"betta-fish-tank","status":"publish","type":"product","link":"https:\/\/bfefishtank.com\/lv\/products\/betta-fish-tank\/betta-fish-tank\/","title":{"rendered":"Akv\u0101rijs betta zivti\u0146ai"},"content":{"rendered":"<h4 class=\"\"><strong class=\"\">Produkta \u012bpa\u0161\u012bbas\u00a0<\/strong><\/h4>\n<ol start=\"1\">\n<li>\n<div class=\"paragraph\"><strong>Augstas iz\u0161\u0137irtsp\u0113jas akrila materi\u0101ls\u00a0<\/strong><\/div>\n<ul>\n<li>\n<div class=\"paragraph translation-block\"><strong>Izcila caursp\u012bd\u012bba<\/strong>: Izgatavots no augstas kvalit\u0101tes akrila ar izcilu caursp\u012bd\u012bgumu un iztur\u012bbu. Nodro\u0161ina skaidru un dzidru skatu uz j\u016bsu ziv\u012bm.<\/div>\n<\/li>\n<\/ul>\n<\/li>\n<li>\n<div class=\"paragraph\"><strong>Divk\u0101r\u0161\u0101s filtr\u0101cijas sist\u0113ma\u00a0<\/strong><\/div>\n<ul>\n<li>\n<div class=\"paragraph translation-block\"><strong>Uzlabota \u016bdens kvalit\u0101te<\/strong>: Apr\u012bkots ar dubulto filtr\u0113\u0161anas sist\u0113mu, lai uztur\u0113tu optim\u0101lu \u016bdens kvalit\u0101ti un t\u012br\u012bbu.<\/div>\n<\/li>\n<\/ul>\n<\/li>\n<li>\n<div class=\"paragraph\"><strong>\u010cetru sekciju dizains\u00a0<\/strong><\/div>\n<ul>\n<li>\n<div class=\"paragraph translation-block\"><strong>Atsevi\u0161\u0137as nodal\u012bjumi<\/strong>: Akv\u0101rijs ir sadal\u012bts \u010detr\u0101s da\u013c\u0101s, \u013caujot dro\u0161i tur\u0113t vair\u0101kas zivis vai da\u017e\u0101das sugas.<\/div>\n<\/li>\n<\/ul>\n<\/li>\n<li>\n<div class=\"paragraph\"><strong class=\"\">Neatkar\u012bgas baro\u0161anas atveres\u00a0<\/strong><\/div>\n<ul>\n<li>\n<div class=\"paragraph translation-block\"><strong>\u0112rta baro\u0161ana<\/strong>: Katrai sada\u013cai ir savs baro\u0161anas atv\u0113rums \u0113rtai un prec\u012bzai zivju baro\u0161anai.<\/div>\n<\/li>\n<\/ul>\n<\/li>\n<li>\n<div class=\"paragraph\"><strong>No\u0146emamas starpsienas\u00a0<\/strong><\/div>\n<ul>\n<li>\n<div class=\"paragraph translation-block\"><strong>Elast\u012bga konfigur\u0101cija<\/strong>: Starpsienas var viegli no\u0146emt vai p\u0101rk\u0101rtot atbilsto\u0161i j\u016bsu vajadz\u012bb\u0101m.<\/div>\n<\/li>\n<\/ul>\n<\/li>\n<li>\n<div class=\"paragraph\"><strong>Sild\u012b\u0161anas spilventi\u0146a dizains\u00a0<\/strong><\/div>\n<ul>\n<li>\n<div class=\"paragraph translation-block\"><strong>Temperat\u016bras kontrole<\/strong>: Ieb\u016bv\u0113ts sild\u012b\u0161anas spilventi\u0146\u0161 nodro\u0161ina stabilu un siltu vidi j\u016bsu ziv\u012bm.<\/div>\n<\/li>\n<\/ul>\n<\/li>\n<li>\n<div class=\"paragraph\"><strong class=\"\">Sl\u0113p\u0161an\u0101s zonas\u00a0<\/strong><\/div>\n<ul>\n<li>\n<div class=\"paragraph translation-block\"><strong class=\"\">Dro\u0161as zonas<\/strong>: Izstr\u0101d\u0101tas ar sl\u0113p\u0161an\u0101s viet\u0101m, lai nodro\u0161in\u0101tu dabisku un bezstresa vidi j\u016bsu ziv\u012bm.<\/div>\n<\/li>\n<\/ul>\n<\/li>\n<li>\n<div class=\"paragraph\"><strong>Eko filtr\u0101cija un purva filtr\u0101cija\u00a0<\/strong><\/div>\n<ul>\n<li>\n<div class=\"paragraph translation-block\"><strong>Dabisk\u0101 \u016adens Att\u012br\u012b\u0161ana<\/strong>: apr\u012bkots ar videi draudz\u012bg\u0101m filtr\u0101cijas sist\u0113m\u0101m, kas imit\u0113 dabiskos \u016bdens att\u012br\u012b\u0161anas procesus.<\/div>\n<\/li>\n<\/ul>\n<\/li>\n<li>\n<div class=\"paragraph\"><strong>Ieb\u016bv\u0113tas LED gaismas joslas\u00a0<\/strong><\/div>\n<ul>\n<li>\n<div class=\"paragraph translation-block\"><strong>Piel\u0101gojams apgaismojums<\/strong>: Apr\u012bkots ar ieb\u016bv\u0113t\u0101m LED gaismas josl\u0101m, lai uzlabotu j\u016bsu akv\u0101rija vizu\u0101lo pievilc\u012bbu.<\/div>\n<\/li>\n<\/ul>\n<\/li>\n<\/ol>\n<h4 class=\"\"><strong class=\"\">Produkta specifik\u0101cija\u00a0<\/strong><\/h4>\n<ul>\n<li>\n<div class=\"paragraph\"><strong>Izm\u0113ri<\/strong>: 37.8cm x 18.8cm x 14.3cm<\/div>\n<\/li>\n<li>\n<div class=\"paragraph translation-block\"><strong>Materi\u0101ls<\/strong>: Augstas iz\u0161\u0137irtsp\u0113jas akrils<\/div>\n<\/li>\n<li>\n<div class=\"paragraph translation-block\"><strong>Filtr\u0113\u0161ana<\/strong>: Dubult\u0101 filtr\u0101cijas sist\u0113ma<\/div>\n<\/li>\n<li>\n<div class=\"paragraph translation-block\"><strong>Apgaismojums<\/strong>: Ieb\u016bv\u0113tas LED gaismas lentes<\/div>\n<\/li>\n<li>\n<div class=\"paragraph translation-block\"><strong>Sild\u012b\u0161ana<\/strong>: Integr\u0113ts sild\u012b\u0161anas paliktnis<\/div>\n<\/li>\n<li>\n<div class=\"paragraph translation-block\"><strong>Dizains<\/strong>: \u010cetru nodal\u012bjumu sadal\u012bjums ar no\u0146emam\u0101m starpsien\u0101m un neatkar\u012bg\u0101m baro\u0161anas atver\u0113m<\/div>\n<\/li>\n<\/ul>\n<hr \/>\n<h4 class=\"\"><strong class=\"\">Ieguvumi\u00a0<\/strong><\/h4>\n<ul>\n<li>\n<div class=\"paragraph translation-block\"><strong>Augsta caursp\u012bd\u012bba un iztur\u012bba<\/strong>: Augstas iz\u0161\u0137irtsp\u0113jas akrila materi\u0101ls nodro\u0161ina skaidru un iztur\u012bgu akv\u0101riju.<\/div>\n<\/li>\n<li>\n<div class=\"paragraph translation-block\"><strong>Elast\u012bgs izk\u0101rtojums<\/strong>: \u010cetru nodal\u012bjumu dizains ar no\u0146emam\u0101m starpsien\u0101m nodro\u0161ina daudzveid\u012bgas novieto\u0161anas iesp\u0113jas.<\/div>\n<\/li>\n<li>\n<div class=\"paragraph translation-block\"><strong>Enhanced Water Quality<\/strong>: Dual filtration and eco-friendly filtration systems ensure a clean and healthy environment for your fish.<\/div>\n<\/li>\n<li>\n<div class=\"paragraph translation-block\"><strong>User-Friendly Design<\/strong>: Independent feeding ports and built-in LED lights make this aquarium easy to use and maintain.<\/div>\n<\/li>\n<li>\n<div class=\"paragraph translation-block\"><strong>Dabiska vide<\/strong>: Sl\u0113ptuves un dabisk\u0101s filtr\u0113\u0161anas sist\u0113mas nodro\u0161ina stresu nesaturo\u0161u vidi j\u016bsu ziv\u012bm.<\/div>\n<\/li>\n<\/ul>","protected":false},"excerpt":{"rendered":"<p>Product Features\u00a0 High-Definition Acrylic Material\u00a0 Superior Clarity: Made from high-quality acrylic, providing exceptional transparency and durability. This ensures a clear and vibrant view of your fish. Dual Filtration System\u00a0 Enhanced Water Quality: Equipped with a dual filtration system to maintain optimal water quality and cleanliness. Four-Section Design\u00a0 Separate Compartments: The aquarium is divided into four&#8230;<\/p>","protected":false},"featured_media":233,"template":"","meta":{"_kad_post_transparent":"default","_kad_post_title":"","_kad_post_layout":"default","_kad_post_sidebar_id":"","_kad_post_content_style":"default","_kad_post_vertical_padding":"default","_kad_post_feature":"","_kad_post_feature_position":"","_kad_post_header":false,"_kad_post_footer":false},"product_brand":[],"product_cat":[15],"product_tag":[39],"class_list":{"0":"post-232","1":"product","2":"type-product","3":"status-publish","4":"has-post-thumbnail","6":"product_cat-betta-fish-tank","7":"product_tag-betta-fish-tank","9":"first","10":"instock","11":"shipping-taxable","12":"product-type-simple","13":"entry","14":"content-bg","15":"loop-entry"},"jetpack_sharing_enabled":true,"_links":{"self":[{"href":"https:\/\/bfefishtank.com\/lv\/wp-json\/wp\/v2\/product\/232","targetHints":{"allow":["GET"]}}],"collection":[{"href":"https:\/\/bfefishtank.com\/lv\/wp-json\/wp\/v2\/product"}],"about":[{"href":"https:\/\/bfefishtank.com\/lv\/wp-json\/wp\/v2\/types\/product"}],"wp:featuredmedia":[{"embeddable":true,"href":"https:\/\/bfefishtank.com\/lv\/wp-json\/wp\/v2\/media\/233"}],"wp:attachment":[{"href":"https:\/\/bfefishtank.com\/lv\/wp-json\/wp\/v2\/media?parent=232"}],"wp:term":[{"taxonomy":"product_brand","embeddable":true,"href":"https:\/\/bfefishtank.com\/lv\/wp-json\/wp\/v2\/product_brand?post=232"},{"taxonomy":"product_cat","embeddable":true,"href":"https:\/\/bfefishtank.com\/lv\/wp-json\/wp\/v2\/product_cat?post=232"},{"taxonomy":"product_tag","embeddable":true,"href":"https:\/\/bfefishtank.com\/lv\/wp-json\/wp\/v2\/product_tag?post=232"}],"curies":[{"name":"wp","href":"https:\/\/api.w.org\/{rel}","templated":true}]}}