{"id":433,"date":"2025-04-23T20:37:30","date_gmt":"2025-04-23T12:37:30","guid":{"rendered":"https:\/\/bfefishtank.com\/?post_type=product&#038;p=433"},"modified":"2025-04-23T20:37:31","modified_gmt":"2025-04-23T12:37:31","slug":"1-5-gallon-fish-tank","status":"publish","type":"product","link":"https:\/\/bfefishtank.com\/lv\/products\/betta-fish-tank\/1-5-gallon-fish-tank\/","title":{"rendered":"1,5 galonu akv\u0101rijs"},"content":{"rendered":"<p class=\"\" data-start=\"50\" data-end=\"338\">\u3010Jaud\u012bga Filtr\u0101cijas Sist\u0113ma\u3011\nAkv\u0101rijs ir apr\u012bkots ar pla\u0161u un dzi\u013cu filtra kameru, kur\u0101 var ievietot vair\u0101k filtra materi\u0101la, uzlabojot filtr\u0101cijas laukumu un \u016bdens dzidrumu. Aug\u0161\u0113j\u0101 k\u0101rt\u0101 ir iz\u0146emams s\u016bklis filtrs, ko ir viegli t\u012br\u012bt un atk\u0101rtoti izmantot, nodro\u0161inot ilgsto\u0161u darb\u012bbu.<\/p>\n<p class=\"\" data-start=\"340\" data-end=\"545\">\u3010Piel\u0101gojams LED Apgaismojums\u3011\nIetver ieb\u016bv\u0113tu LED apgaismojumu ar 7 spilgt\u0101m kr\u0101s\u0101m. Kr\u0101sas viegli main\u0101mas ar rot\u0113jo\u0161o sl\u0113dzi \u2013 atbilsto\u0161i noska\u0146ojumam vai telpai.<\/p>\n<p class=\"\" data-start=\"547\" data-end=\"758\">\u3010Ieb\u016bv\u0113ts Temperat\u016bras Displejs\u3011Kontrol\u0113jiet akv\u0101rija vidi ar skaidri redzamu, integr\u0113tu \u016bdens temperat\u016bras displeju tvertnes aug\u0161pus\u0113. \u0100tra uzraudz\u012bba, lai zivis b\u016btu veselas.<\/p>\n<p class=\"\" data-start=\"760\" data-end=\"1020\">\u3010Gudri Dizaina Risin\u0101jumi\u3011\u012apa\u0161i izstr\u0101d\u0101ts \u016bdens izpl\u016bdes v\u0101rsts samazina pl\u016bsmas troksni, bet temperat\u016bras zonde prec\u012bzi nosaka \u016bdens temperat\u016bru. Energoefekt\u012bv\u0101 iegremd\u0113jam\u0101 s\u016bk\u0146a darb\u012bba ir klusa, nodro\u0161inot mier\u012bgu vidi jums un j\u016bsu ziv\u012bm.<\/p>\n<p class=\"\" data-start=\"1022\" data-end=\"1244\">\u3010Krist\u0101ldzidra Skata Pieredze\u3011\u0160is nelielais akv\u0101rijs, izgatavots no augstas kvalit\u0101tes caursp\u012bd\u012bga stikla, nodro\u0161ina izcilu gaismas caurlaid\u012bbu un pilnu panor\u0101mas skatu, padarot to par iespaid\u012bgu akcentu j\u016bsu m\u0101j\u0101s vai biroj\u0101.<\/p>","protected":false},"excerpt":{"rendered":"<p>\u3010Powerful Filtration System\u3011Designed with a wide and deep filter chamber to hold more filter media, this aquarium enhances the filtration area for improved water clarity. The top layer features a removable sponge filter that\u2019s easy to clean and reusable, ensuring long-term performance. \ud83d\udc1f\u3010Customizable LED Lighting\u3011Includes built-in LED lighting with 7 vibrant color options. Easily switch&#8230;<\/p>","protected":false},"featured_media":434,"template":"","meta":{"_kad_post_transparent":"default","_kad_post_title":"","_kad_post_layout":"default","_kad_post_sidebar_id":"","_kad_post_content_style":"default","_kad_post_vertical_padding":"default","_kad_post_feature":"","_kad_post_feature_position":"","_kad_post_header":false,"_kad_post_footer":false},"product_brand":[],"product_cat":[15],"product_tag":[62],"class_list":{"0":"post-433","1":"product","2":"type-product","3":"status-publish","4":"has-post-thumbnail","6":"product_cat-betta-fish-tank","7":"product_tag-1-5-gallon-fish-tank","9":"first","10":"instock","11":"shipping-taxable","12":"product-type-simple","13":"entry","14":"content-bg","15":"loop-entry"},"jetpack_sharing_enabled":true,"_links":{"self":[{"href":"https:\/\/bfefishtank.com\/lv\/wp-json\/wp\/v2\/product\/433","targetHints":{"allow":["GET"]}}],"collection":[{"href":"https:\/\/bfefishtank.com\/lv\/wp-json\/wp\/v2\/product"}],"about":[{"href":"https:\/\/bfefishtank.com\/lv\/wp-json\/wp\/v2\/types\/product"}],"wp:featuredmedia":[{"embeddable":true,"href":"https:\/\/bfefishtank.com\/lv\/wp-json\/wp\/v2\/media\/434"}],"wp:attachment":[{"href":"https:\/\/bfefishtank.com\/lv\/wp-json\/wp\/v2\/media?parent=433"}],"wp:term":[{"taxonomy":"product_brand","embeddable":true,"href":"https:\/\/bfefishtank.com\/lv\/wp-json\/wp\/v2\/product_brand?post=433"},{"taxonomy":"product_cat","embeddable":true,"href":"https:\/\/bfefishtank.com\/lv\/wp-json\/wp\/v2\/product_cat?post=433"},{"taxonomy":"product_tag","embeddable":true,"href":"https:\/\/bfefishtank.com\/lv\/wp-json\/wp\/v2\/product_tag?post=433"}],"curies":[{"name":"wp","href":"https:\/\/api.w.org\/{rel}","templated":true}]}}