{"id":68,"date":"2025-02-22T21:37:43","date_gmt":"2025-02-22T13:37:43","guid":{"rendered":"https:\/\/bfefishtank.com\/?page_id=68"},"modified":"2025-03-30T10:51:44","modified_gmt":"2025-03-30T02:51:44","slug":"about-us","status":"publish","type":"page","link":"https:\/\/bfefishtank.com\/pl\/about-us\/","title":{"rendered":"O nas"},"content":{"rendered":"<div data-elementor-type=\"wp-page\" data-elementor-id=\"68\" class=\"elementor elementor-68\">\n\t\t\t\t<div class=\"elementor-element elementor-element-0a4262f e-flex e-con-boxed e-con e-parent\" data-id=\"0a4262f\" data-element_type=\"container\" data-e-type=\"container\">\n\t\t\t\t\t<div class=\"e-con-inner\">\n\t\t<div class=\"elementor-element elementor-element-46b337f e-con-full e-flex e-con e-child\" data-id=\"46b337f\" data-element_type=\"container\" data-e-type=\"container\">\n\t\t\t\t<div class=\"elementor-element elementor-element-3b323fa elementor-widget elementor-widget-text-editor\" data-id=\"3b323fa\" data-element_type=\"widget\" data-e-type=\"widget\" data-widget_type=\"text-editor.default\">\n\t\t\t\t<div class=\"elementor-widget-container\">\n\t\t\t\t\t\t\t\t\t<div class=\"paragraph\"><strong class=\"\">O nas<\/strong><\/div><div class=\"paragraph\"><strong class=\"\">BFEFISHTANK<\/strong>\u00a0has been dedicated to the aquarium industry for over 20 years and is a professional manufacturer specializing in small fish tanks and aquariums. With multiple product technology patents and environmental protection inspection reports, we continuously optimize and upgrade our processes to ensure high quality and reliability. Adhering to the principles of \u201cQuality First, Efficiency Above All, and Customer Satisfaction,\u201d we strive to provide high-quality products and considerate services to customers both domestically and internationally<\/div><div class=\"paragraph\">Our product lines include:<\/div><ul><li><div class=\"paragraph\">Seria zamkni\u0119tych akwari\u00f3w<\/div><\/li><li><div class=\"paragraph\">Seria otwartych ultra-bia\u0142ych akwari\u00f3w<\/div><\/li><li><div class=\"paragraph\">Seria terrari\u00f3w dla \u017c\u00f3\u0142wi i zwierz\u0105t domowych<\/div><\/li><li><div class=\"paragraph\">Seria premium zestaw\u00f3w akwariowych<\/div><\/li><\/ul>\t\t\t\t\t\t\t\t<\/div>\n\t\t\t\t<\/div>\n\t\t\t\t<\/div>\n\t\t<div class=\"elementor-element elementor-element-58714e2 e-con-full e-flex e-con e-child\" data-id=\"58714e2\" data-element_type=\"container\" data-e-type=\"container\">\n\t\t\t\t<div class=\"elementor-element elementor-element-6bfa9c6 elementor-widget elementor-widget-image\" data-id=\"6bfa9c6\" data-element_type=\"widget\" data-e-type=\"widget\" data-widget_type=\"image.default\">\n\t\t\t\t<div class=\"elementor-widget-container\">\n\t\t\t\t\t\t\t\t\t\t\t\t\t\t\t<img fetchpriority=\"high\" decoding=\"async\" width=\"1024\" height=\"768\" src=\"https:\/\/bfefishtank.com\/wp-content\/uploads\/2025\/02\/Fish-Tank-Factory-1024x768.jpg\" class=\"attachment-large size-large wp-image-117\" alt=\"Fish Tank Factory\" srcset=\"https:\/\/bfefishtank.com\/wp-content\/uploads\/2025\/02\/Fish-Tank-Factory-1024x768.jpg 1024w, https:\/\/bfefishtank.com\/wp-content\/uploads\/2025\/02\/Fish-Tank-Factory-300x225.jpg 300w, https:\/\/bfefishtank.com\/wp-content\/uploads\/2025\/02\/Fish-Tank-Factory-768x576.jpg 768w, https:\/\/bfefishtank.com\/wp-content\/uploads\/2025\/02\/Fish-Tank-Factory-1536x1152.jpg 1536w, https:\/\/bfefishtank.com\/wp-content\/uploads\/2025\/02\/Fish-Tank-Factory-2048x1536.jpg 2048w, https:\/\/bfefishtank.com\/wp-content\/uploads\/2025\/02\/Fish-Tank-Factory-600x450.jpg 600w\" sizes=\"(max-width: 1024px) 100vw, 1024px\" \/>\t\t\t\t\t\t\t\t\t\t\t\t\t\t\t<\/div>\n\t\t\t\t<\/div>\n\t\t\t\t<\/div>\n\t\t\t\t\t<\/div>\n\t\t\t\t<\/div>\n\t\t\t\t<\/div>","protected":false},"excerpt":{"rendered":"<p>About USBFEFISHTANK\u00a0has been dedicated to the aquarium industry for over 20 years and is a professional manufacturer specializing in small fish tanks and aquariums. With multiple product technology patents and environmental protection inspection reports, we continuously optimize and upgrade our processes to ensure high quality and reliability. Adhering to the principles of \u201cQuality First, Efficiency&#8230;<\/p>","protected":false},"author":1,"featured_media":0,"parent":0,"menu_order":0,"comment_status":"closed","ping_status":"closed","template":"","meta":{"_kad_post_transparent":"default","_kad_post_title":"hide","_kad_post_layout":"fullwidth","_kad_post_sidebar_id":"","_kad_post_content_style":"unboxed","_kad_post_vertical_padding":"hide","_kad_post_feature":"hide","_kad_post_feature_position":"","_kad_post_header":false,"_kad_post_footer":false,"footnotes":""},"class_list":["post-68","page","type-page","status-publish","hentry"],"jetpack_sharing_enabled":true,"_links":{"self":[{"href":"https:\/\/bfefishtank.com\/pl\/wp-json\/wp\/v2\/pages\/68","targetHints":{"allow":["GET"]}}],"collection":[{"href":"https:\/\/bfefishtank.com\/pl\/wp-json\/wp\/v2\/pages"}],"about":[{"href":"https:\/\/bfefishtank.com\/pl\/wp-json\/wp\/v2\/types\/page"}],"author":[{"embeddable":true,"href":"https:\/\/bfefishtank.com\/pl\/wp-json\/wp\/v2\/users\/1"}],"replies":[{"embeddable":true,"href":"https:\/\/bfefishtank.com\/pl\/wp-json\/wp\/v2\/comments?post=68"}],"version-history":[{"count":5,"href":"https:\/\/bfefishtank.com\/pl\/wp-json\/wp\/v2\/pages\/68\/revisions"}],"predecessor-version":[{"id":394,"href":"https:\/\/bfefishtank.com\/pl\/wp-json\/wp\/v2\/pages\/68\/revisions\/394"}],"wp:attachment":[{"href":"https:\/\/bfefishtank.com\/pl\/wp-json\/wp\/v2\/media?parent=68"}],"curies":[{"name":"wp","href":"https:\/\/api.w.org\/{rel}","templated":true}]}}