{"id":220,"date":"2025-03-09T11:30:30","date_gmt":"2025-03-09T03:30:30","guid":{"rendered":"https:\/\/bfefishtank.com\/?post_type=product&#038;p=220"},"modified":"2025-03-09T11:57:58","modified_gmt":"2025-03-09T03:57:58","slug":"glass-fish-tank-aquarium","status":"publish","type":"product","link":"https:\/\/bfefishtank.com\/pl\/products\/kf-rectangular-aquarium\/glass-fish-tank-aquarium\/","title":{"rendered":"Szklane akwarium"},"content":{"rendered":"<div class=\"chat-content-container\" data-v-8d365a2c=\"\">\n<div class=\"chat-content-list\" data-v-8d365a2c=\"\">\n<div class=\"chat-content-item\" data-v-8d365a2c=\"\">\n<div class=\"segment segment-assistant\" data-v-3a203885=\"\" data-v-8d365a2c=\"\">\n<div class=\"segment-container\" data-v-3a203885=\"\">\n<div class=\"segment-content\" data-v-c0e72f48=\"\">\n<div class=\"segment-content-box\" data-v-c0e72f48=\"\">\n<div class=\"markdown-container\" data-v-dbe669ce=\"\" data-v-c0e72f48=\"\">\n<div class=\"markdown\" data-v-53cd9be5=\"\" data-v-dbe669ce=\"\">\n<h4 class=\"\"><strong class=\"\">Cechy\u00a0<\/strong><\/h4>\n<ol start=\"1\">\n<li>\n<div class=\"paragraph\"><strong>Szk\u0142o o wysokiej przezroczysto\u015bci\u00a0<\/strong><\/div>\n<ul>\n<li>\n<div class=\"paragraph translation-block\"><strong>Doskona\u0142a przejrzysto\u015b\u0107<\/strong>: Wykonany z ultra-przezroczystego szk\u0142a, zapewnia doskona\u0142\u0105 przepuszczalno\u015b\u0107 \u015bwiat\u0142a i obraz bez zniekszta\u0142ce\u0144.<\/div>\n<\/li>\n<\/ul>\n<\/li>\n<li>\n<div class=\"paragraph\"><strong>Szklana konstrukcja pod k\u0105tem prostym\u00a0<\/strong><\/div>\n<ul>\n<li>\n<div class=\"paragraph translation-block\"><strong>Ostre kraw\u0119dzie<\/strong>: Szk\u0142o precyzyjnie ci\u0119te pod k\u0105tem prostym zapewnia nowoczesny i elegancki wygl\u0105d, idealny do ka\u017cdego wn\u0119trza.<\/div>\n<\/li>\n<\/ul>\n<\/li>\n<li>\n<div class=\"paragraph\"><strong class=\"\">Uszczelniony i wodoodporny\u00a0<\/strong><\/div>\n<ul>\n<li>\n<div class=\"paragraph translation-block\">Uszczelnienie przeciwwyciekowe: Profesjonalnie uszczelnione wysokiej jako\u015bci silikonem dla trwa\u0142o\u015bci i wodoodporno\u015bci.<\/div>\n<\/li>\n<\/ul>\n<\/li>\n<li>\n<div class=\"paragraph\"><strong>Zr\u00f3wnowa\u017cone roz\u0142o\u017cenie ci\u0119\u017caru\u00a0<\/strong><\/div>\n<ul>\n<li>\n<div class=\"paragraph translation-block\"><strong>Stabilna konstrukcja<\/strong>: Zaprojektowana z r\u00f3wnomiernym rozk\u0142adem ci\u0119\u017caru, aby zapewni\u0107 stabilno\u015b\u0107 \u2013 nawet przy ci\u0119\u017ckich dekoracjach lub du\u017cych rybach.<\/div>\n<\/li>\n<\/ul>\n<\/li>\n<li>\n<div class=\"paragraph\"><strong>Precyzyjnie wyko\u0144czone kraw\u0119dzie\u00a0<\/strong><\/div>\n<ul>\n<li>\n<div class=\"paragraph translation-block\"><strong>G\u0142adkie kraw\u0119dzie<\/strong>: Precyzyjnie szlifowane kraw\u0119dzie zapewniaj\u0105ce bezpiecze\u0144stwo i estetyczny wygl\u0105d, bez ostrych rog\u00f3w.<\/div>\n<\/li>\n<\/ul>\n<\/li>\n<li>\n<div class=\"paragraph\"><strong>Wodoodporne diody LED o wysokiej jasno\u015bci\u00a0<\/strong><\/div>\n<ul>\n<li>\n<div class=\"paragraph translation-block\"><strong>O\u015bwietlenie energooszcz\u0119dne<\/strong>: Wodoodporne diody LED o wysokiej jasno\u015bci zapewniaj\u0105ce d\u0142ugotrwa\u0142\u0105 wydajno\u015b\u0107 i bezpieczne u\u017cytkowanie.<\/div>\n<\/li>\n<\/ul>\n<\/li>\n<li>\n<div class=\"paragraph\"><strong>Samocyrkulacyjny system filtracji\u00a0<\/strong><\/div>\n<ul>\n<li>\n<div class=\"paragraph translation-block\"><strong class=\"\">Bezobs\u0142ugowy<\/strong>: Wyposa\u017cony w samocyrkulacyjny system filtracji, kt\u00f3ry utrzymuje jako\u015b\u0107 wody i zmniejsza potrzeb\u0119 cz\u0119stej konserwacji.<\/div>\n<\/li>\n<\/ul>\n<\/li>\n<li>\n<div class=\"paragraph\"><strong>Ca\u0142oroczna bezobs\u0142ugowa eksploatacja \u2013 bez wymiany wody\u00a0<\/strong><\/div>\n<ul>\n<li>\n<div class=\"paragraph translation-block\"><strong>Wygodna konserwacja<\/strong>: Zaprojektowany tak, aby utrzyma\u0107 jako\u015b\u0107 wody przez ca\u0142y rok \u2013 idealny dla zapracowanych i zapewniaj\u0105cy bezproblemow\u0105 obs\u0142ug\u0119 akwarium.<\/div>\n<\/li>\n<\/ul>\n<\/li>\n<\/ol>\n<h4 class=\"\"><strong>Korzy\u015bci\u00a0<\/strong><\/h4>\n<ul>\n<li>\n<div class=\"paragraph translation-block\"><strong class=\"\">Doskona\u0142a przejrzysto\u015b\u0107<\/strong>: Wysokoprzezroczyste szk\u0142o zapewnia wyra\u017any i \u017cywy widok na Twoje wodne zwierz\u0119ta.<\/div>\n<\/li>\n<li>\n<div class=\"paragraph translation-block\"><strong>Nowoczesny design<\/strong>: Szklana konstrukcja pod k\u0105tem prostym dodaje wsp\u00f3\u0142czesnego stylu ka\u017cdemu pomieszczeniu.<\/div>\n<\/li>\n<li>\n<div class=\"paragraph translation-block\"><strong>Trwa\u0142o\u015b\u0107<\/strong>: Profesjonalne uszczelnienie i zr\u00f3wnowa\u017cony rozk\u0142ad masy zapewniaj\u0105 d\u0142ugotrwa\u0142e u\u017cytkowanie i stabilno\u015b\u0107.<\/div>\n<\/li>\n<li>\n<div class=\"paragraph translation-block\"><strong>Bezpiecze\u0144stwo<\/strong>: Dok\u0142adnie szlifowane kraw\u0119dzie i wodoodporne \u015bwiat\u0142a LED sprawiaj\u0105, \u017ce akwarium jest bezpieczne zar\u00f3wno dla zwierz\u0105t, jak i u\u017cytkownik\u00f3w.<\/div>\n<\/li>\n<li>\n<div class=\"paragraph translation-block\"><strong>Niskie wymagania konserwacyjne<\/strong>: Samocyrkulacyjny system filtracji i funkcja ca\u0142orocznej pracy bez wymiany wody sprawiaj\u0105, \u017ce jest \u0142atwy w utrzymaniu, nawet dla pocz\u0105tkuj\u0105cych.<\/div>\n<\/li>\n<li>\n<div class=\"paragraph translation-block\"><strong class=\"\">Efektywno\u015b\u0107 energetyczna<\/strong>: Diody LED o wysokiej jasno\u015bci zapewniaj\u0105 jasne o\u015bwietlenie przy mniejszym zu\u017cyciu energii.<\/div>\n<\/li>\n<\/ul>\n<\/div>\n<\/div>\n<\/div>\n<div class=\"segment-assistant-actions\" data-v-4292d3a2=\"\">\n<div class=\"segment-assistant-actions-content\" data-v-4292d3a2=\"\">\n<div class=\"segment-actions-content-btn\" data-v-a65fb058=\"\" data-v-4292d3a2=\"\"><\/div>\n<\/div>\n<div class=\"segment-assistant-actions-content\" data-v-4292d3a2=\"\">\n<div class=\"segment-actions-content-btn\" data-v-fb002fe5=\"\"><\/div>\n<\/div>\n<\/div>\n<\/div>\n<\/div>\n<\/div>\n<\/div>\n<\/div>\n<\/div>","protected":false},"excerpt":{"rendered":"<p>Features\u00a0 High-Transparency Glass\u00a0 Superior Clarity: Made from ultra-clear glass, providing exceptional light transmittance and a distortion-free viewing experience. Right-Angle Glass Design\u00a0 Sharp Edges: Precision-cut right-angle glass ensures a modern and sleek appearance, perfect for any setting. Sealed and Waterproof\u00a0 Professional Sealing: Professionally sealed with high-quality silicone to ensure complete waterproofing and durability. Balanced Weight Distribution\u00a0&#8230;<\/p>","protected":false},"featured_media":221,"template":"","meta":{"_kad_post_transparent":"default","_kad_post_title":"","_kad_post_layout":"default","_kad_post_sidebar_id":"","_kad_post_content_style":"default","_kad_post_vertical_padding":"default","_kad_post_feature":"","_kad_post_feature_position":"","_kad_post_header":false,"_kad_post_footer":false},"product_brand":[],"product_cat":[26],"product_tag":[36],"class_list":{"0":"post-220","1":"product","2":"type-product","3":"status-publish","4":"has-post-thumbnail","6":"product_cat-kf-rectangular-aquarium","7":"product_tag-glass-fish-tank-aquarium","9":"first","10":"instock","11":"shipping-taxable","12":"product-type-simple","13":"entry","14":"content-bg","15":"loop-entry"},"jetpack_sharing_enabled":true,"_links":{"self":[{"href":"https:\/\/bfefishtank.com\/pl\/wp-json\/wp\/v2\/product\/220","targetHints":{"allow":["GET"]}}],"collection":[{"href":"https:\/\/bfefishtank.com\/pl\/wp-json\/wp\/v2\/product"}],"about":[{"href":"https:\/\/bfefishtank.com\/pl\/wp-json\/wp\/v2\/types\/product"}],"wp:featuredmedia":[{"embeddable":true,"href":"https:\/\/bfefishtank.com\/pl\/wp-json\/wp\/v2\/media\/221"}],"wp:attachment":[{"href":"https:\/\/bfefishtank.com\/pl\/wp-json\/wp\/v2\/media?parent=220"}],"wp:term":[{"taxonomy":"product_brand","embeddable":true,"href":"https:\/\/bfefishtank.com\/pl\/wp-json\/wp\/v2\/product_brand?post=220"},{"taxonomy":"product_cat","embeddable":true,"href":"https:\/\/bfefishtank.com\/pl\/wp-json\/wp\/v2\/product_cat?post=220"},{"taxonomy":"product_tag","embeddable":true,"href":"https:\/\/bfefishtank.com\/pl\/wp-json\/wp\/v2\/product_tag?post=220"}],"curies":[{"name":"wp","href":"https:\/\/api.w.org\/{rel}","templated":true}]}}