{"id":232,"date":"2025-03-09T17:05:27","date_gmt":"2025-03-09T09:05:27","guid":{"rendered":"https:\/\/bfefishtank.com\/?post_type=product&#038;p=232"},"modified":"2025-03-09T17:05:27","modified_gmt":"2025-03-09T09:05:27","slug":"betta-fish-tank","status":"publish","type":"product","link":"https:\/\/bfefishtank.com\/pl\/products\/betta-fish-tank\/betta-fish-tank\/","title":{"rendered":"Akwarium dla bojownika"},"content":{"rendered":"<h4 class=\"\"><strong class=\"\">Cechy produktu\u00a0<\/strong><\/h4>\n<ol start=\"1\">\n<li>\n<div class=\"paragraph\"><strong>Materia\u0142 akrylowy w wysokiej rozdzielczo\u015bci\u00a0<\/strong><\/div>\n<ul>\n<li>\n<div class=\"paragraph translation-block\"><strong>Wyj\u0105tkowa przejrzysto\u015b\u0107<\/strong>: Wykonany z wysokiej jako\u015bci akrylu, zapewnia doskona\u0142\u0105 przezroczysto\u015b\u0107 i trwa\u0142o\u015b\u0107. Gwarantuje wyra\u017any i \u017cywy widok na twoje ryby.<\/div>\n<\/li>\n<\/ul>\n<\/li>\n<li>\n<div class=\"paragraph\"><strong>Podw\u00f3jny system filtracji\u00a0<\/strong><\/div>\n<ul>\n<li>\n<div class=\"paragraph translation-block\"><strong>Poprawiona jako\u015b\u0107 wody<\/strong>: Wyposa\u017cony w podw\u00f3jny system filtracji zapewniaj\u0105cy optymaln\u0105 jako\u015b\u0107 i czysto\u015b\u0107 wody.<\/div>\n<\/li>\n<\/ul>\n<\/li>\n<li>\n<div class=\"paragraph\"><strong>Czterosekcyjny design\u00a0<\/strong><\/div>\n<ul>\n<li>\n<div class=\"paragraph translation-block\"><strong>Oddzielne przegrody<\/strong>: Akwarium podzielone jest na cztery sekcje, co pozwala bezpiecznie trzyma\u0107 wiele ryb lub r\u00f3\u017cne gatunki.<\/div>\n<\/li>\n<\/ul>\n<\/li>\n<li>\n<div class=\"paragraph\"><strong class=\"\">Niezale\u017cne otwory do karmienia\u00a0<\/strong><\/div>\n<ul>\n<li>\n<div class=\"paragraph translation-block\"><strong>Wygodne karmienie<\/strong>: Ka\u017cda sekcja ma w\u0142asny otw\u00f3r do karmienia, co u\u0142atwia i precyzyjnie karmi ryby.<\/div>\n<\/li>\n<\/ul>\n<\/li>\n<li>\n<div class=\"paragraph\"><strong>Wyjmowane przegrody\u00a0<\/strong><\/div>\n<ul>\n<li>\n<div class=\"paragraph translation-block\"><strong>Elastyczna konfiguracja<\/strong>: Przegrody mo\u017cna \u0142atwo usun\u0105\u0107 lub przestawi\u0107 w zale\u017cno\u015bci od potrzeb.<\/div>\n<\/li>\n<\/ul>\n<\/li>\n<li>\n<div class=\"paragraph\"><strong>Projekt poduszki grzewczej\u00a0<\/strong><\/div>\n<ul>\n<li>\n<div class=\"paragraph translation-block\"><strong>Kontrola temperatury<\/strong>: Wbudowana poduszka grzewcza zapewnia stabilne i ciep\u0142e \u015brodowisko dla Twoich ryb.<\/div>\n<\/li>\n<\/ul>\n<\/li>\n<li>\n<div class=\"paragraph\"><strong class=\"\">Strefy ukrycia\u00a0<\/strong><\/div>\n<ul>\n<li>\n<div class=\"paragraph translation-block\"><strong class=\"\">Bezpieczne przestrzenie<\/strong>: Zaprojektowane ze strefami ukrycia, aby zapewni\u0107 naturalne i bezstresowe \u015brodowisko dla twoich ryb.<\/div>\n<\/li>\n<\/ul>\n<\/li>\n<li>\n<div class=\"paragraph\"><strong>Filtracja ekologiczna i filtracja bagienna\u00a0<\/strong><\/div>\n<ul>\n<li>\n<div class=\"paragraph translation-block\"><strong>Naturalne Oczyszczanie Wody<\/strong>: wyposa\u017cony w ekologiczne systemy filtracyjne na\u015bladuj\u0105ce naturalne procesy oczyszczania wody.<\/div>\n<\/li>\n<\/ul>\n<\/li>\n<li>\n<div class=\"paragraph\"><strong>Wbudowane paski \u015bwietlne LED\u00a0<\/strong><\/div>\n<ul>\n<li>\n<div class=\"paragraph translation-block\"><strong>O\u015bwietlenie konfigurowalne<\/strong>: Wyposa\u017cone w wbudowane paski LED, aby poprawi\u0107 atrakcyjno\u015b\u0107 wizualn\u0105 akwarium.<\/div>\n<\/li>\n<\/ul>\n<\/li>\n<\/ol>\n<h4 class=\"\"><strong class=\"\">Specyfikacja produktu\u00a0<\/strong><\/h4>\n<ul>\n<li>\n<div class=\"paragraph\"><strong>Wymiary<\/strong>: 37.8cm x 18.8cm x 14.3cm<\/div>\n<\/li>\n<li>\n<div class=\"paragraph translation-block\"><strong>Materia\u0142<\/strong>: Akryl wysokiej rozdzielczo\u015bci<\/div>\n<\/li>\n<li>\n<div class=\"paragraph translation-block\"><strong>Filtracja<\/strong>: Podw\u00f3jny system filtracji<\/div>\n<\/li>\n<li>\n<div class=\"paragraph translation-block\"><strong>O\u015bwietlenie<\/strong>: Wbudowane paski LED<\/div>\n<\/li>\n<li>\n<div class=\"paragraph translation-block\"><strong>Ogrzewanie<\/strong>: Zintegrowana podk\u0142adka grzewcza<\/div>\n<\/li>\n<li>\n<div class=\"paragraph translation-block\"><strong>Projekt<\/strong>: Czterosekcyjna przegroda z wyjmowanymi \u015bciankami i niezale\u017cnymi otworami do karmienia<\/div>\n<\/li>\n<\/ul>\n<hr \/>\n<h4 class=\"\"><strong class=\"\">Korzy\u015bci\u00a0<\/strong><\/h4>\n<ul>\n<li>\n<div class=\"paragraph translation-block\"><strong>Wysoka przejrzysto\u015b\u0107 i trwa\u0142o\u015b\u0107<\/strong>: Wysokiej jako\u015bci akryl zapewnia przejrzyste i trwa\u0142e akwarium.<\/div>\n<\/li>\n<li>\n<div class=\"paragraph translation-block\"><strong>Elastyczna konfiguracja<\/strong>: Czterosekcyjna konstrukcja z wyjmowanymi przegrodami umo\u017cliwia r\u00f3\u017cnorodne opcje zakwaterowania.<\/div>\n<\/li>\n<li>\n<div class=\"paragraph translation-block\"><strong>Enhanced Water Quality<\/strong>: Dual filtration and eco-friendly filtration systems ensure a clean and healthy environment for your fish.<\/div>\n<\/li>\n<li>\n<div class=\"paragraph translation-block\"><strong>User-Friendly Design<\/strong>: Independent feeding ports and built-in LED lights make this aquarium easy to use and maintain.<\/div>\n<\/li>\n<li>\n<div class=\"paragraph translation-block\"><strong>Naturalne \u015brodowisko<\/strong>: Strefy kryj\u00f3wki i naturalne systemy filtracji zapewniaj\u0105 rybom bezstresowe warunki \u017cycia.<\/div>\n<\/li>\n<\/ul>","protected":false},"excerpt":{"rendered":"<p>Product Features\u00a0 High-Definition Acrylic Material\u00a0 Superior Clarity: Made from high-quality acrylic, providing exceptional transparency and durability. This ensures a clear and vibrant view of your fish. Dual Filtration System\u00a0 Enhanced Water Quality: Equipped with a dual filtration system to maintain optimal water quality and cleanliness. Four-Section Design\u00a0 Separate Compartments: The aquarium is divided into four&#8230;<\/p>","protected":false},"featured_media":233,"template":"","meta":{"_kad_post_transparent":"default","_kad_post_title":"","_kad_post_layout":"default","_kad_post_sidebar_id":"","_kad_post_content_style":"default","_kad_post_vertical_padding":"default","_kad_post_feature":"","_kad_post_feature_position":"","_kad_post_header":false,"_kad_post_footer":false},"product_brand":[],"product_cat":[15],"product_tag":[39],"class_list":{"0":"post-232","1":"product","2":"type-product","3":"status-publish","4":"has-post-thumbnail","6":"product_cat-betta-fish-tank","7":"product_tag-betta-fish-tank","9":"first","10":"instock","11":"shipping-taxable","12":"product-type-simple","13":"entry","14":"content-bg","15":"loop-entry"},"jetpack_sharing_enabled":true,"_links":{"self":[{"href":"https:\/\/bfefishtank.com\/pl\/wp-json\/wp\/v2\/product\/232","targetHints":{"allow":["GET"]}}],"collection":[{"href":"https:\/\/bfefishtank.com\/pl\/wp-json\/wp\/v2\/product"}],"about":[{"href":"https:\/\/bfefishtank.com\/pl\/wp-json\/wp\/v2\/types\/product"}],"wp:featuredmedia":[{"embeddable":true,"href":"https:\/\/bfefishtank.com\/pl\/wp-json\/wp\/v2\/media\/233"}],"wp:attachment":[{"href":"https:\/\/bfefishtank.com\/pl\/wp-json\/wp\/v2\/media?parent=232"}],"wp:term":[{"taxonomy":"product_brand","embeddable":true,"href":"https:\/\/bfefishtank.com\/pl\/wp-json\/wp\/v2\/product_brand?post=232"},{"taxonomy":"product_cat","embeddable":true,"href":"https:\/\/bfefishtank.com\/pl\/wp-json\/wp\/v2\/product_cat?post=232"},{"taxonomy":"product_tag","embeddable":true,"href":"https:\/\/bfefishtank.com\/pl\/wp-json\/wp\/v2\/product_tag?post=232"}],"curies":[{"name":"wp","href":"https:\/\/api.w.org\/{rel}","templated":true}]}}