{"id":220,"date":"2025-03-09T11:30:30","date_gmt":"2025-03-09T03:30:30","guid":{"rendered":"https:\/\/bfefishtank.com\/?post_type=product&#038;p=220"},"modified":"2025-03-09T11:57:58","modified_gmt":"2025-03-09T03:57:58","slug":"glass-fish-tank-aquarium","status":"publish","type":"product","link":"https:\/\/bfefishtank.com\/pt\/products\/kf-rectangular-aquarium\/glass-fish-tank-aquarium\/","title":{"rendered":"Aqu\u00e1rio de vidro"},"content":{"rendered":"<div class=\"chat-content-container\" data-v-8d365a2c=\"\">\n<div class=\"chat-content-list\" data-v-8d365a2c=\"\">\n<div class=\"chat-content-item\" data-v-8d365a2c=\"\">\n<div class=\"segment segment-assistant\" data-v-3a203885=\"\" data-v-8d365a2c=\"\">\n<div class=\"segment-container\" data-v-3a203885=\"\">\n<div class=\"segment-content\" data-v-c0e72f48=\"\">\n<div class=\"segment-content-box\" data-v-c0e72f48=\"\">\n<div class=\"markdown-container\" data-v-dbe669ce=\"\" data-v-c0e72f48=\"\">\n<div class=\"markdown\" data-v-53cd9be5=\"\" data-v-dbe669ce=\"\">\n<h4 class=\"\"><strong class=\"\">Caracter\u00edsticas\u00a0<\/strong><\/h4>\n<ol start=\"1\">\n<li>\n<div class=\"paragraph\"><strong>Vidro de alta transpar\u00eancia\u00a0<\/strong><\/div>\n<ul>\n<li>\n<div class=\"paragraph translation-block\"><strong>Clareza Superior<\/strong>: Feito com vidro ultra-transparente, proporciona excelente transmiss\u00e3o de luz e visualiza\u00e7\u00e3o sem distor\u00e7\u00f5es.<\/div>\n<\/li>\n<\/ul>\n<\/li>\n<li>\n<div class=\"paragraph\"><strong>Design de vidro em \u00e2ngulo reto\u00a0<\/strong><\/div>\n<ul>\n<li>\n<div class=\"paragraph translation-block\"><strong>Arestas definidas<\/strong>: Vidro cortado com precis\u00e3o em \u00e2ngulo reto garante um visual moderno e sofisticado, perfeito para qualquer ambiente.<\/div>\n<\/li>\n<\/ul>\n<\/li>\n<li>\n<div class=\"paragraph\"><strong class=\"\">Selado e \u00e0 prova d\u2019\u00e1gua\u00a0<\/strong><\/div>\n<ul>\n<li>\n<div class=\"paragraph translation-block\">Veda\u00e7\u00e3o \u00e0 prova de vazamentos: Selado profissionalmente com silicone de alta qualidade para garantir durabilidade e impermeabilidade.<\/div>\n<\/li>\n<\/ul>\n<\/li>\n<li>\n<div class=\"paragraph\"><strong>Distribui\u00e7\u00e3o equilibrada do peso\u00a0<\/strong><\/div>\n<ul>\n<li>\n<div class=\"paragraph translation-block\"><strong>Estrutura Est\u00e1vel<\/strong>: Projetada com distribui\u00e7\u00e3o equilibrada de peso para garantir estabilidade, mesmo com decora\u00e7\u00f5es pesadas ou peixes grandes<\/div>\n<\/li>\n<\/ul>\n<\/li>\n<li>\n<div class=\"paragraph\"><strong>Acabamento de bordas preciso\u00a0<\/strong><\/div>\n<ul>\n<li>\n<div class=\"paragraph translation-block\"><strong>Bordas suaves<\/strong>: Bordas retificadas com precis\u00e3o para seguran\u00e7a e apar\u00eancia refinada, evitando cantos afiados.<\/div>\n<\/li>\n<\/ul>\n<\/li>\n<li>\n<div class=\"paragraph\"><strong>Luzes LED de alta luminosidade e \u00e0 prova d\u2019\u00e1gua\u00a0<\/strong><\/div>\n<ul>\n<li>\n<div class=\"paragraph translation-block\"><strong>Ilumina\u00e7\u00e3o com efici\u00eancia energ\u00e9tica<\/strong>: Luzes LED de alta luminosidade e \u00e0 prova d\u2019\u00e1gua, garantindo desempenho duradouro e opera\u00e7\u00e3o segura.<\/div>\n<\/li>\n<\/ul>\n<\/li>\n<li>\n<div class=\"paragraph\"><strong>Sistema de filtra\u00e7\u00e3o com recircula\u00e7\u00e3o autom\u00e1tica\u00a0<\/strong><\/div>\n<ul>\n<li>\n<div class=\"paragraph translation-block\"><strong class=\"\">Sem manuten\u00e7\u00e3o<\/strong>: Equipado com um sistema de filtra\u00e7\u00e3o com recircula\u00e7\u00e3o autom\u00e1tica que mant\u00e9m a qualidade da \u00e1gua e reduz a necessidade de manuten\u00e7\u00e3o frequente.<\/div>\n<\/li>\n<\/ul>\n<\/li>\n<li>\n<div class=\"paragraph\"><strong>Sem troca de \u00e1gua durante todo o ano\u00a0<\/strong><\/div>\n<ul>\n<li>\n<div class=\"paragraph translation-block\"><strong>Manuten\u00e7\u00e3o conveniente<\/strong>: Projetado para manter a qualidade da \u00e1gua por um ano inteiro, ideal para rotinas agitadas e uma experi\u00eancia sem complica\u00e7\u00f5es com aqu\u00e1rios.<\/div>\n<\/li>\n<\/ul>\n<\/li>\n<\/ol>\n<h4 class=\"\"><strong>Benef\u00edcios\u00a0<\/strong><\/h4>\n<ul>\n<li>\n<div class=\"paragraph translation-block\"><strong class=\"\">Clareza superior<\/strong>: O vidro de alta transpar\u00eancia garante uma vis\u00e3o clara e vibrante dos seus animais aqu\u00e1ticos.<\/div>\n<\/li>\n<li>\n<div class=\"paragraph translation-block\"><strong>Design moderno<\/strong>: O design em vidro com \u00e2ngulos retos adiciona um toque contempor\u00e2neo a qualquer ambiente.<\/div>\n<\/li>\n<li>\n<div class=\"paragraph translation-block\"><strong>Durabilidade<\/strong>: Veda\u00e7\u00e3o profissional e distribui\u00e7\u00e3o equilibrada de peso garantem uso prolongado e estabilidade.<\/div>\n<\/li>\n<li>\n<div class=\"paragraph translation-block\"><strong>Seguran\u00e7a<\/strong>: As bordas com acabamento de precis\u00e3o e as luzes LED \u00e0 prova d'\u00e1gua tornam este aqu\u00e1rio seguro para animais de estima\u00e7\u00e3o e usu\u00e1rios.<\/div>\n<\/li>\n<li>\n<div class=\"paragraph translation-block\"><strong>Baixa manuten\u00e7\u00e3o<\/strong>: O sistema de filtra\u00e7\u00e3o com auto-circula\u00e7\u00e3o e o recurso sem troca de \u00e1gua durante todo o ano tornam o aqu\u00e1rio f\u00e1cil de manter, mesmo para iniciantes.<\/div>\n<\/li>\n<li>\n<div class=\"paragraph translation-block\"><strong class=\"\">Efici\u00eancia energ\u00e9tica<\/strong>: As luzes LED de alto brilho oferecem ilumina\u00e7\u00e3o intensa com economia de energia.<\/div>\n<\/li>\n<\/ul>\n<\/div>\n<\/div>\n<\/div>\n<div class=\"segment-assistant-actions\" data-v-4292d3a2=\"\">\n<div class=\"segment-assistant-actions-content\" data-v-4292d3a2=\"\">\n<div class=\"segment-actions-content-btn\" data-v-a65fb058=\"\" data-v-4292d3a2=\"\"><\/div>\n<\/div>\n<div class=\"segment-assistant-actions-content\" data-v-4292d3a2=\"\">\n<div class=\"segment-actions-content-btn\" data-v-fb002fe5=\"\"><\/div>\n<\/div>\n<\/div>\n<\/div>\n<\/div>\n<\/div>\n<\/div>\n<\/div>\n<\/div>","protected":false},"excerpt":{"rendered":"<p>Features\u00a0 High-Transparency Glass\u00a0 Superior Clarity: Made from ultra-clear glass, providing exceptional light transmittance and a distortion-free viewing experience. Right-Angle Glass Design\u00a0 Sharp Edges: Precision-cut right-angle glass ensures a modern and sleek appearance, perfect for any setting. Sealed and Waterproof\u00a0 Professional Sealing: Professionally sealed with high-quality silicone to ensure complete waterproofing and durability. Balanced Weight Distribution\u00a0&#8230;<\/p>","protected":false},"featured_media":221,"template":"","meta":{"_kad_post_transparent":"default","_kad_post_title":"","_kad_post_layout":"default","_kad_post_sidebar_id":"","_kad_post_content_style":"default","_kad_post_vertical_padding":"default","_kad_post_feature":"","_kad_post_feature_position":"","_kad_post_header":false,"_kad_post_footer":false},"product_brand":[],"product_cat":[26],"product_tag":[36],"class_list":{"0":"post-220","1":"product","2":"type-product","3":"status-publish","4":"has-post-thumbnail","6":"product_cat-kf-rectangular-aquarium","7":"product_tag-glass-fish-tank-aquarium","9":"first","10":"instock","11":"shipping-taxable","12":"product-type-simple","13":"entry","14":"content-bg","15":"loop-entry"},"jetpack_sharing_enabled":true,"_links":{"self":[{"href":"https:\/\/bfefishtank.com\/pt\/wp-json\/wp\/v2\/product\/220","targetHints":{"allow":["GET"]}}],"collection":[{"href":"https:\/\/bfefishtank.com\/pt\/wp-json\/wp\/v2\/product"}],"about":[{"href":"https:\/\/bfefishtank.com\/pt\/wp-json\/wp\/v2\/types\/product"}],"wp:featuredmedia":[{"embeddable":true,"href":"https:\/\/bfefishtank.com\/pt\/wp-json\/wp\/v2\/media\/221"}],"wp:attachment":[{"href":"https:\/\/bfefishtank.com\/pt\/wp-json\/wp\/v2\/media?parent=220"}],"wp:term":[{"taxonomy":"product_brand","embeddable":true,"href":"https:\/\/bfefishtank.com\/pt\/wp-json\/wp\/v2\/product_brand?post=220"},{"taxonomy":"product_cat","embeddable":true,"href":"https:\/\/bfefishtank.com\/pt\/wp-json\/wp\/v2\/product_cat?post=220"},{"taxonomy":"product_tag","embeddable":true,"href":"https:\/\/bfefishtank.com\/pt\/wp-json\/wp\/v2\/product_tag?post=220"}],"curies":[{"name":"wp","href":"https:\/\/api.w.org\/{rel}","templated":true}]}}