{"id":232,"date":"2025-03-09T17:05:27","date_gmt":"2025-03-09T09:05:27","guid":{"rendered":"https:\/\/bfefishtank.com\/?post_type=product&#038;p=232"},"modified":"2025-03-09T17:05:27","modified_gmt":"2025-03-09T09:05:27","slug":"betta-fish-tank","status":"publish","type":"product","link":"https:\/\/bfefishtank.com\/pt\/products\/betta-fish-tank\/betta-fish-tank\/","title":{"rendered":"Aqu\u00e1rio para peixe Betta"},"content":{"rendered":"<h4 class=\"\"><strong class=\"\">Caracter\u00edsticas do Produto\u00a0<\/strong><\/h4>\n<ol start=\"1\">\n<li>\n<div class=\"paragraph\"><strong>Material acr\u00edlico de alta defini\u00e7\u00e3o\u00a0<\/strong><\/div>\n<ul>\n<li>\n<div class=\"paragraph translation-block\"><strong>Clareza Superior<\/strong>: Feito com acr\u00edlico de alta qualidade, proporciona transpar\u00eancia e durabilidade excepcionais. Garante uma vis\u00e3o clara e vibrante dos seus peixes.<\/div>\n<\/li>\n<\/ul>\n<\/li>\n<li>\n<div class=\"paragraph\"><strong>Sistema de Filtragem Duplo\u00a0<\/strong><\/div>\n<ul>\n<li>\n<div class=\"paragraph translation-block\"><strong>Qualidade da \u00c1gua Aprimorada<\/strong>: Equipado com um sistema de filtragem duplo para manter a qualidade ideal da \u00e1gua e a limpeza.<\/div>\n<\/li>\n<\/ul>\n<\/li>\n<li>\n<div class=\"paragraph\"><strong>Design de quatro se\u00e7\u00f5es\u00a0<\/strong><\/div>\n<ul>\n<li>\n<div class=\"paragraph translation-block\"><strong>Compartimentos separados<\/strong>: O aqu\u00e1rio \u00e9 dividido em quatro se\u00e7\u00f5es, permitindo abrigar com seguran\u00e7a v\u00e1rios peixes ou esp\u00e9cies diferentes.<\/div>\n<\/li>\n<\/ul>\n<\/li>\n<li>\n<div class=\"paragraph\"><strong class=\"\">Portas de alimenta\u00e7\u00e3o independentes\u00a0<\/strong><\/div>\n<ul>\n<li>\n<div class=\"paragraph translation-block\"><strong>Alimenta\u00e7\u00e3o conveniente<\/strong>: Cada compartimento possui sua pr\u00f3pria abertura de alimenta\u00e7\u00e3o para uma alimenta\u00e7\u00e3o f\u00e1cil e precisa dos peixes.<\/div>\n<\/li>\n<\/ul>\n<\/li>\n<li>\n<div class=\"paragraph\"><strong>Divis\u00f3rias remov\u00edveis\u00a0<\/strong><\/div>\n<ul>\n<li>\n<div class=\"paragraph translation-block\"><strong>Configura\u00e7\u00e3o flex\u00edvel<\/strong>: As divis\u00f3rias podem ser facilmente removidas ou reposicionadas conforme necess\u00e1rio.<\/div>\n<\/li>\n<\/ul>\n<\/li>\n<li>\n<div class=\"paragraph\"><strong>Design de almofada de aquecimento\u00a0<\/strong><\/div>\n<ul>\n<li>\n<div class=\"paragraph translation-block\"><strong>Controle de Temperatura<\/strong>: A almofada de aquecimento embutida garante um ambiente quente e est\u00e1vel para seus peixes.<\/div>\n<\/li>\n<\/ul>\n<\/li>\n<li>\n<div class=\"paragraph\"><strong class=\"\">Zonas de esconderijo\u00a0<\/strong><\/div>\n<ul>\n<li>\n<div class=\"paragraph translation-block\"><strong class=\"\">Espa\u00e7os Seguros<\/strong>: Projetado com zonas de esconderijo para oferecer um ambiente natural e sem estresse para seus peixes.<\/div>\n<\/li>\n<\/ul>\n<\/li>\n<li>\n<div class=\"paragraph\"><strong>Filtra\u00e7\u00e3o Ecol\u00f3gica e Filtra\u00e7\u00e3o de P\u00e2ntano\u00a0<\/strong><\/div>\n<ul>\n<li>\n<div class=\"paragraph translation-block\"><strong>Purifica\u00e7\u00e3o Natural da \u00c1gua<\/strong>: possui sistemas de filtra\u00e7\u00e3o ecol\u00f3gicos que imitam os processos naturais de purifica\u00e7\u00e3o da \u00e1gua.<\/div>\n<\/li>\n<\/ul>\n<\/li>\n<li>\n<div class=\"paragraph\"><strong>Tiras de Luz LED Embutidas\u00a0<\/strong><\/div>\n<ul>\n<li>\n<div class=\"paragraph translation-block\"><strong>Ilumina\u00e7\u00e3o Personaliz\u00e1vel<\/strong>: Equipado com tiras de LED embutidas para real\u00e7ar o apelo visual do seu aqu\u00e1rio.<\/div>\n<\/li>\n<\/ul>\n<\/li>\n<\/ol>\n<h4 class=\"\"><strong class=\"\">Especifica\u00e7\u00f5es do Produto\u00a0<\/strong><\/h4>\n<ul>\n<li>\n<div class=\"paragraph\"><strong>Dimens\u00f5es<\/strong>: 37.8cm x 18.8cm x 14.3cm<\/div>\n<\/li>\n<li>\n<div class=\"paragraph translation-block\"><strong>Material<\/strong>: Acr\u00edlico de alta defini\u00e7\u00e3o<\/div>\n<\/li>\n<li>\n<div class=\"paragraph translation-block\"><strong>Filtra\u00e7\u00e3o<\/strong>: Sistema de filtra\u00e7\u00e3o dupla<\/div>\n<\/li>\n<li>\n<div class=\"paragraph translation-block\"><strong>Ilumina\u00e7\u00e3o<\/strong>: Tiras de luz LED embutidas<\/div>\n<\/li>\n<li>\n<div class=\"paragraph translation-block\"><strong>Aquecimento<\/strong>: Almofada t\u00e9rmica integrada<\/div>\n<\/li>\n<li>\n<div class=\"paragraph translation-block\"><strong>Design<\/strong>: Divis\u00e3o em quatro se\u00e7\u00f5es com divis\u00f3rias remov\u00edveis e portos de alimenta\u00e7\u00e3o independentes<\/div>\n<\/li>\n<\/ul>\n<hr \/>\n<h4 class=\"\"><strong class=\"\">Benef\u00edcios\u00a0<\/strong><\/h4>\n<ul>\n<li>\n<div class=\"paragraph translation-block\"><strong>Alta Clareza e Durabilidade<\/strong>: O material acr\u00edlico de alta defini\u00e7\u00e3o garante um aqu\u00e1rio claro e dur\u00e1vel.<\/div>\n<\/li>\n<li>\n<div class=\"paragraph translation-block\"><strong>Configura\u00e7\u00e3o Flex\u00edvel<\/strong>: O design de quatro se\u00e7\u00f5es com divis\u00f3rias remov\u00edveis permite op\u00e7\u00f5es vers\u00e1teis de alojamento.<\/div>\n<\/li>\n<li>\n<div class=\"paragraph translation-block\"><strong>Enhanced Water Quality<\/strong>: Dual filtration and eco-friendly filtration systems ensure a clean and healthy environment for your fish.<\/div>\n<\/li>\n<li>\n<div class=\"paragraph translation-block\"><strong>User-Friendly Design<\/strong>: Independent feeding ports and built-in LED lights make this aquarium easy to use and maintain.<\/div>\n<\/li>\n<li>\n<div class=\"paragraph translation-block\"><strong>Ambiente Natural<\/strong>: Zonas de esconderijo e sistemas de filtragem naturais proporcionam um ambiente sem estresse para os peixes.<\/div>\n<\/li>\n<\/ul>","protected":false},"excerpt":{"rendered":"<p>Product Features\u00a0 High-Definition Acrylic Material\u00a0 Superior Clarity: Made from high-quality acrylic, providing exceptional transparency and durability. This ensures a clear and vibrant view of your fish. Dual Filtration System\u00a0 Enhanced Water Quality: Equipped with a dual filtration system to maintain optimal water quality and cleanliness. Four-Section Design\u00a0 Separate Compartments: The aquarium is divided into four&#8230;<\/p>","protected":false},"featured_media":233,"template":"","meta":{"_kad_post_transparent":"default","_kad_post_title":"","_kad_post_layout":"default","_kad_post_sidebar_id":"","_kad_post_content_style":"default","_kad_post_vertical_padding":"default","_kad_post_feature":"","_kad_post_feature_position":"","_kad_post_header":false,"_kad_post_footer":false},"product_brand":[],"product_cat":[15],"product_tag":[39],"class_list":{"0":"post-232","1":"product","2":"type-product","3":"status-publish","4":"has-post-thumbnail","6":"product_cat-betta-fish-tank","7":"product_tag-betta-fish-tank","9":"first","10":"instock","11":"shipping-taxable","12":"product-type-simple","13":"entry","14":"content-bg","15":"loop-entry"},"jetpack_sharing_enabled":true,"_links":{"self":[{"href":"https:\/\/bfefishtank.com\/pt\/wp-json\/wp\/v2\/product\/232","targetHints":{"allow":["GET"]}}],"collection":[{"href":"https:\/\/bfefishtank.com\/pt\/wp-json\/wp\/v2\/product"}],"about":[{"href":"https:\/\/bfefishtank.com\/pt\/wp-json\/wp\/v2\/types\/product"}],"wp:featuredmedia":[{"embeddable":true,"href":"https:\/\/bfefishtank.com\/pt\/wp-json\/wp\/v2\/media\/233"}],"wp:attachment":[{"href":"https:\/\/bfefishtank.com\/pt\/wp-json\/wp\/v2\/media?parent=232"}],"wp:term":[{"taxonomy":"product_brand","embeddable":true,"href":"https:\/\/bfefishtank.com\/pt\/wp-json\/wp\/v2\/product_brand?post=232"},{"taxonomy":"product_cat","embeddable":true,"href":"https:\/\/bfefishtank.com\/pt\/wp-json\/wp\/v2\/product_cat?post=232"},{"taxonomy":"product_tag","embeddable":true,"href":"https:\/\/bfefishtank.com\/pt\/wp-json\/wp\/v2\/product_tag?post=232"}],"curies":[{"name":"wp","href":"https:\/\/api.w.org\/{rel}","templated":true}]}}