{"id":220,"date":"2025-03-09T11:30:30","date_gmt":"2025-03-09T03:30:30","guid":{"rendered":"https:\/\/bfefishtank.com\/?post_type=product&#038;p=220"},"modified":"2025-03-09T11:57:58","modified_gmt":"2025-03-09T03:57:58","slug":"glass-fish-tank-aquarium","status":"publish","type":"product","link":"https:\/\/bfefishtank.com\/ro\/products\/kf-rectangular-aquarium\/glass-fish-tank-aquarium\/","title":{"rendered":"Acvariu din sticl\u0103"},"content":{"rendered":"<div class=\"chat-content-container\" data-v-8d365a2c=\"\">\n<div class=\"chat-content-list\" data-v-8d365a2c=\"\">\n<div class=\"chat-content-item\" data-v-8d365a2c=\"\">\n<div class=\"segment segment-assistant\" data-v-3a203885=\"\" data-v-8d365a2c=\"\">\n<div class=\"segment-container\" data-v-3a203885=\"\">\n<div class=\"segment-content\" data-v-c0e72f48=\"\">\n<div class=\"segment-content-box\" data-v-c0e72f48=\"\">\n<div class=\"markdown-container\" data-v-dbe669ce=\"\" data-v-c0e72f48=\"\">\n<div class=\"markdown\" data-v-53cd9be5=\"\" data-v-dbe669ce=\"\">\n<h4 class=\"\"><strong class=\"\">Caracteristici\u00a0<\/strong><\/h4>\n<ol start=\"1\">\n<li>\n<div class=\"paragraph\"><strong>Sticl\u0103 cu transparen\u021b\u0103 ridicat\u0103\u00a0<\/strong><\/div>\n<ul>\n<li>\n<div class=\"paragraph translation-block\"><strong>Claritate superioar\u0103<\/strong>: Fabricat din sticl\u0103 ultra-transparent\u0103, ofer\u0103 o transmitere excep\u021bional\u0103 a luminii \u0219i o vizualizare f\u0103r\u0103 distorsiuni.<\/div>\n<\/li>\n<\/ul>\n<\/li>\n<li>\n<div class=\"paragraph\"><strong>Design din sticl\u0103 cu unghi drept\u00a0<\/strong><\/div>\n<ul>\n<li>\n<div class=\"paragraph translation-block\"><strong>Margini ascu\u021bite<\/strong>: Sticla t\u0103iat\u0103 cu precizie la unghi drept ofer\u0103 un aspect modern \u0219i elegant, ideal pentru orice spa\u021biu.<\/div>\n<\/li>\n<\/ul>\n<\/li>\n<li>\n<div class=\"paragraph\"><strong class=\"\">Sigilat \u0219i rezistent la ap\u0103\u00a0<\/strong><\/div>\n<ul>\n<li>\n<div class=\"paragraph translation-block\">Etan\u0219are f\u0103r\u0103 scurgeri: Sigilat profesional cu silicon de \u00eenalt\u0103 calitate pentru durabilitate \u0219i impermeabilizare.<\/div>\n<\/li>\n<\/ul>\n<\/li>\n<li>\n<div class=\"paragraph\"><strong>Distribu\u021bie echilibrat\u0103 a greut\u0103\u021bii\u00a0<\/strong><\/div>\n<ul>\n<li>\n<div class=\"paragraph translation-block\"><strong>Structur\u0103 stabil\u0103<\/strong>: Proiectat\u0103 cu o distribu\u021bie echilibrat\u0103 a greut\u0103\u021bii pentru a asigura stabilitatea, chiar \u0219i cu decora\u021biuni grele sau pe\u0219ti mari.<\/div>\n<\/li>\n<\/ul>\n<\/li>\n<li>\n<div class=\"paragraph\"><strong>Margini prelucrate cu precizie\u00a0<\/strong><\/div>\n<ul>\n<li>\n<div class=\"paragraph translation-block\"><strong>Margini netede<\/strong>: Margini \u0219lefuite cu precizie pentru siguran\u021b\u0103 \u0219i un aspect rafinat, evit\u00e2nd col\u021burile ascu\u021bite.<\/div>\n<\/li>\n<\/ul>\n<\/li>\n<li>\n<div class=\"paragraph\"><strong>L\u0103mpi LED impermeabile cu luminozitate ridicat\u0103\u00a0<\/strong><\/div>\n<ul>\n<li>\n<div class=\"paragraph translation-block\"><strong>Iluminare eficient\u0103 energetic<\/strong>: L\u0103mpi LED impermeabile cu luminozitate ridicat\u0103, ce ofer\u0103 performan\u021b\u0103 durabil\u0103 \u0219i func\u021bionare sigur\u0103.<\/div>\n<\/li>\n<\/ul>\n<\/li>\n<li>\n<div class=\"paragraph\"><strong>Sistem de filtrare cu recirculare automat\u0103\u00a0<\/strong><\/div>\n<ul>\n<li>\n<div class=\"paragraph translation-block\"><strong class=\"\">F\u0103r\u0103 \u00eentre\u021binere<\/strong>: Echipat cu un sistem de filtrare cu recirculare automat\u0103 care men\u021bine calitatea apei \u0219i reduce nevoia de \u00eentre\u021binere frecvent\u0103.<\/div>\n<\/li>\n<\/ul>\n<\/li>\n<li>\n<div class=\"paragraph\"><strong>F\u0103r\u0103 schimb de ap\u0103 pe tot parcursul anului\u00a0<\/strong><\/div>\n<ul>\n<li>\n<div class=\"paragraph translation-block\"><strong>\u00centre\u021binere convenabil\u0103<\/strong>: Proiectat pentru a men\u021bine calitatea apei timp de un an \u00eentreg, ideal pentru un stil de via\u021b\u0103 ocupat \u0219i o experien\u021b\u0103 f\u0103r\u0103 griji cu acvariul.<\/div>\n<\/li>\n<\/ul>\n<\/li>\n<\/ol>\n<h4 class=\"\"><strong>Beneficii\u00a0<\/strong><\/h4>\n<ul>\n<li>\n<div class=\"paragraph translation-block\"><strong class=\"\">Claritate superioar\u0103<\/strong>: Sticla cu transparen\u021b\u0103 ridicat\u0103 ofer\u0103 o vedere clar\u0103 \u0219i vibrant\u0103 asupra animalelor acvatice.<\/div>\n<\/li>\n<li>\n<div class=\"paragraph translation-block\"><strong>Design modern<\/strong>: Designul din sticl\u0103 cu unghi drept adaug\u0103 o not\u0103 contemporan\u0103 oric\u0103rui spa\u021biu.<\/div>\n<\/li>\n<li>\n<div class=\"paragraph translation-block\"><strong>Durabilitate<\/strong>: Etan\u0219area profesional\u0103 \u0219i distribu\u021bia echilibrat\u0103 a greut\u0103\u021bii asigur\u0103 o utilizare \u00eendelungat\u0103 \u0219i stabilitate.<\/div>\n<\/li>\n<li>\n<div class=\"paragraph translation-block\"><strong>Siguran\u021b\u0103<\/strong>: Marginile \u0219lefuite cu precizie \u0219i luminile LED impermeabile fac acest acvariu sigur pentru animale \u0219i utilizatori.<\/div>\n<\/li>\n<li>\n<div class=\"paragraph translation-block\"><strong>\u00centre\u021binere redus\u0103<\/strong>: Sistemul de filtrare cu auto-circula\u021bie \u0219i func\u021bia de f\u0103r\u0103 schimb de ap\u0103 pe tot anul fac \u00eentre\u021binerea u\u0219oar\u0103 chiar \u0219i pentru \u00eencep\u0103tori.<\/div>\n<\/li>\n<li>\n<div class=\"paragraph translation-block\"><strong class=\"\">Eficien\u021b\u0103 energetic\u0103<\/strong>: Luminile LED cu luminozitate ridicat\u0103 ofer\u0103 o iluminare intens\u0103, economisind \u00een acela\u0219i timp energie.<\/div>\n<\/li>\n<\/ul>\n<\/div>\n<\/div>\n<\/div>\n<div class=\"segment-assistant-actions\" data-v-4292d3a2=\"\">\n<div class=\"segment-assistant-actions-content\" data-v-4292d3a2=\"\">\n<div class=\"segment-actions-content-btn\" data-v-a65fb058=\"\" data-v-4292d3a2=\"\"><\/div>\n<\/div>\n<div class=\"segment-assistant-actions-content\" data-v-4292d3a2=\"\">\n<div class=\"segment-actions-content-btn\" data-v-fb002fe5=\"\"><\/div>\n<\/div>\n<\/div>\n<\/div>\n<\/div>\n<\/div>\n<\/div>\n<\/div>\n<\/div>","protected":false},"excerpt":{"rendered":"<p>Features\u00a0 High-Transparency Glass\u00a0 Superior Clarity: Made from ultra-clear glass, providing exceptional light transmittance and a distortion-free viewing experience. Right-Angle Glass Design\u00a0 Sharp Edges: Precision-cut right-angle glass ensures a modern and sleek appearance, perfect for any setting. Sealed and Waterproof\u00a0 Professional Sealing: Professionally sealed with high-quality silicone to ensure complete waterproofing and durability. Balanced Weight Distribution\u00a0&#8230;<\/p>","protected":false},"featured_media":221,"template":"","meta":{"_kad_post_transparent":"default","_kad_post_title":"","_kad_post_layout":"default","_kad_post_sidebar_id":"","_kad_post_content_style":"default","_kad_post_vertical_padding":"default","_kad_post_feature":"","_kad_post_feature_position":"","_kad_post_header":false,"_kad_post_footer":false},"product_brand":[],"product_cat":[26],"product_tag":[36],"class_list":{"0":"post-220","1":"product","2":"type-product","3":"status-publish","4":"has-post-thumbnail","6":"product_cat-kf-rectangular-aquarium","7":"product_tag-glass-fish-tank-aquarium","9":"first","10":"instock","11":"shipping-taxable","12":"product-type-simple","13":"entry","14":"content-bg","15":"loop-entry"},"jetpack_sharing_enabled":true,"_links":{"self":[{"href":"https:\/\/bfefishtank.com\/ro\/wp-json\/wp\/v2\/product\/220","targetHints":{"allow":["GET"]}}],"collection":[{"href":"https:\/\/bfefishtank.com\/ro\/wp-json\/wp\/v2\/product"}],"about":[{"href":"https:\/\/bfefishtank.com\/ro\/wp-json\/wp\/v2\/types\/product"}],"wp:featuredmedia":[{"embeddable":true,"href":"https:\/\/bfefishtank.com\/ro\/wp-json\/wp\/v2\/media\/221"}],"wp:attachment":[{"href":"https:\/\/bfefishtank.com\/ro\/wp-json\/wp\/v2\/media?parent=220"}],"wp:term":[{"taxonomy":"product_brand","embeddable":true,"href":"https:\/\/bfefishtank.com\/ro\/wp-json\/wp\/v2\/product_brand?post=220"},{"taxonomy":"product_cat","embeddable":true,"href":"https:\/\/bfefishtank.com\/ro\/wp-json\/wp\/v2\/product_cat?post=220"},{"taxonomy":"product_tag","embeddable":true,"href":"https:\/\/bfefishtank.com\/ro\/wp-json\/wp\/v2\/product_tag?post=220"}],"curies":[{"name":"wp","href":"https:\/\/api.w.org\/{rel}","templated":true}]}}