{"id":232,"date":"2025-03-09T17:05:27","date_gmt":"2025-03-09T09:05:27","guid":{"rendered":"https:\/\/bfefishtank.com\/?post_type=product&#038;p=232"},"modified":"2025-03-09T17:05:27","modified_gmt":"2025-03-09T09:05:27","slug":"betta-fish-tank","status":"publish","type":"product","link":"https:\/\/bfefishtank.com\/ro\/products\/betta-fish-tank\/betta-fish-tank\/","title":{"rendered":"Acvariu pentru pe\u0219te Betta"},"content":{"rendered":"<h4 class=\"\"><strong class=\"\">Caracteristici ale produsului\u00a0<\/strong><\/h4>\n<ol start=\"1\">\n<li>\n<div class=\"paragraph\"><strong>Material acrilic de \u00eenalt\u0103 defini\u021bie\u00a0<\/strong><\/div>\n<ul>\n<li>\n<div class=\"paragraph translation-block\"><strong>Claritate superioar\u0103<\/strong>: Fabricat din acril de \u00eenalt\u0103 calitate, ofer\u0103 transparen\u021b\u0103 \u0219i durabilitate excep\u021bionale. Asigur\u0103 o vedere clar\u0103 \u0219i vibrant\u0103 asupra pe\u0219tilor t\u0103i.<\/div>\n<\/li>\n<\/ul>\n<\/li>\n<li>\n<div class=\"paragraph\"><strong>Sistem de filtrare dublu\u00a0<\/strong><\/div>\n<ul>\n<li>\n<div class=\"paragraph translation-block\"><strong>Calitate \u00eembun\u0103t\u0103\u021bit\u0103 a apei<\/strong>: Echipat cu un sistem dublu de filtrare pentru men\u021binerea calit\u0103\u021bii \u0219i cur\u0103\u021beniei optime a apei.<\/div>\n<\/li>\n<\/ul>\n<\/li>\n<li>\n<div class=\"paragraph\"><strong>Design \u00een patru sec\u021biuni\u00a0<\/strong><\/div>\n<ul>\n<li>\n<div class=\"paragraph translation-block\"><strong>Compartimente separate<\/strong>: Acvariul este \u00eemp\u0103r\u021bit \u00een patru sec\u021biuni, permi\u021b\u00e2nd ad\u0103postirea \u00een siguran\u021b\u0103 a mai multor pe\u0219ti sau specii diferite.<\/div>\n<\/li>\n<\/ul>\n<\/li>\n<li>\n<div class=\"paragraph\"><strong class=\"\">Orificii de hr\u0103nire independente\u00a0<\/strong><\/div>\n<ul>\n<li>\n<div class=\"paragraph translation-block\"><strong>Hr\u0103nire convenabil\u0103<\/strong>: Fiecare compartiment are propria deschidere pentru hr\u0103nire, facilit\u00e2nd o hr\u0103nire precis\u0103 \u0219i u\u0219oar\u0103 a pe\u0219tilor.<\/div>\n<\/li>\n<\/ul>\n<\/li>\n<li>\n<div class=\"paragraph\"><strong>Divizoare deta\u0219abile\u00a0<\/strong><\/div>\n<ul>\n<li>\n<div class=\"paragraph translation-block\"><strong>Configura\u021bie flexibil\u0103<\/strong>: Separatoarele pot fi \u00eendep\u0103rtate sau repozi\u021bionate cu u\u0219urin\u021b\u0103, \u00een func\u021bie de nevoile tale.<\/div>\n<\/li>\n<\/ul>\n<\/li>\n<li>\n<div class=\"paragraph\"><strong>Design pentru pern\u0103 de \u00eenc\u0103lzire\u00a0<\/strong><\/div>\n<ul>\n<li>\n<div class=\"paragraph translation-block\"><strong>Controlul temperaturii<\/strong>: Perna de \u00eenc\u0103lzire \u00eencorporat\u0103 asigur\u0103 un mediu cald \u0219i stabil pentru pe\u0219tii dumneavoastr\u0103.<\/div>\n<\/li>\n<\/ul>\n<\/li>\n<li>\n<div class=\"paragraph\"><strong class=\"\">Zone de ascunz\u0103toare\u00a0<\/strong><\/div>\n<ul>\n<li>\n<div class=\"paragraph translation-block\"><strong class=\"\">Spa\u021bii sigure<\/strong>: Proiectate cu zone de ascunz\u0103toare pentru a oferi un mediu natural \u0219i lipsit de stres pentru pe\u0219tii t\u0103i.<\/div>\n<\/li>\n<\/ul>\n<\/li>\n<li>\n<div class=\"paragraph\"><strong>Filtrare Ecologic\u0103 \u0219i Filtrare de Mla\u0219tin\u0103\u00a0<\/strong><\/div>\n<ul>\n<li>\n<div class=\"paragraph translation-block\"><strong>Purificare Natural\u0103 a Apei<\/strong>: are sisteme ecologice de filtrare care imit\u0103 procesele naturale de purificare a apei.<\/div>\n<\/li>\n<\/ul>\n<\/li>\n<li>\n<div class=\"paragraph\"><strong>Benzi luminoase LED \u00eencorporate\u00a0<\/strong><\/div>\n<ul>\n<li>\n<div class=\"paragraph translation-block\"><strong>Iluminare personalizabil\u0103<\/strong>: Echipat cu benzi LED \u00eencorporate pentru a \u00eembun\u0103t\u0103\u021bi aspectul vizual al acvariului.<\/div>\n<\/li>\n<\/ul>\n<\/li>\n<\/ol>\n<h4 class=\"\"><strong class=\"\">Specifica\u021bii produs\u00a0<\/strong><\/h4>\n<ul>\n<li>\n<div class=\"paragraph\"><strong>Dimensiuni<\/strong>: 37.8cm x 18.8cm x 14.3cm<\/div>\n<\/li>\n<li>\n<div class=\"paragraph translation-block\"><strong>Material<\/strong>: Acril de \u00eenalt\u0103 defini\u021bie<\/div>\n<\/li>\n<li>\n<div class=\"paragraph translation-block\"><strong>Filtrare<\/strong>: Sistem de filtrare dublu<\/div>\n<\/li>\n<li>\n<div class=\"paragraph translation-block\"><strong>Iluminare<\/strong>: Benzi LED \u00eencorporate<\/div>\n<\/li>\n<li>\n<div class=\"paragraph translation-block\"><strong>\u00cenc\u0103lzire<\/strong>: Pern\u0103 de \u00eenc\u0103lzire integrat\u0103<\/div>\n<\/li>\n<li>\n<div class=\"paragraph translation-block\"><strong>Design<\/strong>: Compartimentare \u00een patru sec\u021biuni cu desp\u0103r\u021bitoare deta\u0219abile \u0219i orificii de hr\u0103nire independente<\/div>\n<\/li>\n<\/ul>\n<hr \/>\n<h4 class=\"\"><strong class=\"\">Beneficii\u00a0<\/strong><\/h4>\n<ul>\n<li>\n<div class=\"paragraph translation-block\"><strong>Claritate \u0219i durabilitate ridicate<\/strong>: Materialul acrilic de \u00eenalt\u0103 defini\u021bie asigur\u0103 un acvariu clar \u0219i rezistent.<\/div>\n<\/li>\n<li>\n<div class=\"paragraph translation-block\"><strong>Configura\u021bie flexibil\u0103<\/strong>: Designul cu patru sec\u021biuni \u0219i desp\u0103r\u021bitoare deta\u0219abile permite op\u021biuni versatile de cazare.<\/div>\n<\/li>\n<li>\n<div class=\"paragraph translation-block\"><strong>Enhanced Water Quality<\/strong>: Dual filtration and eco-friendly filtration systems ensure a clean and healthy environment for your fish.<\/div>\n<\/li>\n<li>\n<div class=\"paragraph translation-block\"><strong>User-Friendly Design<\/strong>: Independent feeding ports and built-in LED lights make this aquarium easy to use and maintain.<\/div>\n<\/li>\n<li>\n<div class=\"paragraph translation-block\"><strong>Mediu natural<\/strong>: Zonele de ascunz\u0103toare \u0219i sistemele naturale de filtrare ofer\u0103 un mediu f\u0103r\u0103 stres pentru pe\u0219tii t\u0103i.<\/div>\n<\/li>\n<\/ul>","protected":false},"excerpt":{"rendered":"<p>Product Features\u00a0 High-Definition Acrylic Material\u00a0 Superior Clarity: Made from high-quality acrylic, providing exceptional transparency and durability. This ensures a clear and vibrant view of your fish. Dual Filtration System\u00a0 Enhanced Water Quality: Equipped with a dual filtration system to maintain optimal water quality and cleanliness. Four-Section Design\u00a0 Separate Compartments: The aquarium is divided into four&#8230;<\/p>","protected":false},"featured_media":233,"template":"","meta":{"_kad_post_transparent":"default","_kad_post_title":"","_kad_post_layout":"default","_kad_post_sidebar_id":"","_kad_post_content_style":"default","_kad_post_vertical_padding":"default","_kad_post_feature":"","_kad_post_feature_position":"","_kad_post_header":false,"_kad_post_footer":false},"product_brand":[],"product_cat":[15],"product_tag":[39],"class_list":{"0":"post-232","1":"product","2":"type-product","3":"status-publish","4":"has-post-thumbnail","6":"product_cat-betta-fish-tank","7":"product_tag-betta-fish-tank","9":"first","10":"instock","11":"shipping-taxable","12":"product-type-simple","13":"entry","14":"content-bg","15":"loop-entry"},"jetpack_sharing_enabled":true,"_links":{"self":[{"href":"https:\/\/bfefishtank.com\/ro\/wp-json\/wp\/v2\/product\/232","targetHints":{"allow":["GET"]}}],"collection":[{"href":"https:\/\/bfefishtank.com\/ro\/wp-json\/wp\/v2\/product"}],"about":[{"href":"https:\/\/bfefishtank.com\/ro\/wp-json\/wp\/v2\/types\/product"}],"wp:featuredmedia":[{"embeddable":true,"href":"https:\/\/bfefishtank.com\/ro\/wp-json\/wp\/v2\/media\/233"}],"wp:attachment":[{"href":"https:\/\/bfefishtank.com\/ro\/wp-json\/wp\/v2\/media?parent=232"}],"wp:term":[{"taxonomy":"product_brand","embeddable":true,"href":"https:\/\/bfefishtank.com\/ro\/wp-json\/wp\/v2\/product_brand?post=232"},{"taxonomy":"product_cat","embeddable":true,"href":"https:\/\/bfefishtank.com\/ro\/wp-json\/wp\/v2\/product_cat?post=232"},{"taxonomy":"product_tag","embeddable":true,"href":"https:\/\/bfefishtank.com\/ro\/wp-json\/wp\/v2\/product_tag?post=232"}],"curies":[{"name":"wp","href":"https:\/\/api.w.org\/{rel}","templated":true}]}}