{"id":433,"date":"2025-04-23T20:37:30","date_gmt":"2025-04-23T12:37:30","guid":{"rendered":"https:\/\/bfefishtank.com\/?post_type=product&#038;p=433"},"modified":"2025-04-23T20:37:31","modified_gmt":"2025-04-23T12:37:31","slug":"1-5-gallon-fish-tank","status":"publish","type":"product","link":"https:\/\/bfefishtank.com\/ro\/products\/betta-fish-tank\/1-5-gallon-fish-tank\/","title":{"rendered":"Acvariu de 1,5 galoane"},"content":{"rendered":"<p class=\"\" data-start=\"50\" data-end=\"338\">\u3010Sistem de Filtrare Puternic\u3011\nProiectat cu o camer\u0103 de filtrare larg\u0103 \u0219i ad\u00e2nc\u0103 pentru a sus\u021bine mai mult material filtrant, acest acvariu m\u0103re\u0219te suprafa\u021ba de filtrare \u0219i \u00eembun\u0103t\u0103\u021be\u0219te claritatea apei. Stratul superior con\u021bine un filtru de burete deta\u0219abil, u\u0219or de cur\u0103\u021bat \u0219i reutilizabil, oferind performan\u021b\u0103 pe termen lung.<\/p>\n<p class=\"\" data-start=\"340\" data-end=\"545\">\u3010Iluminare LED Personalizabil\u0103\u3011\nInclude iluminare LED integrat\u0103 cu 7 culori vibrante. Schimb\u0103 culorile cu u\u0219urin\u021b\u0103 folosind butonul rotativ \u2013 potrivite st\u0103rii tale sau decorului camerei.<\/p>\n<p class=\"\" data-start=\"547\" data-end=\"758\">\u3010Afi\u0219aj de Temperatur\u0103 Integrat\u3011Monitorizeaz\u0103 mediul din acvariu cu un afi\u0219aj clar \u0219i integrat al temperaturii apei, amplasat \u00een partea superioar\u0103. Verificare rapid\u0103 pentru s\u0103n\u0103tatea pe\u0219tilor.<\/p>\n<p class=\"\" data-start=\"760\" data-end=\"1020\">\u3010Detalii de Design Inteligent\u3011Orificiul de evacuare a apei, special proiectat, reduce zgomotul de curgere, iar sonda de temperatur\u0103 detecteaz\u0103 precis temperatura apei. Pompa submersibil\u0103 eficient\u0103 energetic func\u021bioneaz\u0103 silen\u021bios, oferind un mediu lini\u0219tit pentru tine \u0219i pe\u0219tii t\u0103i.<\/p>\n<p class=\"\" data-start=\"1022\" data-end=\"1244\">\u3010Experien\u021b\u0103 Vizual\u0103 Clar\u0103 ca Cristalul\u3011Confec\u021bionat din sticl\u0103 transparent\u0103 de \u00eenalt\u0103 calitate, acest acvariu mic ofer\u0103 o transmisie excelent\u0103 a luminii \u0219i o vedere panoramic\u0103 complet\u0103, devenind un element central uimitor pentru casa sau biroul t\u0103u.<\/p>","protected":false},"excerpt":{"rendered":"<p>\u3010Powerful Filtration System\u3011Designed with a wide and deep filter chamber to hold more filter media, this aquarium enhances the filtration area for improved water clarity. The top layer features a removable sponge filter that\u2019s easy to clean and reusable, ensuring long-term performance. \ud83d\udc1f\u3010Customizable LED Lighting\u3011Includes built-in LED lighting with 7 vibrant color options. Easily switch&#8230;<\/p>","protected":false},"featured_media":434,"template":"","meta":{"_kad_post_transparent":"default","_kad_post_title":"","_kad_post_layout":"default","_kad_post_sidebar_id":"","_kad_post_content_style":"default","_kad_post_vertical_padding":"default","_kad_post_feature":"","_kad_post_feature_position":"","_kad_post_header":false,"_kad_post_footer":false},"product_brand":[],"product_cat":[15],"product_tag":[62],"class_list":{"0":"post-433","1":"product","2":"type-product","3":"status-publish","4":"has-post-thumbnail","6":"product_cat-betta-fish-tank","7":"product_tag-1-5-gallon-fish-tank","9":"first","10":"instock","11":"shipping-taxable","12":"product-type-simple","13":"entry","14":"content-bg","15":"loop-entry"},"jetpack_sharing_enabled":true,"_links":{"self":[{"href":"https:\/\/bfefishtank.com\/ro\/wp-json\/wp\/v2\/product\/433","targetHints":{"allow":["GET"]}}],"collection":[{"href":"https:\/\/bfefishtank.com\/ro\/wp-json\/wp\/v2\/product"}],"about":[{"href":"https:\/\/bfefishtank.com\/ro\/wp-json\/wp\/v2\/types\/product"}],"wp:featuredmedia":[{"embeddable":true,"href":"https:\/\/bfefishtank.com\/ro\/wp-json\/wp\/v2\/media\/434"}],"wp:attachment":[{"href":"https:\/\/bfefishtank.com\/ro\/wp-json\/wp\/v2\/media?parent=433"}],"wp:term":[{"taxonomy":"product_brand","embeddable":true,"href":"https:\/\/bfefishtank.com\/ro\/wp-json\/wp\/v2\/product_brand?post=433"},{"taxonomy":"product_cat","embeddable":true,"href":"https:\/\/bfefishtank.com\/ro\/wp-json\/wp\/v2\/product_cat?post=433"},{"taxonomy":"product_tag","embeddable":true,"href":"https:\/\/bfefishtank.com\/ro\/wp-json\/wp\/v2\/product_tag?post=433"}],"curies":[{"name":"wp","href":"https:\/\/api.w.org\/{rel}","templated":true}]}}