{"id":220,"date":"2025-03-09T11:30:30","date_gmt":"2025-03-09T03:30:30","guid":{"rendered":"https:\/\/bfefishtank.com\/?post_type=product&#038;p=220"},"modified":"2025-03-09T11:57:58","modified_gmt":"2025-03-09T03:57:58","slug":"glass-fish-tank-aquarium","status":"publish","type":"product","link":"https:\/\/bfefishtank.com\/sl\/products\/kf-rectangular-aquarium\/glass-fish-tank-aquarium\/","title":{"rendered":"Stekleni akvarij"},"content":{"rendered":"<div class=\"chat-content-container\" data-v-8d365a2c=\"\">\n<div class=\"chat-content-list\" data-v-8d365a2c=\"\">\n<div class=\"chat-content-item\" data-v-8d365a2c=\"\">\n<div class=\"segment segment-assistant\" data-v-3a203885=\"\" data-v-8d365a2c=\"\">\n<div class=\"segment-container\" data-v-3a203885=\"\">\n<div class=\"segment-content\" data-v-c0e72f48=\"\">\n<div class=\"segment-content-box\" data-v-c0e72f48=\"\">\n<div class=\"markdown-container\" data-v-dbe669ce=\"\" data-v-c0e72f48=\"\">\n<div class=\"markdown\" data-v-53cd9be5=\"\" data-v-dbe669ce=\"\">\n<h4 class=\"\"><strong class=\"\">Lastnosti\u00a0<\/strong><\/h4>\n<ol start=\"1\">\n<li>\n<div class=\"paragraph\"><strong>Steklo z visoko prosojnostjo\u00a0<\/strong><\/div>\n<ul>\n<li>\n<div class=\"paragraph translation-block\"><strong>Vrhunska jasnost<\/strong>: Izdelano iz izjemno prozornega stekla, omogo\u010da vrhunski prehod svetlobe in brezpopa\u010dno vidno izku\u0161njo.<\/div>\n<\/li>\n<\/ul>\n<\/li>\n<li>\n<div class=\"paragraph\"><strong>Steklena zasnova s pravim kotom\u00a0<\/strong><\/div>\n<ul>\n<li>\n<div class=\"paragraph translation-block\"><strong>Ostri robovi<\/strong>: Natan\u010dno rezano steklo pod pravim kotom zagotavlja moderen in eleganten videz, popoln za vsak prostor.<\/div>\n<\/li>\n<\/ul>\n<\/li>\n<li>\n<div class=\"paragraph\"><strong class=\"\">Tesnjen in vodoodporen\u00a0<\/strong><\/div>\n<ul>\n<li>\n<div class=\"paragraph translation-block\">Tesnjenje brez pu\u0161\u010danja: Profesionalno zatesnjeno z visokokakovostnim silikonom za zagotavljanje trajnosti in vodotesnosti.<\/div>\n<\/li>\n<\/ul>\n<\/li>\n<li>\n<div class=\"paragraph\"><strong>Uravnote\u017eena porazdelitev te\u017ee\u00a0<\/strong><\/div>\n<ul>\n<li>\n<div class=\"paragraph translation-block\"><strong>Stabilna struktura<\/strong>: Zasnovana z uravnote\u017eeno porazdelitvijo te\u017ee za zagotovitev stabilnosti tudi pri te\u017ekih dekoracijah ali velikih ribah.<\/div>\n<\/li>\n<\/ul>\n<\/li>\n<li>\n<div class=\"paragraph\"><strong>Natan\u010dno obdelani robovi\u00a0<\/strong><\/div>\n<ul>\n<li>\n<div class=\"paragraph translation-block\"><strong>Gladki robovi<\/strong>: Natan\u010dno bru\u0161eni robovi za varnost in uglajen videz, brez ostrih kotov.<\/div>\n<\/li>\n<\/ul>\n<\/li>\n<li>\n<div class=\"paragraph\"><strong>Vodoodporne LED-lu\u010di z visoko svetilnostjo\u00a0<\/strong><\/div>\n<ul>\n<li>\n<div class=\"paragraph translation-block\"><strong>Energetsko u\u010dinkovita osvetlitev<\/strong>: Vodoodporne LED-lu\u010di z visoko svetilnostjo zagotavljajo dolgotrajno delovanje in varno uporabo.<\/div>\n<\/li>\n<\/ul>\n<\/li>\n<li>\n<div class=\"paragraph\"><strong>Samocirkulacijski filtracijski sistem\u00a0<\/strong><\/div>\n<ul>\n<li>\n<div class=\"paragraph translation-block\"><strong class=\"\">Brez vzdr\u017eevanja<\/strong>: Opremljen s samocirkulacijskim filtracijskim sistemom, ki ohranja kakovost vode in zmanj\u0161uje potrebo po pogostem vzdr\u017eevanju<\/div>\n<\/li>\n<\/ul>\n<\/li>\n<li>\n<div class=\"paragraph\"><strong>Brez menjave vode skozi vse leto\u00a0<\/strong><\/div>\n<ul>\n<li>\n<div class=\"paragraph translation-block\"><strong>Udobno vzdr\u017eevanje<\/strong>: Zasnovano za vzdr\u017eevanje kakovosti vode skozi vse leto \u2013 idealno za zaposlene ljudi in brezskrbno uporabo akvarija.<\/div>\n<\/li>\n<\/ul>\n<\/li>\n<\/ol>\n<h4 class=\"\"><strong>Koristi\u00a0<\/strong><\/h4>\n<ul>\n<li>\n<div class=\"paragraph translation-block\"><strong class=\"\">Izjemna jasnost<\/strong>: Visoko prozorno steklo omogo\u010da jasen in \u017eiv pogled na va\u0161e vodne ljubljen\u010dke.<\/div>\n<\/li>\n<li>\n<div class=\"paragraph translation-block\"><strong>Sodoben dizajn<\/strong>: Stekleni dizajn z desnim kotom prostoru doda sodoben pridih<\/div>\n<\/li>\n<li>\n<div class=\"paragraph translation-block\"><strong>Trajnost<\/strong>: Profesionalno zatesnjen sistem in uravnote\u017eena razporeditev te\u017ee zagotavljata dolgotrajno uporabo in stabilnost.<\/div>\n<\/li>\n<li>\n<div class=\"paragraph translation-block\"><strong>Varnost<\/strong>: Natan\u010dno bru\u0161eni robovi in vodoodporne LED-lu\u010di zagotavljajo varnost tako za hi\u0161ne ljubljen\u010dke kot za uporabnike.<\/div>\n<\/li>\n<li>\n<div class=\"paragraph translation-block\"><strong>Nizko vzdr\u017eevanje<\/strong>: Samocirkulacijski filtracijski sistem in funkcija brez menjave vode skozi vse leto omogo\u010data enostavno vzdr\u017eevanje tudi za za\u010detnike.<\/div>\n<\/li>\n<li>\n<div class=\"paragraph translation-block\"><strong class=\"\">Energijska u\u010dinkovitost<\/strong>: Visoko svetle\u010de LED-lu\u010di zagotavljajo mo\u010dno osvetlitev ob nizki porabi energije.<\/div>\n<\/li>\n<\/ul>\n<\/div>\n<\/div>\n<\/div>\n<div class=\"segment-assistant-actions\" data-v-4292d3a2=\"\">\n<div class=\"segment-assistant-actions-content\" data-v-4292d3a2=\"\">\n<div class=\"segment-actions-content-btn\" data-v-a65fb058=\"\" data-v-4292d3a2=\"\"><\/div>\n<\/div>\n<div class=\"segment-assistant-actions-content\" data-v-4292d3a2=\"\">\n<div class=\"segment-actions-content-btn\" data-v-fb002fe5=\"\"><\/div>\n<\/div>\n<\/div>\n<\/div>\n<\/div>\n<\/div>\n<\/div>\n<\/div>\n<\/div>","protected":false},"excerpt":{"rendered":"<p>Features\u00a0 High-Transparency Glass\u00a0 Superior Clarity: Made from ultra-clear glass, providing exceptional light transmittance and a distortion-free viewing experience. Right-Angle Glass Design\u00a0 Sharp Edges: Precision-cut right-angle glass ensures a modern and sleek appearance, perfect for any setting. Sealed and Waterproof\u00a0 Professional Sealing: Professionally sealed with high-quality silicone to ensure complete waterproofing and durability. Balanced Weight Distribution\u00a0&#8230;<\/p>","protected":false},"featured_media":221,"template":"","meta":{"_kad_post_transparent":"default","_kad_post_title":"","_kad_post_layout":"default","_kad_post_sidebar_id":"","_kad_post_content_style":"default","_kad_post_vertical_padding":"default","_kad_post_feature":"","_kad_post_feature_position":"","_kad_post_header":false,"_kad_post_footer":false},"product_brand":[],"product_cat":[26],"product_tag":[36],"class_list":{"0":"post-220","1":"product","2":"type-product","3":"status-publish","4":"has-post-thumbnail","6":"product_cat-kf-rectangular-aquarium","7":"product_tag-glass-fish-tank-aquarium","9":"first","10":"instock","11":"shipping-taxable","12":"product-type-simple","13":"entry","14":"content-bg","15":"loop-entry"},"jetpack_sharing_enabled":true,"_links":{"self":[{"href":"https:\/\/bfefishtank.com\/sl\/wp-json\/wp\/v2\/product\/220","targetHints":{"allow":["GET"]}}],"collection":[{"href":"https:\/\/bfefishtank.com\/sl\/wp-json\/wp\/v2\/product"}],"about":[{"href":"https:\/\/bfefishtank.com\/sl\/wp-json\/wp\/v2\/types\/product"}],"wp:featuredmedia":[{"embeddable":true,"href":"https:\/\/bfefishtank.com\/sl\/wp-json\/wp\/v2\/media\/221"}],"wp:attachment":[{"href":"https:\/\/bfefishtank.com\/sl\/wp-json\/wp\/v2\/media?parent=220"}],"wp:term":[{"taxonomy":"product_brand","embeddable":true,"href":"https:\/\/bfefishtank.com\/sl\/wp-json\/wp\/v2\/product_brand?post=220"},{"taxonomy":"product_cat","embeddable":true,"href":"https:\/\/bfefishtank.com\/sl\/wp-json\/wp\/v2\/product_cat?post=220"},{"taxonomy":"product_tag","embeddable":true,"href":"https:\/\/bfefishtank.com\/sl\/wp-json\/wp\/v2\/product_tag?post=220"}],"curies":[{"name":"wp","href":"https:\/\/api.w.org\/{rel}","templated":true}]}}