{"id":232,"date":"2025-03-09T17:05:27","date_gmt":"2025-03-09T09:05:27","guid":{"rendered":"https:\/\/bfefishtank.com\/?post_type=product&#038;p=232"},"modified":"2025-03-09T17:05:27","modified_gmt":"2025-03-09T09:05:27","slug":"betta-fish-tank","status":"publish","type":"product","link":"https:\/\/bfefishtank.com\/sl\/products\/betta-fish-tank\/betta-fish-tank\/","title":{"rendered":"Akvarij za betta ribo"},"content":{"rendered":"<h4 class=\"\"><strong class=\"\">Lastnosti izdelka\u00a0<\/strong><\/h4>\n<ol start=\"1\">\n<li>\n<div class=\"paragraph\"><strong>Akrilni material visoke lo\u010dljivosti\u00a0<\/strong><\/div>\n<ul>\n<li>\n<div class=\"paragraph translation-block\"><strong>Izjemna jasnost<\/strong>: Izdelano iz visokokakovostnega akrila, ki zagotavlja izjemno prosojnost in trpe\u017enost. Omogo\u010da jasen in \u017eivahen pogled na va\u0161e ribe.<\/div>\n<\/li>\n<\/ul>\n<\/li>\n<li>\n<div class=\"paragraph\"><strong>Dvojni filtracijski sistem\u00a0<\/strong><\/div>\n<ul>\n<li>\n<div class=\"paragraph translation-block\"><strong>Izbolj\u0161ana kakovost vode<\/strong>: Opremljen z dvojnim filtracijskim sistemom za ohranjanje optimalne kakovosti in \u010distosti vode.<\/div>\n<\/li>\n<\/ul>\n<\/li>\n<li>\n<div class=\"paragraph\"><strong>\u0160tiridelna zasnova\u00a0<\/strong><\/div>\n<ul>\n<li>\n<div class=\"paragraph translation-block\"><strong>Lo\u010deni predelki<\/strong>: Akvarij je razdeljen na \u0161tiri dele, kar omogo\u010da varno namestitev ve\u010d rib ali razli\u010dnih vrst.<\/div>\n<\/li>\n<\/ul>\n<\/li>\n<li>\n<div class=\"paragraph\"><strong class=\"\">Neodvisna hranilna odprtina\u00a0<\/strong><\/div>\n<ul>\n<li>\n<div class=\"paragraph translation-block\"><strong>Udobno hranjenje<\/strong>: Vsak odsek ima svojo odprtino za hranjenje za enostavno in natan\u010dno hranjenje rib.<\/div>\n<\/li>\n<\/ul>\n<\/li>\n<li>\n<div class=\"paragraph\"><strong>Odstranljive pregrade\u00a0<\/strong><\/div>\n<ul>\n<li>\n<div class=\"paragraph translation-block\"><strong>Prilagodljiva postavitev<\/strong>: Pregrade je mogo\u010de enostavno odstraniti ali prestaviti glede na va\u0161e potrebe.<\/div>\n<\/li>\n<\/ul>\n<\/li>\n<li>\n<div class=\"paragraph\"><strong>Oblika grelne blazine\u00a0<\/strong><\/div>\n<ul>\n<li>\n<div class=\"paragraph translation-block\"><strong>Nadzor temperature<\/strong>: Vgrajena grelna blazina zagotavlja stabilno in toplo okolje za va\u0161e ribe.<\/div>\n<\/li>\n<\/ul>\n<\/li>\n<li>\n<div class=\"paragraph\"><strong class=\"\">Obmo\u010dja za skrivanje\u00a0<\/strong><\/div>\n<ul>\n<li>\n<div class=\"paragraph translation-block\"><strong class=\"\">Varni prostori<\/strong>: Z zasnovanimi skrivali\u0161\u010di za ustvarjanje naravnega in brezstresnega okolja za va\u0161e ribe.<\/div>\n<\/li>\n<\/ul>\n<\/li>\n<li>\n<div class=\"paragraph\"><strong>Ekolo\u0161ka filtracija in mo\u010dvirska filtracija\u00a0<\/strong><\/div>\n<ul>\n<li>\n<div class=\"paragraph translation-block\"><strong>Naravno \u010ci\u0161\u010denje Vode<\/strong>: vklju\u010duje okolju prijazne filtracijske sisteme, ki posnemajo naravne procese \u010di\u0161\u010denja vode.<\/div>\n<\/li>\n<\/ul>\n<\/li>\n<li>\n<div class=\"paragraph\"><strong>Vgrajeni LED svetlobni trakovi\u00a0<\/strong><\/div>\n<ul>\n<li>\n<div class=\"paragraph translation-block\"><strong>Prilagodljiva osvetlitev<\/strong>: Opremljen z vgrajenimi LED svetlobnimi trakovi za izbolj\u0161anje videza akvarija.<\/div>\n<\/li>\n<\/ul>\n<\/li>\n<\/ol>\n<h4 class=\"\"><strong class=\"\">Specifikacije izdelka\u00a0<\/strong><\/h4>\n<ul>\n<li>\n<div class=\"paragraph\"><strong>Dimenzije<\/strong>: 37.8cm x 18.8cm x 14.3cm<\/div>\n<\/li>\n<li>\n<div class=\"paragraph translation-block\"><strong>Material<\/strong>: Visoko lo\u010dljiv akril<\/div>\n<\/li>\n<li>\n<div class=\"paragraph translation-block\"><strong>Filtracija<\/strong>: Dvojni filtrirni sistem<\/div>\n<\/li>\n<li>\n<div class=\"paragraph translation-block\"><strong>Osvetlitev<\/strong>: Vgrajeni LED svetlobni trakovi<\/div>\n<\/li>\n<li>\n<div class=\"paragraph translation-block\"><strong>Ogrevanje<\/strong>: Vgrajena grelna blazinica<\/div>\n<\/li>\n<li>\n<div class=\"paragraph translation-block\"><strong>Oblika<\/strong>: \u0160tiridelna pregrada z odstranljivimi delilniki in neodvisnimi odprtinami za hranjenje<\/div>\n<\/li>\n<\/ul>\n<hr \/>\n<h4 class=\"\"><strong class=\"\">Koristi\u00a0<\/strong><\/h4>\n<ul>\n<li>\n<div class=\"paragraph translation-block\"><strong>Visoka jasnost in vzdr\u017eljivost<\/strong>: Akril z visoko lo\u010dljivostjo zagotavlja jasen in trpe\u017een akvarij.<\/div>\n<\/li>\n<li>\n<div class=\"paragraph translation-block\"><strong>Fleksibilna konfiguracija<\/strong>: \u0160tiridelna zasnova z odstranljivimi delilniki omogo\u010da raznolike mo\u017enosti namestitve.<\/div>\n<\/li>\n<li>\n<div class=\"paragraph translation-block\"><strong>Enhanced Water Quality<\/strong>: Dual filtration and eco-friendly filtration systems ensure a clean and healthy environment for your fish.<\/div>\n<\/li>\n<li>\n<div class=\"paragraph translation-block\"><strong>User-Friendly Design<\/strong>: Independent feeding ports and built-in LED lights make this aquarium easy to use and maintain.<\/div>\n<\/li>\n<li>\n<div class=\"paragraph translation-block\"><strong>Naravno okolje<\/strong>: Obmo\u010dja za skrivanje in naravni filtracijski sistemi zagotavljajo okolje brez stresa za va\u0161e ribe.<\/div>\n<\/li>\n<\/ul>","protected":false},"excerpt":{"rendered":"<p>Product Features\u00a0 High-Definition Acrylic Material\u00a0 Superior Clarity: Made from high-quality acrylic, providing exceptional transparency and durability. This ensures a clear and vibrant view of your fish. Dual Filtration System\u00a0 Enhanced Water Quality: Equipped with a dual filtration system to maintain optimal water quality and cleanliness. Four-Section Design\u00a0 Separate Compartments: The aquarium is divided into four&#8230;<\/p>","protected":false},"featured_media":233,"template":"","meta":{"_kad_post_transparent":"default","_kad_post_title":"","_kad_post_layout":"default","_kad_post_sidebar_id":"","_kad_post_content_style":"default","_kad_post_vertical_padding":"default","_kad_post_feature":"","_kad_post_feature_position":"","_kad_post_header":false,"_kad_post_footer":false},"product_brand":[],"product_cat":[15],"product_tag":[39],"class_list":{"0":"post-232","1":"product","2":"type-product","3":"status-publish","4":"has-post-thumbnail","6":"product_cat-betta-fish-tank","7":"product_tag-betta-fish-tank","9":"first","10":"instock","11":"shipping-taxable","12":"product-type-simple","13":"entry","14":"content-bg","15":"loop-entry"},"jetpack_sharing_enabled":true,"_links":{"self":[{"href":"https:\/\/bfefishtank.com\/sl\/wp-json\/wp\/v2\/product\/232","targetHints":{"allow":["GET"]}}],"collection":[{"href":"https:\/\/bfefishtank.com\/sl\/wp-json\/wp\/v2\/product"}],"about":[{"href":"https:\/\/bfefishtank.com\/sl\/wp-json\/wp\/v2\/types\/product"}],"wp:featuredmedia":[{"embeddable":true,"href":"https:\/\/bfefishtank.com\/sl\/wp-json\/wp\/v2\/media\/233"}],"wp:attachment":[{"href":"https:\/\/bfefishtank.com\/sl\/wp-json\/wp\/v2\/media?parent=232"}],"wp:term":[{"taxonomy":"product_brand","embeddable":true,"href":"https:\/\/bfefishtank.com\/sl\/wp-json\/wp\/v2\/product_brand?post=232"},{"taxonomy":"product_cat","embeddable":true,"href":"https:\/\/bfefishtank.com\/sl\/wp-json\/wp\/v2\/product_cat?post=232"},{"taxonomy":"product_tag","embeddable":true,"href":"https:\/\/bfefishtank.com\/sl\/wp-json\/wp\/v2\/product_tag?post=232"}],"curies":[{"name":"wp","href":"https:\/\/api.w.org\/{rel}","templated":true}]}}