{"id":402,"date":"2025-04-01T21:19:10","date_gmt":"2025-04-01T13:19:10","guid":{"rendered":"https:\/\/bfefishtank.com\/?post_type=product&#038;p=402"},"modified":"2025-06-07T21:26:25","modified_gmt":"2025-06-07T13:26:25","slug":"fish-tank-aquarium-decorations","status":"publish","type":"product","link":"https:\/\/bfefishtank.com\/sl\/products\/fish-tank-aquarium-accessories\/fish-tank-aquarium-decorations\/","title":{"rendered":"Groot okrasitev akvarija za ribje rezervoarje"},"content":{"rendered":"<div class=\"product-description\" style=\"border: 1px solid #ddd; padding: 20px; background: #f9f9f9; font-family: Arial, sans-serif;\">\n<h2 class=\"translation-block\">Groot okrasitev akvarija \u2013 Funkcionalen in o\u010darljiv okras za va\u0161 rezervoar<\/h2>\n<p class=\"translation-block\">Dodajte edinstven pridih svojemu akvariju z na\u0161o Groot akvarijsko dekoracijo. Izdelana z realisti\u010dnimi podrobnostmi izklesavanja in ro\u010dno poslikano umetnostjo, ta o\u010darljiva dekoracija ne samo izbolj\u0161a estetiko va\u0161ega akvarija, temve\u010d tudi spodbuja zdravje va\u0161ega vodnega okolja z zvi\u0161anjem ravni kisika.<\/p>\n<h3>Klju\u010dne zna\u010dilnosti<\/h3>\n<ul>\n<li class=\"translation-block\">Realisti\u010den dizajn \u2013 Podrobni rezbariji in ro\u010dno poslikana umetnost ustvarita izjemen osrednji element v va\u0161em akvariju.<\/li>\n<li class=\"translation-block\">Pove\u010danje kisika \u2013 Vgrajeni zra\u010dni kamen ustvarja mehur\u010dke, pove\u010duje raven kisika in zmanj\u0161uje vsebnost ogljikovega dioksida ter spodbuja bolj zdravo okolje za va\u0161e ribe.<\/li>\n<li class=\"translation-block\">Varno in trpe\u017eno \u2013 Izdelano iz netoksi\u010dne smole, varno za ribe in zasnovano tako, da traja brez bledenja ali odpadanja.<\/li>\n<li class=\"translation-block\">Svestrana uporaba \u2013 Primeren za sladkovodna in slana akvarija, popoln za razli\u010dna vodna okolja.<\/li>\n<li class=\"translation-block\">Idealna velikost \u2013 2,6 * 2,36 * 4,33 palca, te\u017ea 7 un\u010d, idealno za majhna in srednje velika akvarija, brez preobremenitve prostora.<\/li>\n<\/ul>\n<h6>Idealno za veleprodajna in naro\u010dila po meri<\/h6>\n<p>Kot OEM dobavitelj in veleprodajni proizvajalec ponujamo prilagodljive Groot okraske, ki ustrezajo va\u0161im potrebam. Ne glede na to, ali ste trgovec na drobno, veletrgovec ali dobavitelj akvarijev, ponujamo mo\u017enosti naro\u010dil v velikih koli\u010dinah.<\/p>\n<p>Groot akvarijska dekoracija, okrasek z mehur\u010dki za akvarij, dekoracija iz smole za akvarij, dekoracija za pove\u010danje kisika v akvariju, dekoracija za majhne akvarije, dobavitelj akvarijev, veleprodajna dekoracija akvarijev<\/p>\n<p>&nbsp;<\/p>\n<\/div>","protected":false},"excerpt":{"rendered":"<p>Groot Aquarium Decoration \u2013 Functional &amp; Charming Ornament for Your Tank Add a unique touch to your fish tank with our Groot\u00a0Aquarium Decoration. Crafted with realistic carving details and hand-painted artwork, this charming ornament not only enhances your aquarium&#8217;s aesthetic but also promotes the health of your aquatic environment by boosting oxygen levels. Key Features:&#8230;<\/p>","protected":false},"featured_media":403,"template":"","meta":{"_kad_post_transparent":"default","_kad_post_title":"","_kad_post_layout":"default","_kad_post_sidebar_id":"","_kad_post_content_style":"default","_kad_post_vertical_padding":"default","_kad_post_feature":"","_kad_post_feature_position":"","_kad_post_header":false,"_kad_post_footer":false},"product_brand":[],"product_cat":[41],"product_tag":[],"class_list":{"0":"post-402","1":"product","2":"type-product","3":"status-publish","4":"has-post-thumbnail","6":"product_cat-fish-tank-aquarium-accessories","8":"first","9":"instock","10":"shipping-taxable","11":"product-type-simple","12":"entry","13":"content-bg","14":"loop-entry"},"jetpack_sharing_enabled":true,"_links":{"self":[{"href":"https:\/\/bfefishtank.com\/sl\/wp-json\/wp\/v2\/product\/402","targetHints":{"allow":["GET"]}}],"collection":[{"href":"https:\/\/bfefishtank.com\/sl\/wp-json\/wp\/v2\/product"}],"about":[{"href":"https:\/\/bfefishtank.com\/sl\/wp-json\/wp\/v2\/types\/product"}],"wp:featuredmedia":[{"embeddable":true,"href":"https:\/\/bfefishtank.com\/sl\/wp-json\/wp\/v2\/media\/403"}],"wp:attachment":[{"href":"https:\/\/bfefishtank.com\/sl\/wp-json\/wp\/v2\/media?parent=402"}],"wp:term":[{"taxonomy":"product_brand","embeddable":true,"href":"https:\/\/bfefishtank.com\/sl\/wp-json\/wp\/v2\/product_brand?post=402"},{"taxonomy":"product_cat","embeddable":true,"href":"https:\/\/bfefishtank.com\/sl\/wp-json\/wp\/v2\/product_cat?post=402"},{"taxonomy":"product_tag","embeddable":true,"href":"https:\/\/bfefishtank.com\/sl\/wp-json\/wp\/v2\/product_tag?post=402"}],"curies":[{"name":"wp","href":"https:\/\/api.w.org\/{rel}","templated":true}]}}