{"id":433,"date":"2025-04-23T20:37:30","date_gmt":"2025-04-23T12:37:30","guid":{"rendered":"https:\/\/bfefishtank.com\/?post_type=product&#038;p=433"},"modified":"2025-04-23T20:37:31","modified_gmt":"2025-04-23T12:37:31","slug":"1-5-gallon-fish-tank","status":"publish","type":"product","link":"https:\/\/bfefishtank.com\/sl\/products\/betta-fish-tank\/1-5-gallon-fish-tank\/","title":{"rendered":"Akvarij 1,5 galone"},"content":{"rendered":"<p class=\"\" data-start=\"50\" data-end=\"338\">\u3010Mo\u010dan Filtrirni Sistem\u3011\nZasnovan z veliko in globoko filtrirno komoro za ve\u010d filtrirnih medijev, ta akvarij pove\u010da filtracijsko povr\u0161ino in izbolj\u0161a \u010distost vode. Zgornja plast vklju\u010duje odstranljiv gobast filter, ki je enostaven za \u010di\u0161\u010denje in za ve\u010dkratno uporabo ter zagotavlja dolgotrajno delovanje.<\/p>\n<p class=\"\" data-start=\"340\" data-end=\"545\">\u3010Prilagodljiva LED Osvetlitev\u3011\nVklju\u010duje vgrajeno LED osvetlitev s 7 \u017eivahnimi barvnimi mo\u017enostmi. Enostavno spreminjajte barve z vrtljivim gumbom glede na razpolo\u017eenje ali prostor.<\/p>\n<p class=\"\" data-start=\"547\" data-end=\"758\">\u3010Vgrajen Prikaz Temperature\u3011Nadzirajte okolje v akvariju z jasnim, vgrajenim prikazom temperature vode na vrhu rezervoarja. Hitro preverite pogoje in ohranite zdravje rib.<\/p>\n<p class=\"\" data-start=\"760\" data-end=\"1020\">\u3010Pametne Oblikovalske Podrobnosti\u3011Posebej zasnovan iztok zmanj\u0161a hrup vode, sonda za temperaturo pa natan\u010dno zaznava temperaturo vode. Energetsko var\u010dna potopna \u010drpalka deluje tiho in zagotavlja mirno okolje za vas in va\u0161e ribe.<\/p>\n<p class=\"\" data-start=\"1022\" data-end=\"1244\">\u3010Kristalno Jasna Vizualna Izku\u0161nja\u3011Ta majhen akvarij iz visokokakovostnega prozornega stekla omogo\u010da odli\u010den prehod svetlobe in popoln panoramski pogled, kar ga naredi za osupljivo osrednjo to\u010dko va\u0161ega doma ali pisarne.<\/p>","protected":false},"excerpt":{"rendered":"<p>\u3010Powerful Filtration System\u3011Designed with a wide and deep filter chamber to hold more filter media, this aquarium enhances the filtration area for improved water clarity. The top layer features a removable sponge filter that\u2019s easy to clean and reusable, ensuring long-term performance. \ud83d\udc1f\u3010Customizable LED Lighting\u3011Includes built-in LED lighting with 7 vibrant color options. Easily switch&#8230;<\/p>","protected":false},"featured_media":434,"template":"","meta":{"_kad_post_transparent":"default","_kad_post_title":"","_kad_post_layout":"default","_kad_post_sidebar_id":"","_kad_post_content_style":"default","_kad_post_vertical_padding":"default","_kad_post_feature":"","_kad_post_feature_position":"","_kad_post_header":false,"_kad_post_footer":false},"product_brand":[],"product_cat":[15],"product_tag":[62],"class_list":{"0":"post-433","1":"product","2":"type-product","3":"status-publish","4":"has-post-thumbnail","6":"product_cat-betta-fish-tank","7":"product_tag-1-5-gallon-fish-tank","9":"first","10":"instock","11":"shipping-taxable","12":"product-type-simple","13":"entry","14":"content-bg","15":"loop-entry"},"jetpack_sharing_enabled":true,"_links":{"self":[{"href":"https:\/\/bfefishtank.com\/sl\/wp-json\/wp\/v2\/product\/433","targetHints":{"allow":["GET"]}}],"collection":[{"href":"https:\/\/bfefishtank.com\/sl\/wp-json\/wp\/v2\/product"}],"about":[{"href":"https:\/\/bfefishtank.com\/sl\/wp-json\/wp\/v2\/types\/product"}],"wp:featuredmedia":[{"embeddable":true,"href":"https:\/\/bfefishtank.com\/sl\/wp-json\/wp\/v2\/media\/434"}],"wp:attachment":[{"href":"https:\/\/bfefishtank.com\/sl\/wp-json\/wp\/v2\/media?parent=433"}],"wp:term":[{"taxonomy":"product_brand","embeddable":true,"href":"https:\/\/bfefishtank.com\/sl\/wp-json\/wp\/v2\/product_brand?post=433"},{"taxonomy":"product_cat","embeddable":true,"href":"https:\/\/bfefishtank.com\/sl\/wp-json\/wp\/v2\/product_cat?post=433"},{"taxonomy":"product_tag","embeddable":true,"href":"https:\/\/bfefishtank.com\/sl\/wp-json\/wp\/v2\/product_tag?post=433"}],"curies":[{"name":"wp","href":"https:\/\/api.w.org\/{rel}","templated":true}]}}