{"id":220,"date":"2025-03-09T11:30:30","date_gmt":"2025-03-09T03:30:30","guid":{"rendered":"https:\/\/bfefishtank.com\/?post_type=product&#038;p=220"},"modified":"2025-03-09T11:57:58","modified_gmt":"2025-03-09T03:57:58","slug":"glass-fish-tank-aquarium","status":"publish","type":"product","link":"https:\/\/bfefishtank.com\/sv\/products\/kf-rectangular-aquarium\/glass-fish-tank-aquarium\/","title":{"rendered":"Akvarium i glas"},"content":{"rendered":"<div class=\"chat-content-container\" data-v-8d365a2c=\"\">\n<div class=\"chat-content-list\" data-v-8d365a2c=\"\">\n<div class=\"chat-content-item\" data-v-8d365a2c=\"\">\n<div class=\"segment segment-assistant\" data-v-3a203885=\"\" data-v-8d365a2c=\"\">\n<div class=\"segment-container\" data-v-3a203885=\"\">\n<div class=\"segment-content\" data-v-c0e72f48=\"\">\n<div class=\"segment-content-box\" data-v-c0e72f48=\"\">\n<div class=\"markdown-container\" data-v-dbe669ce=\"\" data-v-c0e72f48=\"\">\n<div class=\"markdown\" data-v-53cd9be5=\"\" data-v-dbe669ce=\"\">\n<h4 class=\"\"><strong class=\"\">Funktioner\u00a0<\/strong><\/h4>\n<ol start=\"1\">\n<li>\n<div class=\"paragraph\"><strong>H\u00f6gtransparent glas\u00a0<\/strong><\/div>\n<ul>\n<li>\n<div class=\"paragraph translation-block\"><strong>\u00d6verl\u00e4gsen klarhet<\/strong>: Tillverkad av ultraklart glas f\u00f6r exceptionell ljusgenomsl\u00e4pplighet och en f\u00f6rvr\u00e4ngningsfri visningsupplevelse.<\/div>\n<\/li>\n<\/ul>\n<\/li>\n<li>\n<div class=\"paragraph\"><strong>Glasdesign med r\u00e4ta vinklar\u00a0<\/strong><\/div>\n<ul>\n<li>\n<div class=\"paragraph translation-block\"><strong>Skarpa kanter<\/strong>: Precisionsskuret glas med r\u00e4ta vinklar ger ett modernt och stilrent utseende \u2013 perfekt i alla milj\u00f6er.<\/div>\n<\/li>\n<\/ul>\n<\/li>\n<li>\n<div class=\"paragraph\"><strong class=\"\">F\u00f6rseglad och vattent\u00e4t\u00a0<\/strong><\/div>\n<ul>\n<li>\n<div class=\"paragraph translation-block\">L\u00e4ckages\u00e4ker t\u00e4tning: Professionellt f\u00f6rseglad med h\u00f6gkvalitativt silikon f\u00f6r att s\u00e4kerst\u00e4lla h\u00e5llbarhet och vattent\u00e4thet.<\/div>\n<\/li>\n<\/ul>\n<\/li>\n<li>\n<div class=\"paragraph\"><strong>Balanserad viktf\u00f6rdelning\u00a0<\/strong><\/div>\n<ul>\n<li>\n<div class=\"paragraph translation-block\"><strong>Stabil konstruktion<\/strong>: Utformad med balanserad viktf\u00f6rdelning f\u00f6r att s\u00e4kerst\u00e4lla stabilitet, \u00e4ven med tunga dekorationer eller stora fiskar.<\/div>\n<\/li>\n<\/ul>\n<\/li>\n<li>\n<div class=\"paragraph\"><strong>Precisionsbearbetade kanter\u00a0<\/strong><\/div>\n<ul>\n<li>\n<div class=\"paragraph translation-block\"><strong>Sl\u00e4ta kanter<\/strong>: Precisionsslipade kanter f\u00f6r s\u00e4kerhet och en polerad look, utan vassa h\u00f6rn.<\/div>\n<\/li>\n<\/ul>\n<\/li>\n<li>\n<div class=\"paragraph\"><strong>Vattent\u00e4ta LED-lampor med h\u00f6g ljusstyrka\u00a0<\/strong><\/div>\n<ul>\n<li>\n<div class=\"paragraph translation-block\"><strong>Energieffektiv belysning<\/strong>: Vattent\u00e4ta LED-lampor med h\u00f6g ljusstyrka f\u00f6r l\u00e5ngvarig prestanda och s\u00e4ker anv\u00e4ndning.<\/div>\n<\/li>\n<\/ul>\n<\/li>\n<li>\n<div class=\"paragraph\"><strong>Sj\u00e4lvcirkulerande filtreringssystem\u00a0<\/strong><\/div>\n<ul>\n<li>\n<div class=\"paragraph translation-block\"><strong class=\"\">Underh\u00e5llsfri<\/strong>: Utrustad med ett sj\u00e4lvcirkulerande filtreringssystem som bibeh\u00e5ller vattenkvaliteten och minskar behovet av frekvent underh\u00e5ll.<\/div>\n<\/li>\n<\/ul>\n<\/li>\n<li>\n<div class=\"paragraph\"><strong>Inget vattenbyte under hela \u00e5ret\u00a0<\/strong><\/div>\n<ul>\n<li>\n<div class=\"paragraph translation-block\"><strong>Bekv\u00e4m underh\u00e5llning<\/strong>: Utformad f\u00f6r att bibeh\u00e5lla vattenkvaliteten i ett helt \u00e5r \u2013 perfekt f\u00f6r ett hektiskt liv och en bekymmersfri akvarieupplevelse.<\/div>\n<\/li>\n<\/ul>\n<\/li>\n<\/ol>\n<h4 class=\"\"><strong>F\u00f6rdelar\u00a0<\/strong><\/h4>\n<ul>\n<li>\n<div class=\"paragraph translation-block\"><strong class=\"\">\u00d6verl\u00e4gsen klarhet<\/strong>: Det h\u00f6gtransparenta glaset ger en tydlig och livfull vy \u00f6ver dina vattenlevande husdjur.<\/div>\n<\/li>\n<li>\n<div class=\"paragraph translation-block\"><strong>Modern design<\/strong>: R\u00e4tvinklad glasdesign ger en modern k\u00e4nsla till vilket rum som helst.<\/div>\n<\/li>\n<li>\n<div class=\"paragraph translation-block\"><strong>H\u00e5llbarhet<\/strong>: Professionell t\u00e4tning och balanserad viktf\u00f6rdelning s\u00e4kerst\u00e4ller l\u00e5ngvarig anv\u00e4ndning och stabilitet.<\/div>\n<\/li>\n<li>\n<div class=\"paragraph translation-block\"><strong>S\u00e4kerhet<\/strong>: Precisionsslipade kanter och vattent\u00e4ta LED-lampor g\u00f6r detta akvarium s\u00e4kert f\u00f6r b\u00e5de husdjur och anv\u00e4ndare.<\/div>\n<\/li>\n<li>\n<div class=\"paragraph translation-block\"><strong>L\u00e5g underh\u00e5llsniv\u00e5<\/strong>: Sj\u00e4lvcirkulerande filtersystem och \u00e5ret-runt-funktion utan vattenbyte g\u00f6r akvariet l\u00e4tt att sk\u00f6ta, \u00e4ven f\u00f6r nyb\u00f6rjare.<\/div>\n<\/li>\n<li>\n<div class=\"paragraph translation-block\"><strong class=\"\">Energieffektivitet<\/strong>: H\u00f6geffektiva LED-lampor ger stark belysning och sparar samtidigt energi.<\/div>\n<\/li>\n<\/ul>\n<\/div>\n<\/div>\n<\/div>\n<div class=\"segment-assistant-actions\" data-v-4292d3a2=\"\">\n<div class=\"segment-assistant-actions-content\" data-v-4292d3a2=\"\">\n<div class=\"segment-actions-content-btn\" data-v-a65fb058=\"\" data-v-4292d3a2=\"\"><\/div>\n<\/div>\n<div class=\"segment-assistant-actions-content\" data-v-4292d3a2=\"\">\n<div class=\"segment-actions-content-btn\" data-v-fb002fe5=\"\"><\/div>\n<\/div>\n<\/div>\n<\/div>\n<\/div>\n<\/div>\n<\/div>\n<\/div>\n<\/div>","protected":false},"excerpt":{"rendered":"<p>Features\u00a0 High-Transparency Glass\u00a0 Superior Clarity: Made from ultra-clear glass, providing exceptional light transmittance and a distortion-free viewing experience. Right-Angle Glass Design\u00a0 Sharp Edges: Precision-cut right-angle glass ensures a modern and sleek appearance, perfect for any setting. Sealed and Waterproof\u00a0 Professional Sealing: Professionally sealed with high-quality silicone to ensure complete waterproofing and durability. Balanced Weight Distribution\u00a0&#8230;<\/p>","protected":false},"featured_media":221,"template":"","meta":{"_kad_post_transparent":"default","_kad_post_title":"","_kad_post_layout":"default","_kad_post_sidebar_id":"","_kad_post_content_style":"default","_kad_post_vertical_padding":"default","_kad_post_feature":"","_kad_post_feature_position":"","_kad_post_header":false,"_kad_post_footer":false},"product_brand":[],"product_cat":[26],"product_tag":[36],"class_list":{"0":"post-220","1":"product","2":"type-product","3":"status-publish","4":"has-post-thumbnail","6":"product_cat-kf-rectangular-aquarium","7":"product_tag-glass-fish-tank-aquarium","9":"first","10":"instock","11":"shipping-taxable","12":"product-type-simple","13":"entry","14":"content-bg","15":"loop-entry"},"jetpack_sharing_enabled":true,"_links":{"self":[{"href":"https:\/\/bfefishtank.com\/sv\/wp-json\/wp\/v2\/product\/220","targetHints":{"allow":["GET"]}}],"collection":[{"href":"https:\/\/bfefishtank.com\/sv\/wp-json\/wp\/v2\/product"}],"about":[{"href":"https:\/\/bfefishtank.com\/sv\/wp-json\/wp\/v2\/types\/product"}],"wp:featuredmedia":[{"embeddable":true,"href":"https:\/\/bfefishtank.com\/sv\/wp-json\/wp\/v2\/media\/221"}],"wp:attachment":[{"href":"https:\/\/bfefishtank.com\/sv\/wp-json\/wp\/v2\/media?parent=220"}],"wp:term":[{"taxonomy":"product_brand","embeddable":true,"href":"https:\/\/bfefishtank.com\/sv\/wp-json\/wp\/v2\/product_brand?post=220"},{"taxonomy":"product_cat","embeddable":true,"href":"https:\/\/bfefishtank.com\/sv\/wp-json\/wp\/v2\/product_cat?post=220"},{"taxonomy":"product_tag","embeddable":true,"href":"https:\/\/bfefishtank.com\/sv\/wp-json\/wp\/v2\/product_tag?post=220"}],"curies":[{"name":"wp","href":"https:\/\/api.w.org\/{rel}","templated":true}]}}