{"id":232,"date":"2025-03-09T17:05:27","date_gmt":"2025-03-09T09:05:27","guid":{"rendered":"https:\/\/bfefishtank.com\/?post_type=product&#038;p=232"},"modified":"2025-03-09T17:05:27","modified_gmt":"2025-03-09T09:05:27","slug":"betta-fish-tank","status":"publish","type":"product","link":"https:\/\/bfefishtank.com\/sv\/products\/betta-fish-tank\/betta-fish-tank\/","title":{"rendered":"Akvarium f\u00f6r betta-fisk"},"content":{"rendered":"<h4 class=\"\"><strong class=\"\">Produktfunktioner\u00a0<\/strong><\/h4>\n<ol start=\"1\">\n<li>\n<div class=\"paragraph\"><strong>H\u00f6guppl\u00f6st akrylmaterial\u00a0<\/strong><\/div>\n<ul>\n<li>\n<div class=\"paragraph translation-block\"><strong>\u00d6verl\u00e4gsen klarhet<\/strong>: Tillverkad av h\u00f6gkvalitativ akryl som ger enast\u00e5ende transparens och h\u00e5llbarhet. Ger en tydlig och livfull vy av dina fiskar.<\/div>\n<\/li>\n<\/ul>\n<\/li>\n<li>\n<div class=\"paragraph\"><strong>Dubbelt filtreringssystem\u00a0<\/strong><\/div>\n<ul>\n<li>\n<div class=\"paragraph translation-block\"><strong>F\u00f6rb\u00e4ttrad vattenkvalitet<\/strong>: Utrustad med ett dubbelt filtreringssystem f\u00f6r att bibeh\u00e5lla optimal vattenkvalitet och renhet.<\/div>\n<\/li>\n<\/ul>\n<\/li>\n<li>\n<div class=\"paragraph\"><strong>Design med fyra sektioner\u00a0<\/strong><\/div>\n<ul>\n<li>\n<div class=\"paragraph translation-block\"><strong>Separata avdelningar<\/strong>: Akvariet \u00e4r uppdelat i fyra sektioner vilket g\u00f6r att du s\u00e4kert kan h\u00e5lla flera fiskar eller olika arter.<\/div>\n<\/li>\n<\/ul>\n<\/li>\n<li>\n<div class=\"paragraph\"><strong class=\"\">Oberoende matningsportar\u00a0<\/strong><\/div>\n<ul>\n<li>\n<div class=\"paragraph translation-block\"><strong>Praktisk matning<\/strong>: Varje sektion har sin egen matningsport f\u00f6r enkel och exakt matning av dina fiskar.<\/div>\n<\/li>\n<\/ul>\n<\/li>\n<li>\n<div class=\"paragraph\"><strong>Avtagbara avdelare\u00a0<\/strong><\/div>\n<ul>\n<li>\n<div class=\"paragraph translation-block\"><strong>Flexibel konfiguration<\/strong>: Avdelarna kan enkelt tas bort eller omplaceras efter dina behov.<\/div>\n<\/li>\n<\/ul>\n<\/li>\n<li>\n<div class=\"paragraph\"><strong>V\u00e4rmedynedesign\u00a0<\/strong><\/div>\n<ul>\n<li>\n<div class=\"paragraph translation-block\"><strong>Temperaturkontroll<\/strong>: Den inbyggda v\u00e4rmedynan s\u00e4kerst\u00e4ller en stabil och varm milj\u00f6 f\u00f6r dina fiskar.<\/div>\n<\/li>\n<\/ul>\n<\/li>\n<li>\n<div class=\"paragraph\"><strong class=\"\">G\u00f6mst\u00e4llen\u00a0<\/strong><\/div>\n<ul>\n<li>\n<div class=\"paragraph translation-block\"><strong class=\"\">S\u00e4kra platser<\/strong>: Utformad med g\u00f6mst\u00e4llen f\u00f6r att ge en naturlig och stressfri milj\u00f6 f\u00f6r dina fiskar.<\/div>\n<\/li>\n<\/ul>\n<\/li>\n<li>\n<div class=\"paragraph\"><strong>Ekofiltrering och K\u00e4rrfiltrering\u00a0<\/strong><\/div>\n<ul>\n<li>\n<div class=\"paragraph translation-block\"><strong>Naturlig Vattenrening<\/strong>: har milj\u00f6v\u00e4nliga filtreringssystem som efterliknar naturliga reningsprocesser.<\/div>\n<\/li>\n<\/ul>\n<\/li>\n<li>\n<div class=\"paragraph\"><strong>Inbyggda LED-ljusslingor\u00a0<\/strong><\/div>\n<ul>\n<li>\n<div class=\"paragraph translation-block\"><strong>Anpassningsbar belysning<\/strong>: Utrustad med inbyggda LED-ljusslingor f\u00f6r att f\u00f6rb\u00e4ttra akvariets visuella utseende.<\/div>\n<\/li>\n<\/ul>\n<\/li>\n<\/ol>\n<h4 class=\"\"><strong class=\"\">Produktspecifikationer\u00a0<\/strong><\/h4>\n<ul>\n<li>\n<div class=\"paragraph\"><strong>M\u00e5tt<\/strong>: 37.8cm x 18.8cm x 14.3cm<\/div>\n<\/li>\n<li>\n<div class=\"paragraph translation-block\"><strong>Material<\/strong>: H\u00f6guppl\u00f6st akryl<\/div>\n<\/li>\n<li>\n<div class=\"paragraph translation-block\"><strong>Filtrering<\/strong>: Dubbelt filtreringssystem<\/div>\n<\/li>\n<li>\n<div class=\"paragraph translation-block\"><strong>Belysning<\/strong>: Inbyggda LED-ljusremsor<\/div>\n<\/li>\n<li>\n<div class=\"paragraph translation-block\"><strong>Uppv\u00e4rmning<\/strong>: Inbyggd v\u00e4rmedyna<\/div>\n<\/li>\n<li>\n<div class=\"paragraph translation-block\"><strong>Design<\/strong>: Fyra sektioner med avtagbara avdelare och separata matningsportar<\/div>\n<\/li>\n<\/ul>\n<hr \/>\n<h4 class=\"\"><strong class=\"\">F\u00f6rdelar\u00a0<\/strong><\/h4>\n<ul>\n<li>\n<div class=\"paragraph translation-block\"><strong>H\u00f6g klarhet och h\u00e5llbarhet<\/strong>: Det h\u00f6guppl\u00f6sta akrylmaterialet s\u00e4kerst\u00e4ller ett klart och h\u00e5llbart akvarium.<\/div>\n<\/li>\n<li>\n<div class=\"paragraph translation-block\"><strong>Flexibel konfiguration<\/strong>: Fyrdelad design med avtagbara avdelare m\u00f6jligg\u00f6r m\u00e5ngsidiga boendel\u00f6sningar.<\/div>\n<\/li>\n<li>\n<div class=\"paragraph translation-block\"><strong>Enhanced Water Quality<\/strong>: Dual filtration and eco-friendly filtration systems ensure a clean and healthy environment for your fish.<\/div>\n<\/li>\n<li>\n<div class=\"paragraph translation-block\"><strong>User-Friendly Design<\/strong>: Independent feeding ports and built-in LED lights make this aquarium easy to use and maintain.<\/div>\n<\/li>\n<li>\n<div class=\"paragraph translation-block\"><strong>Naturlig milj\u00f6<\/strong>: G\u00f6mst\u00e4llen och naturliga filtreringssystem ger en stressfri milj\u00f6 f\u00f6r dina fiskar.<\/div>\n<\/li>\n<\/ul>","protected":false},"excerpt":{"rendered":"<p>Product Features\u00a0 High-Definition Acrylic Material\u00a0 Superior Clarity: Made from high-quality acrylic, providing exceptional transparency and durability. This ensures a clear and vibrant view of your fish. Dual Filtration System\u00a0 Enhanced Water Quality: Equipped with a dual filtration system to maintain optimal water quality and cleanliness. Four-Section Design\u00a0 Separate Compartments: The aquarium is divided into four&#8230;<\/p>","protected":false},"featured_media":233,"template":"","meta":{"_kad_post_transparent":"default","_kad_post_title":"","_kad_post_layout":"default","_kad_post_sidebar_id":"","_kad_post_content_style":"default","_kad_post_vertical_padding":"default","_kad_post_feature":"","_kad_post_feature_position":"","_kad_post_header":false,"_kad_post_footer":false},"product_brand":[],"product_cat":[15],"product_tag":[39],"class_list":{"0":"post-232","1":"product","2":"type-product","3":"status-publish","4":"has-post-thumbnail","6":"product_cat-betta-fish-tank","7":"product_tag-betta-fish-tank","9":"first","10":"instock","11":"shipping-taxable","12":"product-type-simple","13":"entry","14":"content-bg","15":"loop-entry"},"jetpack_sharing_enabled":true,"_links":{"self":[{"href":"https:\/\/bfefishtank.com\/sv\/wp-json\/wp\/v2\/product\/232","targetHints":{"allow":["GET"]}}],"collection":[{"href":"https:\/\/bfefishtank.com\/sv\/wp-json\/wp\/v2\/product"}],"about":[{"href":"https:\/\/bfefishtank.com\/sv\/wp-json\/wp\/v2\/types\/product"}],"wp:featuredmedia":[{"embeddable":true,"href":"https:\/\/bfefishtank.com\/sv\/wp-json\/wp\/v2\/media\/233"}],"wp:attachment":[{"href":"https:\/\/bfefishtank.com\/sv\/wp-json\/wp\/v2\/media?parent=232"}],"wp:term":[{"taxonomy":"product_brand","embeddable":true,"href":"https:\/\/bfefishtank.com\/sv\/wp-json\/wp\/v2\/product_brand?post=232"},{"taxonomy":"product_cat","embeddable":true,"href":"https:\/\/bfefishtank.com\/sv\/wp-json\/wp\/v2\/product_cat?post=232"},{"taxonomy":"product_tag","embeddable":true,"href":"https:\/\/bfefishtank.com\/sv\/wp-json\/wp\/v2\/product_tag?post=232"}],"curies":[{"name":"wp","href":"https:\/\/api.w.org\/{rel}","templated":true}]}}