{"id":433,"date":"2025-04-23T20:37:30","date_gmt":"2025-04-23T12:37:30","guid":{"rendered":"https:\/\/bfefishtank.com\/?post_type=product&#038;p=433"},"modified":"2025-04-23T20:37:31","modified_gmt":"2025-04-23T12:37:31","slug":"1-5-gallon-fish-tank","status":"publish","type":"product","link":"https:\/\/bfefishtank.com\/sv\/products\/betta-fish-tank\/1-5-gallon-fish-tank\/","title":{"rendered":"1,5 gallons akvarium"},"content":{"rendered":"<p class=\"\" data-start=\"50\" data-end=\"338\">\u3010Kraftfullt Filtreringssystem\u3011\nDesignad med en bred och djup filterkammare f\u00f6r att rymma mer filtermedia, f\u00f6rb\u00e4ttrar detta akvarium filtreringsytan och vattnets klarhet. Det \u00f6vre lagret har ett avtagbart svampfilter som \u00e4r l\u00e4tt att reng\u00f6ra och \u00e5teranv\u00e4nda, vilket s\u00e4kerst\u00e4ller l\u00e5ngsiktig prestanda.<\/p>\n<p class=\"\" data-start=\"340\" data-end=\"545\">\u3010Anpassningsbar LED-belysning\u3011\nInbyggd LED-belysning med 7 livfulla f\u00e4rgalternativ. Byt f\u00e4rg enkelt med det roterande vredet \u2013 passar ditt hum\u00f6r eller rummets st\u00e4mning.<\/p>\n<p class=\"\" data-start=\"547\" data-end=\"758\">\u3010Inbyggd Temperaturvisning\u3011H\u00e5ll koll p\u00e5 milj\u00f6n i akvariet med en tydlig, integrerad temperaturvisning h\u00f6gst upp i tanken. \u00d6vervaka snabbt f\u00f6r att h\u00e5lla dina fiskar friska.<\/p>\n<p class=\"\" data-start=\"760\" data-end=\"1020\">\u3010Smart Design Detaljer\u3011Ett specialdesignat utlopp minskar fl\u00f6desljudet, medan temperatursensorn noggrant k\u00e4nner av vattentemperaturen. Den energieffektiva neds\u00e4nkbara pumpen arbetar tyst och skapar en lugn milj\u00f6 f\u00f6r b\u00e5de dig och dina fiskar.<\/p>\n<p class=\"\" data-start=\"1022\" data-end=\"1244\">\u3010Kristallklar Visuell Upplevelse\u3011Detta lilla akvarium \u00e4r tillverkat av h\u00f6gkvalitativt transparent glas och erbjuder utm\u00e4rkt ljusgenomsl\u00e4pp och full panoramavy \u2013 en imponerande mittpunkt i ditt hem eller kontor.<\/p>","protected":false},"excerpt":{"rendered":"<p>\u3010Powerful Filtration System\u3011Designed with a wide and deep filter chamber to hold more filter media, this aquarium enhances the filtration area for improved water clarity. The top layer features a removable sponge filter that\u2019s easy to clean and reusable, ensuring long-term performance. \ud83d\udc1f\u3010Customizable LED Lighting\u3011Includes built-in LED lighting with 7 vibrant color options. Easily switch&#8230;<\/p>","protected":false},"featured_media":434,"template":"","meta":{"_kad_post_transparent":"default","_kad_post_title":"","_kad_post_layout":"default","_kad_post_sidebar_id":"","_kad_post_content_style":"default","_kad_post_vertical_padding":"default","_kad_post_feature":"","_kad_post_feature_position":"","_kad_post_header":false,"_kad_post_footer":false},"product_brand":[],"product_cat":[15],"product_tag":[62],"class_list":{"0":"post-433","1":"product","2":"type-product","3":"status-publish","4":"has-post-thumbnail","6":"product_cat-betta-fish-tank","7":"product_tag-1-5-gallon-fish-tank","9":"first","10":"instock","11":"shipping-taxable","12":"product-type-simple","13":"entry","14":"content-bg","15":"loop-entry"},"jetpack_sharing_enabled":true,"_links":{"self":[{"href":"https:\/\/bfefishtank.com\/sv\/wp-json\/wp\/v2\/product\/433","targetHints":{"allow":["GET"]}}],"collection":[{"href":"https:\/\/bfefishtank.com\/sv\/wp-json\/wp\/v2\/product"}],"about":[{"href":"https:\/\/bfefishtank.com\/sv\/wp-json\/wp\/v2\/types\/product"}],"wp:featuredmedia":[{"embeddable":true,"href":"https:\/\/bfefishtank.com\/sv\/wp-json\/wp\/v2\/media\/434"}],"wp:attachment":[{"href":"https:\/\/bfefishtank.com\/sv\/wp-json\/wp\/v2\/media?parent=433"}],"wp:term":[{"taxonomy":"product_brand","embeddable":true,"href":"https:\/\/bfefishtank.com\/sv\/wp-json\/wp\/v2\/product_brand?post=433"},{"taxonomy":"product_cat","embeddable":true,"href":"https:\/\/bfefishtank.com\/sv\/wp-json\/wp\/v2\/product_cat?post=433"},{"taxonomy":"product_tag","embeddable":true,"href":"https:\/\/bfefishtank.com\/sv\/wp-json\/wp\/v2\/product_tag?post=433"}],"curies":[{"name":"wp","href":"https:\/\/api.w.org\/{rel}","templated":true}]}}