{"id":220,"date":"2025-03-09T11:30:30","date_gmt":"2025-03-09T03:30:30","guid":{"rendered":"https:\/\/bfefishtank.com\/?post_type=product&#038;p=220"},"modified":"2025-03-09T11:57:58","modified_gmt":"2025-03-09T03:57:58","slug":"glass-fish-tank-aquarium","status":"publish","type":"product","link":"https:\/\/bfefishtank.com\/tr\/products\/kf-rectangular-aquarium\/glass-fish-tank-aquarium\/","title":{"rendered":"Cam akvaryum"},"content":{"rendered":"<div class=\"chat-content-container\" data-v-8d365a2c=\"\">\n<div class=\"chat-content-list\" data-v-8d365a2c=\"\">\n<div class=\"chat-content-item\" data-v-8d365a2c=\"\">\n<div class=\"segment segment-assistant\" data-v-3a203885=\"\" data-v-8d365a2c=\"\">\n<div class=\"segment-container\" data-v-3a203885=\"\">\n<div class=\"segment-content\" data-v-c0e72f48=\"\">\n<div class=\"segment-content-box\" data-v-c0e72f48=\"\">\n<div class=\"markdown-container\" data-v-dbe669ce=\"\" data-v-c0e72f48=\"\">\n<div class=\"markdown\" data-v-53cd9be5=\"\" data-v-dbe669ce=\"\">\n<h4 class=\"\"><strong class=\"\">\u00d6zellikler\u00a0<\/strong><\/h4>\n<ol start=\"1\">\n<li>\n<div class=\"paragraph\"><strong>Y\u00fcksek \u015feffaf cam\u00a0<\/strong><\/div>\n<ul>\n<li>\n<div class=\"paragraph translation-block\"><strong>\u00dcst\u00fcn Berrakl\u0131k<\/strong>: Ultra \u015feffaf camdan \u00fcretilmi\u015ftir, ola\u011fan\u00fcst\u00fc \u0131\u015f\u0131k ge\u00e7irgenli\u011fi ve bozulmas\u0131z g\u00f6r\u00fcnt\u00fcleme sa\u011flar.<\/div>\n<\/li>\n<\/ul>\n<\/li>\n<li>\n<div class=\"paragraph\"><strong>Dik a\u00e7\u0131l\u0131 cam tasar\u0131m\u0131\u00a0<\/strong><\/div>\n<ul>\n<li>\n<div class=\"paragraph translation-block\"><strong>Sivri Kenarlar<\/strong>: Hassas kesimli dik a\u00e7\u0131l\u0131 cam, her ortama uygun modern ve \u015f\u0131k bir g\u00f6r\u00fcn\u00fcm sa\u011flar.<\/div>\n<\/li>\n<\/ul>\n<\/li>\n<li>\n<div class=\"paragraph\"><strong class=\"\">M\u00fch\u00fcrl\u00fc ve su ge\u00e7irmez\u00a0<\/strong><\/div>\n<ul>\n<li>\n<div class=\"paragraph translation-block\">S\u0131zd\u0131rmaz Kaplama: Y\u00fcksek kaliteli silikonla profesyonel olarak m\u00fch\u00fcrlenmi\u015f, dayan\u0131kl\u0131l\u0131k ve su ge\u00e7irmezlik sa\u011flar.<\/div>\n<\/li>\n<\/ul>\n<\/li>\n<li>\n<div class=\"paragraph\"><strong>Dengeli a\u011f\u0131rl\u0131k da\u011f\u0131l\u0131m\u0131\u00a0<\/strong><\/div>\n<ul>\n<li>\n<div class=\"paragraph translation-block\"><strong>Sa\u011flam Yap\u0131<\/strong>: Dengeyi sa\u011flamak i\u00e7in dengeli a\u011f\u0131rl\u0131k da\u011f\u0131l\u0131m\u0131 ile tasarlanm\u0131\u015ft\u0131r \u2013 a\u011f\u0131r s\u00fcslemeler veya b\u00fcy\u00fck bal\u0131klarla bile kararl\u0131l\u0131\u011f\u0131 korur.<\/div>\n<\/li>\n<\/ul>\n<\/li>\n<li>\n<div class=\"paragraph\"><strong>Hassas kenar i\u015f\u00e7ili\u011fi\u00a0<\/strong><\/div>\n<ul>\n<li>\n<div class=\"paragraph translation-block\"><strong>P\u00fcr\u00fczs\u00fcz Kenarlar<\/strong>: G\u00fcvenlik ve \u015f\u0131k bir g\u00f6r\u00fcn\u00fcm i\u00e7in hassas \u015fekilde ta\u015flanm\u0131\u015f kenarlar, keskin k\u00f6\u015feleri \u00f6nler.<\/div>\n<\/li>\n<\/ul>\n<\/li>\n<li>\n<div class=\"paragraph\"><strong>Y\u00fcksek parlakl\u0131kl\u0131 su ge\u00e7irmez LED \u0131\u015f\u0131klar\u00a0<\/strong><\/div>\n<ul>\n<li>\n<div class=\"paragraph translation-block\"><strong>Enerji Tasarruflu Ayd\u0131nlatma<\/strong>: Y\u00fcksek parlakl\u0131\u011fa sahip, su ge\u00e7irmez LED \u0131\u015f\u0131klar uzun \u00f6m\u00fcrl\u00fc performans ve g\u00fcvenli kullan\u0131m sa\u011flar.<\/div>\n<\/li>\n<\/ul>\n<\/li>\n<li>\n<div class=\"paragraph\"><strong>Kendinden dola\u015f\u0131ml\u0131 filtreleme sistemi\u00a0<\/strong><\/div>\n<ul>\n<li>\n<div class=\"paragraph translation-block\"><strong class=\"\">Bak\u0131m Gerektirmez<\/strong>: Su kalitesini koruyan ve s\u0131k bak\u0131m ihtiyac\u0131n\u0131 azaltan kendinden dola\u015f\u0131ml\u0131 filtreleme sistemiyle donat\u0131lm\u0131\u015ft\u0131r.<\/div>\n<\/li>\n<\/ul>\n<\/li>\n<li>\n<div class=\"paragraph\"><strong>Y\u0131l boyu su de\u011fi\u015ftirmeye gerek yok\u00a0<\/strong><\/div>\n<ul>\n<li>\n<div class=\"paragraph translation-block\"><strong>Kolay Bak\u0131m<\/strong>: Su kalitesini t\u00fcm y\u0131l boyunca koruyacak \u015fekilde tasarlanm\u0131\u015ft\u0131r; yo\u011fun ya\u015fam tarzlar\u0131 i\u00e7in idealdir ve zahmetsiz bir akvaryum deneyimi sunar.<\/div>\n<\/li>\n<\/ul>\n<\/li>\n<\/ol>\n<h4 class=\"\"><strong>Faydalar\u00a0<\/strong><\/h4>\n<ul>\n<li>\n<div class=\"paragraph translation-block\"><strong class=\"\">\u00dcst\u00fcn Netlik<\/strong>: Y\u00fcksek \u015feffafl\u0131ktaki cam, su canl\u0131lar\u0131n\u0131 net ve canl\u0131 bir \u015fekilde g\u00f6rmenizi sa\u011flar.<\/div>\n<\/li>\n<li>\n<div class=\"paragraph translation-block\"><strong>Modern Tasar\u0131m<\/strong>: Dik a\u00e7\u0131l\u0131 cam tasar\u0131m\u0131 her ortama \u00e7a\u011fda\u015f bir dokunu\u015f katar.<\/div>\n<\/li>\n<li>\n<div class=\"paragraph translation-block\"><strong>Dayan\u0131kl\u0131l\u0131k<\/strong>: Profesyonel s\u0131zd\u0131rmazl\u0131k ve dengeli a\u011f\u0131rl\u0131k da\u011f\u0131l\u0131m\u0131 uzun \u00f6m\u00fcrl\u00fc kullan\u0131m ve sa\u011flaml\u0131k sa\u011flar.<\/div>\n<\/li>\n<li>\n<div class=\"paragraph translation-block\"><strong>G\u00fcvenlik<\/strong>: Hassas \u015fekilde parlat\u0131lm\u0131\u015f kenarlar ve su ge\u00e7irmez LED \u0131\u015f\u0131klar, bu akvaryumu hem evcil hayvanlar hem de kullan\u0131c\u0131lar i\u00e7in g\u00fcvenli hale getirir.<\/div>\n<\/li>\n<li>\n<div class=\"paragraph translation-block\"><strong>D\u00fc\u015f\u00fck Bak\u0131m Gereksinimi<\/strong>: Kendi kendine dola\u015fan filtreleme sistemi ve y\u0131l boyu su de\u011fi\u015ftirmeme \u00f6zelli\u011fi, bak\u0131m\u0131 yeni ba\u015flayanlar i\u00e7in bile kolayla\u015ft\u0131r\u0131r.<\/div>\n<\/li>\n<li>\n<div class=\"paragraph translation-block\"><strong class=\"\">Enerji Verimlili\u011fi<\/strong>: Y\u00fcksek parlakl\u0131ktaki LED \u0131\u015f\u0131klar parlak ayd\u0131nlatma sunarken enerji tasarrufu sa\u011flar.<\/div>\n<\/li>\n<\/ul>\n<\/div>\n<\/div>\n<\/div>\n<div class=\"segment-assistant-actions\" data-v-4292d3a2=\"\">\n<div class=\"segment-assistant-actions-content\" data-v-4292d3a2=\"\">\n<div class=\"segment-actions-content-btn\" data-v-a65fb058=\"\" data-v-4292d3a2=\"\"><\/div>\n<\/div>\n<div class=\"segment-assistant-actions-content\" data-v-4292d3a2=\"\">\n<div class=\"segment-actions-content-btn\" data-v-fb002fe5=\"\"><\/div>\n<\/div>\n<\/div>\n<\/div>\n<\/div>\n<\/div>\n<\/div>\n<\/div>\n<\/div>","protected":false},"excerpt":{"rendered":"<p>Features\u00a0 High-Transparency Glass\u00a0 Superior Clarity: Made from ultra-clear glass, providing exceptional light transmittance and a distortion-free viewing experience. Right-Angle Glass Design\u00a0 Sharp Edges: Precision-cut right-angle glass ensures a modern and sleek appearance, perfect for any setting. Sealed and Waterproof\u00a0 Professional Sealing: Professionally sealed with high-quality silicone to ensure complete waterproofing and durability. Balanced Weight Distribution\u00a0&#8230;<\/p>","protected":false},"featured_media":221,"template":"","meta":{"_kad_post_transparent":"default","_kad_post_title":"","_kad_post_layout":"default","_kad_post_sidebar_id":"","_kad_post_content_style":"default","_kad_post_vertical_padding":"default","_kad_post_feature":"","_kad_post_feature_position":"","_kad_post_header":false,"_kad_post_footer":false},"product_brand":[],"product_cat":[26],"product_tag":[36],"class_list":{"0":"post-220","1":"product","2":"type-product","3":"status-publish","4":"has-post-thumbnail","6":"product_cat-kf-rectangular-aquarium","7":"product_tag-glass-fish-tank-aquarium","9":"first","10":"instock","11":"shipping-taxable","12":"product-type-simple","13":"entry","14":"content-bg","15":"loop-entry"},"jetpack_sharing_enabled":true,"_links":{"self":[{"href":"https:\/\/bfefishtank.com\/tr\/wp-json\/wp\/v2\/product\/220","targetHints":{"allow":["GET"]}}],"collection":[{"href":"https:\/\/bfefishtank.com\/tr\/wp-json\/wp\/v2\/product"}],"about":[{"href":"https:\/\/bfefishtank.com\/tr\/wp-json\/wp\/v2\/types\/product"}],"wp:featuredmedia":[{"embeddable":true,"href":"https:\/\/bfefishtank.com\/tr\/wp-json\/wp\/v2\/media\/221"}],"wp:attachment":[{"href":"https:\/\/bfefishtank.com\/tr\/wp-json\/wp\/v2\/media?parent=220"}],"wp:term":[{"taxonomy":"product_brand","embeddable":true,"href":"https:\/\/bfefishtank.com\/tr\/wp-json\/wp\/v2\/product_brand?post=220"},{"taxonomy":"product_cat","embeddable":true,"href":"https:\/\/bfefishtank.com\/tr\/wp-json\/wp\/v2\/product_cat?post=220"},{"taxonomy":"product_tag","embeddable":true,"href":"https:\/\/bfefishtank.com\/tr\/wp-json\/wp\/v2\/product_tag?post=220"}],"curies":[{"name":"wp","href":"https:\/\/api.w.org\/{rel}","templated":true}]}}