{"id":234,"date":"2025-03-09T17:50:39","date_gmt":"2025-03-09T09:50:39","guid":{"rendered":"https:\/\/bfefishtank.com\/?post_type=product&#038;p=234"},"modified":"2025-03-09T17:51:27","modified_gmt":"2025-03-09T09:51:27","slug":"betta-glass-fish-tank","status":"publish","type":"product","link":"https:\/\/bfefishtank.com\/tr\/products\/betta-fish-tank\/betta-glass-fish-tank\/","title":{"rendered":"Betta bal\u0131\u011f\u0131 akvaryumu"},"content":{"rendered":"<h4 class=\"\"><strong class=\"\">\u00dcr\u00fcn \u00d6zellikleri<\/strong><\/h4>\n<ol start=\"1\">\n<li>\n<div class=\"paragraph\"><strong>Y\u00fcksek s\u0131cakl\u0131kta presleme i\u015flemi\u00a0<\/strong><\/div>\n<ul>\n<li>\n<div class=\"paragraph translation-block\"><strong>Dayan\u0131kl\u0131l\u0131k ve Berrakl\u0131k<\/strong>: Cam\u0131n hem dayan\u0131kl\u0131 hem de y\u00fcksek \u015feffafl\u0131\u011fa sahip olmas\u0131n\u0131 sa\u011flamak i\u00e7in y\u00fcksek s\u0131cakl\u0131kta presleme i\u015flemi kullan\u0131l\u0131r. Bu i\u015flem, akvaryumun netli\u011fini ve \u00f6mr\u00fcn\u00fc art\u0131r\u0131r.<\/div>\n<\/li>\n<\/ul>\n<\/li>\n<li>\n<div class=\"paragraph\"><strong class=\"\">Zarif Tasar\u0131m\u00a0<\/strong><\/div>\n<ul>\n<li>\n<div class=\"paragraph translation-block\"><strong>Modern Estetik<\/strong>: L\u00fcks ama minimalist tasar\u0131m\u0131yla evler, ofisler, oteller ve perakende ma\u011fazalar\u0131 i\u00e7in uygundur.<\/div>\n<\/li>\n<\/ul>\n<\/li>\n<li>\n<div class=\"paragraph\"><strong>\u00c7ok Y\u00f6nl\u00fc Kullan\u0131m\u00a0<\/strong><\/div>\n<ul>\n<li>\n<div class=\"paragraph translation-block\"><strong>Birden Fazla Ortam i\u00e7in \u0130deal<\/strong>: Oturma odalar\u0131, ofisler, otel lobileri ve ma\u011faza i\u00e7 mekanlar\u0131n\u0131n atmosferini art\u0131rmak i\u00e7in m\u00fckemmel. Zarif tasar\u0131m\u0131 her alana sofistike bir hava katar.<\/div>\n<\/li>\n<\/ul>\n<\/li>\n<li>\n<div class=\"paragraph\"><strong>Yuvarlak A\u011f\u0131z\u00a0<\/strong><\/div>\n<ul>\n<li>\n<div class=\"paragraph translation-block\"><strong>P\u00fcr\u00fczs\u00fcz Kenarlar<\/strong>: Akvaryumun yuvarlak a\u011f\u0131z tasar\u0131m\u0131, dokunmak ve ta\u015f\u0131mak i\u00e7in g\u00fcvenli olan p\u00fcr\u00fczs\u00fcz kenarlar sunar. Bu tasar\u0131m ayr\u0131ca genel estetik cazibeyi art\u0131r\u0131r.<\/div>\n<\/li>\n<\/ul>\n<\/li>\n<li>\n<div class=\"paragraph\"><strong>Sa\u011flam Taban\u00a0<\/strong><\/div>\n<ul>\n<li>\n<div class=\"paragraph translation-block\"><strong>Secure Placement<\/strong>: The aquarium has a stable base that ensures it remains securely in place, even with water and decorations inside. This stability is crucial for maintaining a safe environment for your aquatic pets.<\/div>\n<\/li>\n<\/ul>\n<\/li>\n<\/ol>\n<hr \/>\n<h4 class=\"\"><strong class=\"\">\u00dcr\u00fcn \u00d6zellikleri\u00a0<\/strong><\/h4>\n<ul>\n<li>\n<div class=\"paragraph translation-block\"><strong class=\"\">Material<\/strong>: High-quality glass<\/div>\n<\/li>\n<li>\n<div class=\"paragraph translation-block\"><strong class=\"\">Process<\/strong>: High-temperature pressing<\/div>\n<\/li>\n<li>\n<div class=\"paragraph translation-block\"><strong class=\"\">Design<\/strong>: Luxurious minimalist<\/div>\n<\/li>\n<li>\n<div class=\"paragraph translation-block\"><strong>Uygulamalar<\/strong>: Ev, ofis, otel, ma\u011faza<\/div>\n<\/li>\n<li>\n<div class=\"paragraph translation-block\"><strong>\u00d6zellikler<\/strong>: Yuvarlak a\u011f\u0131z, sabit taban, dayan\u0131kl\u0131 ve \u015feffaf cam<\/div>\n<\/li>\n<\/ul>\n<hr \/>\n<h4 class=\"\"><strong class=\"\">Faydalar\u00a0<\/strong><\/h4>\n<ul>\n<li>\n<div class=\"paragraph translation-block\"><strong>Dayan\u0131kl\u0131l\u0131k<\/strong>: Y\u00fcksek s\u0131cakl\u0131kta presleme i\u015flemi cam\u0131n g\u00fc\u00e7l\u00fc ve uzun \u00f6m\u00fcrl\u00fc olmas\u0131n\u0131 sa\u011flar.<\/div>\n<\/li>\n<li>\n<div class=\"paragraph translation-block\"><strong>Estetik \u00c7ekicilik<\/strong>: L\u00fcks minimalist tasar\u0131m, her ortama zarafet kat\u0131yor.<\/div>\n<\/li>\n<li>\n<div class=\"paragraph translation-block\"><strong>Safety<\/strong>: The rounded mouth and stable base ensure the aquarium is safe to use and handle.<\/div>\n<\/li>\n<li>\n<div class=\"paragraph translation-block\"><strong>\u00c7ok Y\u00f6nl\u00fcl\u00fck<\/strong>: Geni\u015f bir kullan\u0131m yelpazesi i\u00e7in uygundur ve her mek\u00e2na \u00e7ok y\u00f6nl\u00fc bir katk\u0131 sa\u011flar.<\/div>\n<\/li>\n<\/ul>","protected":false},"excerpt":{"rendered":"<p>Product Features High-Temperature Pressing Process\u00a0 Durability and Clarity: Utilizes a high-temperature pressing process to ensure the glass is both durable and highly transparent. This process enhances the clarity and longevity of the aquarium. Elegant Design\u00a0 Modern Aesthetics: Features a luxurious yet minimalist design, making it suitable for various settings such as homes, offices, hotels, and&#8230;<\/p>","protected":false},"featured_media":235,"template":"","meta":{"_kad_post_transparent":"default","_kad_post_title":"","_kad_post_layout":"default","_kad_post_sidebar_id":"","_kad_post_content_style":"default","_kad_post_vertical_padding":"default","_kad_post_feature":"","_kad_post_feature_position":"","_kad_post_header":false,"_kad_post_footer":false},"product_brand":[],"product_cat":[15],"product_tag":[],"class_list":{"0":"post-234","1":"product","2":"type-product","3":"status-publish","4":"has-post-thumbnail","6":"product_cat-betta-fish-tank","8":"first","9":"instock","10":"shipping-taxable","11":"product-type-simple","12":"entry","13":"content-bg","14":"loop-entry"},"jetpack_sharing_enabled":true,"_links":{"self":[{"href":"https:\/\/bfefishtank.com\/tr\/wp-json\/wp\/v2\/product\/234","targetHints":{"allow":["GET"]}}],"collection":[{"href":"https:\/\/bfefishtank.com\/tr\/wp-json\/wp\/v2\/product"}],"about":[{"href":"https:\/\/bfefishtank.com\/tr\/wp-json\/wp\/v2\/types\/product"}],"wp:featuredmedia":[{"embeddable":true,"href":"https:\/\/bfefishtank.com\/tr\/wp-json\/wp\/v2\/media\/235"}],"wp:attachment":[{"href":"https:\/\/bfefishtank.com\/tr\/wp-json\/wp\/v2\/media?parent=234"}],"wp:term":[{"taxonomy":"product_brand","embeddable":true,"href":"https:\/\/bfefishtank.com\/tr\/wp-json\/wp\/v2\/product_brand?post=234"},{"taxonomy":"product_cat","embeddable":true,"href":"https:\/\/bfefishtank.com\/tr\/wp-json\/wp\/v2\/product_cat?post=234"},{"taxonomy":"product_tag","embeddable":true,"href":"https:\/\/bfefishtank.com\/tr\/wp-json\/wp\/v2\/product_tag?post=234"}],"curies":[{"name":"wp","href":"https:\/\/api.w.org\/{rel}","templated":true}]}}