{"id":342,"date":"2025-03-22T22:38:27","date_gmt":"2025-03-22T14:38:27","guid":{"rendered":"https:\/\/bfefishtank.com\/?post_type=product&#038;p=342"},"modified":"2025-06-10T20:03:47","modified_gmt":"2025-06-10T12:03:47","slug":"co%e2%82%82-regulator","status":"publish","type":"product","link":"https:\/\/bfefishtank.com\/tr\/products\/fish-tank-aquarium-accessories\/co%e2%82%82-regulator\/","title":{"rendered":"CO\u2082 reg\u00fclat\u00f6r\u00fc"},"content":{"rendered":"<div class=\"product-info\" style=\"font-family: Arial, sans-serif; background-color: #f8f8f8; padding: 20px; border: 1px solid #ddd;\">\n<h2>Premium CO\u2082 Reg\u00fclat\u00f6r\u00fc \u2013 Ak\u0131ll\u0131 bas\u0131n\u00e7 kontrol\u00fc ile \u00e7ift manometre<\/h2>\n<ul>\n<li class=\"translation-block\"><strong>Uzay seviyesinde al\u00fcminyum aleys<\/strong> : Hafif ancak dayan\u0131kl\u0131, korozyona dayan\u0131kl\u0131 ve y\u00fcksek bas\u0131n\u00e7lara dayan\u0131kl\u0131 uzun s\u00fcreli performans i\u00e7in.<\/li>\n<li class=\"translation-block\"><strong>Ak\u0131ll\u0131 sabit bas\u0131n\u00e7 \u00e7\u0131k\u0131\u015f\u0131<\/strong> : Otomatik dengelendirme teknolojisi, istikrarl\u0131 bir bas\u0131n\u00e7 garanti eder ve s\u0131k el ile ayarlamalar\u0131 ortadan kald\u0131r\u0131r.<\/li>\n<li class=\"translation-block\"><strong> : Otomatik dengelendirme teknolojisi, istikrarl\u0131 bir bas\u0131n\u00e7 garanti eder ve s\u0131k el ile ayarlamalar\u0131 ortadan kald\u0131r\u0131r.<\/li>\n<li class=\"translation-block\"><strong> : Giri\u015f ve \u00e7\u0131k\u0131\u015f bas\u0131nc\u0131 manometreleri, silindirin kapasitesine ve \u00e7\u0131k\u0131\u015f durumuna ger\u00e7ek zamanl\u0131 g\u00f6r\u00fcn\u00fcrl\u00fck sa\u011flar - g\u00fcvenlik ve kontrol i\u00e7in.<\/li>\n<li class=\"translation-block\"><strong> : CGA320 universal aray\u00fcz\u00fc ve ara\u00e7s\u0131z kavrama ba\u011flant\u0131lar\u0131yla - hatta ba\u015flang\u0131\u00e7 seviyesinde bile kolay kurulum.<\/li>\n<\/ul>\n<hr \/>\n<h3>\u015eunun i\u00e7in m\u00fckemmel:<\/h3>\n<ul>\n<li class=\"translation-block\">Su Bah\u00e7ecili\u011fi<\/li>\n<li class=\"translation-block\">El yap\u0131m\u0131 bira \u00fcretimi<\/li>\n<li class=\"translation-block\">Soda Su Sistemleri<\/li>\n<li class=\"translation-block\">Laboratuvar Gaz Kontrol\u00fc<\/li>\n<\/ul>\n<hr \/>\n<h3><strong>Neden Bizi Se\u00e7melisiniz?<\/strong> :<\/h3>\n<ul>\n<li class=\"translation-block\">\u2728 <strong>Quiet Operation<\/strong>: Internal damping structure reduces noise to below 40dB for peaceful environments.<\/li>\n<li class=\"translation-block\">Acil durumlarda yerle\u015fik a\u015f\u0131r\u0131 bas\u0131n\u00e7 koruma valfi otomatik olarak kapan\u0131r.<\/li>\n<li class=\"translation-block\">0\u2013100 PSI ayarlanabilir aral\u0131\u011f\u0131, akvaryum mikro-kabarc\u0131klar\u0131ndan h\u0131zl\u0131 karbonasyona kadar her \u015feyi destekler.<\/li>\n<\/ul>\n<p class=\"translation-block\"><strong> Logo, ambalaj veya \u00f6zellikleri \u00f6zelle\u015ftirin\u2014bug\u00fcn fiyat teklifi i\u00e7in bize ula\u015f\u0131n!<\/p>\n<\/div>","protected":false},"excerpt":{"rendered":"<p>Premium CO\u2082 Regulator \u2013 Smart Pressure Control with Dual Gauges \u2705 Aerospace-Grade Aluminum Alloy: Lightweight yet durable, corrosion-resistant, and high-pressure tolerant for long-lasting performance. \u2705 Smart Constant Pressure Output: Auto-balancing technology ensures stable pressure, eliminating frequent manual adjustments. \u2705 Micro-Fine Bubble Dispersion: Optimized airflow design delivers dense, uniform bubbles for enhanced gas dissolution (ideal for&#8230;<\/p>","protected":false},"featured_media":343,"template":"","meta":{"_kad_post_transparent":"default","_kad_post_title":"","_kad_post_layout":"default","_kad_post_sidebar_id":"","_kad_post_content_style":"default","_kad_post_vertical_padding":"default","_kad_post_feature":"","_kad_post_feature_position":"","_kad_post_header":false,"_kad_post_footer":false},"product_brand":[],"product_cat":[41],"product_tag":[],"class_list":{"0":"post-342","1":"product","2":"type-product","3":"status-publish","4":"has-post-thumbnail","6":"product_cat-fish-tank-aquarium-accessories","8":"first","9":"instock","10":"shipping-taxable","11":"product-type-simple","12":"entry","13":"content-bg","14":"loop-entry"},"jetpack_sharing_enabled":true,"_links":{"self":[{"href":"https:\/\/bfefishtank.com\/tr\/wp-json\/wp\/v2\/product\/342","targetHints":{"allow":["GET"]}}],"collection":[{"href":"https:\/\/bfefishtank.com\/tr\/wp-json\/wp\/v2\/product"}],"about":[{"href":"https:\/\/bfefishtank.com\/tr\/wp-json\/wp\/v2\/types\/product"}],"wp:featuredmedia":[{"embeddable":true,"href":"https:\/\/bfefishtank.com\/tr\/wp-json\/wp\/v2\/media\/343"}],"wp:attachment":[{"href":"https:\/\/bfefishtank.com\/tr\/wp-json\/wp\/v2\/media?parent=342"}],"wp:term":[{"taxonomy":"product_brand","embeddable":true,"href":"https:\/\/bfefishtank.com\/tr\/wp-json\/wp\/v2\/product_brand?post=342"},{"taxonomy":"product_cat","embeddable":true,"href":"https:\/\/bfefishtank.com\/tr\/wp-json\/wp\/v2\/product_cat?post=342"},{"taxonomy":"product_tag","embeddable":true,"href":"https:\/\/bfefishtank.com\/tr\/wp-json\/wp\/v2\/product_tag?post=342"}],"curies":[{"name":"wp","href":"https:\/\/api.w.org\/{rel}","templated":true}]}}