{"id":433,"date":"2025-04-23T20:37:30","date_gmt":"2025-04-23T12:37:30","guid":{"rendered":"https:\/\/bfefishtank.com\/?post_type=product&#038;p=433"},"modified":"2025-04-23T20:37:31","modified_gmt":"2025-04-23T12:37:31","slug":"1-5-gallon-fish-tank","status":"publish","type":"product","link":"https:\/\/bfefishtank.com\/tr\/products\/betta-fish-tank\/1-5-gallon-fish-tank\/","title":{"rendered":"1,5 galonluk akvaryum"},"content":{"rendered":"<p class=\"\" data-start=\"50\" data-end=\"338\">\u3010G\u00fc\u00e7l\u00fc Filtrasyon Sistemi\u3011\nDaha fazla filtre malzemesi alabilen geni\u015f ve derin bir filtre haznesi ile tasarlanm\u0131\u015ft\u0131r. Bu akvaryum, filtreleme alan\u0131n\u0131 art\u0131rarak suyun berrakl\u0131\u011f\u0131n\u0131 iyile\u015ftirir. \u00dcst katman, temizlemesi kolay ve yeniden kullan\u0131labilir s\u00fcnger filtre i\u00e7erir ve uzun vadeli performans sa\u011flar.<\/p>\n<p class=\"\" data-start=\"340\" data-end=\"545\">\u3010\u00d6zelle\u015ftirilebilir LED Ayd\u0131nlatma\u3011\n7 canl\u0131 renk se\u00e7ene\u011fine sahip yerle\u015fik LED ayd\u0131nlatma i\u00e7erir. D\u00f6ner d\u00fc\u011fme ile renkleri kolayca de\u011fi\u015ftirerek ruh halinize veya ortam\u0131n\u0131za uyum sa\u011flayabilirsiniz.<\/p>\n<p class=\"\" data-start=\"547\" data-end=\"758\">\u3010Dahili S\u0131cakl\u0131k G\u00f6stergesi\u3011Akvaryumun \u00fcst k\u0131sm\u0131nda bulunan net, entegre su s\u0131cakl\u0131\u011f\u0131 g\u00f6stergesiyle ortam\u0131 kontrol edin. Bal\u0131klar\u0131n\u0131z\u0131n sa\u011fl\u0131\u011f\u0131 i\u00e7in an\u0131nda g\u00f6zlemleyin.<\/p>\n<p class=\"\" data-start=\"760\" data-end=\"1020\">\u3010Ak\u0131ll\u0131 Tasar\u0131m Detaylar\u0131\u3011\u00d6zel tasarlanm\u0131\u015f su \u00e7\u0131k\u0131\u015f\u0131 ak\u0131\u015f g\u00fcr\u00fclt\u00fcs\u00fcn\u00fc azalt\u0131r, s\u0131cakl\u0131k probu ise suyun s\u0131cakl\u0131\u011f\u0131n\u0131 hassas \u015fekilde alg\u0131lar. Enerji tasarruflu dalg\u0131\u00e7 pompa sessiz \u00e7al\u0131\u015farak hem sizin hem de bal\u0131klar\u0131n\u0131z i\u00e7in huzurlu bir ortam sa\u011flar.<\/p>\n<p class=\"\" data-start=\"1022\" data-end=\"1244\">\u3010Kristal Netli\u011finde G\u00f6r\u00fcnt\u00fc Deneyimi\u3011Y\u00fcksek kaliteli \u015feffaf camdan \u00fcretilmi\u015f bu k\u00fc\u00e7\u00fck akvaryum, m\u00fckemmel \u0131\u015f\u0131k ge\u00e7irgenli\u011fi ve tam panoramik g\u00f6r\u00fc\u015f sunarak eviniz veya ofisiniz i\u00e7in etkileyici bir odak noktas\u0131 olu\u015fturur.<\/p>","protected":false},"excerpt":{"rendered":"<p>\u3010Powerful Filtration System\u3011Designed with a wide and deep filter chamber to hold more filter media, this aquarium enhances the filtration area for improved water clarity. The top layer features a removable sponge filter that\u2019s easy to clean and reusable, ensuring long-term performance. \ud83d\udc1f\u3010Customizable LED Lighting\u3011Includes built-in LED lighting with 7 vibrant color options. Easily switch&#8230;<\/p>","protected":false},"featured_media":434,"template":"","meta":{"_kad_post_transparent":"default","_kad_post_title":"","_kad_post_layout":"default","_kad_post_sidebar_id":"","_kad_post_content_style":"default","_kad_post_vertical_padding":"default","_kad_post_feature":"","_kad_post_feature_position":"","_kad_post_header":false,"_kad_post_footer":false},"product_brand":[],"product_cat":[15],"product_tag":[62],"class_list":{"0":"post-433","1":"product","2":"type-product","3":"status-publish","4":"has-post-thumbnail","6":"product_cat-betta-fish-tank","7":"product_tag-1-5-gallon-fish-tank","9":"first","10":"instock","11":"shipping-taxable","12":"product-type-simple","13":"entry","14":"content-bg","15":"loop-entry"},"jetpack_sharing_enabled":true,"_links":{"self":[{"href":"https:\/\/bfefishtank.com\/tr\/wp-json\/wp\/v2\/product\/433","targetHints":{"allow":["GET"]}}],"collection":[{"href":"https:\/\/bfefishtank.com\/tr\/wp-json\/wp\/v2\/product"}],"about":[{"href":"https:\/\/bfefishtank.com\/tr\/wp-json\/wp\/v2\/types\/product"}],"wp:featuredmedia":[{"embeddable":true,"href":"https:\/\/bfefishtank.com\/tr\/wp-json\/wp\/v2\/media\/434"}],"wp:attachment":[{"href":"https:\/\/bfefishtank.com\/tr\/wp-json\/wp\/v2\/media?parent=433"}],"wp:term":[{"taxonomy":"product_brand","embeddable":true,"href":"https:\/\/bfefishtank.com\/tr\/wp-json\/wp\/v2\/product_brand?post=433"},{"taxonomy":"product_cat","embeddable":true,"href":"https:\/\/bfefishtank.com\/tr\/wp-json\/wp\/v2\/product_cat?post=433"},{"taxonomy":"product_tag","embeddable":true,"href":"https:\/\/bfefishtank.com\/tr\/wp-json\/wp\/v2\/product_tag?post=433"}],"curies":[{"name":"wp","href":"https:\/\/api.w.org\/{rel}","templated":true}]}}