{"id":444,"date":"2025-04-23T21:56:46","date_gmt":"2025-04-23T13:56:46","guid":{"rendered":"https:\/\/bfefishtank.com\/?post_type=product&#038;p=444"},"modified":"2025-04-23T21:56:47","modified_gmt":"2025-04-23T13:56:47","slug":"10-gallon-fish-tank","status":"publish","type":"product","link":"https:\/\/bfefishtank.com\/tr\/products\/betta-fish-tank\/10-gallon-fish-tank\/","title":{"rendered":"10 galonluk akvaryum"},"content":{"rendered":"<p class=\"\" data-start=\"69\" data-end=\"409\">\u3010Ak\u0131ll\u0131 Zaman Ayarl\u0131 Ayd\u0131nlatma Kontrol\u00fc\u3011\nBu modern akvaryum, otomatik ayd\u0131nlatma zamanlamas\u0131 ayarlaman\u0131za olanak tan\u0131yan kullan\u0131c\u0131 dostu bir ak\u0131ll\u0131 kontrol paneline sahiptir. LED \u0131\u015f\u0131klar, belirledi\u011finiz saatlerde otomatik olarak a\u00e7\u0131l\u0131p kapan\u0131r \u2014 manuel olarak a\u00e7\u0131p kapatman\u0131za gerek kalmaz! Yeni ba\u015flayanlar ve yo\u011fun bal\u0131k besleyiciler i\u00e7in idealdir.<br data-start=\"101\" data-end=\"104\" \/>This modern fish tank features a user-friendly smart control panel that lets you set automatic lighting schedules. The LED lights will turn on and off at your preset times\u2014no more manual switching! Perfect for beginners and busy fishkeepers, this intelligent feature makes daily care easy and stress-free.<\/p>\n<p class=\"\" data-start=\"411\" data-end=\"747\">\u30107 Renkli LED Ayd\u0131nlatma Sistemi\u3011\nYedi canl\u0131 LED renk se\u00e7ene\u011fiyle m\u00fckemmel atmosferi yarat\u0131n. Gece i\u00e7in sakin bir par\u0131lt\u0131 ya da g\u00fcnd\u00fcz i\u00e7in ne\u015feli bir ortam ayarlamak istiyorsan\u0131z, ruh halinize veya dekorunuza uygun rengi kolayca de\u011fi\u015ftirebilirsiniz. Filtreli ve \u0131\u015f\u0131kl\u0131 betta bal\u0131\u011f\u0131 akvaryumu i\u00e7in idealdir ve alan\u0131n\u0131za \u00e7arp\u0131c\u0131 bir g\u00f6rsellik katar.<br data-start=\"442\" data-end=\"445\" \/>Create the perfect atmosphere with seven vibrant LED color options. Whether you&#8217;re setting a calming nighttime glow or a cheerful daytime vibe, you can switch colors to suit your mood or d\u00e9cor. Ideal for a <strong data-start=\"651\" data-end=\"692\">betta fish tank with filter and light<\/strong>, this setup adds stunning visual appeal to your space.<\/p>\n<p class=\"\" data-start=\"749\" data-end=\"1098\">\u3010Konfor ve Stil \u0130\u00e7in Ayarlanabilir Parlakl\u0131k\u3011\nLED renklerini de\u011fi\u015ftirmekle kalmaz, ayn\u0131 zamanda g\u00fcn\u00fcn saatine g\u00f6re parlakl\u0131\u011f\u0131 da ayarlayabilirsiniz. Bal\u0131klar\u0131n\u0131z\u0131n rahatl\u0131\u011f\u0131 i\u00e7in gece \u0131\u015f\u0131\u011f\u0131 k\u0131sabilir veya g\u00fcnd\u00fcz g\u00f6r\u00fcnt\u00fcleme keyfini art\u0131rmak i\u00e7in parlakl\u0131\u011f\u0131 y\u00fckseltebilirsiniz. Filtreli ve \u0131\u015f\u0131kl\u0131 k\u00fc\u00e7\u00fck akvaryumlar i\u00e7in d\u00fc\u015f\u00fcn\u00fclm\u00fc\u015f bir \u00f6zelliktir.<br data-start=\"794\" data-end=\"797\" \/>Not only can you change the LED colors, but you can also adjust the brightness to match the time of day. Dim the lights at night for your fish&#8217;s comfort, or brighten the display during the day for maximum viewing enjoyment. A thoughtful feature for any <strong data-start=\"1050\" data-end=\"1091\">small fish tank with filter and light<\/strong> setup.<\/p>\n<p class=\"\" data-start=\"1100\" data-end=\"1418\">\u3010Kristal Netli\u011finde G\u00f6r\u00fcnt\u00fc Deneyimi\u3011\nY\u00fcksek \u00e7\u00f6z\u00fcn\u00fcrl\u00fckl\u00fc, ultra \u015feffaf camdan \u00fcretilmi\u015f bu akvaryum, su alt\u0131 d\u00fcnyan\u0131z\u0131n net ve panoramik bir g\u00f6r\u00fcnt\u00fcs\u00fcn\u00fc sunar. \u0130ster tek bir Japon bal\u0131\u011f\u0131 sergileyin, ister renkli bir dekorasyon yap\u0131n, her detay\u0131 gece g\u00fcnd\u00fcz izlemekten keyif alacaks\u0131n\u0131z.<br data-start=\"1136\" data-end=\"1139\" \/>Crafted from high-definition, ultra-clear glass, this aquarium delivers sharp visibility and a beautiful panoramic view of your underwater world. Whether you&#8217;re showcasing a single goldfish or creating a colorful <strong data-start=\"1352\" data-end=\"1370\">cool fish tank<\/strong> layout, you&#8217;ll enjoy every detail\u2014day or night.<\/p>\n<p class=\"\" data-start=\"1420\" data-end=\"1778\">\u3010T\u00fcmle\u015fik Ya\u011fmur Filtrasyon ve Oksijen Sistemi\u3011\nFiltrasyon, su sirk\u00fclasyonu ve oksijenlemeyi birle\u015ftiren g\u00fc\u00e7l\u00fc ya\u011fmur filtresi ile donat\u0131lm\u0131\u015f bu sistem, suyu temiz tutar ve bal\u0131klar\u0131n\u0131z\u0131 mutlu eder. Kolayl\u0131k ve verimlilik i\u00e7in tasarlanm\u0131\u015ft\u0131r \u2013 betta akvaryumlar\u0131 veya k\u00fc\u00e7\u00fck akvaryumlar i\u00e7in m\u00fckemmel d\u00fc\u015f\u00fck bak\u0131m \u00e7\u00f6z\u00fcm\u00fcd\u00fcr.<br data-start=\"1475\" data-end=\"1478\" \/>Equipped with a powerful rain shower filter that integrates <strong data-start=\"1538\" data-end=\"1588\">filtration, water circulation, and oxygenation<\/strong>, this system keeps your water clean and your fish happy. Designed for simplicity and efficiency, it\u2019s the perfect low-maintenance solution for a <strong data-start=\"1734\" data-end=\"1753\">betta fish tank<\/strong> or small aquarium setup.<\/p>","protected":false},"excerpt":{"rendered":"<p>\ud83d\udc20\u3010Smart Timed Lighting Control\u3011This modern fish tank features a user-friendly smart control panel that lets you set automatic lighting schedules. The LED lights will turn on and off at your preset times\u2014no more manual switching! Perfect for beginners and busy fishkeepers, this intelligent feature makes daily care easy and stress-free. \ud83c\udf08\u30107-Color LED Lighting System\u3011Create the&#8230;<\/p>","protected":false},"featured_media":445,"template":"","meta":{"_kad_post_transparent":"default","_kad_post_title":"","_kad_post_layout":"default","_kad_post_sidebar_id":"","_kad_post_content_style":"default","_kad_post_vertical_padding":"default","_kad_post_feature":"","_kad_post_feature_position":"","_kad_post_header":false,"_kad_post_footer":false},"product_brand":[],"product_cat":[15],"product_tag":[],"class_list":{"0":"post-444","1":"product","2":"type-product","3":"status-publish","4":"has-post-thumbnail","6":"product_cat-betta-fish-tank","8":"first","9":"instock","10":"shipping-taxable","11":"product-type-simple","12":"entry","13":"content-bg","14":"loop-entry"},"jetpack_sharing_enabled":true,"_links":{"self":[{"href":"https:\/\/bfefishtank.com\/tr\/wp-json\/wp\/v2\/product\/444","targetHints":{"allow":["GET"]}}],"collection":[{"href":"https:\/\/bfefishtank.com\/tr\/wp-json\/wp\/v2\/product"}],"about":[{"href":"https:\/\/bfefishtank.com\/tr\/wp-json\/wp\/v2\/types\/product"}],"wp:featuredmedia":[{"embeddable":true,"href":"https:\/\/bfefishtank.com\/tr\/wp-json\/wp\/v2\/media\/445"}],"wp:attachment":[{"href":"https:\/\/bfefishtank.com\/tr\/wp-json\/wp\/v2\/media?parent=444"}],"wp:term":[{"taxonomy":"product_brand","embeddable":true,"href":"https:\/\/bfefishtank.com\/tr\/wp-json\/wp\/v2\/product_brand?post=444"},{"taxonomy":"product_cat","embeddable":true,"href":"https:\/\/bfefishtank.com\/tr\/wp-json\/wp\/v2\/product_cat?post=444"},{"taxonomy":"product_tag","embeddable":true,"href":"https:\/\/bfefishtank.com\/tr\/wp-json\/wp\/v2\/product_tag?post=444"}],"curies":[{"name":"wp","href":"https:\/\/api.w.org\/{rel}","templated":true}]}}