{"id":160,"date":"2025-03-02T18:00:53","date_gmt":"2025-03-02T10:00:53","guid":{"rendered":"https:\/\/bfefishtank.com\/?post_type=product&#038;p=160"},"modified":"2025-05-25T22:50:29","modified_gmt":"2025-05-25T14:50:29","slug":"humidifier-integrated-glass-fish-tank","status":"publish","type":"product","link":"https:\/\/bfefishtank.com\/vi\/products\/rectangular-aquarium-series\/humidifier-integrated-glass-fish-tank\/","title":{"rendered":"B\u1ec3 c\u00e1 th\u1ee7y tinh t\u00edch h\u1ee3p m\u00e1y t\u1ea1o \u0111\u1ed9 \u1ea9m"},"content":{"rendered":"<h3><\/h3>\n<table style=\"width: 100%; border-collapse: collapse;\">\n<thead>\n<tr>\n<th style=\"border: 1px solid #ddd; padding: 8px; background-color: #f2f2f2;\">T\u00ednh n\u0103ng<\/th>\n<th style=\"border: 1px solid #ddd; padding: 8px; background-color: #f2f2f2;\">M\u00f4 t\u1ea3<\/th>\n<\/tr>\n<\/thead>\n<tbody>\n<tr>\n<td style=\"border: 1px solid #ddd; padding: 8px;\"><strong>T\u00ean s\u1ea3n ph\u1ea9m<\/strong><\/td>\n<td style=\"border: 1px solid #ddd; padding: 8px;\">B\u1ec3 c\u00e1 th\u1ee7y tinh t\u00edch h\u1ee3p m\u00e1y t\u1ea1o \u0111\u1ed9 \u1ea9m<\/td>\n<\/tr>\n<tr>\n<td style=\"border: 1px solid #ddd; padding: 8px;\"><strong>K\u1ecbch b\u1ea3n s\u1eed d\u1ee5ng<\/strong><\/td>\n<td style=\"border: 1px solid #ddd; padding: 8px;\">S\u1eed d\u1ee5ng t\u1ea1i b\u00e0n l\u00e0m vi\u1ec7c v\u00e0 trong gia \u0111\u00ecnh<\/td>\n<\/tr>\n<tr>\n<td style=\"border: 1px solid #ddd; padding: 8px;\"><strong>Ch\u1ea5t li\u1ec7u<\/strong><\/td>\n<td style=\"border: 1px solid #ddd; padding: 8px;\">K\u00ednh si\u00eau trong<\/td>\n<\/tr>\n<tr>\n<td style=\"border: 1px solid #ddd; padding: 8px;\"><strong>\u0110\u1ed9 d\u00e0y k\u00ednh<\/strong><\/td>\n<td style=\"border: 1px solid #ddd; padding: 8px;\">4mm<\/td>\n<\/tr>\n<tr>\n<td style=\"border: 1px solid #ddd; padding: 8px;\"><strong>Dung t\u00edch<\/strong><\/td>\n<td style=\"border: 1px solid #ddd; padding: 8px;\">9L<\/td>\n<\/tr>\n<tr>\n<td style=\"border: 1px solid #ddd; padding: 8px;\"><strong>T\u00ednh n\u0103ng th\u00f4ng minh<\/strong><\/td>\n<td style=\"border: 1px solid #ddd; padding: 8px;\">\u0110i\u1ec1u khi\u1ec3n c\u1ea3m \u1ee9ng th\u00f4ng minh, C\u00e0i \u0111\u1eb7t c\u00f3 th\u1ec3 t\u00f9y ch\u1ec9nh, \u0110i\u1ec1u khi\u1ec3n \u00e1nh s\u00e1ng, \u0110i\u1ec1u ch\u1ec9nh s\u01b0\u01a1ng m\u00f9, Hi\u1ec3n th\u1ecb nhi\u1ec7t \u0111\u1ed9 n\u01b0\u1edbc<\/td>\n<\/tr>\n<tr>\n<td style=\"border: 1px solid #ddd; padding: 8px;\"><strong>C\u00f4ng su\u1ea5t \u00e1nh s\u00e1ng<\/strong><\/td>\n<td style=\"border: 1px solid #ddd; padding: 8px;\">1.5w<\/td>\n<\/tr>\n<tr>\n<td style=\"border: 1px solid #ddd; padding: 8px;\"><strong>C\u00f4ng su\u1ea5t b\u01a1m<\/strong><\/td>\n<td style=\"border: 1px solid #ddd; padding: 8px;\">5w<\/td>\n<\/tr>\n<tr>\n<td style=\"border: 1px solid #ddd; padding: 8px;\"><strong>T\u00ednh n\u0103ng b\u01a1m<\/strong><\/td>\n<td style=\"border: 1px solid #ddd; padding: 8px;\">M\u00e1y b\u01a1m 3 trong 1 y\u00ean t\u0129nh, ho\u1ea1t \u0111\u1ed9ng \u00eam v\u00e0 \u00edt ti\u1ebfng \u1ed3n<\/td>\n<\/tr>\n<tr>\n<td style=\"border: 1px solid #ddd; padding: 8px;\"><strong>T\u00ednh n\u0103ng t\u1ea1o oxy<\/strong><\/td>\n<td style=\"border: 1px solid #ddd; padding: 8px;\">T\u00edch h\u1ee3p oxy h\u00f3a<\/td>\n<\/tr>\n<tr>\n<td style=\"border: 1px solid #ddd; padding: 8px;\"><strong>T\u00ednh n\u0103ng li\u1ec7u ph\u00e1p h\u01b0\u01a1ng th\u01a1m<\/strong><\/td>\n<td style=\"border: 1px solid #ddd; padding: 8px;\">H\u1ed7 tr\u1ee3 t\u1ea1o \u1ea9m b\u1eb1ng li\u1ec7u ph\u00e1p h\u01b0\u01a1ng th\u01a1m<\/td>\n<\/tr>\n<tr>\n<td style=\"border: 1px solid #ddd; padding: 8px;\"><strong>\u0110\u1ed9 truy\u1ec1n s\u00e1ng<\/strong><\/td>\n<td style=\"border: 1px solid #ddd; padding: 8px;\">Kh\u1ea3 n\u0103ng truy\u1ec1n s\u00e1ng tuy\u1ec7t v\u1eddi<\/td>\n<\/tr>\n<tr>\n<td style=\"border: 1px solid #ddd; padding: 8px;\"><strong>Tay ngh\u1ec1 th\u1ee7 c\u00f4ng<\/strong><\/td>\n<td style=\"border: 1px solid #ddd; padding: 8px;\">Thi\u1ebft k\u1ebf b\u1ed1n c\u1ea1nh g\u00f3c vu\u00f4ng<\/td>\n<\/tr>\n<\/tbody>\n<\/table>\n<p>&nbsp;<\/p>\n<!--[if lt IE 9]><script>document.createElement('video');<\/script><![endif]-->\n\t<div class=\"wp-playlist wp-video-playlist wp-playlist-light\">\n\t\t<video controls=\"controls\" preload=\"none\" width=\"1268\"\n\t\t height=\"793\"\t><\/video>\n\t<div class=\"wp-playlist-next\"><\/div>\n\t<div class=\"wp-playlist-prev\"><\/div>\n\t<noscript>\n\t<ol>\n\t\t<li><a href='https:\/\/bfefishtank.com\/wp-content\/uploads\/2025\/03\/85a3a3849ebf276d3eaa9e805fa272b5.mp4'>B\u1ec3 c\u00e1 th\u1ee7y tinh t\u00edch h\u1ee3p m\u00e1y t\u1ea1o \u0111\u1ed9 \u1ea9m<\/a><\/li>\t<\/ol>\n\t<\/noscript>\n\t<script type=\"application\/json\" class=\"wp-playlist-script\">{\"type\":\"video\",\"tracklist\":true,\"tracknumbers\":true,\"images\":true,\"artists\":true,\"tracks\":[{\"src\":\"https:\\\/\\\/bfefishtank.com\\\/wp-content\\\/uploads\\\/2025\\\/03\\\/85a3a3849ebf276d3eaa9e805fa272b5.mp4\",\"type\":\"video\\\/mp4\",\"title\":\"Humidifier Integrated Glass Fish Tank\",\"caption\":\"\",\"description\":\"Humidifier Integrated Glass Fish Tank\",\"meta\":{\"length_formatted\":\"2:24\"},\"dimensions\":{\"original\":{\"width\":1152,\"height\":720},\"resized\":{\"width\":1268,\"height\":793}},\"image\":{\"src\":\"https:\\\/\\\/bfefishtank.com\\\/wp-includes\\\/images\\\/media\\\/video.svg\",\"width\":48,\"height\":64},\"thumb\":{\"src\":\"https:\\\/\\\/bfefishtank.com\\\/wp-includes\\\/images\\\/media\\\/video.svg\",\"width\":48,\"height\":64}}]}<\/script>\n<\/div>","protected":false},"excerpt":{"rendered":"<p>Feature Description Product Name New Humidifier Integrated Glass Fish Tank Usage Scenario Desktop, Home Use Material Ultra-Clear Glass Glass Thickness 4mm Capacity 9L Smart Features Smart Touch Control, Customizable Settings, Light Control, Mist Adjustment, Water Temperature Display Light Power 1.5w Pump Power 5w Pump Features 3-in-1 Silent Pump, Quiet and Low Noise Oxygenation Feature Built-in&#8230;<\/p>","protected":false},"featured_media":203,"template":"","meta":{"_kad_post_transparent":"default","_kad_post_title":"","_kad_post_layout":"default","_kad_post_sidebar_id":"","_kad_post_content_style":"default","_kad_post_vertical_padding":"default","_kad_post_feature":"","_kad_post_feature_position":"","_kad_post_header":false,"_kad_post_footer":false},"product_brand":[],"product_cat":[18],"product_tag":[19],"class_list":{"0":"post-160","1":"product","2":"type-product","3":"status-publish","4":"has-post-thumbnail","6":"product_cat-rectangular-aquarium-series","7":"product_tag-humidifier-integrated-glass-fish-tank","9":"first","10":"instock","11":"shipping-taxable","12":"product-type-simple","13":"entry","14":"content-bg","15":"loop-entry"},"jetpack_sharing_enabled":true,"_links":{"self":[{"href":"https:\/\/bfefishtank.com\/vi\/wp-json\/wp\/v2\/product\/160","targetHints":{"allow":["GET"]}}],"collection":[{"href":"https:\/\/bfefishtank.com\/vi\/wp-json\/wp\/v2\/product"}],"about":[{"href":"https:\/\/bfefishtank.com\/vi\/wp-json\/wp\/v2\/types\/product"}],"wp:featuredmedia":[{"embeddable":true,"href":"https:\/\/bfefishtank.com\/vi\/wp-json\/wp\/v2\/media\/203"}],"wp:attachment":[{"href":"https:\/\/bfefishtank.com\/vi\/wp-json\/wp\/v2\/media?parent=160"}],"wp:term":[{"taxonomy":"product_brand","embeddable":true,"href":"https:\/\/bfefishtank.com\/vi\/wp-json\/wp\/v2\/product_brand?post=160"},{"taxonomy":"product_cat","embeddable":true,"href":"https:\/\/bfefishtank.com\/vi\/wp-json\/wp\/v2\/product_cat?post=160"},{"taxonomy":"product_tag","embeddable":true,"href":"https:\/\/bfefishtank.com\/vi\/wp-json\/wp\/v2\/product_tag?post=160"}],"curies":[{"name":"wp","href":"https:\/\/api.w.org\/{rel}","templated":true}]}}